{"id":8793,"date":"2018-07-16T11:28:14","date_gmt":"2018-07-16T11:28:14","guid":{"rendered":"https:\/\/terra-lusa.com\/?post_type=product&#038;p=8793"},"modified":"2024-12-09T16:44:17","modified_gmt":"2024-12-09T16:44:17","slug":"pano-de-microfibra-bordado-das-caldas-da-rainha","status":"publish","type":"product","link":"https:\/\/terra-lusa.com\/pt-pt\/produto\/pano-de-microfibra-bordado-das-caldas-da-rainha\/","title":{"rendered":"Pano de Microfibra Bordado das Caldas da Rainha"},"content":{"rendered":"<p>Com uma tradi\u00e7\u00e3o de mais de 500 anos, este bordado foi promovido pela Rainha D. Leonor durante suas temporadas na vila das Caldas da Rainha. De aspeto filigranado e cores s\u00f3brias, como castanho dourado e cor de mel, esses belos e delicados bordados obedecem \u00e0 lei da simetria e s\u00e3o feitos em linho grosso.<\/p>\n<p>A marca Terra Lusa apresenta v\u00e1rias cole\u00e7\u00f5es de produtos, onde cada uma \u00e9 um tributo ao Patrim\u00f3nio Cultural de Portugal. Entre os produtos destacam-se notebooks, leques, eco sacos, mini guarda-chuvas, caixas de \u00f3culos, panos de microfibra. Todos divididos em tem\u00e1ticas inspiradas em elementos tipicamente portugueses.<\/p>\n<p>800 Anos de Hist\u00f3ria, Cultura e Tradi\u00e7\u00e3o inspiraram a conce\u00e7\u00e3o das v\u00e1rias pe\u00e7as em que a tecnologia de qualidade se alia ao design contempor\u00e2neo.<\/p>\n<p>&nbsp;<\/p>\n","protected":false},"excerpt":{"rendered":"<p>Pe\u00e7a inspirada nos bordados das Caldas da Rainha.<\/p>\n<p>Os panos de microfibra s\u00e3o ideais para a limpeza de superf\u00edcies espelhadas, como \u00f3culos, ecr\u00e3s e tablets. Medem 19 x 19 cm e s\u00e3o apresentados em uma saqueta com cartonagem bilingue explicativa do tema ao qual se referem. Estes panos coordenam com as caixas para \u00f3culos.<\/p>\n","protected":false},"featured_media":9057,"comment_status":"closed","ping_status":"closed","template":"","meta":{"_exactmetrics_skip_tracking":false,"_exactmetrics_sitenote_active":false,"_exactmetrics_sitenote_note":"","_exactmetrics_sitenote_category":0},"product_brand":[171],"product_cat":[84],"product_tag":[],"class_list":{"0":"post-8793","1":"product","2":"type-product","3":"status-publish","4":"has-post-thumbnail","6":"product_brand-bordado-caldas-da-rainha","7":"product_cat-pano-microfibra","8":"product_shipping_class-standard-pt-pt","10":"first","11":"instock","12":"taxable","13":"shipping-taxable","14":"purchasable","15":"product-type-simple"},"yoast_head":"<!-- This site is optimized with the Yoast SEO plugin v26.9 - https:\/\/yoast.com\/product\/yoast-seo-wordpress\/ -->\n<title>Pano de Microfibra Bordado das Caldas da Rainha - Terra Lusa<\/title>\n<meta name=\"description\" content=\"Pano inspirado nos bordados das Caldas da Rainha. S\u00e3o ideais para a limpeza de superficie espelhadas e um postal ilustrado da cultura portuguesa\" \/>\n<meta name=\"robots\" content=\"index, follow, max-snippet:-1, max-image-preview:large, max-video-preview:-1\" \/>\n<link rel=\"canonical\" href=\"https:\/\/terra-lusa.com\/pt-pt\/produto\/pano-de-microfibra-bordado-das-caldas-da-rainha\/\" \/>\n<meta property=\"og:locale\" content=\"pt_PT\" \/>\n<meta property=\"og:type\" content=\"article\" \/>\n<meta property=\"og:title\" content=\"Pano de Microfibra Bordado das Caldas da Rainha - Terra Lusa\" \/>\n<meta property=\"og:description\" content=\"Pano inspirado nos bordados das Caldas da Rainha. S\u00e3o ideais para a limpeza de superficie espelhadas e um postal ilustrado da cultura portuguesa\" \/>\n<meta property=\"og:url\" content=\"https:\/\/terra-lusa.com\/pt-pt\/produto\/pano-de-microfibra-bordado-das-caldas-da-rainha\/\" \/>\n<meta property=\"og:site_name\" content=\"Terra Lusa\" \/>\n<meta property=\"article:modified_time\" content=\"2024-12-09T16:44:17+00:00\" \/>\n<meta property=\"og:image\" content=\"https:\/\/terra-lusa.com\/wp-content\/uploads\/2018\/07\/40418.png\" \/>\n\t<meta property=\"og:image:width\" content=\"600\" \/>\n\t<meta property=\"og:image:height\" content=\"600\" \/>\n\t<meta property=\"og:image:type\" content=\"image\/png\" \/>\n<meta name=\"twitter:card\" content=\"summary_large_image\" \/>\n<meta name=\"twitter:label1\" content=\"Tempo estimado de leitura\" \/>\n\t<meta name=\"twitter:data1\" content=\"1 minuto\" \/>\n<script type=\"application\/ld+json\" class=\"yoast-schema-graph\">{\"@context\":\"https:\/\/schema.org\",\"@graph\":[{\"@type\":\"WebPage\",\"@id\":\"https:\/\/terra-lusa.com\/pt-pt\/produto\/pano-de-microfibra-bordado-das-caldas-da-rainha\/\",\"url\":\"https:\/\/terra-lusa.com\/pt-pt\/produto\/pano-de-microfibra-bordado-das-caldas-da-rainha\/\",\"name\":\"Pano de Microfibra Bordado das Caldas da Rainha - Terra Lusa\",\"isPartOf\":{\"@id\":\"https:\/\/terra-lusa.com\/pt-pt\/#website\"},\"primaryImageOfPage\":{\"@id\":\"https:\/\/terra-lusa.com\/pt-pt\/produto\/pano-de-microfibra-bordado-das-caldas-da-rainha\/#primaryimage\"},\"image\":{\"@id\":\"https:\/\/terra-lusa.com\/pt-pt\/produto\/pano-de-microfibra-bordado-das-caldas-da-rainha\/#primaryimage\"},\"thumbnailUrl\":\"https:\/\/terra-lusa.com\/wp-content\/uploads\/2018\/07\/40418.png\",\"datePublished\":\"2018-07-16T11:28:14+00:00\",\"dateModified\":\"2024-12-09T16:44:17+00:00\",\"description\":\"Pano inspirado nos bordados das Caldas da Rainha. S\u00e3o ideais para a limpeza de superficie espelhadas e um postal ilustrado da cultura portuguesa\",\"breadcrumb\":{\"@id\":\"https:\/\/terra-lusa.com\/pt-pt\/produto\/pano-de-microfibra-bordado-das-caldas-da-rainha\/#breadcrumb\"},\"inLanguage\":\"pt-PT\",\"potentialAction\":[{\"@type\":\"ReadAction\",\"target\":[\"https:\/\/terra-lusa.com\/pt-pt\/produto\/pano-de-microfibra-bordado-das-caldas-da-rainha\/\"]}]},{\"@type\":\"ImageObject\",\"inLanguage\":\"pt-PT\",\"@id\":\"https:\/\/terra-lusa.com\/pt-pt\/produto\/pano-de-microfibra-bordado-das-caldas-da-rainha\/#primaryimage\",\"url\":\"https:\/\/terra-lusa.com\/wp-content\/uploads\/2018\/07\/40418.png\",\"contentUrl\":\"https:\/\/terra-lusa.com\/wp-content\/uploads\/2018\/07\/40418.png\",\"width\":600,\"height\":600},{\"@type\":\"BreadcrumbList\",\"@id\":\"https:\/\/terra-lusa.com\/pt-pt\/produto\/pano-de-microfibra-bordado-das-caldas-da-rainha\/#breadcrumb\",\"itemListElement\":[{\"@type\":\"ListItem\",\"position\":1,\"name\":\"Home\",\"item\":\"https:\/\/terra-lusa.com\/pt-pt\/\"},{\"@type\":\"ListItem\",\"position\":2,\"name\":\"Produtos\",\"item\":\"https:\/\/terra-lusa.com\/pt-pt\/produtos\/\"},{\"@type\":\"ListItem\",\"position\":3,\"name\":\"Pano de Microfibra Bordado das Caldas da Rainha\"}]},{\"@type\":\"WebSite\",\"@id\":\"https:\/\/terra-lusa.com\/pt-pt\/#website\",\"url\":\"https:\/\/terra-lusa.com\/pt-pt\/\",\"name\":\"Terra Lusa\",\"description\":\"O Melhor de Portugal\",\"potentialAction\":[{\"@type\":\"SearchAction\",\"target\":{\"@type\":\"EntryPoint\",\"urlTemplate\":\"https:\/\/terra-lusa.com\/pt-pt\/?s={search_term_string}\"},\"query-input\":{\"@type\":\"PropertyValueSpecification\",\"valueRequired\":true,\"valueName\":\"search_term_string\"}}],\"inLanguage\":\"pt-PT\"}]}<\/script>\n<!-- \/ Yoast SEO plugin. -->","yoast_head_json":{"title":"Pano de Microfibra Bordado das Caldas da Rainha - Terra Lusa","description":"Pano inspirado nos bordados das Caldas da Rainha. S\u00e3o ideais para a limpeza de superficie espelhadas e um postal ilustrado da cultura portuguesa","robots":{"index":"index","follow":"follow","max-snippet":"max-snippet:-1","max-image-preview":"max-image-preview:large","max-video-preview":"max-video-preview:-1"},"canonical":"https:\/\/terra-lusa.com\/pt-pt\/produto\/pano-de-microfibra-bordado-das-caldas-da-rainha\/","og_locale":"pt_PT","og_type":"article","og_title":"Pano de Microfibra Bordado das Caldas da Rainha - Terra Lusa","og_description":"Pano inspirado nos bordados das Caldas da Rainha. S\u00e3o ideais para a limpeza de superficie espelhadas e um postal ilustrado da cultura portuguesa","og_url":"https:\/\/terra-lusa.com\/pt-pt\/produto\/pano-de-microfibra-bordado-das-caldas-da-rainha\/","og_site_name":"Terra Lusa","article_modified_time":"2024-12-09T16:44:17+00:00","og_image":[{"width":600,"height":600,"url":"https:\/\/terra-lusa.com\/wp-content\/uploads\/2018\/07\/40418.png","type":"image\/png"}],"twitter_card":"summary_large_image","twitter_misc":{"Tempo estimado de leitura":"1 minuto"},"schema":{"@context":"https:\/\/schema.org","@graph":[{"@type":"WebPage","@id":"https:\/\/terra-lusa.com\/pt-pt\/produto\/pano-de-microfibra-bordado-das-caldas-da-rainha\/","url":"https:\/\/terra-lusa.com\/pt-pt\/produto\/pano-de-microfibra-bordado-das-caldas-da-rainha\/","name":"Pano de Microfibra Bordado das Caldas da Rainha - Terra Lusa","isPartOf":{"@id":"https:\/\/terra-lusa.com\/pt-pt\/#website"},"primaryImageOfPage":{"@id":"https:\/\/terra-lusa.com\/pt-pt\/produto\/pano-de-microfibra-bordado-das-caldas-da-rainha\/#primaryimage"},"image":{"@id":"https:\/\/terra-lusa.com\/pt-pt\/produto\/pano-de-microfibra-bordado-das-caldas-da-rainha\/#primaryimage"},"thumbnailUrl":"https:\/\/terra-lusa.com\/wp-content\/uploads\/2018\/07\/40418.png","datePublished":"2018-07-16T11:28:14+00:00","dateModified":"2024-12-09T16:44:17+00:00","description":"Pano inspirado nos bordados das Caldas da Rainha. S\u00e3o ideais para a limpeza de superficie espelhadas e um postal ilustrado da cultura portuguesa","breadcrumb":{"@id":"https:\/\/terra-lusa.com\/pt-pt\/produto\/pano-de-microfibra-bordado-das-caldas-da-rainha\/#breadcrumb"},"inLanguage":"pt-PT","potentialAction":[{"@type":"ReadAction","target":["https:\/\/terra-lusa.com\/pt-pt\/produto\/pano-de-microfibra-bordado-das-caldas-da-rainha\/"]}]},{"@type":"ImageObject","inLanguage":"pt-PT","@id":"https:\/\/terra-lusa.com\/pt-pt\/produto\/pano-de-microfibra-bordado-das-caldas-da-rainha\/#primaryimage","url":"https:\/\/terra-lusa.com\/wp-content\/uploads\/2018\/07\/40418.png","contentUrl":"https:\/\/terra-lusa.com\/wp-content\/uploads\/2018\/07\/40418.png","width":600,"height":600},{"@type":"BreadcrumbList","@id":"https:\/\/terra-lusa.com\/pt-pt\/produto\/pano-de-microfibra-bordado-das-caldas-da-rainha\/#breadcrumb","itemListElement":[{"@type":"ListItem","position":1,"name":"Home","item":"https:\/\/terra-lusa.com\/pt-pt\/"},{"@type":"ListItem","position":2,"name":"Produtos","item":"https:\/\/terra-lusa.com\/pt-pt\/produtos\/"},{"@type":"ListItem","position":3,"name":"Pano de Microfibra Bordado das Caldas da Rainha"}]},{"@type":"WebSite","@id":"https:\/\/terra-lusa.com\/pt-pt\/#website","url":"https:\/\/terra-lusa.com\/pt-pt\/","name":"Terra Lusa","description":"O Melhor de Portugal","potentialAction":[{"@type":"SearchAction","target":{"@type":"EntryPoint","urlTemplate":"https:\/\/terra-lusa.com\/pt-pt\/?s={search_term_string}"},"query-input":{"@type":"PropertyValueSpecification","valueRequired":true,"valueName":"search_term_string"}}],"inLanguage":"pt-PT"}]}},"_links":{"self":[{"href":"https:\/\/terra-lusa.com\/pt-pt\/wp-json\/wp\/v2\/product\/8793","targetHints":{"allow":["GET"]}}],"collection":[{"href":"https:\/\/terra-lusa.com\/pt-pt\/wp-json\/wp\/v2\/product"}],"about":[{"href":"https:\/\/terra-lusa.com\/pt-pt\/wp-json\/wp\/v2\/types\/product"}],"replies":[{"embeddable":true,"href":"https:\/\/terra-lusa.com\/pt-pt\/wp-json\/wp\/v2\/comments?post=8793"}],"wp:featuredmedia":[{"embeddable":true,"href":"https:\/\/terra-lusa.com\/pt-pt\/wp-json\/wp\/v2\/media\/9057"}],"wp:attachment":[{"href":"https:\/\/terra-lusa.com\/pt-pt\/wp-json\/wp\/v2\/media?parent=8793"}],"wp:term":[{"taxonomy":"product_brand","embeddable":true,"href":"https:\/\/terra-lusa.com\/pt-pt\/wp-json\/wp\/v2\/product_brand?post=8793"},{"taxonomy":"product_cat","embeddable":true,"href":"https:\/\/terra-lusa.com\/pt-pt\/wp-json\/wp\/v2\/product_cat?post=8793"},{"taxonomy":"product_tag","embeddable":true,"href":"https:\/\/terra-lusa.com\/pt-pt\/wp-json\/wp\/v2\/product_tag?post=8793"}],"curies":[{"name":"wp","href":"https:\/\/api.w.org\/{rel}","templated":true}]}}