{"id":7913,"date":"2018-05-14T20:12:51","date_gmt":"2018-05-14T20:12:51","guid":{"rendered":"https:\/\/terra-lusa.com\/?post_type=product&#038;p=7913"},"modified":"2024-12-06T10:59:15","modified_gmt":"2024-12-06T10:59:15","slug":"caixa-para-oculos-planisferio-de-cantino","status":"publish","type":"product","link":"https:\/\/terra-lusa.com\/pt-pt\/produto\/caixa-para-oculos-planisferio-de-cantino\/","title":{"rendered":"Caixa para \u00d3culos Planisf\u00e9rio de Cantino"},"content":{"rendered":"<p>Planisf\u00e9rio de autor an\u00f3nimo, desenhado em 1502. Conhecido como Planisf\u00e9rio de\u00a0Cantino, por ter sido encomendado em Lisboa por Alberto\u00a0Cantino, embaixador do Duque de Ferrara. Nele est\u00e3o as terras recentemente descobertas pelos Portugueses, contendo a mais antiga representa\u00e7\u00e3o cartogr\u00e1fica do Brasil. Tem ainda desenhado o meridiano do Tratado de Tordesilhas, que dividia o mundo descoberto entre Portugal e os Reinos de Castela e Arag\u00e3o. O planisf\u00e9rio original encontra-se em It\u00e1lia, na Biblioteca Estense de Modena.<\/p>\n<p>A marca Terra Lusa apresenta v\u00e1rias cole\u00e7\u00f5es de produtos onde cada refer\u00eancia \u00e9 um tributo ao Patrim\u00f3nio Cultural de Portugal: notebooks, leques, eco sacos, mini guarda-chuvas, caixas de \u00f3culos e panos microfibra todos divididos em tem\u00e1ticas com ra\u00edzes em elementos tipicamente portugueses.<\/p>\n<p>800 Anos de Hist\u00f3ria, Cultura e Tradi\u00e7\u00e3o que inspiraram a conce\u00e7\u00e3o das v\u00e1rias pe\u00e7as em que a tecnologia de qualidade se alia ao design contempor\u00e2neo.<\/p>\n<p>&nbsp;<\/p>\n","protected":false},"excerpt":{"rendered":"<p>Pe\u00e7a inspirada num planisf\u00e9rio datado de 1502. Este planisf\u00e9rio retrata as terras recentemente descobertas pelos portugueses, contendo a mais antiga representa\u00e7\u00e3o cartogr\u00e1fica do Brasil e o meridiano do Tratado de Tordesilhas.<\/p>\n<p>Caixas para \u00f3culos em metal revestidas a tecido de microfibra impresso. Coordenam com o pano microfibra fazendo um conjunto perfeito para oferta.<\/p>\n","protected":false},"featured_media":7902,"comment_status":"closed","ping_status":"closed","template":"","meta":{"_exactmetrics_skip_tracking":false,"_exactmetrics_sitenote_active":false,"_exactmetrics_sitenote_note":"","_exactmetrics_sitenote_category":0},"product_brand":[160],"product_cat":[83],"product_tag":[],"class_list":{"0":"post-7913","1":"product","2":"type-product","3":"status-publish","4":"has-post-thumbnail","6":"product_brand-planisferio-de-cantino","7":"product_cat-caixa-oculos","9":"first","10":"instock","11":"taxable","12":"shipping-taxable","13":"purchasable","14":"product-type-simple"},"yoast_head":"<!-- This site is optimized with the Yoast SEO plugin v26.9 - https:\/\/yoast.com\/product\/yoast-seo-wordpress\/ -->\n<title>Caixa para \u00d3culos Planisf\u00e9rio de Cantino - Terra Lusa<\/title>\n<meta name=\"description\" content=\"Cole\u00e7\u00e3o de caixas para \u00f3culos em metal revestidas a tecido de microfibra impresso. Coordenam com o pano microfibra fazendo um conjunto perfeito para oferta.\" \/>\n<meta name=\"robots\" content=\"index, follow, max-snippet:-1, max-image-preview:large, max-video-preview:-1\" \/>\n<link rel=\"canonical\" href=\"https:\/\/terra-lusa.com\/pt-pt\/produto\/caixa-para-oculos-planisferio-de-cantino\/\" \/>\n<meta property=\"og:locale\" content=\"pt_PT\" \/>\n<meta property=\"og:type\" content=\"article\" \/>\n<meta property=\"og:title\" content=\"Caixa para \u00d3culos Planisf\u00e9rio de Cantino - Terra Lusa\" \/>\n<meta property=\"og:description\" content=\"Cole\u00e7\u00e3o de caixas para \u00f3culos em metal revestidas a tecido de microfibra impresso. Coordenam com o pano microfibra fazendo um conjunto perfeito para oferta.\" \/>\n<meta property=\"og:url\" content=\"https:\/\/terra-lusa.com\/pt-pt\/produto\/caixa-para-oculos-planisferio-de-cantino\/\" \/>\n<meta property=\"og:site_name\" content=\"Terra Lusa\" \/>\n<meta property=\"article:modified_time\" content=\"2024-12-06T10:59:15+00:00\" \/>\n<meta property=\"og:image\" content=\"https:\/\/terra-lusa.com\/wp-content\/uploads\/2018\/05\/SITE-60611-a.png\" \/>\n\t<meta property=\"og:image:width\" content=\"600\" \/>\n\t<meta property=\"og:image:height\" content=\"600\" \/>\n\t<meta property=\"og:image:type\" content=\"image\/png\" \/>\n<meta name=\"twitter:card\" content=\"summary_large_image\" \/>\n<meta name=\"twitter:label1\" content=\"Tempo estimado de leitura\" \/>\n\t<meta name=\"twitter:data1\" content=\"1 minuto\" \/>\n<script type=\"application\/ld+json\" class=\"yoast-schema-graph\">{\"@context\":\"https:\/\/schema.org\",\"@graph\":[{\"@type\":\"WebPage\",\"@id\":\"https:\/\/terra-lusa.com\/pt-pt\/produto\/caixa-para-oculos-planisferio-de-cantino\/\",\"url\":\"https:\/\/terra-lusa.com\/pt-pt\/produto\/caixa-para-oculos-planisferio-de-cantino\/\",\"name\":\"Caixa para \u00d3culos Planisf\u00e9rio de Cantino - Terra Lusa\",\"isPartOf\":{\"@id\":\"https:\/\/terra-lusa.com\/pt-pt\/#website\"},\"primaryImageOfPage\":{\"@id\":\"https:\/\/terra-lusa.com\/pt-pt\/produto\/caixa-para-oculos-planisferio-de-cantino\/#primaryimage\"},\"image\":{\"@id\":\"https:\/\/terra-lusa.com\/pt-pt\/produto\/caixa-para-oculos-planisferio-de-cantino\/#primaryimage\"},\"thumbnailUrl\":\"https:\/\/terra-lusa.com\/wp-content\/uploads\/2018\/05\/SITE-60611-a.png\",\"datePublished\":\"2018-05-14T20:12:51+00:00\",\"dateModified\":\"2024-12-06T10:59:15+00:00\",\"description\":\"Cole\u00e7\u00e3o de caixas para \u00f3culos em metal revestidas a tecido de microfibra impresso. Coordenam com o pano microfibra fazendo um conjunto perfeito para oferta.\",\"breadcrumb\":{\"@id\":\"https:\/\/terra-lusa.com\/pt-pt\/produto\/caixa-para-oculos-planisferio-de-cantino\/#breadcrumb\"},\"inLanguage\":\"pt-PT\",\"potentialAction\":[{\"@type\":\"ReadAction\",\"target\":[\"https:\/\/terra-lusa.com\/pt-pt\/produto\/caixa-para-oculos-planisferio-de-cantino\/\"]}]},{\"@type\":\"ImageObject\",\"inLanguage\":\"pt-PT\",\"@id\":\"https:\/\/terra-lusa.com\/pt-pt\/produto\/caixa-para-oculos-planisferio-de-cantino\/#primaryimage\",\"url\":\"https:\/\/terra-lusa.com\/wp-content\/uploads\/2018\/05\/SITE-60611-a.png\",\"contentUrl\":\"https:\/\/terra-lusa.com\/wp-content\/uploads\/2018\/05\/SITE-60611-a.png\",\"width\":600,\"height\":600},{\"@type\":\"BreadcrumbList\",\"@id\":\"https:\/\/terra-lusa.com\/pt-pt\/produto\/caixa-para-oculos-planisferio-de-cantino\/#breadcrumb\",\"itemListElement\":[{\"@type\":\"ListItem\",\"position\":1,\"name\":\"Home\",\"item\":\"https:\/\/terra-lusa.com\/pt-pt\/\"},{\"@type\":\"ListItem\",\"position\":2,\"name\":\"Produtos\",\"item\":\"https:\/\/terra-lusa.com\/pt-pt\/produtos\/\"},{\"@type\":\"ListItem\",\"position\":3,\"name\":\"Caixa para \u00d3culos Planisf\u00e9rio de Cantino\"}]},{\"@type\":\"WebSite\",\"@id\":\"https:\/\/terra-lusa.com\/pt-pt\/#website\",\"url\":\"https:\/\/terra-lusa.com\/pt-pt\/\",\"name\":\"Terra Lusa\",\"description\":\"O Melhor de Portugal\",\"potentialAction\":[{\"@type\":\"SearchAction\",\"target\":{\"@type\":\"EntryPoint\",\"urlTemplate\":\"https:\/\/terra-lusa.com\/pt-pt\/?s={search_term_string}\"},\"query-input\":{\"@type\":\"PropertyValueSpecification\",\"valueRequired\":true,\"valueName\":\"search_term_string\"}}],\"inLanguage\":\"pt-PT\"}]}<\/script>\n<!-- \/ Yoast SEO plugin. -->","yoast_head_json":{"title":"Caixa para \u00d3culos Planisf\u00e9rio de Cantino - Terra Lusa","description":"Cole\u00e7\u00e3o de caixas para \u00f3culos em metal revestidas a tecido de microfibra impresso. Coordenam com o pano microfibra fazendo um conjunto perfeito para oferta.","robots":{"index":"index","follow":"follow","max-snippet":"max-snippet:-1","max-image-preview":"max-image-preview:large","max-video-preview":"max-video-preview:-1"},"canonical":"https:\/\/terra-lusa.com\/pt-pt\/produto\/caixa-para-oculos-planisferio-de-cantino\/","og_locale":"pt_PT","og_type":"article","og_title":"Caixa para \u00d3culos Planisf\u00e9rio de Cantino - Terra Lusa","og_description":"Cole\u00e7\u00e3o de caixas para \u00f3culos em metal revestidas a tecido de microfibra impresso. Coordenam com o pano microfibra fazendo um conjunto perfeito para oferta.","og_url":"https:\/\/terra-lusa.com\/pt-pt\/produto\/caixa-para-oculos-planisferio-de-cantino\/","og_site_name":"Terra Lusa","article_modified_time":"2024-12-06T10:59:15+00:00","og_image":[{"width":600,"height":600,"url":"https:\/\/terra-lusa.com\/wp-content\/uploads\/2018\/05\/SITE-60611-a.png","type":"image\/png"}],"twitter_card":"summary_large_image","twitter_misc":{"Tempo estimado de leitura":"1 minuto"},"schema":{"@context":"https:\/\/schema.org","@graph":[{"@type":"WebPage","@id":"https:\/\/terra-lusa.com\/pt-pt\/produto\/caixa-para-oculos-planisferio-de-cantino\/","url":"https:\/\/terra-lusa.com\/pt-pt\/produto\/caixa-para-oculos-planisferio-de-cantino\/","name":"Caixa para \u00d3culos Planisf\u00e9rio de Cantino - Terra Lusa","isPartOf":{"@id":"https:\/\/terra-lusa.com\/pt-pt\/#website"},"primaryImageOfPage":{"@id":"https:\/\/terra-lusa.com\/pt-pt\/produto\/caixa-para-oculos-planisferio-de-cantino\/#primaryimage"},"image":{"@id":"https:\/\/terra-lusa.com\/pt-pt\/produto\/caixa-para-oculos-planisferio-de-cantino\/#primaryimage"},"thumbnailUrl":"https:\/\/terra-lusa.com\/wp-content\/uploads\/2018\/05\/SITE-60611-a.png","datePublished":"2018-05-14T20:12:51+00:00","dateModified":"2024-12-06T10:59:15+00:00","description":"Cole\u00e7\u00e3o de caixas para \u00f3culos em metal revestidas a tecido de microfibra impresso. Coordenam com o pano microfibra fazendo um conjunto perfeito para oferta.","breadcrumb":{"@id":"https:\/\/terra-lusa.com\/pt-pt\/produto\/caixa-para-oculos-planisferio-de-cantino\/#breadcrumb"},"inLanguage":"pt-PT","potentialAction":[{"@type":"ReadAction","target":["https:\/\/terra-lusa.com\/pt-pt\/produto\/caixa-para-oculos-planisferio-de-cantino\/"]}]},{"@type":"ImageObject","inLanguage":"pt-PT","@id":"https:\/\/terra-lusa.com\/pt-pt\/produto\/caixa-para-oculos-planisferio-de-cantino\/#primaryimage","url":"https:\/\/terra-lusa.com\/wp-content\/uploads\/2018\/05\/SITE-60611-a.png","contentUrl":"https:\/\/terra-lusa.com\/wp-content\/uploads\/2018\/05\/SITE-60611-a.png","width":600,"height":600},{"@type":"BreadcrumbList","@id":"https:\/\/terra-lusa.com\/pt-pt\/produto\/caixa-para-oculos-planisferio-de-cantino\/#breadcrumb","itemListElement":[{"@type":"ListItem","position":1,"name":"Home","item":"https:\/\/terra-lusa.com\/pt-pt\/"},{"@type":"ListItem","position":2,"name":"Produtos","item":"https:\/\/terra-lusa.com\/pt-pt\/produtos\/"},{"@type":"ListItem","position":3,"name":"Caixa para \u00d3culos Planisf\u00e9rio de Cantino"}]},{"@type":"WebSite","@id":"https:\/\/terra-lusa.com\/pt-pt\/#website","url":"https:\/\/terra-lusa.com\/pt-pt\/","name":"Terra Lusa","description":"O Melhor de Portugal","potentialAction":[{"@type":"SearchAction","target":{"@type":"EntryPoint","urlTemplate":"https:\/\/terra-lusa.com\/pt-pt\/?s={search_term_string}"},"query-input":{"@type":"PropertyValueSpecification","valueRequired":true,"valueName":"search_term_string"}}],"inLanguage":"pt-PT"}]}},"_links":{"self":[{"href":"https:\/\/terra-lusa.com\/pt-pt\/wp-json\/wp\/v2\/product\/7913","targetHints":{"allow":["GET"]}}],"collection":[{"href":"https:\/\/terra-lusa.com\/pt-pt\/wp-json\/wp\/v2\/product"}],"about":[{"href":"https:\/\/terra-lusa.com\/pt-pt\/wp-json\/wp\/v2\/types\/product"}],"replies":[{"embeddable":true,"href":"https:\/\/terra-lusa.com\/pt-pt\/wp-json\/wp\/v2\/comments?post=7913"}],"wp:featuredmedia":[{"embeddable":true,"href":"https:\/\/terra-lusa.com\/pt-pt\/wp-json\/wp\/v2\/media\/7902"}],"wp:attachment":[{"href":"https:\/\/terra-lusa.com\/pt-pt\/wp-json\/wp\/v2\/media?parent=7913"}],"wp:term":[{"taxonomy":"product_brand","embeddable":true,"href":"https:\/\/terra-lusa.com\/pt-pt\/wp-json\/wp\/v2\/product_brand?post=7913"},{"taxonomy":"product_cat","embeddable":true,"href":"https:\/\/terra-lusa.com\/pt-pt\/wp-json\/wp\/v2\/product_cat?post=7913"},{"taxonomy":"product_tag","embeddable":true,"href":"https:\/\/terra-lusa.com\/pt-pt\/wp-json\/wp\/v2\/product_tag?post=7913"}],"curies":[{"name":"wp","href":"https:\/\/api.w.org\/{rel}","templated":true}]}}