{"id":5653,"date":"2017-03-10T20:29:35","date_gmt":"2017-03-10T20:29:35","guid":{"rendered":"https:\/\/terra-lusa.com\/pt-pt\/product\/portuguese-stone-pavement-eco-shopper\/"},"modified":"2024-12-09T15:59:04","modified_gmt":"2024-12-09T15:59:04","slug":"eco-saco-calcada-portuguesa","status":"publish","type":"product","link":"https:\/\/terra-lusa.com\/pt-pt\/produto\/eco-saco-calcada-portuguesa\/","title":{"rendered":"Eco Saco Cal\u00e7ada Portuguesa"},"content":{"rendered":"<p>A Cal\u00e7ada Portuguesa \u00e9 uma express\u00e3o cultural portuguesa, uma heran\u00e7a hist\u00f3rica de um misto da cultura e tecnologia de constru\u00e7\u00e3o dos romanos e dos \u00e1rabes, que acabou por se impor em Portugal no s\u00e9culo XIV, durante o reinado de D. Jo\u00e3o II.<\/p>\n<p>A cal\u00e7ada portuguesa \u00e9 uma forma tradicional de pavimenta\u00e7\u00e3o com pedras, amplamente utilizada em Portugal, especialmente em Lisboa. Essas cal\u00e7adas s\u00e3o compostas por pedras de calc\u00e1rio branco e negro, que formam padr\u00f5es e desenhos art\u00edsticos no ch\u00e3o. Al\u00e9m de sua funcionalidade, a cal\u00e7ada portuguesa \u00e9 um s\u00edmbolo cultural que reflete a hist\u00f3ria e a arte dos portugueses. Os padr\u00f5es variam de formas geom\u00e9tricas a representa\u00e7\u00f5es da flora, fauna e elementos n\u00e1uticos, transformando as ruas em verdadeiras obras de arte a c\u00e9u aberto.<\/p>\n<p>A marca Terra Lusa apresenta v\u00e1rias cole\u00e7\u00f5es de produtos onde cada refer\u00eancia \u00e9 um tributo ao Patrim\u00f3nio Cultural de Portugal: notebooks, leques, eco sacos, mini guarda-chuvas, caixas de \u00f3culos e panos microfibra todos divididos em tem\u00e1ticas com ra\u00edzes em elementos tipicamente portugueses.<\/p>\n<p>800 Anos de Hist\u00f3ria, Cultura e Tradi\u00e7\u00e3o inspiraram a conce\u00e7\u00e3o das v\u00e1rias pe\u00e7as em que a tecnologia de qualidade se alia ao design contempor\u00e2neo.<\/p>\n","protected":false},"excerpt":{"rendered":"<p>Pe\u00e7a inspirada no padr\u00e3o da cal\u00e7ada portuguesa da Pra\u00e7a Duque de Terceira (Cais do Sodr\u00e9) em Lisboa.<\/p>\n<p>Os eco sacos s\u00e3o reutiliz\u00e1veis e extremamente pr\u00e1ticos para as compras, podendo ser usados in\u00fameras vezes. Apesar de suportarem at\u00e9 10 kg, pesam apenas 35 g, tornando-os ideais para transportar na mala. Medidas aproximadas: bolsa 7&#215;12 cm; saco 43&#215;52 cm.<\/p>\n","protected":false},"featured_media":5640,"comment_status":"closed","ping_status":"closed","template":"","meta":{"_exactmetrics_skip_tracking":false,"_exactmetrics_sitenote_active":false,"_exactmetrics_sitenote_note":"","_exactmetrics_sitenote_category":0},"product_brand":[103],"product_cat":[81],"product_tag":[],"class_list":{"0":"post-5653","1":"product","2":"type-product","3":"status-publish","4":"has-post-thumbnail","6":"product_brand-calcada-portuguesa","7":"product_cat-eco-sacos","9":"first","10":"instock","11":"taxable","12":"shipping-taxable","13":"purchasable","14":"product-type-simple"},"yoast_head":"<!-- This site is optimized with the Yoast SEO plugin v26.9 - https:\/\/yoast.com\/product\/yoast-seo-wordpress\/ -->\n<title>Eco Saco Cal\u00e7ada Portuguesa - Terra Lusa<\/title>\n<meta name=\"description\" content=\"Sacos ecol\u00f3gicos, reutiliz\u00e1veis, resistentes e muito pr\u00e1ticos . Pesam apenas 35 g e t\u00eam capacidade para 10kg sendo ideais para transportar na mala.\" \/>\n<meta name=\"robots\" content=\"index, follow, max-snippet:-1, max-image-preview:large, max-video-preview:-1\" \/>\n<link rel=\"canonical\" href=\"https:\/\/terra-lusa.com\/pt-pt\/produto\/eco-saco-calcada-portuguesa\/\" \/>\n<meta property=\"og:locale\" content=\"pt_PT\" \/>\n<meta property=\"og:type\" content=\"article\" \/>\n<meta property=\"og:title\" content=\"Eco Saco Cal\u00e7ada Portuguesa - Terra Lusa\" \/>\n<meta property=\"og:description\" content=\"Sacos ecol\u00f3gicos, reutiliz\u00e1veis, resistentes e muito pr\u00e1ticos . Pesam apenas 35 g e t\u00eam capacidade para 10kg sendo ideais para transportar na mala.\" \/>\n<meta property=\"og:url\" content=\"https:\/\/terra-lusa.com\/pt-pt\/produto\/eco-saco-calcada-portuguesa\/\" \/>\n<meta property=\"og:site_name\" content=\"Terra Lusa\" \/>\n<meta property=\"article:modified_time\" content=\"2024-12-09T15:59:04+00:00\" \/>\n<meta property=\"og:image\" content=\"https:\/\/terra-lusa.com\/wp-content\/uploads\/2017\/03\/cal\u00c3\u00a7ada-1.jpg\" \/>\n\t<meta property=\"og:image:width\" content=\"513\" \/>\n\t<meta property=\"og:image:height\" content=\"513\" \/>\n\t<meta property=\"og:image:type\" content=\"image\/jpeg\" \/>\n<meta name=\"twitter:card\" content=\"summary_large_image\" \/>\n<meta name=\"twitter:label1\" content=\"Tempo estimado de leitura\" \/>\n\t<meta name=\"twitter:data1\" content=\"2 minutos\" \/>\n<script type=\"application\/ld+json\" class=\"yoast-schema-graph\">{\"@context\":\"https:\/\/schema.org\",\"@graph\":[{\"@type\":\"WebPage\",\"@id\":\"https:\/\/terra-lusa.com\/pt-pt\/produto\/eco-saco-calcada-portuguesa\/\",\"url\":\"https:\/\/terra-lusa.com\/pt-pt\/produto\/eco-saco-calcada-portuguesa\/\",\"name\":\"Eco Saco Cal\u00e7ada Portuguesa - Terra Lusa\",\"isPartOf\":{\"@id\":\"https:\/\/terra-lusa.com\/pt-pt\/#website\"},\"primaryImageOfPage\":{\"@id\":\"https:\/\/terra-lusa.com\/pt-pt\/produto\/eco-saco-calcada-portuguesa\/#primaryimage\"},\"image\":{\"@id\":\"https:\/\/terra-lusa.com\/pt-pt\/produto\/eco-saco-calcada-portuguesa\/#primaryimage\"},\"thumbnailUrl\":\"https:\/\/terra-lusa.com\/wp-content\/uploads\/2017\/03\/cal\u00c3\u00a7ada-1.jpg\",\"datePublished\":\"2017-03-10T20:29:35+00:00\",\"dateModified\":\"2024-12-09T15:59:04+00:00\",\"description\":\"Sacos ecol\u00f3gicos, reutiliz\u00e1veis, resistentes e muito pr\u00e1ticos . Pesam apenas 35 g e t\u00eam capacidade para 10kg sendo ideais para transportar na mala.\",\"breadcrumb\":{\"@id\":\"https:\/\/terra-lusa.com\/pt-pt\/produto\/eco-saco-calcada-portuguesa\/#breadcrumb\"},\"inLanguage\":\"pt-PT\",\"potentialAction\":[{\"@type\":\"ReadAction\",\"target\":[\"https:\/\/terra-lusa.com\/pt-pt\/produto\/eco-saco-calcada-portuguesa\/\"]}]},{\"@type\":\"ImageObject\",\"inLanguage\":\"pt-PT\",\"@id\":\"https:\/\/terra-lusa.com\/pt-pt\/produto\/eco-saco-calcada-portuguesa\/#primaryimage\",\"url\":\"https:\/\/terra-lusa.com\/wp-content\/uploads\/2017\/03\/cal\u00c3\u00a7ada-1.jpg\",\"contentUrl\":\"https:\/\/terra-lusa.com\/wp-content\/uploads\/2017\/03\/cal\u00c3\u00a7ada-1.jpg\",\"width\":513,\"height\":513},{\"@type\":\"BreadcrumbList\",\"@id\":\"https:\/\/terra-lusa.com\/pt-pt\/produto\/eco-saco-calcada-portuguesa\/#breadcrumb\",\"itemListElement\":[{\"@type\":\"ListItem\",\"position\":1,\"name\":\"Home\",\"item\":\"https:\/\/terra-lusa.com\/pt-pt\/\"},{\"@type\":\"ListItem\",\"position\":2,\"name\":\"Produtos\",\"item\":\"https:\/\/terra-lusa.com\/pt-pt\/produtos\/\"},{\"@type\":\"ListItem\",\"position\":3,\"name\":\"Eco Saco Cal\u00e7ada Portuguesa\"}]},{\"@type\":\"WebSite\",\"@id\":\"https:\/\/terra-lusa.com\/pt-pt\/#website\",\"url\":\"https:\/\/terra-lusa.com\/pt-pt\/\",\"name\":\"Terra Lusa\",\"description\":\"O Melhor de Portugal\",\"potentialAction\":[{\"@type\":\"SearchAction\",\"target\":{\"@type\":\"EntryPoint\",\"urlTemplate\":\"https:\/\/terra-lusa.com\/pt-pt\/?s={search_term_string}\"},\"query-input\":{\"@type\":\"PropertyValueSpecification\",\"valueRequired\":true,\"valueName\":\"search_term_string\"}}],\"inLanguage\":\"pt-PT\"}]}<\/script>\n<!-- \/ Yoast SEO plugin. -->","yoast_head_json":{"title":"Eco Saco Cal\u00e7ada Portuguesa - Terra Lusa","description":"Sacos ecol\u00f3gicos, reutiliz\u00e1veis, resistentes e muito pr\u00e1ticos . Pesam apenas 35 g e t\u00eam capacidade para 10kg sendo ideais para transportar na mala.","robots":{"index":"index","follow":"follow","max-snippet":"max-snippet:-1","max-image-preview":"max-image-preview:large","max-video-preview":"max-video-preview:-1"},"canonical":"https:\/\/terra-lusa.com\/pt-pt\/produto\/eco-saco-calcada-portuguesa\/","og_locale":"pt_PT","og_type":"article","og_title":"Eco Saco Cal\u00e7ada Portuguesa - Terra Lusa","og_description":"Sacos ecol\u00f3gicos, reutiliz\u00e1veis, resistentes e muito pr\u00e1ticos . Pesam apenas 35 g e t\u00eam capacidade para 10kg sendo ideais para transportar na mala.","og_url":"https:\/\/terra-lusa.com\/pt-pt\/produto\/eco-saco-calcada-portuguesa\/","og_site_name":"Terra Lusa","article_modified_time":"2024-12-09T15:59:04+00:00","og_image":[{"width":513,"height":513,"url":"https:\/\/terra-lusa.com\/wp-content\/uploads\/2017\/03\/cal\u00c3\u00a7ada-1.jpg","type":"image\/jpeg"}],"twitter_card":"summary_large_image","twitter_misc":{"Tempo estimado de leitura":"2 minutos"},"schema":{"@context":"https:\/\/schema.org","@graph":[{"@type":"WebPage","@id":"https:\/\/terra-lusa.com\/pt-pt\/produto\/eco-saco-calcada-portuguesa\/","url":"https:\/\/terra-lusa.com\/pt-pt\/produto\/eco-saco-calcada-portuguesa\/","name":"Eco Saco Cal\u00e7ada Portuguesa - Terra Lusa","isPartOf":{"@id":"https:\/\/terra-lusa.com\/pt-pt\/#website"},"primaryImageOfPage":{"@id":"https:\/\/terra-lusa.com\/pt-pt\/produto\/eco-saco-calcada-portuguesa\/#primaryimage"},"image":{"@id":"https:\/\/terra-lusa.com\/pt-pt\/produto\/eco-saco-calcada-portuguesa\/#primaryimage"},"thumbnailUrl":"https:\/\/terra-lusa.com\/wp-content\/uploads\/2017\/03\/cal\u00c3\u00a7ada-1.jpg","datePublished":"2017-03-10T20:29:35+00:00","dateModified":"2024-12-09T15:59:04+00:00","description":"Sacos ecol\u00f3gicos, reutiliz\u00e1veis, resistentes e muito pr\u00e1ticos . Pesam apenas 35 g e t\u00eam capacidade para 10kg sendo ideais para transportar na mala.","breadcrumb":{"@id":"https:\/\/terra-lusa.com\/pt-pt\/produto\/eco-saco-calcada-portuguesa\/#breadcrumb"},"inLanguage":"pt-PT","potentialAction":[{"@type":"ReadAction","target":["https:\/\/terra-lusa.com\/pt-pt\/produto\/eco-saco-calcada-portuguesa\/"]}]},{"@type":"ImageObject","inLanguage":"pt-PT","@id":"https:\/\/terra-lusa.com\/pt-pt\/produto\/eco-saco-calcada-portuguesa\/#primaryimage","url":"https:\/\/terra-lusa.com\/wp-content\/uploads\/2017\/03\/cal\u00c3\u00a7ada-1.jpg","contentUrl":"https:\/\/terra-lusa.com\/wp-content\/uploads\/2017\/03\/cal\u00c3\u00a7ada-1.jpg","width":513,"height":513},{"@type":"BreadcrumbList","@id":"https:\/\/terra-lusa.com\/pt-pt\/produto\/eco-saco-calcada-portuguesa\/#breadcrumb","itemListElement":[{"@type":"ListItem","position":1,"name":"Home","item":"https:\/\/terra-lusa.com\/pt-pt\/"},{"@type":"ListItem","position":2,"name":"Produtos","item":"https:\/\/terra-lusa.com\/pt-pt\/produtos\/"},{"@type":"ListItem","position":3,"name":"Eco Saco Cal\u00e7ada Portuguesa"}]},{"@type":"WebSite","@id":"https:\/\/terra-lusa.com\/pt-pt\/#website","url":"https:\/\/terra-lusa.com\/pt-pt\/","name":"Terra Lusa","description":"O Melhor de Portugal","potentialAction":[{"@type":"SearchAction","target":{"@type":"EntryPoint","urlTemplate":"https:\/\/terra-lusa.com\/pt-pt\/?s={search_term_string}"},"query-input":{"@type":"PropertyValueSpecification","valueRequired":true,"valueName":"search_term_string"}}],"inLanguage":"pt-PT"}]}},"_links":{"self":[{"href":"https:\/\/terra-lusa.com\/pt-pt\/wp-json\/wp\/v2\/product\/5653","targetHints":{"allow":["GET"]}}],"collection":[{"href":"https:\/\/terra-lusa.com\/pt-pt\/wp-json\/wp\/v2\/product"}],"about":[{"href":"https:\/\/terra-lusa.com\/pt-pt\/wp-json\/wp\/v2\/types\/product"}],"replies":[{"embeddable":true,"href":"https:\/\/terra-lusa.com\/pt-pt\/wp-json\/wp\/v2\/comments?post=5653"}],"wp:featuredmedia":[{"embeddable":true,"href":"https:\/\/terra-lusa.com\/pt-pt\/wp-json\/wp\/v2\/media\/5640"}],"wp:attachment":[{"href":"https:\/\/terra-lusa.com\/pt-pt\/wp-json\/wp\/v2\/media?parent=5653"}],"wp:term":[{"taxonomy":"product_brand","embeddable":true,"href":"https:\/\/terra-lusa.com\/pt-pt\/wp-json\/wp\/v2\/product_brand?post=5653"},{"taxonomy":"product_cat","embeddable":true,"href":"https:\/\/terra-lusa.com\/pt-pt\/wp-json\/wp\/v2\/product_cat?post=5653"},{"taxonomy":"product_tag","embeddable":true,"href":"https:\/\/terra-lusa.com\/pt-pt\/wp-json\/wp\/v2\/product_tag?post=5653"}],"curies":[{"name":"wp","href":"https:\/\/api.w.org\/{rel}","templated":true}]}}