{"id":5156,"date":"2016-02-28T11:08:18","date_gmt":"2016-02-28T11:08:18","guid":{"rendered":"https:\/\/terra-lusa.com\/pt-pt\/?post_type=product&#038;p=5156"},"modified":"2024-12-09T15:25:04","modified_gmt":"2024-12-09T15:25:04","slug":"leque-do-trevo-dos-acores","status":"publish","type":"product","link":"https:\/\/terra-lusa.com\/pt-pt\/produto\/leque-do-trevo-dos-acores\/","title":{"rendered":"Leque do Trevo dos A\u00e7ores"},"content":{"rendered":"<p>A cestaria de vime \u00e9 uma das pr\u00e1ticas artesanais mais comuns em Portugal. Os principais centros de produ\u00e7\u00e3o de cestaria em vime s\u00e3o Gon\u00e7alo, no concelho da Guarda, e Camacha, na ilha da Madeira. No entanto, a presen\u00e7a do vimeiro ou salgueiro em quase todo o pa\u00eds fez com que esta arte se espalhasse por muitas regi\u00f5es, de Norte a Sul, bem como nos arquip\u00e9lagos dos A\u00e7ores e da Madeira.<\/p>\n<p>A marca Terra Lusa apresenta v\u00e1rias cole\u00e7\u00f5es de produtos, onde cada uma \u00e9 um tributo ao Patrim\u00f3nio Cultural de Portugal. Entre os produtos destacam-se notebooks, leques, eco sacos, mini guarda-chuvas, caixas de \u00f3culos, panos de microfibra. Todos divididos em tem\u00e1ticas inspiradas em elementos tipicamente portugueses<\/p>\n<p>800 Anos de Hist\u00f3ria, Cultura e Tradi\u00e7\u00e3o inspiraram a conce\u00e7\u00e3o das v\u00e1rias pe\u00e7as em que a tecnologia de qualidade se alia ao design contempor\u00e2neo.<\/p>\n","protected":false},"excerpt":{"rendered":"<p>Este leque \u00e9 um tributo \u00e0 arte portuguesa da cestaria e foi inspirado numa pe\u00e7a oriunda dos A\u00e7ores designada trevo.<\/p>\n<p>Leque em madeira de cerejeira polida com impress\u00e3o em tela de seda artificial. Quando aberto, as suas dimens\u00f5es s\u00e3o de 43 x 23 cm, tem 24 varetas e apresenta-se numa bolsa pl\u00e1stica.<\/p>\n<p>&nbsp;<\/p>\n<p>&nbsp;<\/p>\n","protected":false},"featured_media":5150,"comment_status":"closed","ping_status":"closed","template":"","meta":{"_exactmetrics_skip_tracking":false,"_exactmetrics_sitenote_active":false,"_exactmetrics_sitenote_note":"","_exactmetrics_sitenote_category":0},"product_brand":[130],"product_cat":[82],"product_tag":[],"class_list":{"0":"post-5156","1":"product","2":"type-product","3":"status-publish","4":"has-post-thumbnail","6":"product_brand-cestaria","7":"product_cat-leques","8":"product_shipping_class-standard-pt-pt","10":"first","11":"instock","12":"taxable","13":"shipping-taxable","14":"purchasable","15":"product-type-simple"},"yoast_head":"<!-- This site is optimized with the Yoast SEO plugin v26.9 - https:\/\/yoast.com\/product\/yoast-seo-wordpress\/ -->\n<title>Leque do Trevo dos A\u00e7ores - Terra Lusa<\/title>\n<meta name=\"description\" content=\"Leque inspirado na arte da cestaria. Em madeira de pereira polida com impress\u00e3o em tela de seda artificial. Aberto 43 x 23 cm;\u00a024 varetas; bolsa em pvc.\" \/>\n<meta name=\"robots\" content=\"index, follow, max-snippet:-1, max-image-preview:large, max-video-preview:-1\" \/>\n<link rel=\"canonical\" href=\"https:\/\/terra-lusa.com\/pt-pt\/produto\/leque-do-trevo-dos-acores\/\" \/>\n<meta property=\"og:locale\" content=\"pt_PT\" \/>\n<meta property=\"og:type\" content=\"article\" \/>\n<meta property=\"og:title\" content=\"Leque do Trevo dos A\u00e7ores - Terra Lusa\" \/>\n<meta property=\"og:description\" content=\"Leque inspirado na arte da cestaria. Em madeira de pereira polida com impress\u00e3o em tela de seda artificial. Aberto 43 x 23 cm;\u00a024 varetas; bolsa em pvc.\" \/>\n<meta property=\"og:url\" content=\"https:\/\/terra-lusa.com\/pt-pt\/produto\/leque-do-trevo-dos-acores\/\" \/>\n<meta property=\"og:site_name\" content=\"Terra Lusa\" \/>\n<meta property=\"article:modified_time\" content=\"2024-12-09T15:25:04+00:00\" \/>\n<meta property=\"og:image\" content=\"https:\/\/terra-lusa.com\/wp-content\/uploads\/2016\/02\/leque-trevo.jpg\" \/>\n\t<meta property=\"og:image:width\" content=\"510\" \/>\n\t<meta property=\"og:image:height\" content=\"510\" \/>\n\t<meta property=\"og:image:type\" content=\"image\/jpeg\" \/>\n<meta name=\"twitter:card\" content=\"summary_large_image\" \/>\n<meta name=\"twitter:label1\" content=\"Tempo estimado de leitura\" \/>\n\t<meta name=\"twitter:data1\" content=\"1 minuto\" \/>\n<script type=\"application\/ld+json\" class=\"yoast-schema-graph\">{\"@context\":\"https:\/\/schema.org\",\"@graph\":[{\"@type\":\"WebPage\",\"@id\":\"https:\/\/terra-lusa.com\/pt-pt\/produto\/leque-do-trevo-dos-acores\/\",\"url\":\"https:\/\/terra-lusa.com\/pt-pt\/produto\/leque-do-trevo-dos-acores\/\",\"name\":\"Leque do Trevo dos A\u00e7ores - Terra Lusa\",\"isPartOf\":{\"@id\":\"https:\/\/terra-lusa.com\/pt-pt\/#website\"},\"primaryImageOfPage\":{\"@id\":\"https:\/\/terra-lusa.com\/pt-pt\/produto\/leque-do-trevo-dos-acores\/#primaryimage\"},\"image\":{\"@id\":\"https:\/\/terra-lusa.com\/pt-pt\/produto\/leque-do-trevo-dos-acores\/#primaryimage\"},\"thumbnailUrl\":\"https:\/\/terra-lusa.com\/wp-content\/uploads\/2016\/02\/leque-trevo.jpg\",\"datePublished\":\"2016-02-28T11:08:18+00:00\",\"dateModified\":\"2024-12-09T15:25:04+00:00\",\"description\":\"Leque inspirado na arte da cestaria. Em madeira de pereira polida com impress\u00e3o em tela de seda artificial. Aberto 43 x 23 cm;\u00a024 varetas; bolsa em pvc.\",\"breadcrumb\":{\"@id\":\"https:\/\/terra-lusa.com\/pt-pt\/produto\/leque-do-trevo-dos-acores\/#breadcrumb\"},\"inLanguage\":\"pt-PT\",\"potentialAction\":[{\"@type\":\"ReadAction\",\"target\":[\"https:\/\/terra-lusa.com\/pt-pt\/produto\/leque-do-trevo-dos-acores\/\"]}]},{\"@type\":\"ImageObject\",\"inLanguage\":\"pt-PT\",\"@id\":\"https:\/\/terra-lusa.com\/pt-pt\/produto\/leque-do-trevo-dos-acores\/#primaryimage\",\"url\":\"https:\/\/terra-lusa.com\/wp-content\/uploads\/2016\/02\/leque-trevo.jpg\",\"contentUrl\":\"https:\/\/terra-lusa.com\/wp-content\/uploads\/2016\/02\/leque-trevo.jpg\",\"width\":510,\"height\":510},{\"@type\":\"BreadcrumbList\",\"@id\":\"https:\/\/terra-lusa.com\/pt-pt\/produto\/leque-do-trevo-dos-acores\/#breadcrumb\",\"itemListElement\":[{\"@type\":\"ListItem\",\"position\":1,\"name\":\"Home\",\"item\":\"https:\/\/terra-lusa.com\/pt-pt\/\"},{\"@type\":\"ListItem\",\"position\":2,\"name\":\"Produtos\",\"item\":\"https:\/\/terra-lusa.com\/pt-pt\/produtos\/\"},{\"@type\":\"ListItem\",\"position\":3,\"name\":\"Leque do Trevo dos A\u00e7ores\"}]},{\"@type\":\"WebSite\",\"@id\":\"https:\/\/terra-lusa.com\/pt-pt\/#website\",\"url\":\"https:\/\/terra-lusa.com\/pt-pt\/\",\"name\":\"Terra Lusa\",\"description\":\"O Melhor de Portugal\",\"potentialAction\":[{\"@type\":\"SearchAction\",\"target\":{\"@type\":\"EntryPoint\",\"urlTemplate\":\"https:\/\/terra-lusa.com\/pt-pt\/?s={search_term_string}\"},\"query-input\":{\"@type\":\"PropertyValueSpecification\",\"valueRequired\":true,\"valueName\":\"search_term_string\"}}],\"inLanguage\":\"pt-PT\"}]}<\/script>\n<!-- \/ Yoast SEO plugin. -->","yoast_head_json":{"title":"Leque do Trevo dos A\u00e7ores - Terra Lusa","description":"Leque inspirado na arte da cestaria. Em madeira de pereira polida com impress\u00e3o em tela de seda artificial. Aberto 43 x 23 cm;\u00a024 varetas; bolsa em pvc.","robots":{"index":"index","follow":"follow","max-snippet":"max-snippet:-1","max-image-preview":"max-image-preview:large","max-video-preview":"max-video-preview:-1"},"canonical":"https:\/\/terra-lusa.com\/pt-pt\/produto\/leque-do-trevo-dos-acores\/","og_locale":"pt_PT","og_type":"article","og_title":"Leque do Trevo dos A\u00e7ores - Terra Lusa","og_description":"Leque inspirado na arte da cestaria. Em madeira de pereira polida com impress\u00e3o em tela de seda artificial. Aberto 43 x 23 cm;\u00a024 varetas; bolsa em pvc.","og_url":"https:\/\/terra-lusa.com\/pt-pt\/produto\/leque-do-trevo-dos-acores\/","og_site_name":"Terra Lusa","article_modified_time":"2024-12-09T15:25:04+00:00","og_image":[{"width":510,"height":510,"url":"https:\/\/terra-lusa.com\/wp-content\/uploads\/2016\/02\/leque-trevo.jpg","type":"image\/jpeg"}],"twitter_card":"summary_large_image","twitter_misc":{"Tempo estimado de leitura":"1 minuto"},"schema":{"@context":"https:\/\/schema.org","@graph":[{"@type":"WebPage","@id":"https:\/\/terra-lusa.com\/pt-pt\/produto\/leque-do-trevo-dos-acores\/","url":"https:\/\/terra-lusa.com\/pt-pt\/produto\/leque-do-trevo-dos-acores\/","name":"Leque do Trevo dos A\u00e7ores - Terra Lusa","isPartOf":{"@id":"https:\/\/terra-lusa.com\/pt-pt\/#website"},"primaryImageOfPage":{"@id":"https:\/\/terra-lusa.com\/pt-pt\/produto\/leque-do-trevo-dos-acores\/#primaryimage"},"image":{"@id":"https:\/\/terra-lusa.com\/pt-pt\/produto\/leque-do-trevo-dos-acores\/#primaryimage"},"thumbnailUrl":"https:\/\/terra-lusa.com\/wp-content\/uploads\/2016\/02\/leque-trevo.jpg","datePublished":"2016-02-28T11:08:18+00:00","dateModified":"2024-12-09T15:25:04+00:00","description":"Leque inspirado na arte da cestaria. Em madeira de pereira polida com impress\u00e3o em tela de seda artificial. Aberto 43 x 23 cm;\u00a024 varetas; bolsa em pvc.","breadcrumb":{"@id":"https:\/\/terra-lusa.com\/pt-pt\/produto\/leque-do-trevo-dos-acores\/#breadcrumb"},"inLanguage":"pt-PT","potentialAction":[{"@type":"ReadAction","target":["https:\/\/terra-lusa.com\/pt-pt\/produto\/leque-do-trevo-dos-acores\/"]}]},{"@type":"ImageObject","inLanguage":"pt-PT","@id":"https:\/\/terra-lusa.com\/pt-pt\/produto\/leque-do-trevo-dos-acores\/#primaryimage","url":"https:\/\/terra-lusa.com\/wp-content\/uploads\/2016\/02\/leque-trevo.jpg","contentUrl":"https:\/\/terra-lusa.com\/wp-content\/uploads\/2016\/02\/leque-trevo.jpg","width":510,"height":510},{"@type":"BreadcrumbList","@id":"https:\/\/terra-lusa.com\/pt-pt\/produto\/leque-do-trevo-dos-acores\/#breadcrumb","itemListElement":[{"@type":"ListItem","position":1,"name":"Home","item":"https:\/\/terra-lusa.com\/pt-pt\/"},{"@type":"ListItem","position":2,"name":"Produtos","item":"https:\/\/terra-lusa.com\/pt-pt\/produtos\/"},{"@type":"ListItem","position":3,"name":"Leque do Trevo dos A\u00e7ores"}]},{"@type":"WebSite","@id":"https:\/\/terra-lusa.com\/pt-pt\/#website","url":"https:\/\/terra-lusa.com\/pt-pt\/","name":"Terra Lusa","description":"O Melhor de Portugal","potentialAction":[{"@type":"SearchAction","target":{"@type":"EntryPoint","urlTemplate":"https:\/\/terra-lusa.com\/pt-pt\/?s={search_term_string}"},"query-input":{"@type":"PropertyValueSpecification","valueRequired":true,"valueName":"search_term_string"}}],"inLanguage":"pt-PT"}]}},"_links":{"self":[{"href":"https:\/\/terra-lusa.com\/pt-pt\/wp-json\/wp\/v2\/product\/5156","targetHints":{"allow":["GET"]}}],"collection":[{"href":"https:\/\/terra-lusa.com\/pt-pt\/wp-json\/wp\/v2\/product"}],"about":[{"href":"https:\/\/terra-lusa.com\/pt-pt\/wp-json\/wp\/v2\/types\/product"}],"replies":[{"embeddable":true,"href":"https:\/\/terra-lusa.com\/pt-pt\/wp-json\/wp\/v2\/comments?post=5156"}],"wp:featuredmedia":[{"embeddable":true,"href":"https:\/\/terra-lusa.com\/pt-pt\/wp-json\/wp\/v2\/media\/5150"}],"wp:attachment":[{"href":"https:\/\/terra-lusa.com\/pt-pt\/wp-json\/wp\/v2\/media?parent=5156"}],"wp:term":[{"taxonomy":"product_brand","embeddable":true,"href":"https:\/\/terra-lusa.com\/pt-pt\/wp-json\/wp\/v2\/product_brand?post=5156"},{"taxonomy":"product_cat","embeddable":true,"href":"https:\/\/terra-lusa.com\/pt-pt\/wp-json\/wp\/v2\/product_cat?post=5156"},{"taxonomy":"product_tag","embeddable":true,"href":"https:\/\/terra-lusa.com\/pt-pt\/wp-json\/wp\/v2\/product_tag?post=5156"}],"curies":[{"name":"wp","href":"https:\/\/api.w.org\/{rel}","templated":true}]}}