{"id":4622,"date":"2015-04-24T10:15:41","date_gmt":"2015-04-24T10:15:41","guid":{"rendered":""},"modified":"2024-12-09T15:52:29","modified_gmt":"2024-12-09T15:52:29","slug":"eco-saco-fado","status":"publish","type":"product","link":"https:\/\/terra-lusa.com\/pt-pt\/produto\/eco-saco-fado\/","title":{"rendered":"Eco Saco Fado"},"content":{"rendered":"<p>Um xaile, uma guitarra, uma voz e muito sentimento. S\u00edmbolo reconhecido de Portugal, esta simples imagem capta a ess\u00eancia do Fado, uma m\u00fasica mundialmente conhecida que \u00e9 genuinamente portuguesa.<\/p>\n<p>Na sua ess\u00eancia, o Fado canta os sentimentos, os desgostos de amor, a saudade de quem partiu, o quotidiano e as conquistas. Este estilo valoriza acima de tudo a atua\u00e7\u00e3o da voz, que d\u00e1 cor ao repert\u00f3rio cantado<\/p>\n<p>Em 2011, o Fado, s\u00edmbolo identit\u00e1rio da capital e do pa\u00eds, foi classificado pela UNESCO como\u00a0Patrim\u00f3nio da Humanidade.<\/p>\n<p>A marca Terra Lusa apresenta v\u00e1rias cole\u00e7\u00f5es de produtos, onde cada uma \u00e9 um tributo ao Patrim\u00f3nio Cultural de Portugal. Entre os produtos destacam-se notebooks, leques, eco sacos, mini guarda-chuvas, caixas de \u00f3culos, panos de microfibra. Todos divididos em tem\u00e1ticas inspiradas em elementos tipicamente portugueses.<\/p>\n<p>800 Anos de Hist\u00f3ria, Cultura e Tradi\u00e7\u00e3o inspiraram a conce\u00e7\u00e3o das v\u00e1rias pe\u00e7as em que a tecnologia de qualidade se alia ao design contempor\u00e2neo.<\/p>\n","protected":false},"excerpt":{"rendered":"<p>Pe\u00e7a inspirada pelo Fado.<\/p>\n<p>Os eco sacos s\u00e3o reutiliz\u00e1veis e extremamente pr\u00e1ticos para as compras, podendo ser usados in\u00fameras vezes. Apesar de suportarem at\u00e9 10 kg, pesam apenas 35 g, tornando-os ideais para transportar na mala. Medidas aproximadas: bolsa 7&#215;12 cm; saco 43&#215;52 cm.<\/p>\n","protected":false},"featured_media":4718,"comment_status":"closed","ping_status":"closed","template":"","meta":{"_exactmetrics_skip_tracking":false,"_exactmetrics_sitenote_active":false,"_exactmetrics_sitenote_note":"","_exactmetrics_sitenote_category":0},"product_brand":[96],"product_cat":[81],"product_tag":[],"class_list":{"0":"post-4622","1":"product","2":"type-product","3":"status-publish","4":"has-post-thumbnail","6":"product_brand-fado-portugal","7":"product_cat-eco-sacos","8":"product_shipping_class-standard-pt-pt","10":"first","11":"instock","12":"taxable","13":"shipping-taxable","14":"purchasable","15":"product-type-simple"},"yoast_head":"<!-- This site is optimized with the Yoast SEO plugin v26.9 - https:\/\/yoast.com\/product\/yoast-seo-wordpress\/ -->\n<title>Eco Saco Fado - Terra Lusa<\/title>\n<meta name=\"description\" content=\"Sacos ecol\u00f3gicos, reutiliz\u00e1veis, resistentes e muito pr\u00e1ticos . Pesam apenas 35 g e t\u00eam capacidade para 10kg sendo ideais para transportar na mala.\" \/>\n<meta name=\"robots\" content=\"index, follow, max-snippet:-1, max-image-preview:large, max-video-preview:-1\" \/>\n<link rel=\"canonical\" href=\"https:\/\/terra-lusa.com\/pt-pt\/produto\/eco-saco-fado\/\" \/>\n<meta property=\"og:locale\" content=\"pt_PT\" \/>\n<meta property=\"og:type\" content=\"article\" \/>\n<meta property=\"og:title\" content=\"Eco Saco Fado - Terra Lusa\" \/>\n<meta property=\"og:description\" content=\"Sacos ecol\u00f3gicos, reutiliz\u00e1veis, resistentes e muito pr\u00e1ticos . Pesam apenas 35 g e t\u00eam capacidade para 10kg sendo ideais para transportar na mala.\" \/>\n<meta property=\"og:url\" content=\"https:\/\/terra-lusa.com\/pt-pt\/produto\/eco-saco-fado\/\" \/>\n<meta property=\"og:site_name\" content=\"Terra Lusa\" \/>\n<meta property=\"article:modified_time\" content=\"2024-12-09T15:52:29+00:00\" \/>\n<meta property=\"og:image\" content=\"https:\/\/terra-lusa.com\/wp-content\/uploads\/2015\/06\/208-saco-site.jpg\" \/>\n\t<meta property=\"og:image:width\" content=\"510\" \/>\n\t<meta property=\"og:image:height\" content=\"510\" \/>\n\t<meta property=\"og:image:type\" content=\"image\/jpeg\" \/>\n<meta name=\"twitter:card\" content=\"summary_large_image\" \/>\n<meta name=\"twitter:label1\" content=\"Tempo estimado de leitura\" \/>\n\t<meta name=\"twitter:data1\" content=\"2 minutos\" \/>\n<script type=\"application\/ld+json\" class=\"yoast-schema-graph\">{\"@context\":\"https:\/\/schema.org\",\"@graph\":[{\"@type\":\"WebPage\",\"@id\":\"https:\/\/terra-lusa.com\/pt-pt\/produto\/eco-saco-fado\/\",\"url\":\"https:\/\/terra-lusa.com\/pt-pt\/produto\/eco-saco-fado\/\",\"name\":\"Eco Saco Fado - Terra Lusa\",\"isPartOf\":{\"@id\":\"https:\/\/terra-lusa.com\/pt-pt\/#website\"},\"primaryImageOfPage\":{\"@id\":\"https:\/\/terra-lusa.com\/pt-pt\/produto\/eco-saco-fado\/#primaryimage\"},\"image\":{\"@id\":\"https:\/\/terra-lusa.com\/pt-pt\/produto\/eco-saco-fado\/#primaryimage\"},\"thumbnailUrl\":\"https:\/\/terra-lusa.com\/wp-content\/uploads\/2015\/06\/208-saco-site.jpg\",\"datePublished\":\"2015-04-24T10:15:41+00:00\",\"dateModified\":\"2024-12-09T15:52:29+00:00\",\"description\":\"Sacos ecol\u00f3gicos, reutiliz\u00e1veis, resistentes e muito pr\u00e1ticos . Pesam apenas 35 g e t\u00eam capacidade para 10kg sendo ideais para transportar na mala.\",\"breadcrumb\":{\"@id\":\"https:\/\/terra-lusa.com\/pt-pt\/produto\/eco-saco-fado\/#breadcrumb\"},\"inLanguage\":\"pt-PT\",\"potentialAction\":[{\"@type\":\"ReadAction\",\"target\":[\"https:\/\/terra-lusa.com\/pt-pt\/produto\/eco-saco-fado\/\"]}]},{\"@type\":\"ImageObject\",\"inLanguage\":\"pt-PT\",\"@id\":\"https:\/\/terra-lusa.com\/pt-pt\/produto\/eco-saco-fado\/#primaryimage\",\"url\":\"https:\/\/terra-lusa.com\/wp-content\/uploads\/2015\/06\/208-saco-site.jpg\",\"contentUrl\":\"https:\/\/terra-lusa.com\/wp-content\/uploads\/2015\/06\/208-saco-site.jpg\",\"width\":510,\"height\":510},{\"@type\":\"BreadcrumbList\",\"@id\":\"https:\/\/terra-lusa.com\/pt-pt\/produto\/eco-saco-fado\/#breadcrumb\",\"itemListElement\":[{\"@type\":\"ListItem\",\"position\":1,\"name\":\"Home\",\"item\":\"https:\/\/terra-lusa.com\/pt-pt\/\"},{\"@type\":\"ListItem\",\"position\":2,\"name\":\"Produtos\",\"item\":\"https:\/\/terra-lusa.com\/pt-pt\/produtos\/\"},{\"@type\":\"ListItem\",\"position\":3,\"name\":\"Eco Saco Fado\"}]},{\"@type\":\"WebSite\",\"@id\":\"https:\/\/terra-lusa.com\/pt-pt\/#website\",\"url\":\"https:\/\/terra-lusa.com\/pt-pt\/\",\"name\":\"Terra Lusa\",\"description\":\"O Melhor de Portugal\",\"potentialAction\":[{\"@type\":\"SearchAction\",\"target\":{\"@type\":\"EntryPoint\",\"urlTemplate\":\"https:\/\/terra-lusa.com\/pt-pt\/?s={search_term_string}\"},\"query-input\":{\"@type\":\"PropertyValueSpecification\",\"valueRequired\":true,\"valueName\":\"search_term_string\"}}],\"inLanguage\":\"pt-PT\"}]}<\/script>\n<!-- \/ Yoast SEO plugin. -->","yoast_head_json":{"title":"Eco Saco Fado - Terra Lusa","description":"Sacos ecol\u00f3gicos, reutiliz\u00e1veis, resistentes e muito pr\u00e1ticos . Pesam apenas 35 g e t\u00eam capacidade para 10kg sendo ideais para transportar na mala.","robots":{"index":"index","follow":"follow","max-snippet":"max-snippet:-1","max-image-preview":"max-image-preview:large","max-video-preview":"max-video-preview:-1"},"canonical":"https:\/\/terra-lusa.com\/pt-pt\/produto\/eco-saco-fado\/","og_locale":"pt_PT","og_type":"article","og_title":"Eco Saco Fado - Terra Lusa","og_description":"Sacos ecol\u00f3gicos, reutiliz\u00e1veis, resistentes e muito pr\u00e1ticos . Pesam apenas 35 g e t\u00eam capacidade para 10kg sendo ideais para transportar na mala.","og_url":"https:\/\/terra-lusa.com\/pt-pt\/produto\/eco-saco-fado\/","og_site_name":"Terra Lusa","article_modified_time":"2024-12-09T15:52:29+00:00","og_image":[{"width":510,"height":510,"url":"https:\/\/terra-lusa.com\/wp-content\/uploads\/2015\/06\/208-saco-site.jpg","type":"image\/jpeg"}],"twitter_card":"summary_large_image","twitter_misc":{"Tempo estimado de leitura":"2 minutos"},"schema":{"@context":"https:\/\/schema.org","@graph":[{"@type":"WebPage","@id":"https:\/\/terra-lusa.com\/pt-pt\/produto\/eco-saco-fado\/","url":"https:\/\/terra-lusa.com\/pt-pt\/produto\/eco-saco-fado\/","name":"Eco Saco Fado - Terra Lusa","isPartOf":{"@id":"https:\/\/terra-lusa.com\/pt-pt\/#website"},"primaryImageOfPage":{"@id":"https:\/\/terra-lusa.com\/pt-pt\/produto\/eco-saco-fado\/#primaryimage"},"image":{"@id":"https:\/\/terra-lusa.com\/pt-pt\/produto\/eco-saco-fado\/#primaryimage"},"thumbnailUrl":"https:\/\/terra-lusa.com\/wp-content\/uploads\/2015\/06\/208-saco-site.jpg","datePublished":"2015-04-24T10:15:41+00:00","dateModified":"2024-12-09T15:52:29+00:00","description":"Sacos ecol\u00f3gicos, reutiliz\u00e1veis, resistentes e muito pr\u00e1ticos . Pesam apenas 35 g e t\u00eam capacidade para 10kg sendo ideais para transportar na mala.","breadcrumb":{"@id":"https:\/\/terra-lusa.com\/pt-pt\/produto\/eco-saco-fado\/#breadcrumb"},"inLanguage":"pt-PT","potentialAction":[{"@type":"ReadAction","target":["https:\/\/terra-lusa.com\/pt-pt\/produto\/eco-saco-fado\/"]}]},{"@type":"ImageObject","inLanguage":"pt-PT","@id":"https:\/\/terra-lusa.com\/pt-pt\/produto\/eco-saco-fado\/#primaryimage","url":"https:\/\/terra-lusa.com\/wp-content\/uploads\/2015\/06\/208-saco-site.jpg","contentUrl":"https:\/\/terra-lusa.com\/wp-content\/uploads\/2015\/06\/208-saco-site.jpg","width":510,"height":510},{"@type":"BreadcrumbList","@id":"https:\/\/terra-lusa.com\/pt-pt\/produto\/eco-saco-fado\/#breadcrumb","itemListElement":[{"@type":"ListItem","position":1,"name":"Home","item":"https:\/\/terra-lusa.com\/pt-pt\/"},{"@type":"ListItem","position":2,"name":"Produtos","item":"https:\/\/terra-lusa.com\/pt-pt\/produtos\/"},{"@type":"ListItem","position":3,"name":"Eco Saco Fado"}]},{"@type":"WebSite","@id":"https:\/\/terra-lusa.com\/pt-pt\/#website","url":"https:\/\/terra-lusa.com\/pt-pt\/","name":"Terra Lusa","description":"O Melhor de Portugal","potentialAction":[{"@type":"SearchAction","target":{"@type":"EntryPoint","urlTemplate":"https:\/\/terra-lusa.com\/pt-pt\/?s={search_term_string}"},"query-input":{"@type":"PropertyValueSpecification","valueRequired":true,"valueName":"search_term_string"}}],"inLanguage":"pt-PT"}]}},"_links":{"self":[{"href":"https:\/\/terra-lusa.com\/pt-pt\/wp-json\/wp\/v2\/product\/4622","targetHints":{"allow":["GET"]}}],"collection":[{"href":"https:\/\/terra-lusa.com\/pt-pt\/wp-json\/wp\/v2\/product"}],"about":[{"href":"https:\/\/terra-lusa.com\/pt-pt\/wp-json\/wp\/v2\/types\/product"}],"replies":[{"embeddable":true,"href":"https:\/\/terra-lusa.com\/pt-pt\/wp-json\/wp\/v2\/comments?post=4622"}],"wp:featuredmedia":[{"embeddable":true,"href":"https:\/\/terra-lusa.com\/pt-pt\/wp-json\/wp\/v2\/media\/4718"}],"wp:attachment":[{"href":"https:\/\/terra-lusa.com\/pt-pt\/wp-json\/wp\/v2\/media?parent=4622"}],"wp:term":[{"taxonomy":"product_brand","embeddable":true,"href":"https:\/\/terra-lusa.com\/pt-pt\/wp-json\/wp\/v2\/product_brand?post=4622"},{"taxonomy":"product_cat","embeddable":true,"href":"https:\/\/terra-lusa.com\/pt-pt\/wp-json\/wp\/v2\/product_cat?post=4622"},{"taxonomy":"product_tag","embeddable":true,"href":"https:\/\/terra-lusa.com\/pt-pt\/wp-json\/wp\/v2\/product_tag?post=4622"}],"curies":[{"name":"wp","href":"https:\/\/api.w.org\/{rel}","templated":true}]}}