{"id":3486,"date":"2015-02-17T18:16:50","date_gmt":"2015-02-17T18:16:50","guid":{"rendered":"https:\/\/terra-lusa.com\/pt-pt\/produto\/mini-guarda-chuva-azulejo-sec-xvii-ponta-de-diamante\/"},"modified":"2024-12-09T16:12:50","modified_gmt":"2024-12-09T16:12:50","slug":"mini-guarda-chuva-azulejo-sec-xvii-ponta-de-diamante","status":"publish","type":"product","link":"https:\/\/terra-lusa.com\/pt-pt\/produto\/mini-guarda-chuva-azulejo-sec-xvii-ponta-de-diamante\/","title":{"rendered":"Guarda-chuva Azulejo S\u00e9c. XVII &#8211; Ponta de Diamante"},"content":{"rendered":"<p>O azulejo de ponta de diamante evoluiu a partir do almofadado r\u00fastico, apresentando uma pir\u00e2mide quadrangular decorativa com topo seccionado e preenchido por elementos vegetalistas, geralmente uma flor de oito pontas. A combina\u00e7\u00e3o de branco e azul acentua o car\u00e1ter tridimensional, distinguindo-o da azulejaria tradicional do s\u00e9culo XVII. Este estilo ganhou destaque no revestimento interior de espa\u00e7os religiosos.<\/p>\n<p>A marca Terra Lusa apresenta v\u00e1rias cole\u00e7\u00f5es de produtos, onde cada uma \u00e9 um tributo ao Patrim\u00f3nio Cultural de Portugal. Entre os produtos destacam-se notebooks, leques, eco sacos, mini guarda-chuvas, caixas de \u00f3culos, panos de microfibra. Todos divididos em tem\u00e1ticas inspiradas em elementos tipicamente portugueses<\/p>\n<p>800 Anos de Hist\u00f3ria, Cultura e Tradi\u00e7\u00e3o inspiraram a conce\u00e7\u00e3o das v\u00e1rias pe\u00e7as em que a tecnologia de qualidade se alia ao design contempor\u00e2neo.<\/p>\n","protected":false},"excerpt":{"rendered":"<p>Os azulejos de Ponta de Diamante s\u00e3o um padr\u00e3o repetitivo do s\u00e9culo XVII que cria um efeito tridimensional com a simula\u00e7\u00e3o de prismas.<\/p>\n<p>Os guarda-chuvas Terra Lusa s\u00e3o perfeitos para levar na sua mala de m\u00e3o, medindo apenas 24cm. A cobertura tem um di\u00e2metro de 102cm.<\/p>\n<p>&nbsp;<\/p>\n","protected":false},"featured_media":19866,"comment_status":"closed","ping_status":"closed","template":"","meta":{"_exactmetrics_skip_tracking":false,"_exactmetrics_sitenote_active":false,"_exactmetrics_sitenote_note":"","_exactmetrics_sitenote_category":0},"product_brand":[187],"product_cat":[85],"product_tag":[],"class_list":{"0":"post-3486","1":"product","2":"type-product","3":"status-publish","4":"has-post-thumbnail","6":"product_brand-azulejo-sec-xvii-ponta-de-diamante-pt-pt","7":"product_cat-guarda-chuvas","8":"product_shipping_class-standard-pt-pt","10":"first","11":"instock","12":"taxable","13":"shipping-taxable","14":"purchasable","15":"product-type-simple"},"yoast_head":"<!-- This site is optimized with the Yoast SEO plugin v26.9 - https:\/\/yoast.com\/product\/yoast-seo-wordpress\/ -->\n<title>Guarda-chuva Azulejo S\u00e9c. XVII - Ponta de Diamante - Terra Lusa<\/title>\n<meta name=\"description\" content=\"Inspirado nos azulejos cujo padr\u00e3o \u00e9 designado por &quot;Ponta de Diamante&quot;. Com abertura manual medem apenas 24cm quando fechados.\" \/>\n<meta name=\"robots\" content=\"index, follow, max-snippet:-1, max-image-preview:large, max-video-preview:-1\" \/>\n<link rel=\"canonical\" href=\"https:\/\/terra-lusa.com\/pt-pt\/produto\/mini-guarda-chuva-azulejo-sec-xvii-ponta-de-diamante\/\" \/>\n<meta property=\"og:locale\" content=\"pt_PT\" \/>\n<meta property=\"og:type\" content=\"article\" \/>\n<meta property=\"og:title\" content=\"Guarda-chuva Azulejo S\u00e9c. XVII - Ponta de Diamante - Terra Lusa\" \/>\n<meta property=\"og:description\" content=\"Inspirado nos azulejos cujo padr\u00e3o \u00e9 designado por &quot;Ponta de Diamante&quot;. Com abertura manual medem apenas 24cm quando fechados.\" \/>\n<meta property=\"og:url\" content=\"https:\/\/terra-lusa.com\/pt-pt\/produto\/mini-guarda-chuva-azulejo-sec-xvii-ponta-de-diamante\/\" \/>\n<meta property=\"og:site_name\" content=\"Terra Lusa\" \/>\n<meta property=\"article:modified_time\" content=\"2024-12-09T16:12:50+00:00\" \/>\n<meta property=\"og:image\" content=\"https:\/\/terra-lusa.com\/wp-content\/uploads\/2019\/12\/502-a-1.png\" \/>\n\t<meta property=\"og:image:width\" content=\"600\" \/>\n\t<meta property=\"og:image:height\" content=\"600\" \/>\n\t<meta property=\"og:image:type\" content=\"image\/png\" \/>\n<meta name=\"twitter:card\" content=\"summary_large_image\" \/>\n<meta name=\"twitter:label1\" content=\"Tempo estimado de leitura\" \/>\n\t<meta name=\"twitter:data1\" content=\"1 minuto\" \/>\n<script type=\"application\/ld+json\" class=\"yoast-schema-graph\">{\"@context\":\"https:\/\/schema.org\",\"@graph\":[{\"@type\":\"WebPage\",\"@id\":\"https:\/\/terra-lusa.com\/pt-pt\/produto\/mini-guarda-chuva-azulejo-sec-xvii-ponta-de-diamante\/\",\"url\":\"https:\/\/terra-lusa.com\/pt-pt\/produto\/mini-guarda-chuva-azulejo-sec-xvii-ponta-de-diamante\/\",\"name\":\"Guarda-chuva Azulejo S\u00e9c. XVII - Ponta de Diamante - Terra Lusa\",\"isPartOf\":{\"@id\":\"https:\/\/terra-lusa.com\/pt-pt\/#website\"},\"primaryImageOfPage\":{\"@id\":\"https:\/\/terra-lusa.com\/pt-pt\/produto\/mini-guarda-chuva-azulejo-sec-xvii-ponta-de-diamante\/#primaryimage\"},\"image\":{\"@id\":\"https:\/\/terra-lusa.com\/pt-pt\/produto\/mini-guarda-chuva-azulejo-sec-xvii-ponta-de-diamante\/#primaryimage\"},\"thumbnailUrl\":\"https:\/\/terra-lusa.com\/wp-content\/uploads\/2019\/12\/502-a-1.png\",\"datePublished\":\"2015-02-17T18:16:50+00:00\",\"dateModified\":\"2024-12-09T16:12:50+00:00\",\"description\":\"Inspirado nos azulejos cujo padr\u00e3o \u00e9 designado por \\\"Ponta de Diamante\\\". Com abertura manual medem apenas 24cm quando fechados.\",\"breadcrumb\":{\"@id\":\"https:\/\/terra-lusa.com\/pt-pt\/produto\/mini-guarda-chuva-azulejo-sec-xvii-ponta-de-diamante\/#breadcrumb\"},\"inLanguage\":\"pt-PT\",\"potentialAction\":[{\"@type\":\"ReadAction\",\"target\":[\"https:\/\/terra-lusa.com\/pt-pt\/produto\/mini-guarda-chuva-azulejo-sec-xvii-ponta-de-diamante\/\"]}]},{\"@type\":\"ImageObject\",\"inLanguage\":\"pt-PT\",\"@id\":\"https:\/\/terra-lusa.com\/pt-pt\/produto\/mini-guarda-chuva-azulejo-sec-xvii-ponta-de-diamante\/#primaryimage\",\"url\":\"https:\/\/terra-lusa.com\/wp-content\/uploads\/2019\/12\/502-a-1.png\",\"contentUrl\":\"https:\/\/terra-lusa.com\/wp-content\/uploads\/2019\/12\/502-a-1.png\",\"width\":600,\"height\":600},{\"@type\":\"BreadcrumbList\",\"@id\":\"https:\/\/terra-lusa.com\/pt-pt\/produto\/mini-guarda-chuva-azulejo-sec-xvii-ponta-de-diamante\/#breadcrumb\",\"itemListElement\":[{\"@type\":\"ListItem\",\"position\":1,\"name\":\"Home\",\"item\":\"https:\/\/terra-lusa.com\/pt-pt\/\"},{\"@type\":\"ListItem\",\"position\":2,\"name\":\"Produtos\",\"item\":\"https:\/\/terra-lusa.com\/pt-pt\/produtos\/\"},{\"@type\":\"ListItem\",\"position\":3,\"name\":\"Guarda-chuva Azulejo S\u00e9c. XVII &#8211; Ponta de Diamante\"}]},{\"@type\":\"WebSite\",\"@id\":\"https:\/\/terra-lusa.com\/pt-pt\/#website\",\"url\":\"https:\/\/terra-lusa.com\/pt-pt\/\",\"name\":\"Terra Lusa\",\"description\":\"O Melhor de Portugal\",\"potentialAction\":[{\"@type\":\"SearchAction\",\"target\":{\"@type\":\"EntryPoint\",\"urlTemplate\":\"https:\/\/terra-lusa.com\/pt-pt\/?s={search_term_string}\"},\"query-input\":{\"@type\":\"PropertyValueSpecification\",\"valueRequired\":true,\"valueName\":\"search_term_string\"}}],\"inLanguage\":\"pt-PT\"}]}<\/script>\n<!-- \/ Yoast SEO plugin. -->","yoast_head_json":{"title":"Guarda-chuva Azulejo S\u00e9c. XVII - Ponta de Diamante - Terra Lusa","description":"Inspirado nos azulejos cujo padr\u00e3o \u00e9 designado por \"Ponta de Diamante\". Com abertura manual medem apenas 24cm quando fechados.","robots":{"index":"index","follow":"follow","max-snippet":"max-snippet:-1","max-image-preview":"max-image-preview:large","max-video-preview":"max-video-preview:-1"},"canonical":"https:\/\/terra-lusa.com\/pt-pt\/produto\/mini-guarda-chuva-azulejo-sec-xvii-ponta-de-diamante\/","og_locale":"pt_PT","og_type":"article","og_title":"Guarda-chuva Azulejo S\u00e9c. XVII - Ponta de Diamante - Terra Lusa","og_description":"Inspirado nos azulejos cujo padr\u00e3o \u00e9 designado por \"Ponta de Diamante\". Com abertura manual medem apenas 24cm quando fechados.","og_url":"https:\/\/terra-lusa.com\/pt-pt\/produto\/mini-guarda-chuva-azulejo-sec-xvii-ponta-de-diamante\/","og_site_name":"Terra Lusa","article_modified_time":"2024-12-09T16:12:50+00:00","og_image":[{"width":600,"height":600,"url":"https:\/\/terra-lusa.com\/wp-content\/uploads\/2019\/12\/502-a-1.png","type":"image\/png"}],"twitter_card":"summary_large_image","twitter_misc":{"Tempo estimado de leitura":"1 minuto"},"schema":{"@context":"https:\/\/schema.org","@graph":[{"@type":"WebPage","@id":"https:\/\/terra-lusa.com\/pt-pt\/produto\/mini-guarda-chuva-azulejo-sec-xvii-ponta-de-diamante\/","url":"https:\/\/terra-lusa.com\/pt-pt\/produto\/mini-guarda-chuva-azulejo-sec-xvii-ponta-de-diamante\/","name":"Guarda-chuva Azulejo S\u00e9c. XVII - Ponta de Diamante - Terra Lusa","isPartOf":{"@id":"https:\/\/terra-lusa.com\/pt-pt\/#website"},"primaryImageOfPage":{"@id":"https:\/\/terra-lusa.com\/pt-pt\/produto\/mini-guarda-chuva-azulejo-sec-xvii-ponta-de-diamante\/#primaryimage"},"image":{"@id":"https:\/\/terra-lusa.com\/pt-pt\/produto\/mini-guarda-chuva-azulejo-sec-xvii-ponta-de-diamante\/#primaryimage"},"thumbnailUrl":"https:\/\/terra-lusa.com\/wp-content\/uploads\/2019\/12\/502-a-1.png","datePublished":"2015-02-17T18:16:50+00:00","dateModified":"2024-12-09T16:12:50+00:00","description":"Inspirado nos azulejos cujo padr\u00e3o \u00e9 designado por \"Ponta de Diamante\". Com abertura manual medem apenas 24cm quando fechados.","breadcrumb":{"@id":"https:\/\/terra-lusa.com\/pt-pt\/produto\/mini-guarda-chuva-azulejo-sec-xvii-ponta-de-diamante\/#breadcrumb"},"inLanguage":"pt-PT","potentialAction":[{"@type":"ReadAction","target":["https:\/\/terra-lusa.com\/pt-pt\/produto\/mini-guarda-chuva-azulejo-sec-xvii-ponta-de-diamante\/"]}]},{"@type":"ImageObject","inLanguage":"pt-PT","@id":"https:\/\/terra-lusa.com\/pt-pt\/produto\/mini-guarda-chuva-azulejo-sec-xvii-ponta-de-diamante\/#primaryimage","url":"https:\/\/terra-lusa.com\/wp-content\/uploads\/2019\/12\/502-a-1.png","contentUrl":"https:\/\/terra-lusa.com\/wp-content\/uploads\/2019\/12\/502-a-1.png","width":600,"height":600},{"@type":"BreadcrumbList","@id":"https:\/\/terra-lusa.com\/pt-pt\/produto\/mini-guarda-chuva-azulejo-sec-xvii-ponta-de-diamante\/#breadcrumb","itemListElement":[{"@type":"ListItem","position":1,"name":"Home","item":"https:\/\/terra-lusa.com\/pt-pt\/"},{"@type":"ListItem","position":2,"name":"Produtos","item":"https:\/\/terra-lusa.com\/pt-pt\/produtos\/"},{"@type":"ListItem","position":3,"name":"Guarda-chuva Azulejo S\u00e9c. XVII &#8211; Ponta de Diamante"}]},{"@type":"WebSite","@id":"https:\/\/terra-lusa.com\/pt-pt\/#website","url":"https:\/\/terra-lusa.com\/pt-pt\/","name":"Terra Lusa","description":"O Melhor de Portugal","potentialAction":[{"@type":"SearchAction","target":{"@type":"EntryPoint","urlTemplate":"https:\/\/terra-lusa.com\/pt-pt\/?s={search_term_string}"},"query-input":{"@type":"PropertyValueSpecification","valueRequired":true,"valueName":"search_term_string"}}],"inLanguage":"pt-PT"}]}},"_links":{"self":[{"href":"https:\/\/terra-lusa.com\/pt-pt\/wp-json\/wp\/v2\/product\/3486","targetHints":{"allow":["GET"]}}],"collection":[{"href":"https:\/\/terra-lusa.com\/pt-pt\/wp-json\/wp\/v2\/product"}],"about":[{"href":"https:\/\/terra-lusa.com\/pt-pt\/wp-json\/wp\/v2\/types\/product"}],"replies":[{"embeddable":true,"href":"https:\/\/terra-lusa.com\/pt-pt\/wp-json\/wp\/v2\/comments?post=3486"}],"wp:featuredmedia":[{"embeddable":true,"href":"https:\/\/terra-lusa.com\/pt-pt\/wp-json\/wp\/v2\/media\/19866"}],"wp:attachment":[{"href":"https:\/\/terra-lusa.com\/pt-pt\/wp-json\/wp\/v2\/media?parent=3486"}],"wp:term":[{"taxonomy":"product_brand","embeddable":true,"href":"https:\/\/terra-lusa.com\/pt-pt\/wp-json\/wp\/v2\/product_brand?post=3486"},{"taxonomy":"product_cat","embeddable":true,"href":"https:\/\/terra-lusa.com\/pt-pt\/wp-json\/wp\/v2\/product_cat?post=3486"},{"taxonomy":"product_tag","embeddable":true,"href":"https:\/\/terra-lusa.com\/pt-pt\/wp-json\/wp\/v2\/product_tag?post=3486"}],"curies":[{"name":"wp","href":"https:\/\/api.w.org\/{rel}","templated":true}]}}