{"id":3447,"date":"2015-02-17T17:01:40","date_gmt":"2015-02-17T17:01:40","guid":{"rendered":""},"modified":"2024-12-06T11:37:12","modified_gmt":"2024-12-06T11:37:12","slug":"caixa-para-oculos-azulejo-camelia-sec-xvii","status":"publish","type":"product","link":"https:\/\/terra-lusa.com\/pt-pt\/produto\/caixa-para-oculos-azulejo-camelia-sec-xvii\/","title":{"rendered":"Caixa para \u00d3culos Azulejo Cam\u00e9lia S\u00e9c. XVII"},"content":{"rendered":"<p>O azulejo destaca-se como uma das manifesta\u00e7\u00f5es mais marcantes da cultura portuguesa e representa uma contribui\u00e7\u00e3o singular do talento dos portugueses para a cultura mundial. Introduzidos em Portugal pelos mouros durante a Idade M\u00e9dia, os azulejos ganharam destaque no final do s\u00e9culo XV, quando surgiram oficinas de olaria em Lisboa que produziam azulejos segundo a t\u00e9cnica de faian\u00e7a importada da It\u00e1lia.<\/p>\n<p>A azulejaria portuguesa atingiu seu auge entre os s\u00e9culos XVI e XVIII. Grandes pain\u00e9is foram fabricados para revestir igrejas, pal\u00e1cios e outros edif\u00edcios p\u00fablicos. Os azulejos n\u00e3o s\u00f3 decoraram espa\u00e7os, mas tamb\u00e9m narraram hist\u00f3rias e capturaram a ess\u00eancia da cultura portuguesa.<\/p>\n<p>O azulejo \u00e9 uma das express\u00f5es culturais mais fortes de Portugal e uma das contribui\u00e7\u00f5es mais originais do engenho portugu\u00eas para a cultura mundial.<\/p>\n<p>A marca Terra Lusa apresenta v\u00e1rias cole\u00e7\u00f5es de produtos onde cada refer\u00eancia \u00e9 um tributo ao Patrim\u00f3nio Cultural de Portugal: notebooks, leques, eco sacos, mini guarda-chuvas, caixas de \u00f3culos e panos microfibra todos divididos em tem\u00e1ticas com ra\u00edzes em elementos tipicamente portugueses.<\/p>\n<p>800 Anos de Hist\u00f3ria, Cultura e Tradi\u00e7\u00e3o que inspiraram a conce\u00e7\u00e3o das v\u00e1rias pe\u00e7as em que a tecnologia de qualidade se alia ao design contempor\u00e2neo.<\/p>\n","protected":false},"excerpt":{"rendered":"<p>Nesta pe\u00e7a retrata-se um pormenor de um painel de azulejos do s\u00e9c. XVII, de tem\u00e1tica designada por Cam\u00e9lia ou Japoneira. Os s\u00e9culos XVII e XVIII s\u00e3o considerados o per\u00edodo \u00e1ureo da azulejaria portuguesa.<\/p>\n<p>Cole\u00e7\u00e3o de caixas para \u00f3culos em metal revestidas a tecido de microfibra impresso. Coordenam com o pano microfibra fazendo um conjunto perfeito para oferta.<\/p>\n","protected":false},"featured_media":11940,"comment_status":"closed","ping_status":"closed","template":"","meta":{"_exactmetrics_skip_tracking":false,"_exactmetrics_sitenote_active":false,"_exactmetrics_sitenote_note":"","_exactmetrics_sitenote_category":0},"product_brand":[119],"product_cat":[83],"product_tag":[],"class_list":{"0":"post-3447","1":"product","2":"type-product","3":"status-publish","4":"has-post-thumbnail","6":"product_brand-azulejo-seculo-xvii","7":"product_cat-caixa-oculos","8":"product_shipping_class-standard-pt-pt","10":"first","11":"instock","12":"taxable","13":"shipping-taxable","14":"purchasable","15":"product-type-simple"},"yoast_head":"<!-- This site is optimized with the Yoast SEO plugin v26.9 - https:\/\/yoast.com\/product\/yoast-seo-wordpress\/ -->\n<title>Caixa para \u00d3culos Azulejo Cam\u00e9lia S\u00e9c. XVII - Terra Lusa<\/title>\n<meta name=\"description\" content=\"Cole\u00e7\u00e3o de caixas para \u00f3culos em metal revestidas a tecido de microfibra impresso. Coordenam com o pano microfibra fazendo um conjunto perfeito para oferta.\" \/>\n<meta name=\"robots\" content=\"index, follow, max-snippet:-1, max-image-preview:large, max-video-preview:-1\" \/>\n<link rel=\"canonical\" href=\"https:\/\/terra-lusa.com\/pt-pt\/produto\/caixa-para-oculos-azulejo-camelia-sec-xvii\/\" \/>\n<meta property=\"og:locale\" content=\"pt_PT\" \/>\n<meta property=\"og:type\" content=\"article\" \/>\n<meta property=\"og:title\" content=\"Caixa para \u00d3culos Azulejo Cam\u00e9lia S\u00e9c. XVII - Terra Lusa\" \/>\n<meta property=\"og:description\" content=\"Cole\u00e7\u00e3o de caixas para \u00f3culos em metal revestidas a tecido de microfibra impresso. Coordenam com o pano microfibra fazendo um conjunto perfeito para oferta.\" \/>\n<meta property=\"og:url\" content=\"https:\/\/terra-lusa.com\/pt-pt\/produto\/caixa-para-oculos-azulejo-camelia-sec-xvii\/\" \/>\n<meta property=\"og:site_name\" content=\"Terra Lusa\" \/>\n<meta property=\"article:modified_time\" content=\"2024-12-06T11:37:12+00:00\" \/>\n<meta property=\"og:image\" content=\"https:\/\/terra-lusa.com\/wp-content\/uploads\/2019\/04\/605-a.png\" \/>\n\t<meta property=\"og:image:width\" content=\"600\" \/>\n\t<meta property=\"og:image:height\" content=\"600\" \/>\n\t<meta property=\"og:image:type\" content=\"image\/png\" \/>\n<meta name=\"twitter:card\" content=\"summary_large_image\" \/>\n<meta name=\"twitter:label1\" content=\"Tempo estimado de leitura\" \/>\n\t<meta name=\"twitter:data1\" content=\"2 minutos\" \/>\n<script type=\"application\/ld+json\" class=\"yoast-schema-graph\">{\"@context\":\"https:\/\/schema.org\",\"@graph\":[{\"@type\":\"WebPage\",\"@id\":\"https:\/\/terra-lusa.com\/pt-pt\/produto\/caixa-para-oculos-azulejo-camelia-sec-xvii\/\",\"url\":\"https:\/\/terra-lusa.com\/pt-pt\/produto\/caixa-para-oculos-azulejo-camelia-sec-xvii\/\",\"name\":\"Caixa para \u00d3culos Azulejo Cam\u00e9lia S\u00e9c. XVII - Terra Lusa\",\"isPartOf\":{\"@id\":\"https:\/\/terra-lusa.com\/pt-pt\/#website\"},\"primaryImageOfPage\":{\"@id\":\"https:\/\/terra-lusa.com\/pt-pt\/produto\/caixa-para-oculos-azulejo-camelia-sec-xvii\/#primaryimage\"},\"image\":{\"@id\":\"https:\/\/terra-lusa.com\/pt-pt\/produto\/caixa-para-oculos-azulejo-camelia-sec-xvii\/#primaryimage\"},\"thumbnailUrl\":\"https:\/\/terra-lusa.com\/wp-content\/uploads\/2019\/04\/605-a.png\",\"datePublished\":\"2015-02-17T17:01:40+00:00\",\"dateModified\":\"2024-12-06T11:37:12+00:00\",\"description\":\"Cole\u00e7\u00e3o de caixas para \u00f3culos em metal revestidas a tecido de microfibra impresso. Coordenam com o pano microfibra fazendo um conjunto perfeito para oferta.\",\"breadcrumb\":{\"@id\":\"https:\/\/terra-lusa.com\/pt-pt\/produto\/caixa-para-oculos-azulejo-camelia-sec-xvii\/#breadcrumb\"},\"inLanguage\":\"pt-PT\",\"potentialAction\":[{\"@type\":\"ReadAction\",\"target\":[\"https:\/\/terra-lusa.com\/pt-pt\/produto\/caixa-para-oculos-azulejo-camelia-sec-xvii\/\"]}]},{\"@type\":\"ImageObject\",\"inLanguage\":\"pt-PT\",\"@id\":\"https:\/\/terra-lusa.com\/pt-pt\/produto\/caixa-para-oculos-azulejo-camelia-sec-xvii\/#primaryimage\",\"url\":\"https:\/\/terra-lusa.com\/wp-content\/uploads\/2019\/04\/605-a.png\",\"contentUrl\":\"https:\/\/terra-lusa.com\/wp-content\/uploads\/2019\/04\/605-a.png\",\"width\":600,\"height\":600},{\"@type\":\"BreadcrumbList\",\"@id\":\"https:\/\/terra-lusa.com\/pt-pt\/produto\/caixa-para-oculos-azulejo-camelia-sec-xvii\/#breadcrumb\",\"itemListElement\":[{\"@type\":\"ListItem\",\"position\":1,\"name\":\"Home\",\"item\":\"https:\/\/terra-lusa.com\/pt-pt\/\"},{\"@type\":\"ListItem\",\"position\":2,\"name\":\"Produtos\",\"item\":\"https:\/\/terra-lusa.com\/pt-pt\/produtos\/\"},{\"@type\":\"ListItem\",\"position\":3,\"name\":\"Caixa para \u00d3culos Azulejo Cam\u00e9lia S\u00e9c. XVII\"}]},{\"@type\":\"WebSite\",\"@id\":\"https:\/\/terra-lusa.com\/pt-pt\/#website\",\"url\":\"https:\/\/terra-lusa.com\/pt-pt\/\",\"name\":\"Terra Lusa\",\"description\":\"O Melhor de Portugal\",\"potentialAction\":[{\"@type\":\"SearchAction\",\"target\":{\"@type\":\"EntryPoint\",\"urlTemplate\":\"https:\/\/terra-lusa.com\/pt-pt\/?s={search_term_string}\"},\"query-input\":{\"@type\":\"PropertyValueSpecification\",\"valueRequired\":true,\"valueName\":\"search_term_string\"}}],\"inLanguage\":\"pt-PT\"}]}<\/script>\n<!-- \/ Yoast SEO plugin. -->","yoast_head_json":{"title":"Caixa para \u00d3culos Azulejo Cam\u00e9lia S\u00e9c. XVII - Terra Lusa","description":"Cole\u00e7\u00e3o de caixas para \u00f3culos em metal revestidas a tecido de microfibra impresso. Coordenam com o pano microfibra fazendo um conjunto perfeito para oferta.","robots":{"index":"index","follow":"follow","max-snippet":"max-snippet:-1","max-image-preview":"max-image-preview:large","max-video-preview":"max-video-preview:-1"},"canonical":"https:\/\/terra-lusa.com\/pt-pt\/produto\/caixa-para-oculos-azulejo-camelia-sec-xvii\/","og_locale":"pt_PT","og_type":"article","og_title":"Caixa para \u00d3culos Azulejo Cam\u00e9lia S\u00e9c. XVII - Terra Lusa","og_description":"Cole\u00e7\u00e3o de caixas para \u00f3culos em metal revestidas a tecido de microfibra impresso. Coordenam com o pano microfibra fazendo um conjunto perfeito para oferta.","og_url":"https:\/\/terra-lusa.com\/pt-pt\/produto\/caixa-para-oculos-azulejo-camelia-sec-xvii\/","og_site_name":"Terra Lusa","article_modified_time":"2024-12-06T11:37:12+00:00","og_image":[{"width":600,"height":600,"url":"https:\/\/terra-lusa.com\/wp-content\/uploads\/2019\/04\/605-a.png","type":"image\/png"}],"twitter_card":"summary_large_image","twitter_misc":{"Tempo estimado de leitura":"2 minutos"},"schema":{"@context":"https:\/\/schema.org","@graph":[{"@type":"WebPage","@id":"https:\/\/terra-lusa.com\/pt-pt\/produto\/caixa-para-oculos-azulejo-camelia-sec-xvii\/","url":"https:\/\/terra-lusa.com\/pt-pt\/produto\/caixa-para-oculos-azulejo-camelia-sec-xvii\/","name":"Caixa para \u00d3culos Azulejo Cam\u00e9lia S\u00e9c. XVII - Terra Lusa","isPartOf":{"@id":"https:\/\/terra-lusa.com\/pt-pt\/#website"},"primaryImageOfPage":{"@id":"https:\/\/terra-lusa.com\/pt-pt\/produto\/caixa-para-oculos-azulejo-camelia-sec-xvii\/#primaryimage"},"image":{"@id":"https:\/\/terra-lusa.com\/pt-pt\/produto\/caixa-para-oculos-azulejo-camelia-sec-xvii\/#primaryimage"},"thumbnailUrl":"https:\/\/terra-lusa.com\/wp-content\/uploads\/2019\/04\/605-a.png","datePublished":"2015-02-17T17:01:40+00:00","dateModified":"2024-12-06T11:37:12+00:00","description":"Cole\u00e7\u00e3o de caixas para \u00f3culos em metal revestidas a tecido de microfibra impresso. Coordenam com o pano microfibra fazendo um conjunto perfeito para oferta.","breadcrumb":{"@id":"https:\/\/terra-lusa.com\/pt-pt\/produto\/caixa-para-oculos-azulejo-camelia-sec-xvii\/#breadcrumb"},"inLanguage":"pt-PT","potentialAction":[{"@type":"ReadAction","target":["https:\/\/terra-lusa.com\/pt-pt\/produto\/caixa-para-oculos-azulejo-camelia-sec-xvii\/"]}]},{"@type":"ImageObject","inLanguage":"pt-PT","@id":"https:\/\/terra-lusa.com\/pt-pt\/produto\/caixa-para-oculos-azulejo-camelia-sec-xvii\/#primaryimage","url":"https:\/\/terra-lusa.com\/wp-content\/uploads\/2019\/04\/605-a.png","contentUrl":"https:\/\/terra-lusa.com\/wp-content\/uploads\/2019\/04\/605-a.png","width":600,"height":600},{"@type":"BreadcrumbList","@id":"https:\/\/terra-lusa.com\/pt-pt\/produto\/caixa-para-oculos-azulejo-camelia-sec-xvii\/#breadcrumb","itemListElement":[{"@type":"ListItem","position":1,"name":"Home","item":"https:\/\/terra-lusa.com\/pt-pt\/"},{"@type":"ListItem","position":2,"name":"Produtos","item":"https:\/\/terra-lusa.com\/pt-pt\/produtos\/"},{"@type":"ListItem","position":3,"name":"Caixa para \u00d3culos Azulejo Cam\u00e9lia S\u00e9c. XVII"}]},{"@type":"WebSite","@id":"https:\/\/terra-lusa.com\/pt-pt\/#website","url":"https:\/\/terra-lusa.com\/pt-pt\/","name":"Terra Lusa","description":"O Melhor de Portugal","potentialAction":[{"@type":"SearchAction","target":{"@type":"EntryPoint","urlTemplate":"https:\/\/terra-lusa.com\/pt-pt\/?s={search_term_string}"},"query-input":{"@type":"PropertyValueSpecification","valueRequired":true,"valueName":"search_term_string"}}],"inLanguage":"pt-PT"}]}},"_links":{"self":[{"href":"https:\/\/terra-lusa.com\/pt-pt\/wp-json\/wp\/v2\/product\/3447","targetHints":{"allow":["GET"]}}],"collection":[{"href":"https:\/\/terra-lusa.com\/pt-pt\/wp-json\/wp\/v2\/product"}],"about":[{"href":"https:\/\/terra-lusa.com\/pt-pt\/wp-json\/wp\/v2\/types\/product"}],"replies":[{"embeddable":true,"href":"https:\/\/terra-lusa.com\/pt-pt\/wp-json\/wp\/v2\/comments?post=3447"}],"wp:featuredmedia":[{"embeddable":true,"href":"https:\/\/terra-lusa.com\/pt-pt\/wp-json\/wp\/v2\/media\/11940"}],"wp:attachment":[{"href":"https:\/\/terra-lusa.com\/pt-pt\/wp-json\/wp\/v2\/media?parent=3447"}],"wp:term":[{"taxonomy":"product_brand","embeddable":true,"href":"https:\/\/terra-lusa.com\/pt-pt\/wp-json\/wp\/v2\/product_brand?post=3447"},{"taxonomy":"product_cat","embeddable":true,"href":"https:\/\/terra-lusa.com\/pt-pt\/wp-json\/wp\/v2\/product_cat?post=3447"},{"taxonomy":"product_tag","embeddable":true,"href":"https:\/\/terra-lusa.com\/pt-pt\/wp-json\/wp\/v2\/product_tag?post=3447"}],"curies":[{"name":"wp","href":"https:\/\/api.w.org\/{rel}","templated":true}]}}