{"id":3425,"date":"2015-02-17T12:27:12","date_gmt":"2015-02-17T12:27:12","guid":{"rendered":""},"modified":"2024-12-06T17:12:54","modified_gmt":"2024-12-06T17:12:54","slug":"pano-de-microfibra-colcha-de-castelo-branco","status":"publish","type":"product","link":"https:\/\/terra-lusa.com\/pt-pt\/produto\/pano-de-microfibra-colcha-de-castelo-branco\/","title":{"rendered":"Pano de Microfibra Colcha de Castelo Branco"},"content":{"rendered":"<p>As colchas de Castelo Branco s\u00e3o obras-primas do artesanato t\u00eaxtil portugu\u00eas, conhecidas por sua beleza e sofistica\u00e7\u00e3o. Origin\u00e1rias da regi\u00e3o de Castelo Branco, estas colchas t\u00eam uma hist\u00f3ria rica que remonta ao s\u00e9culo XVII. S\u00e3o bordadas a seda natural, formando padr\u00f5es florais, aves e figuras geom\u00e9tricas, muitas vezes com simbolismo associado \u00e0 fertilidade e prosperidade.<\/p>\n<p>Cada colcha \u00e9 \u00fanica, refletindo a habilidade e criatividade do artes\u00e3o. Al\u00e9m de serem usadas como coberturas de cama, as colchas de Castelo Branco tamb\u00e9m s\u00e3o apreciadas como pe\u00e7as decorativas e simb\u00f3licas, representando o encontro de culturas e a riqueza do patrim\u00f4nio cultural portugu\u00eas.<\/p>\n<p>O Bordado de Castelo Branco \u00e9 um produto artesanal certificado pela Adere-CERTIFICA. Possuem Marca Registada atrav\u00e9s da Indica\u00e7\u00e3o Geogr\u00e1fica pertencente ao Munic\u00edpio de Castelo Branco.<\/p>\n<p>A marca Terra Lusa apresenta v\u00e1rias cole\u00e7\u00f5es de produtos, onde cada uma \u00e9 um tributo ao Patrim\u00f3nio Cultural de Portugal. Entre os produtos destacam-se notebooks, leques, eco sacos, mini guarda-chuvas, caixas de \u00f3culos, panos de microfibra. Todos divididos em tem\u00e1ticas inspiradas em elementos tipicamente portugueses.<\/p>\n<p>800 Anos de Hist\u00f3ria, Cultura e Tradi\u00e7\u00e3o que inspiraram a conce\u00e7\u00e3o das v\u00e1rias pe\u00e7as em que a tecnologia de qualidade se alia ao design contempor\u00e2neo.<\/p>\n","protected":false},"excerpt":{"rendered":"<p>Este pano foi inspirado num pormenor de uma colcha de Castelo Branco. \u00c9 a simbologia singular dos seus elementos decorativos e o uso da seda natural sobre linho artesanal que caracterizam este bordado<\/p>\n<p>Os panos de microfibra s\u00e3o ideais para a limpeza de superf\u00edcies espelhadas, como \u00f3culos, ecr\u00e3s e tablets. Medem 19 x 19 cm e s\u00e3o apresentados em uma saqueta com cartonagem bilingue explicativa do tema ao qual se referem. Estes panos coordenam com as caixas para \u00f3culos.<\/p>\n<p>&nbsp;<\/p>\n","protected":false},"featured_media":3982,"comment_status":"closed","ping_status":"closed","template":"","meta":{"_exactmetrics_skip_tracking":false,"_exactmetrics_sitenote_active":false,"_exactmetrics_sitenote_note":"","_exactmetrics_sitenote_category":0},"product_brand":[126],"product_cat":[84],"product_tag":[],"class_list":{"0":"post-3425","1":"product","2":"type-product","3":"status-publish","4":"has-post-thumbnail","6":"product_brand-colcha-de-castelo-branco","7":"product_cat-pano-microfibra","8":"product_shipping_class-standard-pt-pt","10":"first","11":"instock","12":"taxable","13":"shipping-taxable","14":"purchasable","15":"product-type-simple"},"yoast_head":"<!-- This site is optimized with the Yoast SEO plugin v26.9 - https:\/\/yoast.com\/product\/yoast-seo-wordpress\/ -->\n<title>Pano de Microfibra Colcha de Castelo Branco - Terra Lusa<\/title>\n<meta name=\"description\" content=\"Os panos de microfibra s\u00e3o ideais para a limpeza de superf\u00edcies espelhadas .19 x 19 cm. Coordenam com as caixas para \u00f3culos. Design portugu\u00eas.\" \/>\n<meta name=\"robots\" content=\"index, follow, max-snippet:-1, max-image-preview:large, max-video-preview:-1\" \/>\n<link rel=\"canonical\" href=\"https:\/\/terra-lusa.com\/pt-pt\/produto\/pano-de-microfibra-colcha-de-castelo-branco\/\" \/>\n<meta property=\"og:locale\" content=\"pt_PT\" \/>\n<meta property=\"og:type\" content=\"article\" \/>\n<meta property=\"og:title\" content=\"Pano de Microfibra Colcha de Castelo Branco - Terra Lusa\" \/>\n<meta property=\"og:description\" content=\"Os panos de microfibra s\u00e3o ideais para a limpeza de superf\u00edcies espelhadas .19 x 19 cm. Coordenam com as caixas para \u00f3culos. Design portugu\u00eas.\" \/>\n<meta property=\"og:url\" content=\"https:\/\/terra-lusa.com\/pt-pt\/produto\/pano-de-microfibra-colcha-de-castelo-branco\/\" \/>\n<meta property=\"og:site_name\" content=\"Terra Lusa\" \/>\n<meta property=\"article:modified_time\" content=\"2024-12-06T17:12:54+00:00\" \/>\n<meta property=\"og:image\" content=\"https:\/\/terra-lusa.com\/wp-content\/uploads\/2015\/02\/pano-micr-fibra-colcha-de-castelo-branco.jpg\" \/>\n\t<meta property=\"og:image:width\" content=\"510\" \/>\n\t<meta property=\"og:image:height\" content=\"510\" \/>\n\t<meta property=\"og:image:type\" content=\"image\/jpeg\" \/>\n<meta name=\"twitter:card\" content=\"summary_large_image\" \/>\n<meta name=\"twitter:label1\" content=\"Tempo estimado de leitura\" \/>\n\t<meta name=\"twitter:data1\" content=\"2 minutos\" \/>\n<script type=\"application\/ld+json\" class=\"yoast-schema-graph\">{\"@context\":\"https:\/\/schema.org\",\"@graph\":[{\"@type\":\"WebPage\",\"@id\":\"https:\/\/terra-lusa.com\/pt-pt\/produto\/pano-de-microfibra-colcha-de-castelo-branco\/\",\"url\":\"https:\/\/terra-lusa.com\/pt-pt\/produto\/pano-de-microfibra-colcha-de-castelo-branco\/\",\"name\":\"Pano de Microfibra Colcha de Castelo Branco - Terra Lusa\",\"isPartOf\":{\"@id\":\"https:\/\/terra-lusa.com\/pt-pt\/#website\"},\"primaryImageOfPage\":{\"@id\":\"https:\/\/terra-lusa.com\/pt-pt\/produto\/pano-de-microfibra-colcha-de-castelo-branco\/#primaryimage\"},\"image\":{\"@id\":\"https:\/\/terra-lusa.com\/pt-pt\/produto\/pano-de-microfibra-colcha-de-castelo-branco\/#primaryimage\"},\"thumbnailUrl\":\"https:\/\/terra-lusa.com\/wp-content\/uploads\/2015\/02\/pano-micr-fibra-colcha-de-castelo-branco.jpg\",\"datePublished\":\"2015-02-17T12:27:12+00:00\",\"dateModified\":\"2024-12-06T17:12:54+00:00\",\"description\":\"Os panos de microfibra s\u00e3o ideais para a limpeza de superf\u00edcies espelhadas .19 x 19 cm. Coordenam com as caixas para \u00f3culos. Design portugu\u00eas.\",\"breadcrumb\":{\"@id\":\"https:\/\/terra-lusa.com\/pt-pt\/produto\/pano-de-microfibra-colcha-de-castelo-branco\/#breadcrumb\"},\"inLanguage\":\"pt-PT\",\"potentialAction\":[{\"@type\":\"ReadAction\",\"target\":[\"https:\/\/terra-lusa.com\/pt-pt\/produto\/pano-de-microfibra-colcha-de-castelo-branco\/\"]}]},{\"@type\":\"ImageObject\",\"inLanguage\":\"pt-PT\",\"@id\":\"https:\/\/terra-lusa.com\/pt-pt\/produto\/pano-de-microfibra-colcha-de-castelo-branco\/#primaryimage\",\"url\":\"https:\/\/terra-lusa.com\/wp-content\/uploads\/2015\/02\/pano-micr-fibra-colcha-de-castelo-branco.jpg\",\"contentUrl\":\"https:\/\/terra-lusa.com\/wp-content\/uploads\/2015\/02\/pano-micr-fibra-colcha-de-castelo-branco.jpg\",\"width\":510,\"height\":510},{\"@type\":\"BreadcrumbList\",\"@id\":\"https:\/\/terra-lusa.com\/pt-pt\/produto\/pano-de-microfibra-colcha-de-castelo-branco\/#breadcrumb\",\"itemListElement\":[{\"@type\":\"ListItem\",\"position\":1,\"name\":\"Home\",\"item\":\"https:\/\/terra-lusa.com\/pt-pt\/\"},{\"@type\":\"ListItem\",\"position\":2,\"name\":\"Produtos\",\"item\":\"https:\/\/terra-lusa.com\/pt-pt\/produtos\/\"},{\"@type\":\"ListItem\",\"position\":3,\"name\":\"Pano de Microfibra Colcha de Castelo Branco\"}]},{\"@type\":\"WebSite\",\"@id\":\"https:\/\/terra-lusa.com\/pt-pt\/#website\",\"url\":\"https:\/\/terra-lusa.com\/pt-pt\/\",\"name\":\"Terra Lusa\",\"description\":\"O Melhor de Portugal\",\"potentialAction\":[{\"@type\":\"SearchAction\",\"target\":{\"@type\":\"EntryPoint\",\"urlTemplate\":\"https:\/\/terra-lusa.com\/pt-pt\/?s={search_term_string}\"},\"query-input\":{\"@type\":\"PropertyValueSpecification\",\"valueRequired\":true,\"valueName\":\"search_term_string\"}}],\"inLanguage\":\"pt-PT\"}]}<\/script>\n<!-- \/ Yoast SEO plugin. -->","yoast_head_json":{"title":"Pano de Microfibra Colcha de Castelo Branco - Terra Lusa","description":"Os panos de microfibra s\u00e3o ideais para a limpeza de superf\u00edcies espelhadas .19 x 19 cm. Coordenam com as caixas para \u00f3culos. Design portugu\u00eas.","robots":{"index":"index","follow":"follow","max-snippet":"max-snippet:-1","max-image-preview":"max-image-preview:large","max-video-preview":"max-video-preview:-1"},"canonical":"https:\/\/terra-lusa.com\/pt-pt\/produto\/pano-de-microfibra-colcha-de-castelo-branco\/","og_locale":"pt_PT","og_type":"article","og_title":"Pano de Microfibra Colcha de Castelo Branco - Terra Lusa","og_description":"Os panos de microfibra s\u00e3o ideais para a limpeza de superf\u00edcies espelhadas .19 x 19 cm. Coordenam com as caixas para \u00f3culos. Design portugu\u00eas.","og_url":"https:\/\/terra-lusa.com\/pt-pt\/produto\/pano-de-microfibra-colcha-de-castelo-branco\/","og_site_name":"Terra Lusa","article_modified_time":"2024-12-06T17:12:54+00:00","og_image":[{"width":510,"height":510,"url":"https:\/\/terra-lusa.com\/wp-content\/uploads\/2015\/02\/pano-micr-fibra-colcha-de-castelo-branco.jpg","type":"image\/jpeg"}],"twitter_card":"summary_large_image","twitter_misc":{"Tempo estimado de leitura":"2 minutos"},"schema":{"@context":"https:\/\/schema.org","@graph":[{"@type":"WebPage","@id":"https:\/\/terra-lusa.com\/pt-pt\/produto\/pano-de-microfibra-colcha-de-castelo-branco\/","url":"https:\/\/terra-lusa.com\/pt-pt\/produto\/pano-de-microfibra-colcha-de-castelo-branco\/","name":"Pano de Microfibra Colcha de Castelo Branco - Terra Lusa","isPartOf":{"@id":"https:\/\/terra-lusa.com\/pt-pt\/#website"},"primaryImageOfPage":{"@id":"https:\/\/terra-lusa.com\/pt-pt\/produto\/pano-de-microfibra-colcha-de-castelo-branco\/#primaryimage"},"image":{"@id":"https:\/\/terra-lusa.com\/pt-pt\/produto\/pano-de-microfibra-colcha-de-castelo-branco\/#primaryimage"},"thumbnailUrl":"https:\/\/terra-lusa.com\/wp-content\/uploads\/2015\/02\/pano-micr-fibra-colcha-de-castelo-branco.jpg","datePublished":"2015-02-17T12:27:12+00:00","dateModified":"2024-12-06T17:12:54+00:00","description":"Os panos de microfibra s\u00e3o ideais para a limpeza de superf\u00edcies espelhadas .19 x 19 cm. Coordenam com as caixas para \u00f3culos. Design portugu\u00eas.","breadcrumb":{"@id":"https:\/\/terra-lusa.com\/pt-pt\/produto\/pano-de-microfibra-colcha-de-castelo-branco\/#breadcrumb"},"inLanguage":"pt-PT","potentialAction":[{"@type":"ReadAction","target":["https:\/\/terra-lusa.com\/pt-pt\/produto\/pano-de-microfibra-colcha-de-castelo-branco\/"]}]},{"@type":"ImageObject","inLanguage":"pt-PT","@id":"https:\/\/terra-lusa.com\/pt-pt\/produto\/pano-de-microfibra-colcha-de-castelo-branco\/#primaryimage","url":"https:\/\/terra-lusa.com\/wp-content\/uploads\/2015\/02\/pano-micr-fibra-colcha-de-castelo-branco.jpg","contentUrl":"https:\/\/terra-lusa.com\/wp-content\/uploads\/2015\/02\/pano-micr-fibra-colcha-de-castelo-branco.jpg","width":510,"height":510},{"@type":"BreadcrumbList","@id":"https:\/\/terra-lusa.com\/pt-pt\/produto\/pano-de-microfibra-colcha-de-castelo-branco\/#breadcrumb","itemListElement":[{"@type":"ListItem","position":1,"name":"Home","item":"https:\/\/terra-lusa.com\/pt-pt\/"},{"@type":"ListItem","position":2,"name":"Produtos","item":"https:\/\/terra-lusa.com\/pt-pt\/produtos\/"},{"@type":"ListItem","position":3,"name":"Pano de Microfibra Colcha de Castelo Branco"}]},{"@type":"WebSite","@id":"https:\/\/terra-lusa.com\/pt-pt\/#website","url":"https:\/\/terra-lusa.com\/pt-pt\/","name":"Terra Lusa","description":"O Melhor de Portugal","potentialAction":[{"@type":"SearchAction","target":{"@type":"EntryPoint","urlTemplate":"https:\/\/terra-lusa.com\/pt-pt\/?s={search_term_string}"},"query-input":{"@type":"PropertyValueSpecification","valueRequired":true,"valueName":"search_term_string"}}],"inLanguage":"pt-PT"}]}},"_links":{"self":[{"href":"https:\/\/terra-lusa.com\/pt-pt\/wp-json\/wp\/v2\/product\/3425","targetHints":{"allow":["GET"]}}],"collection":[{"href":"https:\/\/terra-lusa.com\/pt-pt\/wp-json\/wp\/v2\/product"}],"about":[{"href":"https:\/\/terra-lusa.com\/pt-pt\/wp-json\/wp\/v2\/types\/product"}],"replies":[{"embeddable":true,"href":"https:\/\/terra-lusa.com\/pt-pt\/wp-json\/wp\/v2\/comments?post=3425"}],"wp:featuredmedia":[{"embeddable":true,"href":"https:\/\/terra-lusa.com\/pt-pt\/wp-json\/wp\/v2\/media\/3982"}],"wp:attachment":[{"href":"https:\/\/terra-lusa.com\/pt-pt\/wp-json\/wp\/v2\/media?parent=3425"}],"wp:term":[{"taxonomy":"product_brand","embeddable":true,"href":"https:\/\/terra-lusa.com\/pt-pt\/wp-json\/wp\/v2\/product_brand?post=3425"},{"taxonomy":"product_cat","embeddable":true,"href":"https:\/\/terra-lusa.com\/pt-pt\/wp-json\/wp\/v2\/product_cat?post=3425"},{"taxonomy":"product_tag","embeddable":true,"href":"https:\/\/terra-lusa.com\/pt-pt\/wp-json\/wp\/v2\/product_tag?post=3425"}],"curies":[{"name":"wp","href":"https:\/\/api.w.org\/{rel}","templated":true}]}}