{"id":3417,"date":"2015-02-17T11:45:55","date_gmt":"2015-02-17T11:45:55","guid":{"rendered":""},"modified":"2024-12-13T09:52:38","modified_gmt":"2024-12-13T09:52:38","slug":"pano-de-microfibra-do-bordado-a-la-de-viana-do-castelo","status":"publish","type":"product","link":"https:\/\/terra-lusa.com\/pt-pt\/produto\/pano-de-microfibra-do-bordado-a-la-de-viana-do-castelo\/","title":{"rendered":"Pano de Microfibra do Bordado a L\u00e3 de Viana do Castelo"},"content":{"rendered":"<p>Originado nos bordados a l\u00e3 dos trajes regionais, o Bordado de Viana do Castelo \u00e9 um dos bordados tradicionais mais belos do pa\u00eds, encantando pela sua ingenuidade e gra\u00e7a.<\/p>\n<p>Este bordado desenvolve-se em tr\u00eas suportes: linho, l\u00e3 e tule. Utiliza fio de l\u00e3 (sobre l\u00e3 ou linho, particularmente para os trajes) e fio de algod\u00e3o (em atoalhados e camisas) em branco, azul e vermelho, com motivos de japoneiras, dentes, carac\u00f3is, cora\u00e7\u00f5es, cruzes, etc., nos atoalhados. Nos trajes, h\u00e1 maior liberdade de cores e a adi\u00e7\u00e3o de outros materiais n\u00e3o t\u00eaxteis, como vidrilhos, lantejoulas, palhetas e fio de trena.<\/p>\n<p>A marca Terra Lusa apresenta v\u00e1rias cole\u00e7\u00f5es de produtos onde cada refer\u00eancia \u00e9 um tributo ao Patrim\u00f3nio Cultural de Portugal: notebooks, leques, eco sacos, mini guarda-chuvas, caixas de \u00f3culos e panos microfibra todos divididos em tem\u00e1ticas com ra\u00edzes em elementos tipicamente portugueses.<\/p>\n<p>800 Anos de Hist\u00f3ria, Cultura e Tradi\u00e7\u00e3o que inspiraram a conce\u00e7\u00e3o das v\u00e1rias pe\u00e7as em que a tecnologia de qualidade se alia ao design contempor\u00e2neo.<\/p>\n","protected":false},"excerpt":{"rendered":"<p>Este pano reproduz a tampa de uma caixa bordada com os elementos t\u00edpicos dos trajes vianense.<\/p>\n<p>Os panos de microfibra s\u00e3o ideais para a limpeza de superf\u00edcies espelhadas, como \u00f3culos, ecr\u00e3s e tablets. Medem 19 x 19 cm e s\u00e3o apresentados em uma saqueta com cartonagem bilingue explicativa do tema ao qual se referem. Estes panos coordenam com as caixas para \u00f3culos.<\/p>\n","protected":false},"featured_media":4016,"comment_status":"closed","ping_status":"closed","template":"","meta":{"_exactmetrics_skip_tracking":false,"_exactmetrics_sitenote_active":false,"_exactmetrics_sitenote_note":"","_exactmetrics_sitenote_category":0},"product_brand":[102],"product_cat":[84],"product_tag":[],"class_list":{"0":"post-3417","1":"product","2":"type-product","3":"status-publish","4":"has-post-thumbnail","6":"product_brand-saca-romaria","7":"product_cat-pano-microfibra","9":"first","10":"instock","11":"taxable","12":"shipping-taxable","13":"purchasable","14":"product-type-simple"},"yoast_head":"<!-- This site is optimized with the Yoast SEO plugin v26.9 - https:\/\/yoast.com\/product\/yoast-seo-wordpress\/ -->\n<title>Pano de Microfibra do Bordado a L\u00e3 de Viana do Castelo - Terra Lusa<\/title>\n<meta name=\"description\" content=\"S\u00e3o ideais para a limpeza de superficie espelhadas e um postal ilustrado da cultura portuguesa. 19*19 cm. Design portugu\u00eas\" \/>\n<meta name=\"robots\" content=\"index, follow, max-snippet:-1, max-image-preview:large, max-video-preview:-1\" \/>\n<link rel=\"canonical\" href=\"https:\/\/terra-lusa.com\/pt-pt\/produto\/pano-de-microfibra-do-bordado-a-la-de-viana-do-castelo\/\" \/>\n<meta property=\"og:locale\" content=\"pt_PT\" \/>\n<meta property=\"og:type\" content=\"article\" \/>\n<meta property=\"og:title\" content=\"Pano de Microfibra do Bordado a L\u00e3 de Viana do Castelo - Terra Lusa\" \/>\n<meta property=\"og:description\" content=\"S\u00e3o ideais para a limpeza de superficie espelhadas e um postal ilustrado da cultura portuguesa. 19*19 cm. Design portugu\u00eas\" \/>\n<meta property=\"og:url\" content=\"https:\/\/terra-lusa.com\/pt-pt\/produto\/pano-de-microfibra-do-bordado-a-la-de-viana-do-castelo\/\" \/>\n<meta property=\"og:site_name\" content=\"Terra Lusa\" \/>\n<meta property=\"article:modified_time\" content=\"2024-12-13T09:52:38+00:00\" \/>\n<meta property=\"og:image\" content=\"https:\/\/terra-lusa.com\/wp-content\/uploads\/2015\/02\/cora\u00e7\u00e3o.jpg\" \/>\n\t<meta property=\"og:image:width\" content=\"513\" \/>\n\t<meta property=\"og:image:height\" content=\"513\" \/>\n\t<meta property=\"og:image:type\" content=\"image\/jpeg\" \/>\n<meta name=\"twitter:card\" content=\"summary_large_image\" \/>\n<meta name=\"twitter:label1\" content=\"Tempo estimado de leitura\" \/>\n\t<meta name=\"twitter:data1\" content=\"2 minutos\" \/>\n<script type=\"application\/ld+json\" class=\"yoast-schema-graph\">{\"@context\":\"https:\/\/schema.org\",\"@graph\":[{\"@type\":\"WebPage\",\"@id\":\"https:\/\/terra-lusa.com\/pt-pt\/produto\/pano-de-microfibra-do-bordado-a-la-de-viana-do-castelo\/\",\"url\":\"https:\/\/terra-lusa.com\/pt-pt\/produto\/pano-de-microfibra-do-bordado-a-la-de-viana-do-castelo\/\",\"name\":\"Pano de Microfibra do Bordado a L\u00e3 de Viana do Castelo - Terra Lusa\",\"isPartOf\":{\"@id\":\"https:\/\/terra-lusa.com\/pt-pt\/#website\"},\"primaryImageOfPage\":{\"@id\":\"https:\/\/terra-lusa.com\/pt-pt\/produto\/pano-de-microfibra-do-bordado-a-la-de-viana-do-castelo\/#primaryimage\"},\"image\":{\"@id\":\"https:\/\/terra-lusa.com\/pt-pt\/produto\/pano-de-microfibra-do-bordado-a-la-de-viana-do-castelo\/#primaryimage\"},\"thumbnailUrl\":\"https:\/\/terra-lusa.com\/wp-content\/uploads\/2015\/02\/cora\u00e7\u00e3o.jpg\",\"datePublished\":\"2015-02-17T11:45:55+00:00\",\"dateModified\":\"2024-12-13T09:52:38+00:00\",\"description\":\"S\u00e3o ideais para a limpeza de superficie espelhadas e um postal ilustrado da cultura portuguesa. 19*19 cm. Design portugu\u00eas\",\"breadcrumb\":{\"@id\":\"https:\/\/terra-lusa.com\/pt-pt\/produto\/pano-de-microfibra-do-bordado-a-la-de-viana-do-castelo\/#breadcrumb\"},\"inLanguage\":\"pt-PT\",\"potentialAction\":[{\"@type\":\"ReadAction\",\"target\":[\"https:\/\/terra-lusa.com\/pt-pt\/produto\/pano-de-microfibra-do-bordado-a-la-de-viana-do-castelo\/\"]}]},{\"@type\":\"ImageObject\",\"inLanguage\":\"pt-PT\",\"@id\":\"https:\/\/terra-lusa.com\/pt-pt\/produto\/pano-de-microfibra-do-bordado-a-la-de-viana-do-castelo\/#primaryimage\",\"url\":\"https:\/\/terra-lusa.com\/wp-content\/uploads\/2015\/02\/cora\u00e7\u00e3o.jpg\",\"contentUrl\":\"https:\/\/terra-lusa.com\/wp-content\/uploads\/2015\/02\/cora\u00e7\u00e3o.jpg\",\"width\":513,\"height\":513},{\"@type\":\"BreadcrumbList\",\"@id\":\"https:\/\/terra-lusa.com\/pt-pt\/produto\/pano-de-microfibra-do-bordado-a-la-de-viana-do-castelo\/#breadcrumb\",\"itemListElement\":[{\"@type\":\"ListItem\",\"position\":1,\"name\":\"Home\",\"item\":\"https:\/\/terra-lusa.com\/pt-pt\/\"},{\"@type\":\"ListItem\",\"position\":2,\"name\":\"Produtos\",\"item\":\"https:\/\/terra-lusa.com\/pt-pt\/produtos\/\"},{\"@type\":\"ListItem\",\"position\":3,\"name\":\"Pano de Microfibra do Bordado a L\u00e3 de Viana do Castelo\"}]},{\"@type\":\"WebSite\",\"@id\":\"https:\/\/terra-lusa.com\/pt-pt\/#website\",\"url\":\"https:\/\/terra-lusa.com\/pt-pt\/\",\"name\":\"Terra Lusa\",\"description\":\"O Melhor de Portugal\",\"potentialAction\":[{\"@type\":\"SearchAction\",\"target\":{\"@type\":\"EntryPoint\",\"urlTemplate\":\"https:\/\/terra-lusa.com\/pt-pt\/?s={search_term_string}\"},\"query-input\":{\"@type\":\"PropertyValueSpecification\",\"valueRequired\":true,\"valueName\":\"search_term_string\"}}],\"inLanguage\":\"pt-PT\"}]}<\/script>\n<!-- \/ Yoast SEO plugin. -->","yoast_head_json":{"title":"Pano de Microfibra do Bordado a L\u00e3 de Viana do Castelo - Terra Lusa","description":"S\u00e3o ideais para a limpeza de superficie espelhadas e um postal ilustrado da cultura portuguesa. 19*19 cm. Design portugu\u00eas","robots":{"index":"index","follow":"follow","max-snippet":"max-snippet:-1","max-image-preview":"max-image-preview:large","max-video-preview":"max-video-preview:-1"},"canonical":"https:\/\/terra-lusa.com\/pt-pt\/produto\/pano-de-microfibra-do-bordado-a-la-de-viana-do-castelo\/","og_locale":"pt_PT","og_type":"article","og_title":"Pano de Microfibra do Bordado a L\u00e3 de Viana do Castelo - Terra Lusa","og_description":"S\u00e3o ideais para a limpeza de superficie espelhadas e um postal ilustrado da cultura portuguesa. 19*19 cm. Design portugu\u00eas","og_url":"https:\/\/terra-lusa.com\/pt-pt\/produto\/pano-de-microfibra-do-bordado-a-la-de-viana-do-castelo\/","og_site_name":"Terra Lusa","article_modified_time":"2024-12-13T09:52:38+00:00","og_image":[{"width":513,"height":513,"url":"https:\/\/terra-lusa.com\/wp-content\/uploads\/2015\/02\/cora\u00e7\u00e3o.jpg","type":"image\/jpeg"}],"twitter_card":"summary_large_image","twitter_misc":{"Tempo estimado de leitura":"2 minutos"},"schema":{"@context":"https:\/\/schema.org","@graph":[{"@type":"WebPage","@id":"https:\/\/terra-lusa.com\/pt-pt\/produto\/pano-de-microfibra-do-bordado-a-la-de-viana-do-castelo\/","url":"https:\/\/terra-lusa.com\/pt-pt\/produto\/pano-de-microfibra-do-bordado-a-la-de-viana-do-castelo\/","name":"Pano de Microfibra do Bordado a L\u00e3 de Viana do Castelo - Terra Lusa","isPartOf":{"@id":"https:\/\/terra-lusa.com\/pt-pt\/#website"},"primaryImageOfPage":{"@id":"https:\/\/terra-lusa.com\/pt-pt\/produto\/pano-de-microfibra-do-bordado-a-la-de-viana-do-castelo\/#primaryimage"},"image":{"@id":"https:\/\/terra-lusa.com\/pt-pt\/produto\/pano-de-microfibra-do-bordado-a-la-de-viana-do-castelo\/#primaryimage"},"thumbnailUrl":"https:\/\/terra-lusa.com\/wp-content\/uploads\/2015\/02\/cora\u00e7\u00e3o.jpg","datePublished":"2015-02-17T11:45:55+00:00","dateModified":"2024-12-13T09:52:38+00:00","description":"S\u00e3o ideais para a limpeza de superficie espelhadas e um postal ilustrado da cultura portuguesa. 19*19 cm. Design portugu\u00eas","breadcrumb":{"@id":"https:\/\/terra-lusa.com\/pt-pt\/produto\/pano-de-microfibra-do-bordado-a-la-de-viana-do-castelo\/#breadcrumb"},"inLanguage":"pt-PT","potentialAction":[{"@type":"ReadAction","target":["https:\/\/terra-lusa.com\/pt-pt\/produto\/pano-de-microfibra-do-bordado-a-la-de-viana-do-castelo\/"]}]},{"@type":"ImageObject","inLanguage":"pt-PT","@id":"https:\/\/terra-lusa.com\/pt-pt\/produto\/pano-de-microfibra-do-bordado-a-la-de-viana-do-castelo\/#primaryimage","url":"https:\/\/terra-lusa.com\/wp-content\/uploads\/2015\/02\/cora\u00e7\u00e3o.jpg","contentUrl":"https:\/\/terra-lusa.com\/wp-content\/uploads\/2015\/02\/cora\u00e7\u00e3o.jpg","width":513,"height":513},{"@type":"BreadcrumbList","@id":"https:\/\/terra-lusa.com\/pt-pt\/produto\/pano-de-microfibra-do-bordado-a-la-de-viana-do-castelo\/#breadcrumb","itemListElement":[{"@type":"ListItem","position":1,"name":"Home","item":"https:\/\/terra-lusa.com\/pt-pt\/"},{"@type":"ListItem","position":2,"name":"Produtos","item":"https:\/\/terra-lusa.com\/pt-pt\/produtos\/"},{"@type":"ListItem","position":3,"name":"Pano de Microfibra do Bordado a L\u00e3 de Viana do Castelo"}]},{"@type":"WebSite","@id":"https:\/\/terra-lusa.com\/pt-pt\/#website","url":"https:\/\/terra-lusa.com\/pt-pt\/","name":"Terra Lusa","description":"O Melhor de Portugal","potentialAction":[{"@type":"SearchAction","target":{"@type":"EntryPoint","urlTemplate":"https:\/\/terra-lusa.com\/pt-pt\/?s={search_term_string}"},"query-input":{"@type":"PropertyValueSpecification","valueRequired":true,"valueName":"search_term_string"}}],"inLanguage":"pt-PT"}]}},"_links":{"self":[{"href":"https:\/\/terra-lusa.com\/pt-pt\/wp-json\/wp\/v2\/product\/3417","targetHints":{"allow":["GET"]}}],"collection":[{"href":"https:\/\/terra-lusa.com\/pt-pt\/wp-json\/wp\/v2\/product"}],"about":[{"href":"https:\/\/terra-lusa.com\/pt-pt\/wp-json\/wp\/v2\/types\/product"}],"replies":[{"embeddable":true,"href":"https:\/\/terra-lusa.com\/pt-pt\/wp-json\/wp\/v2\/comments?post=3417"}],"wp:featuredmedia":[{"embeddable":true,"href":"https:\/\/terra-lusa.com\/pt-pt\/wp-json\/wp\/v2\/media\/4016"}],"wp:attachment":[{"href":"https:\/\/terra-lusa.com\/pt-pt\/wp-json\/wp\/v2\/media?parent=3417"}],"wp:term":[{"taxonomy":"product_brand","embeddable":true,"href":"https:\/\/terra-lusa.com\/pt-pt\/wp-json\/wp\/v2\/product_brand?post=3417"},{"taxonomy":"product_cat","embeddable":true,"href":"https:\/\/terra-lusa.com\/pt-pt\/wp-json\/wp\/v2\/product_cat?post=3417"},{"taxonomy":"product_tag","embeddable":true,"href":"https:\/\/terra-lusa.com\/pt-pt\/wp-json\/wp\/v2\/product_tag?post=3417"}],"curies":[{"name":"wp","href":"https:\/\/api.w.org\/{rel}","templated":true}]}}