{"id":3415,"date":"2015-02-17T11:43:45","date_gmt":"2015-02-17T11:43:45","guid":{"rendered":""},"modified":"2024-12-13T09:47:40","modified_gmt":"2024-12-13T09:47:40","slug":"pano-de-microfibra-douro","status":"publish","type":"product","link":"https:\/\/terra-lusa.com\/pt-pt\/produto\/pano-de-microfibra-douro\/","title":{"rendered":"Pano de Microfibra Douro"},"content":{"rendered":"<p>A paisagem da regi\u00e3o do Alto Douro Vinhateiro \u00e9 moldada pelo curso natural do rio e pelo esfor\u00e7o sobre-humano de gera\u00e7\u00f5es passadas. A sua beleza \u00e9 fruto em iguais propor\u00e7\u00f5es da generosidade divina e do suor humano, resultante do trabalho \u00e1rduo e continuado em uma paisagem natural, bela por natureza, mas que se tornou \u00fanica no mundo pelas m\u00e3os do Homem. As encostas que ladeiam o rio foram trabalhadas ao longo de s\u00e9culos, partindo-se o xisto, construindo-se terra\u00e7os e muros, e cultivando-se a vinha em socalcos. O resultado \u00e9 assombroso, uma paisagem \u00fanica no mundo. Nas palavras do poeta Miguel Torga: \u201c\u00e9 um excesso de natureza. [\u2026] Um poema geol\u00f3gico. A beleza absoluta.\u201d<\/p>\n<p>A marca Terra Lusa apresenta v\u00e1rias cole\u00e7\u00f5es de produtos onde cada refer\u00eancia \u00e9 um tributo ao Patrim\u00f3nio Cultural de Portugal: notebooks, leques, eco sacos, mini guarda-chuvas, caixas de \u00f3culos e panos microfibra todos divididos em tem\u00e1ticas com ra\u00edzes em elementos tipicamente portugueses.<\/p>\n<p>800 Anos de Hist\u00f3ria, Cultura e Tradi\u00e7\u00e3o que inspiraram a conce\u00e7\u00e3o das v\u00e1rias pe\u00e7as em que a tecnologia de qualidade se alia ao design contempor\u00e2neo.<\/p>\n","protected":false},"excerpt":{"rendered":"<p>O Alto Douro Vinhateiro foi considerado pela UNESCO, em 2001, Patrim\u00f3nio da Humanidade. Regi\u00e3o vin\u00edcola demarcada mais antiga do mundo, decretada pelo Marqu\u00eas de Pombal em 1756, o Douro \u00e9 \u00fanico por reunir as virtudes do solo xistoso e da sua exposi\u00e7\u00e3o solar privilegiada \u00e0s caracter\u00edsticas \u00edmpares do seu microclima e ao trabalho \u00e1rduo do homem.<\/p>\n<p>Os panos de microfibra s\u00e3o ideais para a limpeza de superf\u00edcies espelhadas, como \u00f3culos, ecr\u00e3s e tablets .19 x 19 cm. Apresentam-se numa saqueta com cartonagem bilingue explicativa do tema a que se referem. Coordenam com as caixas para \u00f3culos.<\/p>\n","protected":false},"featured_media":4014,"comment_status":"closed","ping_status":"closed","template":"","meta":{"_exactmetrics_skip_tracking":false,"_exactmetrics_sitenote_active":false,"_exactmetrics_sitenote_note":"","_exactmetrics_sitenote_category":0},"product_brand":[92],"product_cat":[84],"product_tag":[],"class_list":{"0":"post-3415","1":"product","2":"type-product","3":"status-publish","4":"has-post-thumbnail","6":"product_brand-douro-portugal","7":"product_cat-pano-microfibra","8":"product_shipping_class-standard-pt-pt","10":"first","11":"instock","12":"taxable","13":"shipping-taxable","14":"purchasable","15":"product-type-simple"},"yoast_head":"<!-- This site is optimized with the Yoast SEO plugin v26.9 - https:\/\/yoast.com\/product\/yoast-seo-wordpress\/ -->\n<title>Pano de Microfibra Douro - Terra Lusa<\/title>\n<meta name=\"description\" content=\"S\u00e3o ideais para a limpeza de superficie espelhadas e um postal ilustrado da cultura portuguesa. 19*19 cm. Design portugu\u00eas\" \/>\n<meta name=\"robots\" content=\"index, follow, max-snippet:-1, max-image-preview:large, max-video-preview:-1\" \/>\n<link rel=\"canonical\" href=\"https:\/\/terra-lusa.com\/pt-pt\/produto\/pano-de-microfibra-douro\/\" \/>\n<meta property=\"og:locale\" content=\"pt_PT\" \/>\n<meta property=\"og:type\" content=\"article\" \/>\n<meta property=\"og:title\" content=\"Pano de Microfibra Douro - Terra Lusa\" \/>\n<meta property=\"og:description\" content=\"S\u00e3o ideais para a limpeza de superficie espelhadas e um postal ilustrado da cultura portuguesa. 19*19 cm. Design portugu\u00eas\" \/>\n<meta property=\"og:url\" content=\"https:\/\/terra-lusa.com\/pt-pt\/produto\/pano-de-microfibra-douro\/\" \/>\n<meta property=\"og:site_name\" content=\"Terra Lusa\" \/>\n<meta property=\"article:modified_time\" content=\"2024-12-13T09:47:40+00:00\" \/>\n<meta property=\"og:image\" content=\"https:\/\/terra-lusa.com\/wp-content\/uploads\/2015\/02\/douro.jpg\" \/>\n\t<meta property=\"og:image:width\" content=\"513\" \/>\n\t<meta property=\"og:image:height\" content=\"513\" \/>\n\t<meta property=\"og:image:type\" content=\"image\/jpeg\" \/>\n<meta name=\"twitter:card\" content=\"summary_large_image\" \/>\n<meta name=\"twitter:label1\" content=\"Tempo estimado de leitura\" \/>\n\t<meta name=\"twitter:data1\" content=\"2 minutos\" \/>\n<script type=\"application\/ld+json\" class=\"yoast-schema-graph\">{\"@context\":\"https:\/\/schema.org\",\"@graph\":[{\"@type\":\"WebPage\",\"@id\":\"https:\/\/terra-lusa.com\/pt-pt\/produto\/pano-de-microfibra-douro\/\",\"url\":\"https:\/\/terra-lusa.com\/pt-pt\/produto\/pano-de-microfibra-douro\/\",\"name\":\"Pano de Microfibra Douro - Terra Lusa\",\"isPartOf\":{\"@id\":\"https:\/\/terra-lusa.com\/pt-pt\/#website\"},\"primaryImageOfPage\":{\"@id\":\"https:\/\/terra-lusa.com\/pt-pt\/produto\/pano-de-microfibra-douro\/#primaryimage\"},\"image\":{\"@id\":\"https:\/\/terra-lusa.com\/pt-pt\/produto\/pano-de-microfibra-douro\/#primaryimage\"},\"thumbnailUrl\":\"https:\/\/terra-lusa.com\/wp-content\/uploads\/2015\/02\/douro.jpg\",\"datePublished\":\"2015-02-17T11:43:45+00:00\",\"dateModified\":\"2024-12-13T09:47:40+00:00\",\"description\":\"S\u00e3o ideais para a limpeza de superficie espelhadas e um postal ilustrado da cultura portuguesa. 19*19 cm. Design portugu\u00eas\",\"breadcrumb\":{\"@id\":\"https:\/\/terra-lusa.com\/pt-pt\/produto\/pano-de-microfibra-douro\/#breadcrumb\"},\"inLanguage\":\"pt-PT\",\"potentialAction\":[{\"@type\":\"ReadAction\",\"target\":[\"https:\/\/terra-lusa.com\/pt-pt\/produto\/pano-de-microfibra-douro\/\"]}]},{\"@type\":\"ImageObject\",\"inLanguage\":\"pt-PT\",\"@id\":\"https:\/\/terra-lusa.com\/pt-pt\/produto\/pano-de-microfibra-douro\/#primaryimage\",\"url\":\"https:\/\/terra-lusa.com\/wp-content\/uploads\/2015\/02\/douro.jpg\",\"contentUrl\":\"https:\/\/terra-lusa.com\/wp-content\/uploads\/2015\/02\/douro.jpg\",\"width\":513,\"height\":513},{\"@type\":\"BreadcrumbList\",\"@id\":\"https:\/\/terra-lusa.com\/pt-pt\/produto\/pano-de-microfibra-douro\/#breadcrumb\",\"itemListElement\":[{\"@type\":\"ListItem\",\"position\":1,\"name\":\"Home\",\"item\":\"https:\/\/terra-lusa.com\/pt-pt\/\"},{\"@type\":\"ListItem\",\"position\":2,\"name\":\"Produtos\",\"item\":\"https:\/\/terra-lusa.com\/pt-pt\/produtos\/\"},{\"@type\":\"ListItem\",\"position\":3,\"name\":\"Pano de Microfibra Douro\"}]},{\"@type\":\"WebSite\",\"@id\":\"https:\/\/terra-lusa.com\/pt-pt\/#website\",\"url\":\"https:\/\/terra-lusa.com\/pt-pt\/\",\"name\":\"Terra Lusa\",\"description\":\"O Melhor de Portugal\",\"potentialAction\":[{\"@type\":\"SearchAction\",\"target\":{\"@type\":\"EntryPoint\",\"urlTemplate\":\"https:\/\/terra-lusa.com\/pt-pt\/?s={search_term_string}\"},\"query-input\":{\"@type\":\"PropertyValueSpecification\",\"valueRequired\":true,\"valueName\":\"search_term_string\"}}],\"inLanguage\":\"pt-PT\"}]}<\/script>\n<!-- \/ Yoast SEO plugin. -->","yoast_head_json":{"title":"Pano de Microfibra Douro - Terra Lusa","description":"S\u00e3o ideais para a limpeza de superficie espelhadas e um postal ilustrado da cultura portuguesa. 19*19 cm. Design portugu\u00eas","robots":{"index":"index","follow":"follow","max-snippet":"max-snippet:-1","max-image-preview":"max-image-preview:large","max-video-preview":"max-video-preview:-1"},"canonical":"https:\/\/terra-lusa.com\/pt-pt\/produto\/pano-de-microfibra-douro\/","og_locale":"pt_PT","og_type":"article","og_title":"Pano de Microfibra Douro - Terra Lusa","og_description":"S\u00e3o ideais para a limpeza de superficie espelhadas e um postal ilustrado da cultura portuguesa. 19*19 cm. Design portugu\u00eas","og_url":"https:\/\/terra-lusa.com\/pt-pt\/produto\/pano-de-microfibra-douro\/","og_site_name":"Terra Lusa","article_modified_time":"2024-12-13T09:47:40+00:00","og_image":[{"width":513,"height":513,"url":"https:\/\/terra-lusa.com\/wp-content\/uploads\/2015\/02\/douro.jpg","type":"image\/jpeg"}],"twitter_card":"summary_large_image","twitter_misc":{"Tempo estimado de leitura":"2 minutos"},"schema":{"@context":"https:\/\/schema.org","@graph":[{"@type":"WebPage","@id":"https:\/\/terra-lusa.com\/pt-pt\/produto\/pano-de-microfibra-douro\/","url":"https:\/\/terra-lusa.com\/pt-pt\/produto\/pano-de-microfibra-douro\/","name":"Pano de Microfibra Douro - Terra Lusa","isPartOf":{"@id":"https:\/\/terra-lusa.com\/pt-pt\/#website"},"primaryImageOfPage":{"@id":"https:\/\/terra-lusa.com\/pt-pt\/produto\/pano-de-microfibra-douro\/#primaryimage"},"image":{"@id":"https:\/\/terra-lusa.com\/pt-pt\/produto\/pano-de-microfibra-douro\/#primaryimage"},"thumbnailUrl":"https:\/\/terra-lusa.com\/wp-content\/uploads\/2015\/02\/douro.jpg","datePublished":"2015-02-17T11:43:45+00:00","dateModified":"2024-12-13T09:47:40+00:00","description":"S\u00e3o ideais para a limpeza de superficie espelhadas e um postal ilustrado da cultura portuguesa. 19*19 cm. Design portugu\u00eas","breadcrumb":{"@id":"https:\/\/terra-lusa.com\/pt-pt\/produto\/pano-de-microfibra-douro\/#breadcrumb"},"inLanguage":"pt-PT","potentialAction":[{"@type":"ReadAction","target":["https:\/\/terra-lusa.com\/pt-pt\/produto\/pano-de-microfibra-douro\/"]}]},{"@type":"ImageObject","inLanguage":"pt-PT","@id":"https:\/\/terra-lusa.com\/pt-pt\/produto\/pano-de-microfibra-douro\/#primaryimage","url":"https:\/\/terra-lusa.com\/wp-content\/uploads\/2015\/02\/douro.jpg","contentUrl":"https:\/\/terra-lusa.com\/wp-content\/uploads\/2015\/02\/douro.jpg","width":513,"height":513},{"@type":"BreadcrumbList","@id":"https:\/\/terra-lusa.com\/pt-pt\/produto\/pano-de-microfibra-douro\/#breadcrumb","itemListElement":[{"@type":"ListItem","position":1,"name":"Home","item":"https:\/\/terra-lusa.com\/pt-pt\/"},{"@type":"ListItem","position":2,"name":"Produtos","item":"https:\/\/terra-lusa.com\/pt-pt\/produtos\/"},{"@type":"ListItem","position":3,"name":"Pano de Microfibra Douro"}]},{"@type":"WebSite","@id":"https:\/\/terra-lusa.com\/pt-pt\/#website","url":"https:\/\/terra-lusa.com\/pt-pt\/","name":"Terra Lusa","description":"O Melhor de Portugal","potentialAction":[{"@type":"SearchAction","target":{"@type":"EntryPoint","urlTemplate":"https:\/\/terra-lusa.com\/pt-pt\/?s={search_term_string}"},"query-input":{"@type":"PropertyValueSpecification","valueRequired":true,"valueName":"search_term_string"}}],"inLanguage":"pt-PT"}]}},"_links":{"self":[{"href":"https:\/\/terra-lusa.com\/pt-pt\/wp-json\/wp\/v2\/product\/3415","targetHints":{"allow":["GET"]}}],"collection":[{"href":"https:\/\/terra-lusa.com\/pt-pt\/wp-json\/wp\/v2\/product"}],"about":[{"href":"https:\/\/terra-lusa.com\/pt-pt\/wp-json\/wp\/v2\/types\/product"}],"replies":[{"embeddable":true,"href":"https:\/\/terra-lusa.com\/pt-pt\/wp-json\/wp\/v2\/comments?post=3415"}],"wp:featuredmedia":[{"embeddable":true,"href":"https:\/\/terra-lusa.com\/pt-pt\/wp-json\/wp\/v2\/media\/4014"}],"wp:attachment":[{"href":"https:\/\/terra-lusa.com\/pt-pt\/wp-json\/wp\/v2\/media?parent=3415"}],"wp:term":[{"taxonomy":"product_brand","embeddable":true,"href":"https:\/\/terra-lusa.com\/pt-pt\/wp-json\/wp\/v2\/product_brand?post=3415"},{"taxonomy":"product_cat","embeddable":true,"href":"https:\/\/terra-lusa.com\/pt-pt\/wp-json\/wp\/v2\/product_cat?post=3415"},{"taxonomy":"product_tag","embeddable":true,"href":"https:\/\/terra-lusa.com\/pt-pt\/wp-json\/wp\/v2\/product_tag?post=3415"}],"curies":[{"name":"wp","href":"https:\/\/api.w.org\/{rel}","templated":true}]}}