{"id":3368,"date":"2015-02-16T12:43:37","date_gmt":"2015-02-16T12:43:37","guid":{"rendered":""},"modified":"2025-04-30T15:03:42","modified_gmt":"2025-04-30T15:03:42","slug":"eco-saco-bordado-de-castelo-branco","status":"publish","type":"product","link":"https:\/\/terra-lusa.com\/pt-pt\/produto\/eco-saco-bordado-de-castelo-branco\/","title":{"rendered":"Eco Saco Bordado de Castelo Branco"},"content":{"rendered":"<p>O bordado de Castelo Branco remonta aos s\u00e9culos XVII e XVIII e carrega consigo elementos de influ\u00eancias orientais e europeias. \u00c9 reconhecido pelo uso de fios de seda natural sobre linho artesanal. Os motivos do bordado de Castelo Branco s\u00e3o geralmente florais e naturais, como ramos de oliveira, cravos e tulipas, mas tamb\u00e9m integram elementos simb\u00f3licos, como o cora\u00e7\u00e3o, que representa o amor, e a ave-f\u00e9nix, associada \u00e0 imortalidade. Os padr\u00f5es dos Bordados de Castelo Branco s\u00e3o produtos artesanais certificados pela Adere-Certifica, com marca registada e Indica\u00e7\u00e3o Geogr\u00e1fica (IG) do Munic\u00edpio de Castelo Branco<\/p>\n<p>A marca Terra Lusa apresenta v\u00e1rias cole\u00e7\u00f5es de produtos, cada uma sendo um tributo ao Patrim\u00f3nio Cultural de Portugal. Entre os produtos destacam-se notebooks, leques, eco sacos, mini guarda-chuvas, caixas de \u00f3culos, panos de microfibra. Todos estes itens est\u00e3o divididos em tem\u00e1ticas inspiradas em elementos tipicamente portugueses.<\/p>\n<p>800 Anos de Hist\u00f3ria, Cultura e Tradi\u00e7\u00e3o inspiraram a conce\u00e7\u00e3o das v\u00e1rias pe\u00e7as em que a tecnologia de qualidade se alia ao design contempor\u00e2neo.<\/p>\n","protected":false},"excerpt":{"rendered":"<p>Inspirado nos bordados em seda natural de Castelo Branco.<\/p>\n<p>Os eco sacos s\u00e3o reutiliz\u00e1veis e extremamente pr\u00e1ticos para as compras, podendo ser usados in\u00fameras vezes. Apesar de suportarem at\u00e9 10 kg, pesam apenas 35 g, tornando-os ideais para transportar na mala. Medidas aproximadas: bolsa 7&#215;12 cm; saco 43&#215;52 cm.<\/p>\n","protected":false},"featured_media":4720,"comment_status":"closed","ping_status":"closed","template":"","meta":{"_exactmetrics_skip_tracking":false,"_exactmetrics_sitenote_active":false,"_exactmetrics_sitenote_note":"","_exactmetrics_sitenote_category":0},"product_brand":[93],"product_cat":[81],"product_tag":[],"class_list":{"0":"post-3368","1":"product","2":"type-product","3":"status-publish","4":"has-post-thumbnail","6":"product_brand-bordado-castelo-branco","7":"product_cat-eco-sacos","8":"product_shipping_class-standard-pt-pt","10":"first","11":"instock","12":"taxable","13":"shipping-taxable","14":"purchasable","15":"product-type-simple"},"yoast_head":"<!-- This site is optimized with the Yoast SEO plugin v26.9 - https:\/\/yoast.com\/product\/yoast-seo-wordpress\/ -->\n<title>Eco Saco Bordado de Castelo Branco - Terra Lusa<\/title>\n<meta name=\"description\" content=\"Sacos ecol\u00f3gicos, reutiliz\u00e1veis, resistentes e muito pr\u00e1ticos . Pesam apenas 35 g e t\u00eam capacidade para 10kg sendo ideais para transportar na mala.\" \/>\n<meta name=\"robots\" content=\"index, follow, max-snippet:-1, max-image-preview:large, max-video-preview:-1\" \/>\n<link rel=\"canonical\" href=\"https:\/\/terra-lusa.com\/pt-pt\/produto\/eco-saco-bordado-de-castelo-branco\/\" \/>\n<meta property=\"og:locale\" content=\"pt_PT\" \/>\n<meta property=\"og:type\" content=\"article\" \/>\n<meta property=\"og:title\" content=\"Eco Saco Bordado de Castelo Branco - Terra Lusa\" \/>\n<meta property=\"og:description\" content=\"Sacos ecol\u00f3gicos, reutiliz\u00e1veis, resistentes e muito pr\u00e1ticos . Pesam apenas 35 g e t\u00eam capacidade para 10kg sendo ideais para transportar na mala.\" \/>\n<meta property=\"og:url\" content=\"https:\/\/terra-lusa.com\/pt-pt\/produto\/eco-saco-bordado-de-castelo-branco\/\" \/>\n<meta property=\"og:site_name\" content=\"Terra Lusa\" \/>\n<meta property=\"article:modified_time\" content=\"2025-04-30T15:03:42+00:00\" \/>\n<meta property=\"og:image\" content=\"https:\/\/terra-lusa.com\/wp-content\/uploads\/2015\/06\/207-saco-site.jpg\" \/>\n\t<meta property=\"og:image:width\" content=\"510\" \/>\n\t<meta property=\"og:image:height\" content=\"510\" \/>\n\t<meta property=\"og:image:type\" content=\"image\/jpeg\" \/>\n<meta name=\"twitter:card\" content=\"summary_large_image\" \/>\n<meta name=\"twitter:label1\" content=\"Tempo estimado de leitura\" \/>\n\t<meta name=\"twitter:data1\" content=\"2 minutos\" \/>\n<script type=\"application\/ld+json\" class=\"yoast-schema-graph\">{\"@context\":\"https:\/\/schema.org\",\"@graph\":[{\"@type\":\"WebPage\",\"@id\":\"https:\/\/terra-lusa.com\/pt-pt\/produto\/eco-saco-bordado-de-castelo-branco\/\",\"url\":\"https:\/\/terra-lusa.com\/pt-pt\/produto\/eco-saco-bordado-de-castelo-branco\/\",\"name\":\"Eco Saco Bordado de Castelo Branco - Terra Lusa\",\"isPartOf\":{\"@id\":\"https:\/\/terra-lusa.com\/pt-pt\/#website\"},\"primaryImageOfPage\":{\"@id\":\"https:\/\/terra-lusa.com\/pt-pt\/produto\/eco-saco-bordado-de-castelo-branco\/#primaryimage\"},\"image\":{\"@id\":\"https:\/\/terra-lusa.com\/pt-pt\/produto\/eco-saco-bordado-de-castelo-branco\/#primaryimage\"},\"thumbnailUrl\":\"https:\/\/terra-lusa.com\/wp-content\/uploads\/2015\/06\/207-saco-site.jpg\",\"datePublished\":\"2015-02-16T12:43:37+00:00\",\"dateModified\":\"2025-04-30T15:03:42+00:00\",\"description\":\"Sacos ecol\u00f3gicos, reutiliz\u00e1veis, resistentes e muito pr\u00e1ticos . Pesam apenas 35 g e t\u00eam capacidade para 10kg sendo ideais para transportar na mala.\",\"breadcrumb\":{\"@id\":\"https:\/\/terra-lusa.com\/pt-pt\/produto\/eco-saco-bordado-de-castelo-branco\/#breadcrumb\"},\"inLanguage\":\"pt-PT\",\"potentialAction\":[{\"@type\":\"ReadAction\",\"target\":[\"https:\/\/terra-lusa.com\/pt-pt\/produto\/eco-saco-bordado-de-castelo-branco\/\"]}]},{\"@type\":\"ImageObject\",\"inLanguage\":\"pt-PT\",\"@id\":\"https:\/\/terra-lusa.com\/pt-pt\/produto\/eco-saco-bordado-de-castelo-branco\/#primaryimage\",\"url\":\"https:\/\/terra-lusa.com\/wp-content\/uploads\/2015\/06\/207-saco-site.jpg\",\"contentUrl\":\"https:\/\/terra-lusa.com\/wp-content\/uploads\/2015\/06\/207-saco-site.jpg\",\"width\":510,\"height\":510},{\"@type\":\"BreadcrumbList\",\"@id\":\"https:\/\/terra-lusa.com\/pt-pt\/produto\/eco-saco-bordado-de-castelo-branco\/#breadcrumb\",\"itemListElement\":[{\"@type\":\"ListItem\",\"position\":1,\"name\":\"Home\",\"item\":\"https:\/\/terra-lusa.com\/pt-pt\/\"},{\"@type\":\"ListItem\",\"position\":2,\"name\":\"Produtos\",\"item\":\"https:\/\/terra-lusa.com\/pt-pt\/produtos\/\"},{\"@type\":\"ListItem\",\"position\":3,\"name\":\"Eco Saco Bordado de Castelo Branco\"}]},{\"@type\":\"WebSite\",\"@id\":\"https:\/\/terra-lusa.com\/pt-pt\/#website\",\"url\":\"https:\/\/terra-lusa.com\/pt-pt\/\",\"name\":\"Terra Lusa\",\"description\":\"O Melhor de Portugal\",\"potentialAction\":[{\"@type\":\"SearchAction\",\"target\":{\"@type\":\"EntryPoint\",\"urlTemplate\":\"https:\/\/terra-lusa.com\/pt-pt\/?s={search_term_string}\"},\"query-input\":{\"@type\":\"PropertyValueSpecification\",\"valueRequired\":true,\"valueName\":\"search_term_string\"}}],\"inLanguage\":\"pt-PT\"}]}<\/script>\n<!-- \/ Yoast SEO plugin. -->","yoast_head_json":{"title":"Eco Saco Bordado de Castelo Branco - Terra Lusa","description":"Sacos ecol\u00f3gicos, reutiliz\u00e1veis, resistentes e muito pr\u00e1ticos . Pesam apenas 35 g e t\u00eam capacidade para 10kg sendo ideais para transportar na mala.","robots":{"index":"index","follow":"follow","max-snippet":"max-snippet:-1","max-image-preview":"max-image-preview:large","max-video-preview":"max-video-preview:-1"},"canonical":"https:\/\/terra-lusa.com\/pt-pt\/produto\/eco-saco-bordado-de-castelo-branco\/","og_locale":"pt_PT","og_type":"article","og_title":"Eco Saco Bordado de Castelo Branco - Terra Lusa","og_description":"Sacos ecol\u00f3gicos, reutiliz\u00e1veis, resistentes e muito pr\u00e1ticos . Pesam apenas 35 g e t\u00eam capacidade para 10kg sendo ideais para transportar na mala.","og_url":"https:\/\/terra-lusa.com\/pt-pt\/produto\/eco-saco-bordado-de-castelo-branco\/","og_site_name":"Terra Lusa","article_modified_time":"2025-04-30T15:03:42+00:00","og_image":[{"width":510,"height":510,"url":"https:\/\/terra-lusa.com\/wp-content\/uploads\/2015\/06\/207-saco-site.jpg","type":"image\/jpeg"}],"twitter_card":"summary_large_image","twitter_misc":{"Tempo estimado de leitura":"2 minutos"},"schema":{"@context":"https:\/\/schema.org","@graph":[{"@type":"WebPage","@id":"https:\/\/terra-lusa.com\/pt-pt\/produto\/eco-saco-bordado-de-castelo-branco\/","url":"https:\/\/terra-lusa.com\/pt-pt\/produto\/eco-saco-bordado-de-castelo-branco\/","name":"Eco Saco Bordado de Castelo Branco - Terra Lusa","isPartOf":{"@id":"https:\/\/terra-lusa.com\/pt-pt\/#website"},"primaryImageOfPage":{"@id":"https:\/\/terra-lusa.com\/pt-pt\/produto\/eco-saco-bordado-de-castelo-branco\/#primaryimage"},"image":{"@id":"https:\/\/terra-lusa.com\/pt-pt\/produto\/eco-saco-bordado-de-castelo-branco\/#primaryimage"},"thumbnailUrl":"https:\/\/terra-lusa.com\/wp-content\/uploads\/2015\/06\/207-saco-site.jpg","datePublished":"2015-02-16T12:43:37+00:00","dateModified":"2025-04-30T15:03:42+00:00","description":"Sacos ecol\u00f3gicos, reutiliz\u00e1veis, resistentes e muito pr\u00e1ticos . Pesam apenas 35 g e t\u00eam capacidade para 10kg sendo ideais para transportar na mala.","breadcrumb":{"@id":"https:\/\/terra-lusa.com\/pt-pt\/produto\/eco-saco-bordado-de-castelo-branco\/#breadcrumb"},"inLanguage":"pt-PT","potentialAction":[{"@type":"ReadAction","target":["https:\/\/terra-lusa.com\/pt-pt\/produto\/eco-saco-bordado-de-castelo-branco\/"]}]},{"@type":"ImageObject","inLanguage":"pt-PT","@id":"https:\/\/terra-lusa.com\/pt-pt\/produto\/eco-saco-bordado-de-castelo-branco\/#primaryimage","url":"https:\/\/terra-lusa.com\/wp-content\/uploads\/2015\/06\/207-saco-site.jpg","contentUrl":"https:\/\/terra-lusa.com\/wp-content\/uploads\/2015\/06\/207-saco-site.jpg","width":510,"height":510},{"@type":"BreadcrumbList","@id":"https:\/\/terra-lusa.com\/pt-pt\/produto\/eco-saco-bordado-de-castelo-branco\/#breadcrumb","itemListElement":[{"@type":"ListItem","position":1,"name":"Home","item":"https:\/\/terra-lusa.com\/pt-pt\/"},{"@type":"ListItem","position":2,"name":"Produtos","item":"https:\/\/terra-lusa.com\/pt-pt\/produtos\/"},{"@type":"ListItem","position":3,"name":"Eco Saco Bordado de Castelo Branco"}]},{"@type":"WebSite","@id":"https:\/\/terra-lusa.com\/pt-pt\/#website","url":"https:\/\/terra-lusa.com\/pt-pt\/","name":"Terra Lusa","description":"O Melhor de Portugal","potentialAction":[{"@type":"SearchAction","target":{"@type":"EntryPoint","urlTemplate":"https:\/\/terra-lusa.com\/pt-pt\/?s={search_term_string}"},"query-input":{"@type":"PropertyValueSpecification","valueRequired":true,"valueName":"search_term_string"}}],"inLanguage":"pt-PT"}]}},"_links":{"self":[{"href":"https:\/\/terra-lusa.com\/pt-pt\/wp-json\/wp\/v2\/product\/3368","targetHints":{"allow":["GET"]}}],"collection":[{"href":"https:\/\/terra-lusa.com\/pt-pt\/wp-json\/wp\/v2\/product"}],"about":[{"href":"https:\/\/terra-lusa.com\/pt-pt\/wp-json\/wp\/v2\/types\/product"}],"replies":[{"embeddable":true,"href":"https:\/\/terra-lusa.com\/pt-pt\/wp-json\/wp\/v2\/comments?post=3368"}],"wp:featuredmedia":[{"embeddable":true,"href":"https:\/\/terra-lusa.com\/pt-pt\/wp-json\/wp\/v2\/media\/4720"}],"wp:attachment":[{"href":"https:\/\/terra-lusa.com\/pt-pt\/wp-json\/wp\/v2\/media?parent=3368"}],"wp:term":[{"taxonomy":"product_brand","embeddable":true,"href":"https:\/\/terra-lusa.com\/pt-pt\/wp-json\/wp\/v2\/product_brand?post=3368"},{"taxonomy":"product_cat","embeddable":true,"href":"https:\/\/terra-lusa.com\/pt-pt\/wp-json\/wp\/v2\/product_cat?post=3368"},{"taxonomy":"product_tag","embeddable":true,"href":"https:\/\/terra-lusa.com\/pt-pt\/wp-json\/wp\/v2\/product_tag?post=3368"}],"curies":[{"name":"wp","href":"https:\/\/api.w.org\/{rel}","templated":true}]}}