{"id":3364,"date":"2015-02-16T12:31:29","date_gmt":"2015-02-16T12:31:29","guid":{"rendered":""},"modified":"2024-12-09T15:35:28","modified_gmt":"2024-12-09T15:35:28","slug":"eco-saco-renda-de-bilros","status":"publish","type":"product","link":"https:\/\/terra-lusa.com\/pt-pt\/produto\/eco-saco-renda-de-bilros\/","title":{"rendered":"Eco Saco Renda de Bilros"},"content":{"rendered":"<p>A terminologia \u201crenda\u201d refere-se a t\u00e9cnicas manuais para criar tecidos usando fios simples com agulhas ou bilros de madeira.\u00a0Apesar da concorr\u00eancia das rendas industriais, a renda de bilros, com v\u00e1rios s\u00e9culos de hist\u00f3ria, mant\u00e9m-se como uma das mais not\u00e1veis artes da tradi\u00e7\u00e3o t\u00eaxtil portuguesa. Esta arte disseminou-se principalmente pelo litoral, com centros importantes em Vila do Conde e Peniche, mas persiste em outras localidades, gra\u00e7as a rendeiras dedicadas.<\/p>\n<p>A marca Terra Lusa apresenta v\u00e1rias cole\u00e7\u00f5es de produtos, onde cada uma \u00e9 um tributo ao Patrim\u00f3nio Cultural de Portugal. Entre os produtos destacam-se notebooks, leques, eco sacos, mini guarda-chuvas, caixas de \u00f3culos, panos de microfibra. Todos divididos em tem\u00e1ticas inspiradas em elementos tipicamente portugueses.<\/p>\n<p>800 Anos de Hist\u00f3ria, Cultura e Tradi\u00e7\u00e3o inspiraram a conce\u00e7\u00e3o das v\u00e1rias pe\u00e7as em que a tecnologia de qualidade se alia ao design contempor\u00e2neo.<\/p>\n","protected":false},"excerpt":{"rendered":"<p><span class=\"ig-small\">Este produto \u00e9 inspirado nos motivos das Rendas de Bilros de Vila do Conde.<\/span><\/p>\n<p>Os eco sacos s\u00e3o reutiliz\u00e1veis e extremamente pr\u00e1ticos para as compras, podendo ser usados in\u00fameras vezes. Apesar de suportarem at\u00e9 10 kg, pesam apenas 35 g, tornando-os ideais para transportar na mala. Medidas aproximadas: bolsa 7&#215;12 cm; saco 43&#215;52 cm.<\/p>\n","protected":false},"featured_media":3826,"comment_status":"closed","ping_status":"closed","template":"","meta":{"_exactmetrics_skip_tracking":false,"_exactmetrics_sitenote_active":false,"_exactmetrics_sitenote_note":"","_exactmetrics_sitenote_category":0},"product_brand":[90],"product_cat":[81],"product_tag":[],"class_list":{"0":"post-3364","1":"product","2":"type-product","3":"status-publish","4":"has-post-thumbnail","6":"product_brand-renda-bilros","7":"product_cat-eco-sacos","8":"product_shipping_class-standard-pt-pt","10":"first","11":"instock","12":"taxable","13":"shipping-taxable","14":"purchasable","15":"product-type-simple"},"yoast_head":"<!-- This site is optimized with the Yoast SEO plugin v26.9 - https:\/\/yoast.com\/product\/yoast-seo-wordpress\/ -->\n<title>Eco Saco Renda de Bilros - Terra Lusa<\/title>\n<meta name=\"description\" content=\"Sacos ecol\u00f3gicos, reutiliz\u00e1veis, resistentes e muito pr\u00e1ticos . Pesam apenas 35 g e t\u00eam capacidade para 10kg sendo ideais para transportar na mala.\" \/>\n<meta name=\"robots\" content=\"index, follow, max-snippet:-1, max-image-preview:large, max-video-preview:-1\" \/>\n<link rel=\"canonical\" href=\"https:\/\/terra-lusa.com\/pt-pt\/produto\/eco-saco-renda-de-bilros\/\" \/>\n<meta property=\"og:locale\" content=\"pt_PT\" \/>\n<meta property=\"og:type\" content=\"article\" \/>\n<meta property=\"og:title\" content=\"Eco Saco Renda de Bilros - Terra Lusa\" \/>\n<meta property=\"og:description\" content=\"Sacos ecol\u00f3gicos, reutiliz\u00e1veis, resistentes e muito pr\u00e1ticos . Pesam apenas 35 g e t\u00eam capacidade para 10kg sendo ideais para transportar na mala.\" \/>\n<meta property=\"og:url\" content=\"https:\/\/terra-lusa.com\/pt-pt\/produto\/eco-saco-renda-de-bilros\/\" \/>\n<meta property=\"og:site_name\" content=\"Terra Lusa\" \/>\n<meta property=\"article:modified_time\" content=\"2024-12-09T15:35:28+00:00\" \/>\n<meta property=\"og:image\" content=\"https:\/\/terra-lusa.com\/wp-content\/uploads\/2015\/02\/eco-saco-r-bilros-2.jpg\" \/>\n\t<meta property=\"og:image:width\" content=\"510\" \/>\n\t<meta property=\"og:image:height\" content=\"510\" \/>\n\t<meta property=\"og:image:type\" content=\"image\/jpeg\" \/>\n<meta name=\"twitter:card\" content=\"summary_large_image\" \/>\n<meta name=\"twitter:label1\" content=\"Tempo estimado de leitura\" \/>\n\t<meta name=\"twitter:data1\" content=\"1 minuto\" \/>\n<script type=\"application\/ld+json\" class=\"yoast-schema-graph\">{\"@context\":\"https:\/\/schema.org\",\"@graph\":[{\"@type\":\"WebPage\",\"@id\":\"https:\/\/terra-lusa.com\/pt-pt\/produto\/eco-saco-renda-de-bilros\/\",\"url\":\"https:\/\/terra-lusa.com\/pt-pt\/produto\/eco-saco-renda-de-bilros\/\",\"name\":\"Eco Saco Renda de Bilros - Terra Lusa\",\"isPartOf\":{\"@id\":\"https:\/\/terra-lusa.com\/pt-pt\/#website\"},\"primaryImageOfPage\":{\"@id\":\"https:\/\/terra-lusa.com\/pt-pt\/produto\/eco-saco-renda-de-bilros\/#primaryimage\"},\"image\":{\"@id\":\"https:\/\/terra-lusa.com\/pt-pt\/produto\/eco-saco-renda-de-bilros\/#primaryimage\"},\"thumbnailUrl\":\"https:\/\/terra-lusa.com\/wp-content\/uploads\/2015\/02\/eco-saco-r-bilros-2.jpg\",\"datePublished\":\"2015-02-16T12:31:29+00:00\",\"dateModified\":\"2024-12-09T15:35:28+00:00\",\"description\":\"Sacos ecol\u00f3gicos, reutiliz\u00e1veis, resistentes e muito pr\u00e1ticos . Pesam apenas 35 g e t\u00eam capacidade para 10kg sendo ideais para transportar na mala.\",\"breadcrumb\":{\"@id\":\"https:\/\/terra-lusa.com\/pt-pt\/produto\/eco-saco-renda-de-bilros\/#breadcrumb\"},\"inLanguage\":\"pt-PT\",\"potentialAction\":[{\"@type\":\"ReadAction\",\"target\":[\"https:\/\/terra-lusa.com\/pt-pt\/produto\/eco-saco-renda-de-bilros\/\"]}]},{\"@type\":\"ImageObject\",\"inLanguage\":\"pt-PT\",\"@id\":\"https:\/\/terra-lusa.com\/pt-pt\/produto\/eco-saco-renda-de-bilros\/#primaryimage\",\"url\":\"https:\/\/terra-lusa.com\/wp-content\/uploads\/2015\/02\/eco-saco-r-bilros-2.jpg\",\"contentUrl\":\"https:\/\/terra-lusa.com\/wp-content\/uploads\/2015\/02\/eco-saco-r-bilros-2.jpg\",\"width\":510,\"height\":510},{\"@type\":\"BreadcrumbList\",\"@id\":\"https:\/\/terra-lusa.com\/pt-pt\/produto\/eco-saco-renda-de-bilros\/#breadcrumb\",\"itemListElement\":[{\"@type\":\"ListItem\",\"position\":1,\"name\":\"Home\",\"item\":\"https:\/\/terra-lusa.com\/pt-pt\/\"},{\"@type\":\"ListItem\",\"position\":2,\"name\":\"Produtos\",\"item\":\"https:\/\/terra-lusa.com\/pt-pt\/produtos\/\"},{\"@type\":\"ListItem\",\"position\":3,\"name\":\"Eco Saco Renda de Bilros\"}]},{\"@type\":\"WebSite\",\"@id\":\"https:\/\/terra-lusa.com\/pt-pt\/#website\",\"url\":\"https:\/\/terra-lusa.com\/pt-pt\/\",\"name\":\"Terra Lusa\",\"description\":\"O Melhor de Portugal\",\"potentialAction\":[{\"@type\":\"SearchAction\",\"target\":{\"@type\":\"EntryPoint\",\"urlTemplate\":\"https:\/\/terra-lusa.com\/pt-pt\/?s={search_term_string}\"},\"query-input\":{\"@type\":\"PropertyValueSpecification\",\"valueRequired\":true,\"valueName\":\"search_term_string\"}}],\"inLanguage\":\"pt-PT\"}]}<\/script>\n<!-- \/ Yoast SEO plugin. -->","yoast_head_json":{"title":"Eco Saco Renda de Bilros - Terra Lusa","description":"Sacos ecol\u00f3gicos, reutiliz\u00e1veis, resistentes e muito pr\u00e1ticos . Pesam apenas 35 g e t\u00eam capacidade para 10kg sendo ideais para transportar na mala.","robots":{"index":"index","follow":"follow","max-snippet":"max-snippet:-1","max-image-preview":"max-image-preview:large","max-video-preview":"max-video-preview:-1"},"canonical":"https:\/\/terra-lusa.com\/pt-pt\/produto\/eco-saco-renda-de-bilros\/","og_locale":"pt_PT","og_type":"article","og_title":"Eco Saco Renda de Bilros - Terra Lusa","og_description":"Sacos ecol\u00f3gicos, reutiliz\u00e1veis, resistentes e muito pr\u00e1ticos . Pesam apenas 35 g e t\u00eam capacidade para 10kg sendo ideais para transportar na mala.","og_url":"https:\/\/terra-lusa.com\/pt-pt\/produto\/eco-saco-renda-de-bilros\/","og_site_name":"Terra Lusa","article_modified_time":"2024-12-09T15:35:28+00:00","og_image":[{"width":510,"height":510,"url":"https:\/\/terra-lusa.com\/wp-content\/uploads\/2015\/02\/eco-saco-r-bilros-2.jpg","type":"image\/jpeg"}],"twitter_card":"summary_large_image","twitter_misc":{"Tempo estimado de leitura":"1 minuto"},"schema":{"@context":"https:\/\/schema.org","@graph":[{"@type":"WebPage","@id":"https:\/\/terra-lusa.com\/pt-pt\/produto\/eco-saco-renda-de-bilros\/","url":"https:\/\/terra-lusa.com\/pt-pt\/produto\/eco-saco-renda-de-bilros\/","name":"Eco Saco Renda de Bilros - Terra Lusa","isPartOf":{"@id":"https:\/\/terra-lusa.com\/pt-pt\/#website"},"primaryImageOfPage":{"@id":"https:\/\/terra-lusa.com\/pt-pt\/produto\/eco-saco-renda-de-bilros\/#primaryimage"},"image":{"@id":"https:\/\/terra-lusa.com\/pt-pt\/produto\/eco-saco-renda-de-bilros\/#primaryimage"},"thumbnailUrl":"https:\/\/terra-lusa.com\/wp-content\/uploads\/2015\/02\/eco-saco-r-bilros-2.jpg","datePublished":"2015-02-16T12:31:29+00:00","dateModified":"2024-12-09T15:35:28+00:00","description":"Sacos ecol\u00f3gicos, reutiliz\u00e1veis, resistentes e muito pr\u00e1ticos . Pesam apenas 35 g e t\u00eam capacidade para 10kg sendo ideais para transportar na mala.","breadcrumb":{"@id":"https:\/\/terra-lusa.com\/pt-pt\/produto\/eco-saco-renda-de-bilros\/#breadcrumb"},"inLanguage":"pt-PT","potentialAction":[{"@type":"ReadAction","target":["https:\/\/terra-lusa.com\/pt-pt\/produto\/eco-saco-renda-de-bilros\/"]}]},{"@type":"ImageObject","inLanguage":"pt-PT","@id":"https:\/\/terra-lusa.com\/pt-pt\/produto\/eco-saco-renda-de-bilros\/#primaryimage","url":"https:\/\/terra-lusa.com\/wp-content\/uploads\/2015\/02\/eco-saco-r-bilros-2.jpg","contentUrl":"https:\/\/terra-lusa.com\/wp-content\/uploads\/2015\/02\/eco-saco-r-bilros-2.jpg","width":510,"height":510},{"@type":"BreadcrumbList","@id":"https:\/\/terra-lusa.com\/pt-pt\/produto\/eco-saco-renda-de-bilros\/#breadcrumb","itemListElement":[{"@type":"ListItem","position":1,"name":"Home","item":"https:\/\/terra-lusa.com\/pt-pt\/"},{"@type":"ListItem","position":2,"name":"Produtos","item":"https:\/\/terra-lusa.com\/pt-pt\/produtos\/"},{"@type":"ListItem","position":3,"name":"Eco Saco Renda de Bilros"}]},{"@type":"WebSite","@id":"https:\/\/terra-lusa.com\/pt-pt\/#website","url":"https:\/\/terra-lusa.com\/pt-pt\/","name":"Terra Lusa","description":"O Melhor de Portugal","potentialAction":[{"@type":"SearchAction","target":{"@type":"EntryPoint","urlTemplate":"https:\/\/terra-lusa.com\/pt-pt\/?s={search_term_string}"},"query-input":{"@type":"PropertyValueSpecification","valueRequired":true,"valueName":"search_term_string"}}],"inLanguage":"pt-PT"}]}},"_links":{"self":[{"href":"https:\/\/terra-lusa.com\/pt-pt\/wp-json\/wp\/v2\/product\/3364","targetHints":{"allow":["GET"]}}],"collection":[{"href":"https:\/\/terra-lusa.com\/pt-pt\/wp-json\/wp\/v2\/product"}],"about":[{"href":"https:\/\/terra-lusa.com\/pt-pt\/wp-json\/wp\/v2\/types\/product"}],"replies":[{"embeddable":true,"href":"https:\/\/terra-lusa.com\/pt-pt\/wp-json\/wp\/v2\/comments?post=3364"}],"wp:featuredmedia":[{"embeddable":true,"href":"https:\/\/terra-lusa.com\/pt-pt\/wp-json\/wp\/v2\/media\/3826"}],"wp:attachment":[{"href":"https:\/\/terra-lusa.com\/pt-pt\/wp-json\/wp\/v2\/media?parent=3364"}],"wp:term":[{"taxonomy":"product_brand","embeddable":true,"href":"https:\/\/terra-lusa.com\/pt-pt\/wp-json\/wp\/v2\/product_brand?post=3364"},{"taxonomy":"product_cat","embeddable":true,"href":"https:\/\/terra-lusa.com\/pt-pt\/wp-json\/wp\/v2\/product_cat?post=3364"},{"taxonomy":"product_tag","embeddable":true,"href":"https:\/\/terra-lusa.com\/pt-pt\/wp-json\/wp\/v2\/product_tag?post=3364"}],"curies":[{"name":"wp","href":"https:\/\/api.w.org\/{rel}","templated":true}]}}