{"id":3036,"date":"2015-02-04T11:47:59","date_gmt":"2015-02-04T11:47:59","guid":{"rendered":"http:\/\/terra-lusa.com\/produto\/chita-from-alcobaca-fan-2"},"modified":"2024-12-10T11:53:03","modified_gmt":"2024-12-10T11:53:03","slug":"leque-chita-de-alcobaca","status":"publish","type":"product","link":"https:\/\/terra-lusa.com\/pt-pt\/produto\/leque-chita-de-alcobaca\/","title":{"rendered":"Leque Chita de Alcoba\u00e7a"},"content":{"rendered":"<p>A Chita \u00e9 um tecido de algod\u00e3o estampado origin\u00e1rio da \u00cdndia, introduzido na Europa pelos portugueses no s\u00e9culo XV. Este tecido ganhou grande popularidade nos s\u00e9culos XVII e XVIII, tanto na decora\u00e7\u00e3o quanto no vestu\u00e1rio. A tradi\u00e7\u00e3o dos panos de Alcoba\u00e7a, no entanto, remonta ao s\u00e9culo XVI.<\/p>\n<p>A Chita de Alcoba\u00e7a \u00e9 caracterizada por padr\u00f5es estereotipados muito coloridos de influ\u00eancia indo-europeia, ilustrados com riscas largas e decora\u00e7\u00e3o variada. Esses padr\u00f5es incluem p\u00e1ssaros, aves ex\u00f3ticas, animais, flores, frutas, figuras humanas, cornuc\u00f3pias, \u00e2nforas, ninhos e frutos tropicais. Cada padr\u00e3o tem um nome pr\u00f3prio e varia conforme a cor da barra.<\/p>\n<p>A marca Terra Lusa apresenta v\u00e1rias cole\u00e7\u00f5es de produtos, onde cada uma \u00e9 um tributo ao Patrim\u00f3nio Cultural de Portugal. Entre os produtos destacam-se notebooks, leques, eco sacos, mini guarda-chuvas, caixas de \u00f3culos, panos de microfibra. Todos divididos em tem\u00e1ticas inspiradas em elementos tipicamente portugueses.<\/p>\n<p>800 Anos de Hist\u00f3ria, Cultura e Tradi\u00e7\u00e3o inspiraram a conce\u00e7\u00e3o das v\u00e1rias pe\u00e7as em que a tecnologia de qualidade se alia ao design contempor\u00e2neo.<\/p>\n","protected":false},"excerpt":{"rendered":"<p>Com uma hist\u00f3ria de mais de 500 anos, as chitas s\u00e3o tecidos de algod\u00e3o estampados que simbolizam um intenso e frutuoso di\u00e1logo entre a Europa e a \u00cdndia. Esta pe\u00e7a foi inspirada num padr\u00e3o do s\u00e9culo XIX.<\/p>\n<p>Leque feito de madeira de cerejeira polida, com impress\u00e3o em tela de seda artificial. Quando aberto, as suas dimens\u00f5es s\u00e3o de 43 x 23 cm. Possui 24 varetas e vem numa bolsa pl\u00e1stica.<\/p>\n","protected":false},"featured_media":24537,"comment_status":"closed","ping_status":"closed","template":"","meta":{"_exactmetrics_skip_tracking":false,"_exactmetrics_sitenote_active":false,"_exactmetrics_sitenote_note":"","_exactmetrics_sitenote_category":0},"product_brand":[107],"product_cat":[82],"product_tag":[],"class_list":{"0":"post-3036","1":"product","2":"type-product","3":"status-publish","4":"has-post-thumbnail","6":"product_brand-chita-de-alcobaca","7":"product_cat-leques","8":"product_shipping_class-standard-pt-pt","10":"first","11":"instock","12":"taxable","13":"shipping-taxable","14":"purchasable","15":"product-type-simple"},"yoast_head":"<!-- This site is optimized with the Yoast SEO plugin v26.9 - https:\/\/yoast.com\/product\/yoast-seo-wordpress\/ -->\n<title>Leque Chita de Alcoba\u00e7a - Terra Lusa<\/title>\n<meta name=\"description\" content=\"Cole\u00e7\u00e3o de leques em madeira de pereira polida com impress\u00e3o em tela de seda artificial. A Chita foi o primeiro pano impresso em Portugal\" \/>\n<meta name=\"robots\" content=\"index, follow, max-snippet:-1, max-image-preview:large, max-video-preview:-1\" \/>\n<link rel=\"canonical\" href=\"https:\/\/terra-lusa.com\/pt-pt\/produto\/leque-chita-de-alcobaca\/\" \/>\n<meta property=\"og:locale\" content=\"pt_PT\" \/>\n<meta property=\"og:type\" content=\"article\" \/>\n<meta property=\"og:title\" content=\"Leque Chita de Alcoba\u00e7a - Terra Lusa\" \/>\n<meta property=\"og:description\" content=\"Cole\u00e7\u00e3o de leques em madeira de pereira polida com impress\u00e3o em tela de seda artificial. A Chita foi o primeiro pano impresso em Portugal\" \/>\n<meta property=\"og:url\" content=\"https:\/\/terra-lusa.com\/pt-pt\/produto\/leque-chita-de-alcobaca\/\" \/>\n<meta property=\"og:site_name\" content=\"Terra Lusa\" \/>\n<meta property=\"article:modified_time\" content=\"2024-12-10T11:53:03+00:00\" \/>\n<meta property=\"og:image\" content=\"https:\/\/terra-lusa.com\/wp-content\/uploads\/2021\/08\/307.png\" \/>\n\t<meta property=\"og:image:width\" content=\"600\" \/>\n\t<meta property=\"og:image:height\" content=\"600\" \/>\n\t<meta property=\"og:image:type\" content=\"image\/png\" \/>\n<meta name=\"twitter:card\" content=\"summary_large_image\" \/>\n<meta name=\"twitter:label1\" content=\"Tempo estimado de leitura\" \/>\n\t<meta name=\"twitter:data1\" content=\"2 minutos\" \/>\n<script type=\"application\/ld+json\" class=\"yoast-schema-graph\">{\"@context\":\"https:\/\/schema.org\",\"@graph\":[{\"@type\":\"WebPage\",\"@id\":\"https:\/\/terra-lusa.com\/pt-pt\/produto\/leque-chita-de-alcobaca\/\",\"url\":\"https:\/\/terra-lusa.com\/pt-pt\/produto\/leque-chita-de-alcobaca\/\",\"name\":\"Leque Chita de Alcoba\u00e7a - Terra Lusa\",\"isPartOf\":{\"@id\":\"https:\/\/terra-lusa.com\/pt-pt\/#website\"},\"primaryImageOfPage\":{\"@id\":\"https:\/\/terra-lusa.com\/pt-pt\/produto\/leque-chita-de-alcobaca\/#primaryimage\"},\"image\":{\"@id\":\"https:\/\/terra-lusa.com\/pt-pt\/produto\/leque-chita-de-alcobaca\/#primaryimage\"},\"thumbnailUrl\":\"https:\/\/terra-lusa.com\/wp-content\/uploads\/2021\/08\/307.png\",\"datePublished\":\"2015-02-04T11:47:59+00:00\",\"dateModified\":\"2024-12-10T11:53:03+00:00\",\"description\":\"Cole\u00e7\u00e3o de leques em madeira de pereira polida com impress\u00e3o em tela de seda artificial. A Chita foi o primeiro pano impresso em Portugal\",\"breadcrumb\":{\"@id\":\"https:\/\/terra-lusa.com\/pt-pt\/produto\/leque-chita-de-alcobaca\/#breadcrumb\"},\"inLanguage\":\"pt-PT\",\"potentialAction\":[{\"@type\":\"ReadAction\",\"target\":[\"https:\/\/terra-lusa.com\/pt-pt\/produto\/leque-chita-de-alcobaca\/\"]}]},{\"@type\":\"ImageObject\",\"inLanguage\":\"pt-PT\",\"@id\":\"https:\/\/terra-lusa.com\/pt-pt\/produto\/leque-chita-de-alcobaca\/#primaryimage\",\"url\":\"https:\/\/terra-lusa.com\/wp-content\/uploads\/2021\/08\/307.png\",\"contentUrl\":\"https:\/\/terra-lusa.com\/wp-content\/uploads\/2021\/08\/307.png\",\"width\":600,\"height\":600},{\"@type\":\"BreadcrumbList\",\"@id\":\"https:\/\/terra-lusa.com\/pt-pt\/produto\/leque-chita-de-alcobaca\/#breadcrumb\",\"itemListElement\":[{\"@type\":\"ListItem\",\"position\":1,\"name\":\"Home\",\"item\":\"https:\/\/terra-lusa.com\/pt-pt\/\"},{\"@type\":\"ListItem\",\"position\":2,\"name\":\"Produtos\",\"item\":\"https:\/\/terra-lusa.com\/pt-pt\/produtos\/\"},{\"@type\":\"ListItem\",\"position\":3,\"name\":\"Leque Chita de Alcoba\u00e7a\"}]},{\"@type\":\"WebSite\",\"@id\":\"https:\/\/terra-lusa.com\/pt-pt\/#website\",\"url\":\"https:\/\/terra-lusa.com\/pt-pt\/\",\"name\":\"Terra Lusa\",\"description\":\"O Melhor de Portugal\",\"potentialAction\":[{\"@type\":\"SearchAction\",\"target\":{\"@type\":\"EntryPoint\",\"urlTemplate\":\"https:\/\/terra-lusa.com\/pt-pt\/?s={search_term_string}\"},\"query-input\":{\"@type\":\"PropertyValueSpecification\",\"valueRequired\":true,\"valueName\":\"search_term_string\"}}],\"inLanguage\":\"pt-PT\"}]}<\/script>\n<!-- \/ Yoast SEO plugin. -->","yoast_head_json":{"title":"Leque Chita de Alcoba\u00e7a - Terra Lusa","description":"Cole\u00e7\u00e3o de leques em madeira de pereira polida com impress\u00e3o em tela de seda artificial. A Chita foi o primeiro pano impresso em Portugal","robots":{"index":"index","follow":"follow","max-snippet":"max-snippet:-1","max-image-preview":"max-image-preview:large","max-video-preview":"max-video-preview:-1"},"canonical":"https:\/\/terra-lusa.com\/pt-pt\/produto\/leque-chita-de-alcobaca\/","og_locale":"pt_PT","og_type":"article","og_title":"Leque Chita de Alcoba\u00e7a - Terra Lusa","og_description":"Cole\u00e7\u00e3o de leques em madeira de pereira polida com impress\u00e3o em tela de seda artificial. A Chita foi o primeiro pano impresso em Portugal","og_url":"https:\/\/terra-lusa.com\/pt-pt\/produto\/leque-chita-de-alcobaca\/","og_site_name":"Terra Lusa","article_modified_time":"2024-12-10T11:53:03+00:00","og_image":[{"width":600,"height":600,"url":"https:\/\/terra-lusa.com\/wp-content\/uploads\/2021\/08\/307.png","type":"image\/png"}],"twitter_card":"summary_large_image","twitter_misc":{"Tempo estimado de leitura":"2 minutos"},"schema":{"@context":"https:\/\/schema.org","@graph":[{"@type":"WebPage","@id":"https:\/\/terra-lusa.com\/pt-pt\/produto\/leque-chita-de-alcobaca\/","url":"https:\/\/terra-lusa.com\/pt-pt\/produto\/leque-chita-de-alcobaca\/","name":"Leque Chita de Alcoba\u00e7a - Terra Lusa","isPartOf":{"@id":"https:\/\/terra-lusa.com\/pt-pt\/#website"},"primaryImageOfPage":{"@id":"https:\/\/terra-lusa.com\/pt-pt\/produto\/leque-chita-de-alcobaca\/#primaryimage"},"image":{"@id":"https:\/\/terra-lusa.com\/pt-pt\/produto\/leque-chita-de-alcobaca\/#primaryimage"},"thumbnailUrl":"https:\/\/terra-lusa.com\/wp-content\/uploads\/2021\/08\/307.png","datePublished":"2015-02-04T11:47:59+00:00","dateModified":"2024-12-10T11:53:03+00:00","description":"Cole\u00e7\u00e3o de leques em madeira de pereira polida com impress\u00e3o em tela de seda artificial. A Chita foi o primeiro pano impresso em Portugal","breadcrumb":{"@id":"https:\/\/terra-lusa.com\/pt-pt\/produto\/leque-chita-de-alcobaca\/#breadcrumb"},"inLanguage":"pt-PT","potentialAction":[{"@type":"ReadAction","target":["https:\/\/terra-lusa.com\/pt-pt\/produto\/leque-chita-de-alcobaca\/"]}]},{"@type":"ImageObject","inLanguage":"pt-PT","@id":"https:\/\/terra-lusa.com\/pt-pt\/produto\/leque-chita-de-alcobaca\/#primaryimage","url":"https:\/\/terra-lusa.com\/wp-content\/uploads\/2021\/08\/307.png","contentUrl":"https:\/\/terra-lusa.com\/wp-content\/uploads\/2021\/08\/307.png","width":600,"height":600},{"@type":"BreadcrumbList","@id":"https:\/\/terra-lusa.com\/pt-pt\/produto\/leque-chita-de-alcobaca\/#breadcrumb","itemListElement":[{"@type":"ListItem","position":1,"name":"Home","item":"https:\/\/terra-lusa.com\/pt-pt\/"},{"@type":"ListItem","position":2,"name":"Produtos","item":"https:\/\/terra-lusa.com\/pt-pt\/produtos\/"},{"@type":"ListItem","position":3,"name":"Leque Chita de Alcoba\u00e7a"}]},{"@type":"WebSite","@id":"https:\/\/terra-lusa.com\/pt-pt\/#website","url":"https:\/\/terra-lusa.com\/pt-pt\/","name":"Terra Lusa","description":"O Melhor de Portugal","potentialAction":[{"@type":"SearchAction","target":{"@type":"EntryPoint","urlTemplate":"https:\/\/terra-lusa.com\/pt-pt\/?s={search_term_string}"},"query-input":{"@type":"PropertyValueSpecification","valueRequired":true,"valueName":"search_term_string"}}],"inLanguage":"pt-PT"}]}},"_links":{"self":[{"href":"https:\/\/terra-lusa.com\/pt-pt\/wp-json\/wp\/v2\/product\/3036","targetHints":{"allow":["GET"]}}],"collection":[{"href":"https:\/\/terra-lusa.com\/pt-pt\/wp-json\/wp\/v2\/product"}],"about":[{"href":"https:\/\/terra-lusa.com\/pt-pt\/wp-json\/wp\/v2\/types\/product"}],"replies":[{"embeddable":true,"href":"https:\/\/terra-lusa.com\/pt-pt\/wp-json\/wp\/v2\/comments?post=3036"}],"wp:featuredmedia":[{"embeddable":true,"href":"https:\/\/terra-lusa.com\/pt-pt\/wp-json\/wp\/v2\/media\/24537"}],"wp:attachment":[{"href":"https:\/\/terra-lusa.com\/pt-pt\/wp-json\/wp\/v2\/media?parent=3036"}],"wp:term":[{"taxonomy":"product_brand","embeddable":true,"href":"https:\/\/terra-lusa.com\/pt-pt\/wp-json\/wp\/v2\/product_brand?post=3036"},{"taxonomy":"product_cat","embeddable":true,"href":"https:\/\/terra-lusa.com\/pt-pt\/wp-json\/wp\/v2\/product_cat?post=3036"},{"taxonomy":"product_tag","embeddable":true,"href":"https:\/\/terra-lusa.com\/pt-pt\/wp-json\/wp\/v2\/product_tag?post=3036"}],"curies":[{"name":"wp","href":"https:\/\/api.w.org\/{rel}","templated":true}]}}