{"id":25849,"date":"2025-09-08T11:23:44","date_gmt":"2025-09-08T11:23:44","guid":{"rendered":"https:\/\/terra-lusa.com\/?post_type=product&#038;p=25849"},"modified":"2025-09-18T10:06:06","modified_gmt":"2025-09-18T10:06:06","slug":"eco-sacola-azulejo-figura-avulsa","status":"publish","type":"product","link":"https:\/\/terra-lusa.com\/pt-pt\/produto\/eco-sacola-azulejo-figura-avulsa\/","title":{"rendered":"Eco Sacola Azulejo Azulejo Figura Avulsa"},"content":{"rendered":"<p>O azulejo de figura avulsa, inspirado nos estilos holandeses de Delft, emergiu no final do s\u00e9culo XVII, quando os azulejos de padr\u00e3o ca\u00edram em desuso. Estes azulejos introduziram temas e desenhos mais alinhados com a interpreta\u00e7\u00e3o portuguesa da vida, conferindo-lhes um estilo distintivamente nacional.<\/p>\n<p>A sua pintura abrange uma vasta gama de temas: flores, animais, barcos, casas, torres, cestos com flores ou frutos e figuras humanas.<\/p>\n<p>A principal caracter\u00edstica destes azulejos \u00e9 o motivo ornamental solto que decora o centro. Esse motivo pode ser o \u00fanico ornamento decorativo do azulejo ou pode ser complementado por outros adornos nos cantos, que podem estar relacionados entre si ou isolados.<\/p>\n<p>A marca Terra Lusa apresenta v\u00e1rias cole\u00e7\u00f5es de produtos, onde cada uma \u00e9 um tributo ao Patrim\u00f3nio Cultural de Portugal. Entre os produtos destacam-se notebooks, leques, eco sacos, mini guarda-chuvas, caixas de \u00f3culos, panos de microfibra. Todos divididos em tem\u00e1ticas inspiradas em elementos tipicamente portugueses.<\/p>\n<p>800 Anos de Hist\u00f3ria, Cultura e Tradi\u00e7\u00e3o inspiraram a conce\u00e7\u00e3o das v\u00e1rias pe\u00e7as em que a tecnologia de qualidade se alia ao design contempor\u00e2neo.<\/p>\n<p>&nbsp;<\/p>\n<p>&nbsp;<\/p>\n","protected":false},"excerpt":{"rendered":"<p>Esta pe\u00e7a \u00e9 inspirada nos azulejos de figura avulsa do miradouro de Santa Luzia, em Lisboa. Inspirado nos estilos holandeses, o azulejo de figura avulsa surgiu em Portugal no final do s\u00e9culo XVII, com tem\u00e1ticas e desenhos adaptados \u00e0 interpreta\u00e7\u00e3o portuguesa da vida<\/p>\n<p>Este saco de al\u00e7as \u00e9 resistente \u00e0 \u00e1gua e ecol\u00f3gico. Cada lado tem uma imagem diferente do mesmo motivo. Saco (35 x 38 cm). Al\u00e7as 28 cm.<\/p>\n<p>&nbsp;<\/p>\n","protected":false},"featured_media":25859,"comment_status":"closed","ping_status":"closed","template":"","meta":{"_exactmetrics_skip_tracking":false,"_exactmetrics_sitenote_active":false,"_exactmetrics_sitenote_note":"","_exactmetrics_sitenote_category":0},"product_brand":[199],"product_cat":[144],"product_tag":[],"class_list":{"0":"post-25849","1":"product","2":"type-product","3":"status-publish","4":"has-post-thumbnail","6":"product_brand-azulejo-figura-avulsa","7":"product_cat-eco-sacolas","9":"first","10":"instock","11":"taxable","12":"shipping-taxable","13":"purchasable","14":"product-type-simple"},"yoast_head":"<!-- This site is optimized with the Yoast SEO plugin v26.9 - https:\/\/yoast.com\/product\/yoast-seo-wordpress\/ -->\n<title>Eco Sacola Azulejo Azulejo Figura Avulsa - Terra Lusa<\/title>\n<meta name=\"description\" content=\"Este saco de al\u00e7as \u00e9 resistente \u00e0 \u00e1gua e ecol\u00f3gico. Apresenta-se com imagens diferentes do mesmo motivo nos dois lados do saco\" \/>\n<meta name=\"robots\" content=\"index, follow, max-snippet:-1, max-image-preview:large, max-video-preview:-1\" \/>\n<link rel=\"canonical\" href=\"https:\/\/terra-lusa.com\/pt-pt\/produto\/eco-sacola-azulejo-figura-avulsa\/\" \/>\n<meta property=\"og:locale\" content=\"pt_PT\" \/>\n<meta property=\"og:type\" content=\"article\" \/>\n<meta property=\"og:title\" content=\"Eco Sacola Azulejo Azulejo Figura Avulsa - Terra Lusa\" \/>\n<meta property=\"og:description\" content=\"Este saco de al\u00e7as \u00e9 resistente \u00e0 \u00e1gua e ecol\u00f3gico. Apresenta-se com imagens diferentes do mesmo motivo nos dois lados do saco\" \/>\n<meta property=\"og:url\" content=\"https:\/\/terra-lusa.com\/pt-pt\/produto\/eco-sacola-azulejo-figura-avulsa\/\" \/>\n<meta property=\"og:site_name\" content=\"Terra Lusa\" \/>\n<meta property=\"article:modified_time\" content=\"2025-09-18T10:06:06+00:00\" \/>\n<meta property=\"og:image\" content=\"https:\/\/terra-lusa.com\/wp-content\/uploads\/2025\/09\/20233-1.png\" \/>\n\t<meta property=\"og:image:width\" content=\"1080\" \/>\n\t<meta property=\"og:image:height\" content=\"1080\" \/>\n\t<meta property=\"og:image:type\" content=\"image\/png\" \/>\n<meta name=\"twitter:card\" content=\"summary_large_image\" \/>\n<meta name=\"twitter:label1\" content=\"Tempo estimado de leitura\" \/>\n\t<meta name=\"twitter:data1\" content=\"2 minutos\" \/>\n<script type=\"application\/ld+json\" class=\"yoast-schema-graph\">{\"@context\":\"https:\/\/schema.org\",\"@graph\":[{\"@type\":\"WebPage\",\"@id\":\"https:\/\/terra-lusa.com\/pt-pt\/produto\/eco-sacola-azulejo-figura-avulsa\/\",\"url\":\"https:\/\/terra-lusa.com\/pt-pt\/produto\/eco-sacola-azulejo-figura-avulsa\/\",\"name\":\"Eco Sacola Azulejo Azulejo Figura Avulsa - Terra Lusa\",\"isPartOf\":{\"@id\":\"https:\/\/terra-lusa.com\/pt-pt\/#website\"},\"primaryImageOfPage\":{\"@id\":\"https:\/\/terra-lusa.com\/pt-pt\/produto\/eco-sacola-azulejo-figura-avulsa\/#primaryimage\"},\"image\":{\"@id\":\"https:\/\/terra-lusa.com\/pt-pt\/produto\/eco-sacola-azulejo-figura-avulsa\/#primaryimage\"},\"thumbnailUrl\":\"https:\/\/terra-lusa.com\/wp-content\/uploads\/2025\/09\/20233-1.png\",\"datePublished\":\"2025-09-08T11:23:44+00:00\",\"dateModified\":\"2025-09-18T10:06:06+00:00\",\"description\":\"Este saco de al\u00e7as \u00e9 resistente \u00e0 \u00e1gua e ecol\u00f3gico. Apresenta-se com imagens diferentes do mesmo motivo nos dois lados do saco\",\"breadcrumb\":{\"@id\":\"https:\/\/terra-lusa.com\/pt-pt\/produto\/eco-sacola-azulejo-figura-avulsa\/#breadcrumb\"},\"inLanguage\":\"pt-PT\",\"potentialAction\":[{\"@type\":\"ReadAction\",\"target\":[\"https:\/\/terra-lusa.com\/pt-pt\/produto\/eco-sacola-azulejo-figura-avulsa\/\"]}]},{\"@type\":\"ImageObject\",\"inLanguage\":\"pt-PT\",\"@id\":\"https:\/\/terra-lusa.com\/pt-pt\/produto\/eco-sacola-azulejo-figura-avulsa\/#primaryimage\",\"url\":\"https:\/\/terra-lusa.com\/wp-content\/uploads\/2025\/09\/20233-1.png\",\"contentUrl\":\"https:\/\/terra-lusa.com\/wp-content\/uploads\/2025\/09\/20233-1.png\",\"width\":1080,\"height\":1080},{\"@type\":\"BreadcrumbList\",\"@id\":\"https:\/\/terra-lusa.com\/pt-pt\/produto\/eco-sacola-azulejo-figura-avulsa\/#breadcrumb\",\"itemListElement\":[{\"@type\":\"ListItem\",\"position\":1,\"name\":\"Home\",\"item\":\"https:\/\/terra-lusa.com\/pt-pt\/\"},{\"@type\":\"ListItem\",\"position\":2,\"name\":\"Produtos\",\"item\":\"https:\/\/terra-lusa.com\/pt-pt\/produtos\/\"},{\"@type\":\"ListItem\",\"position\":3,\"name\":\"Eco Sacola Azulejo Azulejo Figura Avulsa\"}]},{\"@type\":\"WebSite\",\"@id\":\"https:\/\/terra-lusa.com\/pt-pt\/#website\",\"url\":\"https:\/\/terra-lusa.com\/pt-pt\/\",\"name\":\"Terra Lusa\",\"description\":\"O Melhor de Portugal\",\"potentialAction\":[{\"@type\":\"SearchAction\",\"target\":{\"@type\":\"EntryPoint\",\"urlTemplate\":\"https:\/\/terra-lusa.com\/pt-pt\/?s={search_term_string}\"},\"query-input\":{\"@type\":\"PropertyValueSpecification\",\"valueRequired\":true,\"valueName\":\"search_term_string\"}}],\"inLanguage\":\"pt-PT\"}]}<\/script>\n<!-- \/ Yoast SEO plugin. -->","yoast_head_json":{"title":"Eco Sacola Azulejo Azulejo Figura Avulsa - Terra Lusa","description":"Este saco de al\u00e7as \u00e9 resistente \u00e0 \u00e1gua e ecol\u00f3gico. Apresenta-se com imagens diferentes do mesmo motivo nos dois lados do saco","robots":{"index":"index","follow":"follow","max-snippet":"max-snippet:-1","max-image-preview":"max-image-preview:large","max-video-preview":"max-video-preview:-1"},"canonical":"https:\/\/terra-lusa.com\/pt-pt\/produto\/eco-sacola-azulejo-figura-avulsa\/","og_locale":"pt_PT","og_type":"article","og_title":"Eco Sacola Azulejo Azulejo Figura Avulsa - Terra Lusa","og_description":"Este saco de al\u00e7as \u00e9 resistente \u00e0 \u00e1gua e ecol\u00f3gico. Apresenta-se com imagens diferentes do mesmo motivo nos dois lados do saco","og_url":"https:\/\/terra-lusa.com\/pt-pt\/produto\/eco-sacola-azulejo-figura-avulsa\/","og_site_name":"Terra Lusa","article_modified_time":"2025-09-18T10:06:06+00:00","og_image":[{"width":1080,"height":1080,"url":"https:\/\/terra-lusa.com\/wp-content\/uploads\/2025\/09\/20233-1.png","type":"image\/png"}],"twitter_card":"summary_large_image","twitter_misc":{"Tempo estimado de leitura":"2 minutos"},"schema":{"@context":"https:\/\/schema.org","@graph":[{"@type":"WebPage","@id":"https:\/\/terra-lusa.com\/pt-pt\/produto\/eco-sacola-azulejo-figura-avulsa\/","url":"https:\/\/terra-lusa.com\/pt-pt\/produto\/eco-sacola-azulejo-figura-avulsa\/","name":"Eco Sacola Azulejo Azulejo Figura Avulsa - Terra Lusa","isPartOf":{"@id":"https:\/\/terra-lusa.com\/pt-pt\/#website"},"primaryImageOfPage":{"@id":"https:\/\/terra-lusa.com\/pt-pt\/produto\/eco-sacola-azulejo-figura-avulsa\/#primaryimage"},"image":{"@id":"https:\/\/terra-lusa.com\/pt-pt\/produto\/eco-sacola-azulejo-figura-avulsa\/#primaryimage"},"thumbnailUrl":"https:\/\/terra-lusa.com\/wp-content\/uploads\/2025\/09\/20233-1.png","datePublished":"2025-09-08T11:23:44+00:00","dateModified":"2025-09-18T10:06:06+00:00","description":"Este saco de al\u00e7as \u00e9 resistente \u00e0 \u00e1gua e ecol\u00f3gico. Apresenta-se com imagens diferentes do mesmo motivo nos dois lados do saco","breadcrumb":{"@id":"https:\/\/terra-lusa.com\/pt-pt\/produto\/eco-sacola-azulejo-figura-avulsa\/#breadcrumb"},"inLanguage":"pt-PT","potentialAction":[{"@type":"ReadAction","target":["https:\/\/terra-lusa.com\/pt-pt\/produto\/eco-sacola-azulejo-figura-avulsa\/"]}]},{"@type":"ImageObject","inLanguage":"pt-PT","@id":"https:\/\/terra-lusa.com\/pt-pt\/produto\/eco-sacola-azulejo-figura-avulsa\/#primaryimage","url":"https:\/\/terra-lusa.com\/wp-content\/uploads\/2025\/09\/20233-1.png","contentUrl":"https:\/\/terra-lusa.com\/wp-content\/uploads\/2025\/09\/20233-1.png","width":1080,"height":1080},{"@type":"BreadcrumbList","@id":"https:\/\/terra-lusa.com\/pt-pt\/produto\/eco-sacola-azulejo-figura-avulsa\/#breadcrumb","itemListElement":[{"@type":"ListItem","position":1,"name":"Home","item":"https:\/\/terra-lusa.com\/pt-pt\/"},{"@type":"ListItem","position":2,"name":"Produtos","item":"https:\/\/terra-lusa.com\/pt-pt\/produtos\/"},{"@type":"ListItem","position":3,"name":"Eco Sacola Azulejo Azulejo Figura Avulsa"}]},{"@type":"WebSite","@id":"https:\/\/terra-lusa.com\/pt-pt\/#website","url":"https:\/\/terra-lusa.com\/pt-pt\/","name":"Terra Lusa","description":"O Melhor de Portugal","potentialAction":[{"@type":"SearchAction","target":{"@type":"EntryPoint","urlTemplate":"https:\/\/terra-lusa.com\/pt-pt\/?s={search_term_string}"},"query-input":{"@type":"PropertyValueSpecification","valueRequired":true,"valueName":"search_term_string"}}],"inLanguage":"pt-PT"}]}},"_links":{"self":[{"href":"https:\/\/terra-lusa.com\/pt-pt\/wp-json\/wp\/v2\/product\/25849","targetHints":{"allow":["GET"]}}],"collection":[{"href":"https:\/\/terra-lusa.com\/pt-pt\/wp-json\/wp\/v2\/product"}],"about":[{"href":"https:\/\/terra-lusa.com\/pt-pt\/wp-json\/wp\/v2\/types\/product"}],"replies":[{"embeddable":true,"href":"https:\/\/terra-lusa.com\/pt-pt\/wp-json\/wp\/v2\/comments?post=25849"}],"wp:featuredmedia":[{"embeddable":true,"href":"https:\/\/terra-lusa.com\/pt-pt\/wp-json\/wp\/v2\/media\/25859"}],"wp:attachment":[{"href":"https:\/\/terra-lusa.com\/pt-pt\/wp-json\/wp\/v2\/media?parent=25849"}],"wp:term":[{"taxonomy":"product_brand","embeddable":true,"href":"https:\/\/terra-lusa.com\/pt-pt\/wp-json\/wp\/v2\/product_brand?post=25849"},{"taxonomy":"product_cat","embeddable":true,"href":"https:\/\/terra-lusa.com\/pt-pt\/wp-json\/wp\/v2\/product_cat?post=25849"},{"taxonomy":"product_tag","embeddable":true,"href":"https:\/\/terra-lusa.com\/pt-pt\/wp-json\/wp\/v2\/product_tag?post=25849"}],"curies":[{"name":"wp","href":"https:\/\/api.w.org\/{rel}","templated":true}]}}