{"id":25840,"date":"2025-09-04T15:33:09","date_gmt":"2025-09-04T15:33:09","guid":{"rendered":"https:\/\/terra-lusa.com\/?post_type=product&#038;p=25840"},"modified":"2025-09-04T15:44:08","modified_gmt":"2025-09-04T15:44:08","slug":"guarda-chuva-sardinhas-copia","status":"publish","type":"product","link":"https:\/\/terra-lusa.com\/pt-pt\/produto\/guarda-chuva-sardinhas-copia\/","title":{"rendered":"Garrafa T\u00e9rmica Sardinhas"},"content":{"rendered":"<p>Considerada comida de pobres, a sardinha era um alimento b\u00e1sico, especialmente em cidades como Lisboa, onde \u00e9 tradi\u00e7\u00e3o com\u00ea-las assadas durante as festas de Santo Ant\u00f3nio, o padroeiro da cidade.<\/p>\n<p>As primeiras sardinhas art\u00edsticas remontam ao s\u00e9culo XIX, criadas por Raphael Bordalo Pinheiro (1846-1905). Apenas em 2003, com a cria\u00e7\u00e3o do concurso de sardinhas das festas de Lisboa, elas come\u00e7aram a popularizar-se, transformando-se em \u00edcones da cultura e gastronomia lisboeta.<\/p>\n<p>A marca Terra Lusa apresenta v\u00e1rias cole\u00e7\u00f5es de produtos, onde cada uma \u00e9 um tributo ao Patrim\u00f3nio Cultural de Portugal. Entre os produtos destacam-se notebooks, leques, eco sacos, mini guarda-chuvas, caixas de \u00f3culos, panos de microfibra. Todos divididos em tem\u00e1ticas inspiradas em elementos tipicamente portugueses.<\/p>\n<p>800 Anos de Hist\u00f3ria, Cultura e Tradi\u00e7\u00e3o inspiraram a conce\u00e7\u00e3o das v\u00e1rias pe\u00e7as em que a tecnologia de qualidade se alia ao design contempor\u00e2neo.<\/p>\n","protected":false},"excerpt":{"rendered":"<p>As sardinhas s\u00e3o um s\u00edmbolo popular da identidade e tradi\u00e7\u00e3o portuguesa. As decora\u00e7\u00f5es de sardinhas nesta garrafa t\u00e9rmica representam diferentes temas do patrim\u00f3nio cultural de Portugal.<\/p>\n<p>Com 500ml de capacidade, mant\u00e9m bebidas quentes por at\u00e9 12h ou frias por 24h. Design ergon\u00f3mico com pega em silicone, isolamento de parede dupla e camada anti condensa\u00e7\u00e3o. Livre de BPA.<\/p>\n","protected":false},"featured_media":25801,"comment_status":"closed","ping_status":"closed","template":"","meta":{"_exactmetrics_skip_tracking":false,"_exactmetrics_sitenote_active":false,"_exactmetrics_sitenote_note":"","_exactmetrics_sitenote_category":0},"product_brand":[132],"product_cat":[208],"product_tag":[],"class_list":{"0":"post-25840","1":"product","2":"type-product","3":"status-publish","4":"has-post-thumbnail","6":"product_brand-sardinhas","7":"product_cat-garrafas-termicas","9":"first","10":"instock","11":"taxable","12":"shipping-taxable","13":"purchasable","14":"product-type-simple"},"yoast_head":"<!-- This site is optimized with the Yoast SEO plugin v26.9 - https:\/\/yoast.com\/product\/yoast-seo-wordpress\/ -->\n<title>Garrafa T\u00e9rmica Sardinhas - Terra Lusa<\/title>\n<meta name=\"robots\" content=\"index, follow, max-snippet:-1, max-image-preview:large, max-video-preview:-1\" \/>\n<link rel=\"canonical\" href=\"https:\/\/terra-lusa.com\/pt-pt\/produto\/guarda-chuva-sardinhas-copia\/\" \/>\n<meta property=\"og:locale\" content=\"pt_PT\" \/>\n<meta property=\"og:type\" content=\"article\" \/>\n<meta property=\"og:title\" content=\"Garrafa T\u00e9rmica Sardinhas - Terra Lusa\" \/>\n<meta property=\"og:description\" content=\"As sardinhas s\u00e3o um s\u00edmbolo popular da identidade e tradi\u00e7\u00e3o portuguesa. As decora\u00e7\u00f5es de sardinhas nesta garrafa t\u00e9rmica representam diferentes temas do patrim\u00f3nio cultural de Portugal.  Com 500ml de capacidade, mant\u00e9m bebidas quentes por at\u00e9 12h ou frias por 24h. Design ergon\u00f3mico com pega em silicone, isolamento de parede dupla e camada anti condensa\u00e7\u00e3o. Livre de BPA.\" \/>\n<meta property=\"og:url\" content=\"https:\/\/terra-lusa.com\/pt-pt\/produto\/guarda-chuva-sardinhas-copia\/\" \/>\n<meta property=\"og:site_name\" content=\"Terra Lusa\" \/>\n<meta property=\"article:modified_time\" content=\"2025-09-04T15:44:08+00:00\" \/>\n<meta property=\"og:image\" content=\"https:\/\/terra-lusa.com\/wp-content\/uploads\/2025\/09\/GT-3A.png\" \/>\n\t<meta property=\"og:image:width\" content=\"600\" \/>\n\t<meta property=\"og:image:height\" content=\"600\" \/>\n\t<meta property=\"og:image:type\" content=\"image\/png\" \/>\n<meta name=\"twitter:card\" content=\"summary_large_image\" \/>\n<meta name=\"twitter:label1\" content=\"Tempo estimado de leitura\" \/>\n\t<meta name=\"twitter:data1\" content=\"1 minuto\" \/>\n<script type=\"application\/ld+json\" class=\"yoast-schema-graph\">{\"@context\":\"https:\/\/schema.org\",\"@graph\":[{\"@type\":\"WebPage\",\"@id\":\"https:\/\/terra-lusa.com\/pt-pt\/produto\/guarda-chuva-sardinhas-copia\/\",\"url\":\"https:\/\/terra-lusa.com\/pt-pt\/produto\/guarda-chuva-sardinhas-copia\/\",\"name\":\"Garrafa T\u00e9rmica Sardinhas - Terra Lusa\",\"isPartOf\":{\"@id\":\"https:\/\/terra-lusa.com\/pt-pt\/#website\"},\"primaryImageOfPage\":{\"@id\":\"https:\/\/terra-lusa.com\/pt-pt\/produto\/guarda-chuva-sardinhas-copia\/#primaryimage\"},\"image\":{\"@id\":\"https:\/\/terra-lusa.com\/pt-pt\/produto\/guarda-chuva-sardinhas-copia\/#primaryimage\"},\"thumbnailUrl\":\"https:\/\/terra-lusa.com\/wp-content\/uploads\/2025\/09\/GT-3A.png\",\"datePublished\":\"2025-09-04T15:33:09+00:00\",\"dateModified\":\"2025-09-04T15:44:08+00:00\",\"breadcrumb\":{\"@id\":\"https:\/\/terra-lusa.com\/pt-pt\/produto\/guarda-chuva-sardinhas-copia\/#breadcrumb\"},\"inLanguage\":\"pt-PT\",\"potentialAction\":[{\"@type\":\"ReadAction\",\"target\":[\"https:\/\/terra-lusa.com\/pt-pt\/produto\/guarda-chuva-sardinhas-copia\/\"]}]},{\"@type\":\"ImageObject\",\"inLanguage\":\"pt-PT\",\"@id\":\"https:\/\/terra-lusa.com\/pt-pt\/produto\/guarda-chuva-sardinhas-copia\/#primaryimage\",\"url\":\"https:\/\/terra-lusa.com\/wp-content\/uploads\/2025\/09\/GT-3A.png\",\"contentUrl\":\"https:\/\/terra-lusa.com\/wp-content\/uploads\/2025\/09\/GT-3A.png\",\"width\":600,\"height\":600},{\"@type\":\"BreadcrumbList\",\"@id\":\"https:\/\/terra-lusa.com\/pt-pt\/produto\/guarda-chuva-sardinhas-copia\/#breadcrumb\",\"itemListElement\":[{\"@type\":\"ListItem\",\"position\":1,\"name\":\"Home\",\"item\":\"https:\/\/terra-lusa.com\/pt-pt\/\"},{\"@type\":\"ListItem\",\"position\":2,\"name\":\"Produtos\",\"item\":\"https:\/\/terra-lusa.com\/pt-pt\/produtos\/\"},{\"@type\":\"ListItem\",\"position\":3,\"name\":\"Garrafa T\u00e9rmica Sardinhas\"}]},{\"@type\":\"WebSite\",\"@id\":\"https:\/\/terra-lusa.com\/pt-pt\/#website\",\"url\":\"https:\/\/terra-lusa.com\/pt-pt\/\",\"name\":\"Terra Lusa\",\"description\":\"O Melhor de Portugal\",\"potentialAction\":[{\"@type\":\"SearchAction\",\"target\":{\"@type\":\"EntryPoint\",\"urlTemplate\":\"https:\/\/terra-lusa.com\/pt-pt\/?s={search_term_string}\"},\"query-input\":{\"@type\":\"PropertyValueSpecification\",\"valueRequired\":true,\"valueName\":\"search_term_string\"}}],\"inLanguage\":\"pt-PT\"}]}<\/script>\n<!-- \/ Yoast SEO plugin. -->","yoast_head_json":{"title":"Garrafa T\u00e9rmica Sardinhas - Terra Lusa","robots":{"index":"index","follow":"follow","max-snippet":"max-snippet:-1","max-image-preview":"max-image-preview:large","max-video-preview":"max-video-preview:-1"},"canonical":"https:\/\/terra-lusa.com\/pt-pt\/produto\/guarda-chuva-sardinhas-copia\/","og_locale":"pt_PT","og_type":"article","og_title":"Garrafa T\u00e9rmica Sardinhas - Terra Lusa","og_description":"As sardinhas s\u00e3o um s\u00edmbolo popular da identidade e tradi\u00e7\u00e3o portuguesa. As decora\u00e7\u00f5es de sardinhas nesta garrafa t\u00e9rmica representam diferentes temas do patrim\u00f3nio cultural de Portugal.  Com 500ml de capacidade, mant\u00e9m bebidas quentes por at\u00e9 12h ou frias por 24h. Design ergon\u00f3mico com pega em silicone, isolamento de parede dupla e camada anti condensa\u00e7\u00e3o. Livre de BPA.","og_url":"https:\/\/terra-lusa.com\/pt-pt\/produto\/guarda-chuva-sardinhas-copia\/","og_site_name":"Terra Lusa","article_modified_time":"2025-09-04T15:44:08+00:00","og_image":[{"width":600,"height":600,"url":"https:\/\/terra-lusa.com\/wp-content\/uploads\/2025\/09\/GT-3A.png","type":"image\/png"}],"twitter_card":"summary_large_image","twitter_misc":{"Tempo estimado de leitura":"1 minuto"},"schema":{"@context":"https:\/\/schema.org","@graph":[{"@type":"WebPage","@id":"https:\/\/terra-lusa.com\/pt-pt\/produto\/guarda-chuva-sardinhas-copia\/","url":"https:\/\/terra-lusa.com\/pt-pt\/produto\/guarda-chuva-sardinhas-copia\/","name":"Garrafa T\u00e9rmica Sardinhas - Terra Lusa","isPartOf":{"@id":"https:\/\/terra-lusa.com\/pt-pt\/#website"},"primaryImageOfPage":{"@id":"https:\/\/terra-lusa.com\/pt-pt\/produto\/guarda-chuva-sardinhas-copia\/#primaryimage"},"image":{"@id":"https:\/\/terra-lusa.com\/pt-pt\/produto\/guarda-chuva-sardinhas-copia\/#primaryimage"},"thumbnailUrl":"https:\/\/terra-lusa.com\/wp-content\/uploads\/2025\/09\/GT-3A.png","datePublished":"2025-09-04T15:33:09+00:00","dateModified":"2025-09-04T15:44:08+00:00","breadcrumb":{"@id":"https:\/\/terra-lusa.com\/pt-pt\/produto\/guarda-chuva-sardinhas-copia\/#breadcrumb"},"inLanguage":"pt-PT","potentialAction":[{"@type":"ReadAction","target":["https:\/\/terra-lusa.com\/pt-pt\/produto\/guarda-chuva-sardinhas-copia\/"]}]},{"@type":"ImageObject","inLanguage":"pt-PT","@id":"https:\/\/terra-lusa.com\/pt-pt\/produto\/guarda-chuva-sardinhas-copia\/#primaryimage","url":"https:\/\/terra-lusa.com\/wp-content\/uploads\/2025\/09\/GT-3A.png","contentUrl":"https:\/\/terra-lusa.com\/wp-content\/uploads\/2025\/09\/GT-3A.png","width":600,"height":600},{"@type":"BreadcrumbList","@id":"https:\/\/terra-lusa.com\/pt-pt\/produto\/guarda-chuva-sardinhas-copia\/#breadcrumb","itemListElement":[{"@type":"ListItem","position":1,"name":"Home","item":"https:\/\/terra-lusa.com\/pt-pt\/"},{"@type":"ListItem","position":2,"name":"Produtos","item":"https:\/\/terra-lusa.com\/pt-pt\/produtos\/"},{"@type":"ListItem","position":3,"name":"Garrafa T\u00e9rmica Sardinhas"}]},{"@type":"WebSite","@id":"https:\/\/terra-lusa.com\/pt-pt\/#website","url":"https:\/\/terra-lusa.com\/pt-pt\/","name":"Terra Lusa","description":"O Melhor de Portugal","potentialAction":[{"@type":"SearchAction","target":{"@type":"EntryPoint","urlTemplate":"https:\/\/terra-lusa.com\/pt-pt\/?s={search_term_string}"},"query-input":{"@type":"PropertyValueSpecification","valueRequired":true,"valueName":"search_term_string"}}],"inLanguage":"pt-PT"}]}},"_links":{"self":[{"href":"https:\/\/terra-lusa.com\/pt-pt\/wp-json\/wp\/v2\/product\/25840","targetHints":{"allow":["GET"]}}],"collection":[{"href":"https:\/\/terra-lusa.com\/pt-pt\/wp-json\/wp\/v2\/product"}],"about":[{"href":"https:\/\/terra-lusa.com\/pt-pt\/wp-json\/wp\/v2\/types\/product"}],"replies":[{"embeddable":true,"href":"https:\/\/terra-lusa.com\/pt-pt\/wp-json\/wp\/v2\/comments?post=25840"}],"wp:featuredmedia":[{"embeddable":true,"href":"https:\/\/terra-lusa.com\/pt-pt\/wp-json\/wp\/v2\/media\/25801"}],"wp:attachment":[{"href":"https:\/\/terra-lusa.com\/pt-pt\/wp-json\/wp\/v2\/media?parent=25840"}],"wp:term":[{"taxonomy":"product_brand","embeddable":true,"href":"https:\/\/terra-lusa.com\/pt-pt\/wp-json\/wp\/v2\/product_brand?post=25840"},{"taxonomy":"product_cat","embeddable":true,"href":"https:\/\/terra-lusa.com\/pt-pt\/wp-json\/wp\/v2\/product_cat?post=25840"},{"taxonomy":"product_tag","embeddable":true,"href":"https:\/\/terra-lusa.com\/pt-pt\/wp-json\/wp\/v2\/product_tag?post=25840"}],"curies":[{"name":"wp","href":"https:\/\/api.w.org\/{rel}","templated":true}]}}