{"id":25837,"date":"2025-09-04T15:20:37","date_gmt":"2025-09-04T15:20:37","guid":{"rendered":"https:\/\/terra-lusa.com\/?post_type=product&#038;p=25837"},"modified":"2025-09-04T15:30:42","modified_gmt":"2025-09-04T15:30:42","slug":"garrafa-termica-azulejo-lenco-dos-namorados","status":"publish","type":"product","link":"https:\/\/terra-lusa.com\/pt-pt\/produto\/garrafa-termica-azulejo-lenco-dos-namorados\/","title":{"rendered":"Garrafa T\u00e9rmica Len\u00e7o de Namorados"},"content":{"rendered":"<p>Os len\u00e7os de namorados, s\u00edmbolos de um ritual de conquista, surgiram no s\u00e9culo XVII nos sal\u00f5es senhoriais e foram mais tarde adotados pelas mulheres do povo, que lhes conferiram caracter\u00edsticas pr\u00f3prias. Em celebra\u00e7\u00e3o ao amor e \u00e0 paix\u00e3o, os &#8220;len\u00e7os de namorados&#8221; ou &#8220;len\u00e7os de pedido&#8221; tinham como objetivo, segundo a tradi\u00e7\u00e3o minhota, conquistar o namorado. Ap\u00f3s anos de esquecimento, os len\u00e7os de namorados ressurgiram como um \u00edcone da cultura portuguesa.<\/p>\n<p>Os Len\u00e7os dos Namorados do Minho s\u00e3o um produto artesanal certificado pela\u00a0 Adere-CERTIFICA, com Marca Registada atrav\u00e9s de IG-Identifica\u00e7\u00e3o Geogr\u00e1fica pertencente \u00e0 Adere- Minho.<\/p>\n<p>A marca Terra Lusa apresenta v\u00e1rias cole\u00e7\u00f5es de produtos, onde cada uma \u00e9 um tributo ao Patrim\u00f3nio Cultural de Portugal. Entre os produtos destacam-se notebooks, leques, eco sacos, mini guarda-chuvas, caixas de \u00f3culos, panos de microfibra. Todos divididos em tem\u00e1ticas inspiradas em elementos tipicamente portugueses<\/p>\n<p>800 Anos de Hist\u00f3ria, Cultura e Tradi\u00e7\u00e3o inspiraram a conce\u00e7\u00e3o das v\u00e1rias pe\u00e7as em que a tecnologia de qualidade se alia ao design contempor\u00e2neo.<\/p>\n<p>&nbsp;<\/p>\n","protected":false},"excerpt":{"rendered":"<p>Garrafa t\u00e9rmica com motivo inspirado num motivo dos Len\u00e7os dos Namorados do Minho. Os len\u00e7os de namorados s\u00e3o len\u00e7os bordados \u00e0 m\u00e3o que simbolizam o amor e a paix\u00e3o na cultura portuguesa.<\/p>\n<p>Com 500ml de capacidade, mant\u00e9m bebidas quentes por at\u00e9 12h ou frias por 24h. Design ergon\u00f3mico com pega em silicone, isolamento de parede dupla e camada anti condensa\u00e7\u00e3o. Livre de BPA.<\/p>\n","protected":false},"featured_media":25783,"comment_status":"closed","ping_status":"closed","template":"","meta":{"_exactmetrics_skip_tracking":false,"_exactmetrics_sitenote_active":false,"_exactmetrics_sitenote_note":"","_exactmetrics_sitenote_category":0},"product_brand":[100],"product_cat":[208],"product_tag":[],"class_list":{"0":"post-25837","1":"product","2":"type-product","3":"status-publish","4":"has-post-thumbnail","6":"product_brand-lenco-namorados","7":"product_cat-garrafas-termicas","9":"first","10":"instock","11":"taxable","12":"shipping-taxable","13":"purchasable","14":"product-type-simple"},"yoast_head":"<!-- This site is optimized with the Yoast SEO plugin v26.9 - https:\/\/yoast.com\/product\/yoast-seo-wordpress\/ -->\n<title>Garrafa T\u00e9rmica Len\u00e7o de Namorados - Terra Lusa<\/title>\n<meta name=\"description\" content=\"Inspirado nos motivos dos vitrais das portas do Sal\u00e3o \u00c1rabe do Pal\u00e1cio da Bolsa, Venha conhecer as cole\u00e7\u00f5es Terra Lusa e surpreenda!\" \/>\n<meta name=\"robots\" content=\"index, follow, max-snippet:-1, max-image-preview:large, max-video-preview:-1\" \/>\n<link rel=\"canonical\" href=\"https:\/\/terra-lusa.com\/pt-pt\/produto\/garrafa-termica-azulejo-lenco-dos-namorados\/\" \/>\n<meta property=\"og:locale\" content=\"pt_PT\" \/>\n<meta property=\"og:type\" content=\"article\" \/>\n<meta property=\"og:title\" content=\"Garrafa T\u00e9rmica Len\u00e7o de Namorados - Terra Lusa\" \/>\n<meta property=\"og:description\" content=\"Inspirado nos motivos dos vitrais das portas do Sal\u00e3o \u00c1rabe do Pal\u00e1cio da Bolsa, Venha conhecer as cole\u00e7\u00f5es Terra Lusa e surpreenda!\" \/>\n<meta property=\"og:url\" content=\"https:\/\/terra-lusa.com\/pt-pt\/produto\/garrafa-termica-azulejo-lenco-dos-namorados\/\" \/>\n<meta property=\"og:site_name\" content=\"Terra Lusa\" \/>\n<meta property=\"article:modified_time\" content=\"2025-09-04T15:30:42+00:00\" \/>\n<meta property=\"og:image\" content=\"https:\/\/terra-lusa.com\/wp-content\/uploads\/2025\/09\/GT-1A.png\" \/>\n\t<meta property=\"og:image:width\" content=\"600\" \/>\n\t<meta property=\"og:image:height\" content=\"600\" \/>\n\t<meta property=\"og:image:type\" content=\"image\/png\" \/>\n<meta name=\"twitter:card\" content=\"summary_large_image\" \/>\n<meta name=\"twitter:label1\" content=\"Tempo estimado de leitura\" \/>\n\t<meta name=\"twitter:data1\" content=\"2 minutos\" \/>\n<script type=\"application\/ld+json\" class=\"yoast-schema-graph\">{\"@context\":\"https:\/\/schema.org\",\"@graph\":[{\"@type\":\"WebPage\",\"@id\":\"https:\/\/terra-lusa.com\/pt-pt\/produto\/garrafa-termica-azulejo-lenco-dos-namorados\/\",\"url\":\"https:\/\/terra-lusa.com\/pt-pt\/produto\/garrafa-termica-azulejo-lenco-dos-namorados\/\",\"name\":\"Garrafa T\u00e9rmica Len\u00e7o de Namorados - Terra Lusa\",\"isPartOf\":{\"@id\":\"https:\/\/terra-lusa.com\/pt-pt\/#website\"},\"primaryImageOfPage\":{\"@id\":\"https:\/\/terra-lusa.com\/pt-pt\/produto\/garrafa-termica-azulejo-lenco-dos-namorados\/#primaryimage\"},\"image\":{\"@id\":\"https:\/\/terra-lusa.com\/pt-pt\/produto\/garrafa-termica-azulejo-lenco-dos-namorados\/#primaryimage\"},\"thumbnailUrl\":\"https:\/\/terra-lusa.com\/wp-content\/uploads\/2025\/09\/GT-1A.png\",\"datePublished\":\"2025-09-04T15:20:37+00:00\",\"dateModified\":\"2025-09-04T15:30:42+00:00\",\"description\":\"Inspirado nos motivos dos vitrais das portas do Sal\u00e3o \u00c1rabe do Pal\u00e1cio da Bolsa, Venha conhecer as cole\u00e7\u00f5es Terra Lusa e surpreenda!\",\"breadcrumb\":{\"@id\":\"https:\/\/terra-lusa.com\/pt-pt\/produto\/garrafa-termica-azulejo-lenco-dos-namorados\/#breadcrumb\"},\"inLanguage\":\"pt-PT\",\"potentialAction\":[{\"@type\":\"ReadAction\",\"target\":[\"https:\/\/terra-lusa.com\/pt-pt\/produto\/garrafa-termica-azulejo-lenco-dos-namorados\/\"]}]},{\"@type\":\"ImageObject\",\"inLanguage\":\"pt-PT\",\"@id\":\"https:\/\/terra-lusa.com\/pt-pt\/produto\/garrafa-termica-azulejo-lenco-dos-namorados\/#primaryimage\",\"url\":\"https:\/\/terra-lusa.com\/wp-content\/uploads\/2025\/09\/GT-1A.png\",\"contentUrl\":\"https:\/\/terra-lusa.com\/wp-content\/uploads\/2025\/09\/GT-1A.png\",\"width\":600,\"height\":600},{\"@type\":\"BreadcrumbList\",\"@id\":\"https:\/\/terra-lusa.com\/pt-pt\/produto\/garrafa-termica-azulejo-lenco-dos-namorados\/#breadcrumb\",\"itemListElement\":[{\"@type\":\"ListItem\",\"position\":1,\"name\":\"Home\",\"item\":\"https:\/\/terra-lusa.com\/pt-pt\/\"},{\"@type\":\"ListItem\",\"position\":2,\"name\":\"Produtos\",\"item\":\"https:\/\/terra-lusa.com\/pt-pt\/produtos\/\"},{\"@type\":\"ListItem\",\"position\":3,\"name\":\"Garrafa T\u00e9rmica Len\u00e7o de Namorados\"}]},{\"@type\":\"WebSite\",\"@id\":\"https:\/\/terra-lusa.com\/pt-pt\/#website\",\"url\":\"https:\/\/terra-lusa.com\/pt-pt\/\",\"name\":\"Terra Lusa\",\"description\":\"O Melhor de Portugal\",\"potentialAction\":[{\"@type\":\"SearchAction\",\"target\":{\"@type\":\"EntryPoint\",\"urlTemplate\":\"https:\/\/terra-lusa.com\/pt-pt\/?s={search_term_string}\"},\"query-input\":{\"@type\":\"PropertyValueSpecification\",\"valueRequired\":true,\"valueName\":\"search_term_string\"}}],\"inLanguage\":\"pt-PT\"}]}<\/script>\n<!-- \/ Yoast SEO plugin. -->","yoast_head_json":{"title":"Garrafa T\u00e9rmica Len\u00e7o de Namorados - Terra Lusa","description":"Inspirado nos motivos dos vitrais das portas do Sal\u00e3o \u00c1rabe do Pal\u00e1cio da Bolsa, Venha conhecer as cole\u00e7\u00f5es Terra Lusa e surpreenda!","robots":{"index":"index","follow":"follow","max-snippet":"max-snippet:-1","max-image-preview":"max-image-preview:large","max-video-preview":"max-video-preview:-1"},"canonical":"https:\/\/terra-lusa.com\/pt-pt\/produto\/garrafa-termica-azulejo-lenco-dos-namorados\/","og_locale":"pt_PT","og_type":"article","og_title":"Garrafa T\u00e9rmica Len\u00e7o de Namorados - Terra Lusa","og_description":"Inspirado nos motivos dos vitrais das portas do Sal\u00e3o \u00c1rabe do Pal\u00e1cio da Bolsa, Venha conhecer as cole\u00e7\u00f5es Terra Lusa e surpreenda!","og_url":"https:\/\/terra-lusa.com\/pt-pt\/produto\/garrafa-termica-azulejo-lenco-dos-namorados\/","og_site_name":"Terra Lusa","article_modified_time":"2025-09-04T15:30:42+00:00","og_image":[{"width":600,"height":600,"url":"https:\/\/terra-lusa.com\/wp-content\/uploads\/2025\/09\/GT-1A.png","type":"image\/png"}],"twitter_card":"summary_large_image","twitter_misc":{"Tempo estimado de leitura":"2 minutos"},"schema":{"@context":"https:\/\/schema.org","@graph":[{"@type":"WebPage","@id":"https:\/\/terra-lusa.com\/pt-pt\/produto\/garrafa-termica-azulejo-lenco-dos-namorados\/","url":"https:\/\/terra-lusa.com\/pt-pt\/produto\/garrafa-termica-azulejo-lenco-dos-namorados\/","name":"Garrafa T\u00e9rmica Len\u00e7o de Namorados - Terra Lusa","isPartOf":{"@id":"https:\/\/terra-lusa.com\/pt-pt\/#website"},"primaryImageOfPage":{"@id":"https:\/\/terra-lusa.com\/pt-pt\/produto\/garrafa-termica-azulejo-lenco-dos-namorados\/#primaryimage"},"image":{"@id":"https:\/\/terra-lusa.com\/pt-pt\/produto\/garrafa-termica-azulejo-lenco-dos-namorados\/#primaryimage"},"thumbnailUrl":"https:\/\/terra-lusa.com\/wp-content\/uploads\/2025\/09\/GT-1A.png","datePublished":"2025-09-04T15:20:37+00:00","dateModified":"2025-09-04T15:30:42+00:00","description":"Inspirado nos motivos dos vitrais das portas do Sal\u00e3o \u00c1rabe do Pal\u00e1cio da Bolsa, Venha conhecer as cole\u00e7\u00f5es Terra Lusa e surpreenda!","breadcrumb":{"@id":"https:\/\/terra-lusa.com\/pt-pt\/produto\/garrafa-termica-azulejo-lenco-dos-namorados\/#breadcrumb"},"inLanguage":"pt-PT","potentialAction":[{"@type":"ReadAction","target":["https:\/\/terra-lusa.com\/pt-pt\/produto\/garrafa-termica-azulejo-lenco-dos-namorados\/"]}]},{"@type":"ImageObject","inLanguage":"pt-PT","@id":"https:\/\/terra-lusa.com\/pt-pt\/produto\/garrafa-termica-azulejo-lenco-dos-namorados\/#primaryimage","url":"https:\/\/terra-lusa.com\/wp-content\/uploads\/2025\/09\/GT-1A.png","contentUrl":"https:\/\/terra-lusa.com\/wp-content\/uploads\/2025\/09\/GT-1A.png","width":600,"height":600},{"@type":"BreadcrumbList","@id":"https:\/\/terra-lusa.com\/pt-pt\/produto\/garrafa-termica-azulejo-lenco-dos-namorados\/#breadcrumb","itemListElement":[{"@type":"ListItem","position":1,"name":"Home","item":"https:\/\/terra-lusa.com\/pt-pt\/"},{"@type":"ListItem","position":2,"name":"Produtos","item":"https:\/\/terra-lusa.com\/pt-pt\/produtos\/"},{"@type":"ListItem","position":3,"name":"Garrafa T\u00e9rmica Len\u00e7o de Namorados"}]},{"@type":"WebSite","@id":"https:\/\/terra-lusa.com\/pt-pt\/#website","url":"https:\/\/terra-lusa.com\/pt-pt\/","name":"Terra Lusa","description":"O Melhor de Portugal","potentialAction":[{"@type":"SearchAction","target":{"@type":"EntryPoint","urlTemplate":"https:\/\/terra-lusa.com\/pt-pt\/?s={search_term_string}"},"query-input":{"@type":"PropertyValueSpecification","valueRequired":true,"valueName":"search_term_string"}}],"inLanguage":"pt-PT"}]}},"_links":{"self":[{"href":"https:\/\/terra-lusa.com\/pt-pt\/wp-json\/wp\/v2\/product\/25837","targetHints":{"allow":["GET"]}}],"collection":[{"href":"https:\/\/terra-lusa.com\/pt-pt\/wp-json\/wp\/v2\/product"}],"about":[{"href":"https:\/\/terra-lusa.com\/pt-pt\/wp-json\/wp\/v2\/types\/product"}],"replies":[{"embeddable":true,"href":"https:\/\/terra-lusa.com\/pt-pt\/wp-json\/wp\/v2\/comments?post=25837"}],"wp:featuredmedia":[{"embeddable":true,"href":"https:\/\/terra-lusa.com\/pt-pt\/wp-json\/wp\/v2\/media\/25783"}],"wp:attachment":[{"href":"https:\/\/terra-lusa.com\/pt-pt\/wp-json\/wp\/v2\/media?parent=25837"}],"wp:term":[{"taxonomy":"product_brand","embeddable":true,"href":"https:\/\/terra-lusa.com\/pt-pt\/wp-json\/wp\/v2\/product_brand?post=25837"},{"taxonomy":"product_cat","embeddable":true,"href":"https:\/\/terra-lusa.com\/pt-pt\/wp-json\/wp\/v2\/product_cat?post=25837"},{"taxonomy":"product_tag","embeddable":true,"href":"https:\/\/terra-lusa.com\/pt-pt\/wp-json\/wp\/v2\/product_tag?post=25837"}],"curies":[{"name":"wp","href":"https:\/\/api.w.org\/{rel}","templated":true}]}}