{"id":25732,"date":"2025-09-04T13:58:08","date_gmt":"2025-09-04T13:58:08","guid":{"rendered":"https:\/\/terra-lusa.com\/?post_type=product&#038;p=25732"},"modified":"2025-09-04T14:19:00","modified_gmt":"2025-09-04T14:19:00","slug":"caixa-par-oculos-bordado-de-castelo-branco-fenix","status":"publish","type":"product","link":"https:\/\/terra-lusa.com\/pt-pt\/produto\/caixa-par-oculos-bordado-de-castelo-branco-fenix\/","title":{"rendered":"Caixa para \u00d3culos Bordado de Castelo Branco &#8211; F\u00e9nix"},"content":{"rendered":"<p>O Bordado de Castelo Branco remonta aos s\u00e9culos XVII e XVIII e incorpora elementos das influ\u00eancias orientais e europeias. \u00c9 reconhecido pelo uso de fios de seda natural sobre linho artesanalmente trabalhado.<\/p>\n<p>Os seus motivos s\u00e3o frequentemente florais e inspirados na natureza, como ramos de oliveira, cravos e t\u00falipas. Entre os elementos mais emblem\u00e1ticos destaca-se a f\u00e9nix \u2014 s\u00edmbolo de renascimento, imortalidade e for\u00e7a espiritual. A presen\u00e7a desta figura nos bordados vai al\u00e9m do aspeto decorativo, carregando um significado profundo que evoca ideias de eternidade e renova\u00e7\u00e3o \u2014 valores tradicionalmente associados aos enxovais de casamento, onde este bordado era amplamente utilizado.<\/p>\n<p>A marca Terra Lusa apresenta v\u00e1rias cole\u00e7\u00f5es de produtos, cada uma sendo um tributo ao Patrim\u00f3nio Cultural de Portugal. Entre os produtos destacam-se notebooks, leques, eco sacos, mini guarda-chuvas, caixas de \u00f3culos, panos de microfibra. Todos estes itens est\u00e3o divididos em tem\u00e1ticas inspiradas em elementos tipicamente portugueses.<\/p>\n<p>800 Anos de Hist\u00f3ria, Cultura e Tradi\u00e7\u00e3o inspiraram a conce\u00e7\u00e3o das v\u00e1rias pe\u00e7as em que a tecnologia de qualidade se alia ao design contempor\u00e2neo.<\/p>\n","protected":false},"excerpt":{"rendered":"<p>Caixa para \u00f3culos inspirada num dos motivos dos bordados em seda natural de Castelo Branco.<\/p>\n<p>Cole\u00e7\u00e3o de caixas para \u00f3culos em metal revestidas a tecido de microfibra impresso. Coordenam com o pano microfibra fazendo um conjunto perfeito para oferta.<\/p>\n","protected":false},"featured_media":25744,"comment_status":"closed","ping_status":"closed","template":"","meta":{"_exactmetrics_skip_tracking":false,"_exactmetrics_sitenote_active":false,"_exactmetrics_sitenote_note":"","_exactmetrics_sitenote_category":0},"product_brand":[93],"product_cat":[83],"product_tag":[],"class_list":{"0":"post-25732","1":"product","2":"type-product","3":"status-publish","4":"has-post-thumbnail","6":"product_brand-bordado-castelo-branco","7":"product_cat-caixa-oculos","8":"product_shipping_class-standard-pt-pt","10":"first","11":"instock","12":"taxable","13":"shipping-taxable","14":"purchasable","15":"product-type-simple"},"yoast_head":"<!-- This site is optimized with the Yoast SEO plugin v26.9 - https:\/\/yoast.com\/product\/yoast-seo-wordpress\/ -->\n<title>Caixa para \u00d3culos Bordado de Castelo Branco - F\u00e9nix - Terra Lusa<\/title>\n<meta name=\"description\" content=\"Cole\u00e7\u00e3o de leques em madeira de pereira polida com impress\u00e3o em tela de seda artificial. Aberto tem 43 x 23 cm e 24 varetas. Bolsa pl\u00e1stica.Design Portugu\u00eas\" \/>\n<meta name=\"robots\" content=\"index, follow, max-snippet:-1, max-image-preview:large, max-video-preview:-1\" \/>\n<link rel=\"canonical\" href=\"https:\/\/terra-lusa.com\/pt-pt\/produto\/caixa-par-oculos-bordado-de-castelo-branco-fenix\/\" \/>\n<meta property=\"og:locale\" content=\"pt_PT\" \/>\n<meta property=\"og:type\" content=\"article\" \/>\n<meta property=\"og:title\" content=\"Caixa para \u00d3culos Bordado de Castelo Branco - F\u00e9nix - Terra Lusa\" \/>\n<meta property=\"og:description\" content=\"Cole\u00e7\u00e3o de leques em madeira de pereira polida com impress\u00e3o em tela de seda artificial. Aberto tem 43 x 23 cm e 24 varetas. Bolsa pl\u00e1stica.Design Portugu\u00eas\" \/>\n<meta property=\"og:url\" content=\"https:\/\/terra-lusa.com\/pt-pt\/produto\/caixa-par-oculos-bordado-de-castelo-branco-fenix\/\" \/>\n<meta property=\"og:site_name\" content=\"Terra Lusa\" \/>\n<meta property=\"article:modified_time\" content=\"2025-09-04T14:19:00+00:00\" \/>\n<meta property=\"og:image\" content=\"https:\/\/terra-lusa.com\/wp-content\/uploads\/2025\/09\/1756368107788.png\" \/>\n\t<meta property=\"og:image:width\" content=\"600\" \/>\n\t<meta property=\"og:image:height\" content=\"600\" \/>\n\t<meta property=\"og:image:type\" content=\"image\/png\" \/>\n<meta name=\"twitter:card\" content=\"summary_large_image\" \/>\n<meta name=\"twitter:label1\" content=\"Tempo estimado de leitura\" \/>\n\t<meta name=\"twitter:data1\" content=\"2 minutos\" \/>\n<script type=\"application\/ld+json\" class=\"yoast-schema-graph\">{\"@context\":\"https:\/\/schema.org\",\"@graph\":[{\"@type\":\"WebPage\",\"@id\":\"https:\/\/terra-lusa.com\/pt-pt\/produto\/caixa-par-oculos-bordado-de-castelo-branco-fenix\/\",\"url\":\"https:\/\/terra-lusa.com\/pt-pt\/produto\/caixa-par-oculos-bordado-de-castelo-branco-fenix\/\",\"name\":\"Caixa para \u00d3culos Bordado de Castelo Branco - F\u00e9nix - Terra Lusa\",\"isPartOf\":{\"@id\":\"https:\/\/terra-lusa.com\/pt-pt\/#website\"},\"primaryImageOfPage\":{\"@id\":\"https:\/\/terra-lusa.com\/pt-pt\/produto\/caixa-par-oculos-bordado-de-castelo-branco-fenix\/#primaryimage\"},\"image\":{\"@id\":\"https:\/\/terra-lusa.com\/pt-pt\/produto\/caixa-par-oculos-bordado-de-castelo-branco-fenix\/#primaryimage\"},\"thumbnailUrl\":\"https:\/\/terra-lusa.com\/wp-content\/uploads\/2025\/09\/1756368107788.png\",\"datePublished\":\"2025-09-04T13:58:08+00:00\",\"dateModified\":\"2025-09-04T14:19:00+00:00\",\"description\":\"Cole\u00e7\u00e3o de leques em madeira de pereira polida com impress\u00e3o em tela de seda artificial. Aberto tem 43 x 23 cm e 24 varetas. Bolsa pl\u00e1stica.Design Portugu\u00eas\",\"breadcrumb\":{\"@id\":\"https:\/\/terra-lusa.com\/pt-pt\/produto\/caixa-par-oculos-bordado-de-castelo-branco-fenix\/#breadcrumb\"},\"inLanguage\":\"pt-PT\",\"potentialAction\":[{\"@type\":\"ReadAction\",\"target\":[\"https:\/\/terra-lusa.com\/pt-pt\/produto\/caixa-par-oculos-bordado-de-castelo-branco-fenix\/\"]}]},{\"@type\":\"ImageObject\",\"inLanguage\":\"pt-PT\",\"@id\":\"https:\/\/terra-lusa.com\/pt-pt\/produto\/caixa-par-oculos-bordado-de-castelo-branco-fenix\/#primaryimage\",\"url\":\"https:\/\/terra-lusa.com\/wp-content\/uploads\/2025\/09\/1756368107788.png\",\"contentUrl\":\"https:\/\/terra-lusa.com\/wp-content\/uploads\/2025\/09\/1756368107788.png\",\"width\":600,\"height\":600},{\"@type\":\"BreadcrumbList\",\"@id\":\"https:\/\/terra-lusa.com\/pt-pt\/produto\/caixa-par-oculos-bordado-de-castelo-branco-fenix\/#breadcrumb\",\"itemListElement\":[{\"@type\":\"ListItem\",\"position\":1,\"name\":\"Home\",\"item\":\"https:\/\/terra-lusa.com\/pt-pt\/\"},{\"@type\":\"ListItem\",\"position\":2,\"name\":\"Produtos\",\"item\":\"https:\/\/terra-lusa.com\/pt-pt\/produtos\/\"},{\"@type\":\"ListItem\",\"position\":3,\"name\":\"Caixa para \u00d3culos Bordado de Castelo Branco &#8211; F\u00e9nix\"}]},{\"@type\":\"WebSite\",\"@id\":\"https:\/\/terra-lusa.com\/pt-pt\/#website\",\"url\":\"https:\/\/terra-lusa.com\/pt-pt\/\",\"name\":\"Terra Lusa\",\"description\":\"O Melhor de Portugal\",\"potentialAction\":[{\"@type\":\"SearchAction\",\"target\":{\"@type\":\"EntryPoint\",\"urlTemplate\":\"https:\/\/terra-lusa.com\/pt-pt\/?s={search_term_string}\"},\"query-input\":{\"@type\":\"PropertyValueSpecification\",\"valueRequired\":true,\"valueName\":\"search_term_string\"}}],\"inLanguage\":\"pt-PT\"}]}<\/script>\n<!-- \/ Yoast SEO plugin. -->","yoast_head_json":{"title":"Caixa para \u00d3culos Bordado de Castelo Branco - F\u00e9nix - Terra Lusa","description":"Cole\u00e7\u00e3o de leques em madeira de pereira polida com impress\u00e3o em tela de seda artificial. Aberto tem 43 x 23 cm e 24 varetas. Bolsa pl\u00e1stica.Design Portugu\u00eas","robots":{"index":"index","follow":"follow","max-snippet":"max-snippet:-1","max-image-preview":"max-image-preview:large","max-video-preview":"max-video-preview:-1"},"canonical":"https:\/\/terra-lusa.com\/pt-pt\/produto\/caixa-par-oculos-bordado-de-castelo-branco-fenix\/","og_locale":"pt_PT","og_type":"article","og_title":"Caixa para \u00d3culos Bordado de Castelo Branco - F\u00e9nix - Terra Lusa","og_description":"Cole\u00e7\u00e3o de leques em madeira de pereira polida com impress\u00e3o em tela de seda artificial. Aberto tem 43 x 23 cm e 24 varetas. Bolsa pl\u00e1stica.Design Portugu\u00eas","og_url":"https:\/\/terra-lusa.com\/pt-pt\/produto\/caixa-par-oculos-bordado-de-castelo-branco-fenix\/","og_site_name":"Terra Lusa","article_modified_time":"2025-09-04T14:19:00+00:00","og_image":[{"width":600,"height":600,"url":"https:\/\/terra-lusa.com\/wp-content\/uploads\/2025\/09\/1756368107788.png","type":"image\/png"}],"twitter_card":"summary_large_image","twitter_misc":{"Tempo estimado de leitura":"2 minutos"},"schema":{"@context":"https:\/\/schema.org","@graph":[{"@type":"WebPage","@id":"https:\/\/terra-lusa.com\/pt-pt\/produto\/caixa-par-oculos-bordado-de-castelo-branco-fenix\/","url":"https:\/\/terra-lusa.com\/pt-pt\/produto\/caixa-par-oculos-bordado-de-castelo-branco-fenix\/","name":"Caixa para \u00d3culos Bordado de Castelo Branco - F\u00e9nix - Terra Lusa","isPartOf":{"@id":"https:\/\/terra-lusa.com\/pt-pt\/#website"},"primaryImageOfPage":{"@id":"https:\/\/terra-lusa.com\/pt-pt\/produto\/caixa-par-oculos-bordado-de-castelo-branco-fenix\/#primaryimage"},"image":{"@id":"https:\/\/terra-lusa.com\/pt-pt\/produto\/caixa-par-oculos-bordado-de-castelo-branco-fenix\/#primaryimage"},"thumbnailUrl":"https:\/\/terra-lusa.com\/wp-content\/uploads\/2025\/09\/1756368107788.png","datePublished":"2025-09-04T13:58:08+00:00","dateModified":"2025-09-04T14:19:00+00:00","description":"Cole\u00e7\u00e3o de leques em madeira de pereira polida com impress\u00e3o em tela de seda artificial. Aberto tem 43 x 23 cm e 24 varetas. Bolsa pl\u00e1stica.Design Portugu\u00eas","breadcrumb":{"@id":"https:\/\/terra-lusa.com\/pt-pt\/produto\/caixa-par-oculos-bordado-de-castelo-branco-fenix\/#breadcrumb"},"inLanguage":"pt-PT","potentialAction":[{"@type":"ReadAction","target":["https:\/\/terra-lusa.com\/pt-pt\/produto\/caixa-par-oculos-bordado-de-castelo-branco-fenix\/"]}]},{"@type":"ImageObject","inLanguage":"pt-PT","@id":"https:\/\/terra-lusa.com\/pt-pt\/produto\/caixa-par-oculos-bordado-de-castelo-branco-fenix\/#primaryimage","url":"https:\/\/terra-lusa.com\/wp-content\/uploads\/2025\/09\/1756368107788.png","contentUrl":"https:\/\/terra-lusa.com\/wp-content\/uploads\/2025\/09\/1756368107788.png","width":600,"height":600},{"@type":"BreadcrumbList","@id":"https:\/\/terra-lusa.com\/pt-pt\/produto\/caixa-par-oculos-bordado-de-castelo-branco-fenix\/#breadcrumb","itemListElement":[{"@type":"ListItem","position":1,"name":"Home","item":"https:\/\/terra-lusa.com\/pt-pt\/"},{"@type":"ListItem","position":2,"name":"Produtos","item":"https:\/\/terra-lusa.com\/pt-pt\/produtos\/"},{"@type":"ListItem","position":3,"name":"Caixa para \u00d3culos Bordado de Castelo Branco &#8211; F\u00e9nix"}]},{"@type":"WebSite","@id":"https:\/\/terra-lusa.com\/pt-pt\/#website","url":"https:\/\/terra-lusa.com\/pt-pt\/","name":"Terra Lusa","description":"O Melhor de Portugal","potentialAction":[{"@type":"SearchAction","target":{"@type":"EntryPoint","urlTemplate":"https:\/\/terra-lusa.com\/pt-pt\/?s={search_term_string}"},"query-input":{"@type":"PropertyValueSpecification","valueRequired":true,"valueName":"search_term_string"}}],"inLanguage":"pt-PT"}]}},"_links":{"self":[{"href":"https:\/\/terra-lusa.com\/pt-pt\/wp-json\/wp\/v2\/product\/25732","targetHints":{"allow":["GET"]}}],"collection":[{"href":"https:\/\/terra-lusa.com\/pt-pt\/wp-json\/wp\/v2\/product"}],"about":[{"href":"https:\/\/terra-lusa.com\/pt-pt\/wp-json\/wp\/v2\/types\/product"}],"replies":[{"embeddable":true,"href":"https:\/\/terra-lusa.com\/pt-pt\/wp-json\/wp\/v2\/comments?post=25732"}],"wp:featuredmedia":[{"embeddable":true,"href":"https:\/\/terra-lusa.com\/pt-pt\/wp-json\/wp\/v2\/media\/25744"}],"wp:attachment":[{"href":"https:\/\/terra-lusa.com\/pt-pt\/wp-json\/wp\/v2\/media?parent=25732"}],"wp:term":[{"taxonomy":"product_brand","embeddable":true,"href":"https:\/\/terra-lusa.com\/pt-pt\/wp-json\/wp\/v2\/product_brand?post=25732"},{"taxonomy":"product_cat","embeddable":true,"href":"https:\/\/terra-lusa.com\/pt-pt\/wp-json\/wp\/v2\/product_cat?post=25732"},{"taxonomy":"product_tag","embeddable":true,"href":"https:\/\/terra-lusa.com\/pt-pt\/wp-json\/wp\/v2\/product_tag?post=25732"}],"curies":[{"name":"wp","href":"https:\/\/api.w.org\/{rel}","templated":true}]}}