{"id":25635,"date":"2025-02-06T16:47:51","date_gmt":"2025-02-06T16:47:51","guid":{"rendered":"https:\/\/terra-lusa.com\/?post_type=product&#038;p=25635"},"modified":"2026-01-09T16:41:54","modified_gmt":"2026-01-09T16:41:54","slug":"notebook-bordado-de-viana-do-castelo","status":"publish","type":"product","link":"https:\/\/terra-lusa.com\/pt-pt\/produto\/notebook-bordado-de-viana-do-castelo\/","title":{"rendered":"Notebook Bordado de Viana do Castelo"},"content":{"rendered":"<p>O Bordado de Viana do Castelo tem origem nos bordados de l\u00e3 dos trajes regionais. Este bordado encanta pela sua ingenuidade e gra\u00e7a, possuindo uma gram\u00e1tica decorativa e uma imagem inconfund\u00edveis. \u00c9 aplicado, sobretudo, a objetos de uso comum.<br \/>\nOs bordados de Viana do Castelo utilizam materiais da pr\u00f3pria regi\u00e3o e s\u00e3o inspirados na flora e fauna locais. Podem ser considerados um dos bordados tradicionais mais belos e originais do norte de Portugal.<br \/>\nA marca Terra Lusa apresenta v\u00e1rias cole\u00e7\u00f5es de produtos, onde cada uma \u00e9 um tributo ao Patrim\u00f3nio Cultural de Portugal. Entre os produtos destacam-se notebooks, leques, eco sacos, mini guarda-chuvas, caixas de \u00f3culos, panos de microfibra. Todos divididos em tem\u00e1ticas inspiradas em elementos tipicamente portugueses.<br \/>\n800 Anos de Hist\u00f3ria, Cultura e Tradi\u00e7\u00e3o inspiraram a conce\u00e7\u00e3o das v\u00e1rias pe\u00e7as em que a tecnologia de qualidade se alia ao design contempor\u00e2neo.<\/p>\n","protected":false},"excerpt":{"rendered":"<p>Produto inspirado nos motivos do Bordado de Viana do Castelo, um bordado com origens nos trajes regionais e ra\u00edzes na flora e fauna locais.<br \/>\nEstes cadernos possuem capa dura, formato A5 (15 x 21 cm), 200 p\u00e1ginas lisas de 80gr, bolso interno, fita marcadora e el\u00e1stico para fechar.<\/p>\n","protected":false},"featured_media":23071,"comment_status":"closed","ping_status":"closed","template":"","meta":{"_exactmetrics_skip_tracking":false,"_exactmetrics_sitenote_active":false,"_exactmetrics_sitenote_note":"","_exactmetrics_sitenote_category":0},"product_brand":[95],"product_cat":[176],"product_tag":[],"class_list":{"0":"post-25635","1":"product","2":"type-product","3":"status-publish","4":"has-post-thumbnail","6":"product_brand-bordado-viana-castelo","7":"product_cat-notebooks-pt-pt","9":"first","10":"instock","11":"taxable","12":"shipping-taxable","13":"purchasable","14":"product-type-simple"},"yoast_head":"<!-- This site is optimized with the Yoast SEO plugin v26.9 - https:\/\/yoast.com\/product\/yoast-seo-wordpress\/ -->\n<title>Notebook Bordado de Viana do Castelo - Terra Lusa<\/title>\n<meta name=\"robots\" content=\"index, follow, max-snippet:-1, max-image-preview:large, max-video-preview:-1\" \/>\n<link rel=\"canonical\" href=\"https:\/\/terra-lusa.com\/pt-pt\/produto\/notebook-bordado-de-viana-do-castelo\/\" \/>\n<meta property=\"og:locale\" content=\"pt_PT\" \/>\n<meta property=\"og:type\" content=\"article\" \/>\n<meta property=\"og:title\" content=\"Notebook Bordado de Viana do Castelo - Terra Lusa\" \/>\n<meta property=\"og:description\" content=\"Produto inspirado nos motivos do Bordado de Viana do Castelo, um bordado com origens nos trajes regionais e ra\u00edzes na flora e fauna locais. Estes cadernos possuem capa dura, formato A5 (15 x 21 cm), 200 p\u00e1ginas lisas de 80gr, bolso interno, fita marcadora e el\u00e1stico para fechar.\" \/>\n<meta property=\"og:url\" content=\"https:\/\/terra-lusa.com\/pt-pt\/produto\/notebook-bordado-de-viana-do-castelo\/\" \/>\n<meta property=\"og:site_name\" content=\"Terra Lusa\" \/>\n<meta property=\"article:modified_time\" content=\"2026-01-09T16:41:54+00:00\" \/>\n<meta property=\"og:image\" content=\"https:\/\/terra-lusa.com\/wp-content\/uploads\/2020\/03\/810-a.png\" \/>\n\t<meta property=\"og:image:width\" content=\"600\" \/>\n\t<meta property=\"og:image:height\" content=\"600\" \/>\n\t<meta property=\"og:image:type\" content=\"image\/png\" \/>\n<meta name=\"twitter:card\" content=\"summary_large_image\" \/>\n<meta name=\"twitter:label1\" content=\"Tempo estimado de leitura\" \/>\n\t<meta name=\"twitter:data1\" content=\"1 minuto\" \/>\n<script type=\"application\/ld+json\" class=\"yoast-schema-graph\">{\"@context\":\"https:\/\/schema.org\",\"@graph\":[{\"@type\":\"WebPage\",\"@id\":\"https:\/\/terra-lusa.com\/pt-pt\/produto\/notebook-bordado-de-viana-do-castelo\/\",\"url\":\"https:\/\/terra-lusa.com\/pt-pt\/produto\/notebook-bordado-de-viana-do-castelo\/\",\"name\":\"Notebook Bordado de Viana do Castelo - Terra Lusa\",\"isPartOf\":{\"@id\":\"https:\/\/terra-lusa.com\/pt-pt\/#website\"},\"primaryImageOfPage\":{\"@id\":\"https:\/\/terra-lusa.com\/pt-pt\/produto\/notebook-bordado-de-viana-do-castelo\/#primaryimage\"},\"image\":{\"@id\":\"https:\/\/terra-lusa.com\/pt-pt\/produto\/notebook-bordado-de-viana-do-castelo\/#primaryimage\"},\"thumbnailUrl\":\"https:\/\/terra-lusa.com\/wp-content\/uploads\/2020\/03\/810-a.png\",\"datePublished\":\"2025-02-06T16:47:51+00:00\",\"dateModified\":\"2026-01-09T16:41:54+00:00\",\"breadcrumb\":{\"@id\":\"https:\/\/terra-lusa.com\/pt-pt\/produto\/notebook-bordado-de-viana-do-castelo\/#breadcrumb\"},\"inLanguage\":\"pt-PT\",\"potentialAction\":[{\"@type\":\"ReadAction\",\"target\":[\"https:\/\/terra-lusa.com\/pt-pt\/produto\/notebook-bordado-de-viana-do-castelo\/\"]}]},{\"@type\":\"ImageObject\",\"inLanguage\":\"pt-PT\",\"@id\":\"https:\/\/terra-lusa.com\/pt-pt\/produto\/notebook-bordado-de-viana-do-castelo\/#primaryimage\",\"url\":\"https:\/\/terra-lusa.com\/wp-content\/uploads\/2020\/03\/810-a.png\",\"contentUrl\":\"https:\/\/terra-lusa.com\/wp-content\/uploads\/2020\/03\/810-a.png\",\"width\":600,\"height\":600,\"caption\":\"Pattern inspired by Viana do Castelo Embroidery\"},{\"@type\":\"BreadcrumbList\",\"@id\":\"https:\/\/terra-lusa.com\/pt-pt\/produto\/notebook-bordado-de-viana-do-castelo\/#breadcrumb\",\"itemListElement\":[{\"@type\":\"ListItem\",\"position\":1,\"name\":\"Home\",\"item\":\"https:\/\/terra-lusa.com\/pt-pt\/\"},{\"@type\":\"ListItem\",\"position\":2,\"name\":\"Produtos\",\"item\":\"https:\/\/terra-lusa.com\/pt-pt\/produtos\/\"},{\"@type\":\"ListItem\",\"position\":3,\"name\":\"Notebook Bordado de Viana do Castelo\"}]},{\"@type\":\"WebSite\",\"@id\":\"https:\/\/terra-lusa.com\/pt-pt\/#website\",\"url\":\"https:\/\/terra-lusa.com\/pt-pt\/\",\"name\":\"Terra Lusa\",\"description\":\"O Melhor de Portugal\",\"potentialAction\":[{\"@type\":\"SearchAction\",\"target\":{\"@type\":\"EntryPoint\",\"urlTemplate\":\"https:\/\/terra-lusa.com\/pt-pt\/?s={search_term_string}\"},\"query-input\":{\"@type\":\"PropertyValueSpecification\",\"valueRequired\":true,\"valueName\":\"search_term_string\"}}],\"inLanguage\":\"pt-PT\"}]}<\/script>\n<!-- \/ Yoast SEO plugin. -->","yoast_head_json":{"title":"Notebook Bordado de Viana do Castelo - Terra Lusa","robots":{"index":"index","follow":"follow","max-snippet":"max-snippet:-1","max-image-preview":"max-image-preview:large","max-video-preview":"max-video-preview:-1"},"canonical":"https:\/\/terra-lusa.com\/pt-pt\/produto\/notebook-bordado-de-viana-do-castelo\/","og_locale":"pt_PT","og_type":"article","og_title":"Notebook Bordado de Viana do Castelo - Terra Lusa","og_description":"Produto inspirado nos motivos do Bordado de Viana do Castelo, um bordado com origens nos trajes regionais e ra\u00edzes na flora e fauna locais. Estes cadernos possuem capa dura, formato A5 (15 x 21 cm), 200 p\u00e1ginas lisas de 80gr, bolso interno, fita marcadora e el\u00e1stico para fechar.","og_url":"https:\/\/terra-lusa.com\/pt-pt\/produto\/notebook-bordado-de-viana-do-castelo\/","og_site_name":"Terra Lusa","article_modified_time":"2026-01-09T16:41:54+00:00","og_image":[{"width":600,"height":600,"url":"https:\/\/terra-lusa.com\/wp-content\/uploads\/2020\/03\/810-a.png","type":"image\/png"}],"twitter_card":"summary_large_image","twitter_misc":{"Tempo estimado de leitura":"1 minuto"},"schema":{"@context":"https:\/\/schema.org","@graph":[{"@type":"WebPage","@id":"https:\/\/terra-lusa.com\/pt-pt\/produto\/notebook-bordado-de-viana-do-castelo\/","url":"https:\/\/terra-lusa.com\/pt-pt\/produto\/notebook-bordado-de-viana-do-castelo\/","name":"Notebook Bordado de Viana do Castelo - Terra Lusa","isPartOf":{"@id":"https:\/\/terra-lusa.com\/pt-pt\/#website"},"primaryImageOfPage":{"@id":"https:\/\/terra-lusa.com\/pt-pt\/produto\/notebook-bordado-de-viana-do-castelo\/#primaryimage"},"image":{"@id":"https:\/\/terra-lusa.com\/pt-pt\/produto\/notebook-bordado-de-viana-do-castelo\/#primaryimage"},"thumbnailUrl":"https:\/\/terra-lusa.com\/wp-content\/uploads\/2020\/03\/810-a.png","datePublished":"2025-02-06T16:47:51+00:00","dateModified":"2026-01-09T16:41:54+00:00","breadcrumb":{"@id":"https:\/\/terra-lusa.com\/pt-pt\/produto\/notebook-bordado-de-viana-do-castelo\/#breadcrumb"},"inLanguage":"pt-PT","potentialAction":[{"@type":"ReadAction","target":["https:\/\/terra-lusa.com\/pt-pt\/produto\/notebook-bordado-de-viana-do-castelo\/"]}]},{"@type":"ImageObject","inLanguage":"pt-PT","@id":"https:\/\/terra-lusa.com\/pt-pt\/produto\/notebook-bordado-de-viana-do-castelo\/#primaryimage","url":"https:\/\/terra-lusa.com\/wp-content\/uploads\/2020\/03\/810-a.png","contentUrl":"https:\/\/terra-lusa.com\/wp-content\/uploads\/2020\/03\/810-a.png","width":600,"height":600,"caption":"Pattern inspired by Viana do Castelo Embroidery"},{"@type":"BreadcrumbList","@id":"https:\/\/terra-lusa.com\/pt-pt\/produto\/notebook-bordado-de-viana-do-castelo\/#breadcrumb","itemListElement":[{"@type":"ListItem","position":1,"name":"Home","item":"https:\/\/terra-lusa.com\/pt-pt\/"},{"@type":"ListItem","position":2,"name":"Produtos","item":"https:\/\/terra-lusa.com\/pt-pt\/produtos\/"},{"@type":"ListItem","position":3,"name":"Notebook Bordado de Viana do Castelo"}]},{"@type":"WebSite","@id":"https:\/\/terra-lusa.com\/pt-pt\/#website","url":"https:\/\/terra-lusa.com\/pt-pt\/","name":"Terra Lusa","description":"O Melhor de Portugal","potentialAction":[{"@type":"SearchAction","target":{"@type":"EntryPoint","urlTemplate":"https:\/\/terra-lusa.com\/pt-pt\/?s={search_term_string}"},"query-input":{"@type":"PropertyValueSpecification","valueRequired":true,"valueName":"search_term_string"}}],"inLanguage":"pt-PT"}]}},"_links":{"self":[{"href":"https:\/\/terra-lusa.com\/pt-pt\/wp-json\/wp\/v2\/product\/25635","targetHints":{"allow":["GET"]}}],"collection":[{"href":"https:\/\/terra-lusa.com\/pt-pt\/wp-json\/wp\/v2\/product"}],"about":[{"href":"https:\/\/terra-lusa.com\/pt-pt\/wp-json\/wp\/v2\/types\/product"}],"replies":[{"embeddable":true,"href":"https:\/\/terra-lusa.com\/pt-pt\/wp-json\/wp\/v2\/comments?post=25635"}],"wp:featuredmedia":[{"embeddable":true,"href":"https:\/\/terra-lusa.com\/pt-pt\/wp-json\/wp\/v2\/media\/23071"}],"wp:attachment":[{"href":"https:\/\/terra-lusa.com\/pt-pt\/wp-json\/wp\/v2\/media?parent=25635"}],"wp:term":[{"taxonomy":"product_brand","embeddable":true,"href":"https:\/\/terra-lusa.com\/pt-pt\/wp-json\/wp\/v2\/product_brand?post=25635"},{"taxonomy":"product_cat","embeddable":true,"href":"https:\/\/terra-lusa.com\/pt-pt\/wp-json\/wp\/v2\/product_cat?post=25635"},{"taxonomy":"product_tag","embeddable":true,"href":"https:\/\/terra-lusa.com\/pt-pt\/wp-json\/wp\/v2\/product_tag?post=25635"}],"curies":[{"name":"wp","href":"https:\/\/api.w.org\/{rel}","templated":true}]}}