{"id":24895,"date":"2023-01-11T18:01:33","date_gmt":"2023-01-11T18:01:33","guid":{"rendered":"https:\/\/terra-lusa.com\/?post_type=product&#038;p=24895"},"modified":"2024-12-09T15:14:30","modified_gmt":"2024-12-09T15:14:30","slug":"mini-guarda-chuva-vitral","status":"publish","type":"product","link":"https:\/\/terra-lusa.com\/pt-pt\/produto\/mini-guarda-chuva-vitral\/","title":{"rendered":"Guarda-chuva Vitral"},"content":{"rendered":"<p>O Sal\u00e3o \u00c1rabe do Pal\u00e1cio da Bolsa, uma das joias do Porto, \u00e9 uma obra-prima de 18 anos de constru\u00e7\u00e3o por artistas portugueses. Decorado com estuque, madeira e folha de ouro, e enriquecido com inscri\u00e7\u00f5es \u00e1rabes e vidro pintado \u00e0 m\u00e3o, reflete o poderio econ\u00f3mico e o romantismo do s\u00e9culo XIX.<\/p>\n<p>A marca Terra Lusa apresenta v\u00e1rias cole\u00e7\u00f5es de produtos, onde cada uma \u00e9 um tributo ao Patrim\u00f3nio Cultural de Portugal. Entre os produtos destacam-se notebooks, leques, eco sacos, mini guarda-chuvas, caixas de \u00f3culos, panos de microfibra. Todos divididos em tem\u00e1ticas inspiradas em elementos tipicamente portugueses.<\/p>\n<p>800 Anos de Hist\u00f3ria, Cultura e Tradi\u00e7\u00e3o inspiraram a conce\u00e7\u00e3o das v\u00e1rias pe\u00e7as em que a tecnologia de qualidade se alia ao design contempor\u00e2neo.<\/p>\n<p>&nbsp;<\/p>\n","protected":false},"excerpt":{"rendered":"<p>Guarda-chuva com padr\u00e3o inspirado nos vitrais das portas do Sal\u00e3o \u00c1rabe do Pal\u00e1cio da Bolsa.<\/p>\n<p>Os guarda-chuvas Terra Lusa s\u00e3o perfeitos para levar na sua mala de m\u00e3o, medindo apenas 24cm. A cobertura tem um di\u00e2metro de 102cm.<\/p>\n","protected":false},"featured_media":24899,"comment_status":"closed","ping_status":"closed","template":"","meta":{"_exactmetrics_skip_tracking":false,"_exactmetrics_sitenote_active":false,"_exactmetrics_sitenote_note":"","_exactmetrics_sitenote_category":0},"product_brand":[191],"product_cat":[85],"product_tag":[],"class_list":{"0":"post-24895","1":"product","2":"type-product","3":"status-publish","4":"has-post-thumbnail","6":"product_brand-vitral","7":"product_cat-guarda-chuvas","9":"first","10":"instock","11":"taxable","12":"shipping-taxable","13":"purchasable","14":"product-type-simple"},"yoast_head":"<!-- This site is optimized with the Yoast SEO plugin v26.9 - https:\/\/yoast.com\/product\/yoast-seo-wordpress\/ -->\n<title>Guarda-chuva Vitral - Terra Lusa<\/title>\n<meta name=\"description\" content=\"Guarda-chuva ideal para trazer na mala de m\u00e3o. O padr\u00e3o foi inspirado nos vitrais do Sal\u00e3o \u00c1rabe do Pal\u00e1cio da Bolsa.\" \/>\n<meta name=\"robots\" content=\"index, follow, max-snippet:-1, max-image-preview:large, max-video-preview:-1\" \/>\n<link rel=\"canonical\" href=\"https:\/\/terra-lusa.com\/pt-pt\/produto\/mini-guarda-chuva-vitral\/\" \/>\n<meta property=\"og:locale\" content=\"pt_PT\" \/>\n<meta property=\"og:type\" content=\"article\" \/>\n<meta property=\"og:title\" content=\"Guarda-chuva Vitral - Terra Lusa\" \/>\n<meta property=\"og:description\" content=\"Guarda-chuva ideal para trazer na mala de m\u00e3o. O padr\u00e3o foi inspirado nos vitrais do Sal\u00e3o \u00c1rabe do Pal\u00e1cio da Bolsa.\" \/>\n<meta property=\"og:url\" content=\"https:\/\/terra-lusa.com\/pt-pt\/produto\/mini-guarda-chuva-vitral\/\" \/>\n<meta property=\"og:site_name\" content=\"Terra Lusa\" \/>\n<meta property=\"article:modified_time\" content=\"2024-12-09T15:14:30+00:00\" \/>\n<meta property=\"og:image\" content=\"https:\/\/terra-lusa.com\/wp-content\/uploads\/2023\/01\/509-1.png\" \/>\n\t<meta property=\"og:image:width\" content=\"750\" \/>\n\t<meta property=\"og:image:height\" content=\"750\" \/>\n\t<meta property=\"og:image:type\" content=\"image\/png\" \/>\n<meta name=\"twitter:card\" content=\"summary_large_image\" \/>\n<meta name=\"twitter:label1\" content=\"Tempo estimado de leitura\" \/>\n\t<meta name=\"twitter:data1\" content=\"1 minuto\" \/>\n<script type=\"application\/ld+json\" class=\"yoast-schema-graph\">{\"@context\":\"https:\/\/schema.org\",\"@graph\":[{\"@type\":\"WebPage\",\"@id\":\"https:\/\/terra-lusa.com\/pt-pt\/produto\/mini-guarda-chuva-vitral\/\",\"url\":\"https:\/\/terra-lusa.com\/pt-pt\/produto\/mini-guarda-chuva-vitral\/\",\"name\":\"Guarda-chuva Vitral - Terra Lusa\",\"isPartOf\":{\"@id\":\"https:\/\/terra-lusa.com\/pt-pt\/#website\"},\"primaryImageOfPage\":{\"@id\":\"https:\/\/terra-lusa.com\/pt-pt\/produto\/mini-guarda-chuva-vitral\/#primaryimage\"},\"image\":{\"@id\":\"https:\/\/terra-lusa.com\/pt-pt\/produto\/mini-guarda-chuva-vitral\/#primaryimage\"},\"thumbnailUrl\":\"https:\/\/terra-lusa.com\/wp-content\/uploads\/2023\/01\/509-1.png\",\"datePublished\":\"2023-01-11T18:01:33+00:00\",\"dateModified\":\"2024-12-09T15:14:30+00:00\",\"description\":\"Guarda-chuva ideal para trazer na mala de m\u00e3o. O padr\u00e3o foi inspirado nos vitrais do Sal\u00e3o \u00c1rabe do Pal\u00e1cio da Bolsa.\",\"breadcrumb\":{\"@id\":\"https:\/\/terra-lusa.com\/pt-pt\/produto\/mini-guarda-chuva-vitral\/#breadcrumb\"},\"inLanguage\":\"pt-PT\",\"potentialAction\":[{\"@type\":\"ReadAction\",\"target\":[\"https:\/\/terra-lusa.com\/pt-pt\/produto\/mini-guarda-chuva-vitral\/\"]}]},{\"@type\":\"ImageObject\",\"inLanguage\":\"pt-PT\",\"@id\":\"https:\/\/terra-lusa.com\/pt-pt\/produto\/mini-guarda-chuva-vitral\/#primaryimage\",\"url\":\"https:\/\/terra-lusa.com\/wp-content\/uploads\/2023\/01\/509-1.png\",\"contentUrl\":\"https:\/\/terra-lusa.com\/wp-content\/uploads\/2023\/01\/509-1.png\",\"width\":750,\"height\":750},{\"@type\":\"BreadcrumbList\",\"@id\":\"https:\/\/terra-lusa.com\/pt-pt\/produto\/mini-guarda-chuva-vitral\/#breadcrumb\",\"itemListElement\":[{\"@type\":\"ListItem\",\"position\":1,\"name\":\"Home\",\"item\":\"https:\/\/terra-lusa.com\/pt-pt\/\"},{\"@type\":\"ListItem\",\"position\":2,\"name\":\"Produtos\",\"item\":\"https:\/\/terra-lusa.com\/pt-pt\/produtos\/\"},{\"@type\":\"ListItem\",\"position\":3,\"name\":\"Guarda-chuva Vitral\"}]},{\"@type\":\"WebSite\",\"@id\":\"https:\/\/terra-lusa.com\/pt-pt\/#website\",\"url\":\"https:\/\/terra-lusa.com\/pt-pt\/\",\"name\":\"Terra Lusa\",\"description\":\"O Melhor de Portugal\",\"potentialAction\":[{\"@type\":\"SearchAction\",\"target\":{\"@type\":\"EntryPoint\",\"urlTemplate\":\"https:\/\/terra-lusa.com\/pt-pt\/?s={search_term_string}\"},\"query-input\":{\"@type\":\"PropertyValueSpecification\",\"valueRequired\":true,\"valueName\":\"search_term_string\"}}],\"inLanguage\":\"pt-PT\"}]}<\/script>\n<!-- \/ Yoast SEO plugin. -->","yoast_head_json":{"title":"Guarda-chuva Vitral - Terra Lusa","description":"Guarda-chuva ideal para trazer na mala de m\u00e3o. O padr\u00e3o foi inspirado nos vitrais do Sal\u00e3o \u00c1rabe do Pal\u00e1cio da Bolsa.","robots":{"index":"index","follow":"follow","max-snippet":"max-snippet:-1","max-image-preview":"max-image-preview:large","max-video-preview":"max-video-preview:-1"},"canonical":"https:\/\/terra-lusa.com\/pt-pt\/produto\/mini-guarda-chuva-vitral\/","og_locale":"pt_PT","og_type":"article","og_title":"Guarda-chuva Vitral - Terra Lusa","og_description":"Guarda-chuva ideal para trazer na mala de m\u00e3o. O padr\u00e3o foi inspirado nos vitrais do Sal\u00e3o \u00c1rabe do Pal\u00e1cio da Bolsa.","og_url":"https:\/\/terra-lusa.com\/pt-pt\/produto\/mini-guarda-chuva-vitral\/","og_site_name":"Terra Lusa","article_modified_time":"2024-12-09T15:14:30+00:00","og_image":[{"width":750,"height":750,"url":"https:\/\/terra-lusa.com\/wp-content\/uploads\/2023\/01\/509-1.png","type":"image\/png"}],"twitter_card":"summary_large_image","twitter_misc":{"Tempo estimado de leitura":"1 minuto"},"schema":{"@context":"https:\/\/schema.org","@graph":[{"@type":"WebPage","@id":"https:\/\/terra-lusa.com\/pt-pt\/produto\/mini-guarda-chuva-vitral\/","url":"https:\/\/terra-lusa.com\/pt-pt\/produto\/mini-guarda-chuva-vitral\/","name":"Guarda-chuva Vitral - Terra Lusa","isPartOf":{"@id":"https:\/\/terra-lusa.com\/pt-pt\/#website"},"primaryImageOfPage":{"@id":"https:\/\/terra-lusa.com\/pt-pt\/produto\/mini-guarda-chuva-vitral\/#primaryimage"},"image":{"@id":"https:\/\/terra-lusa.com\/pt-pt\/produto\/mini-guarda-chuva-vitral\/#primaryimage"},"thumbnailUrl":"https:\/\/terra-lusa.com\/wp-content\/uploads\/2023\/01\/509-1.png","datePublished":"2023-01-11T18:01:33+00:00","dateModified":"2024-12-09T15:14:30+00:00","description":"Guarda-chuva ideal para trazer na mala de m\u00e3o. O padr\u00e3o foi inspirado nos vitrais do Sal\u00e3o \u00c1rabe do Pal\u00e1cio da Bolsa.","breadcrumb":{"@id":"https:\/\/terra-lusa.com\/pt-pt\/produto\/mini-guarda-chuva-vitral\/#breadcrumb"},"inLanguage":"pt-PT","potentialAction":[{"@type":"ReadAction","target":["https:\/\/terra-lusa.com\/pt-pt\/produto\/mini-guarda-chuva-vitral\/"]}]},{"@type":"ImageObject","inLanguage":"pt-PT","@id":"https:\/\/terra-lusa.com\/pt-pt\/produto\/mini-guarda-chuva-vitral\/#primaryimage","url":"https:\/\/terra-lusa.com\/wp-content\/uploads\/2023\/01\/509-1.png","contentUrl":"https:\/\/terra-lusa.com\/wp-content\/uploads\/2023\/01\/509-1.png","width":750,"height":750},{"@type":"BreadcrumbList","@id":"https:\/\/terra-lusa.com\/pt-pt\/produto\/mini-guarda-chuva-vitral\/#breadcrumb","itemListElement":[{"@type":"ListItem","position":1,"name":"Home","item":"https:\/\/terra-lusa.com\/pt-pt\/"},{"@type":"ListItem","position":2,"name":"Produtos","item":"https:\/\/terra-lusa.com\/pt-pt\/produtos\/"},{"@type":"ListItem","position":3,"name":"Guarda-chuva Vitral"}]},{"@type":"WebSite","@id":"https:\/\/terra-lusa.com\/pt-pt\/#website","url":"https:\/\/terra-lusa.com\/pt-pt\/","name":"Terra Lusa","description":"O Melhor de Portugal","potentialAction":[{"@type":"SearchAction","target":{"@type":"EntryPoint","urlTemplate":"https:\/\/terra-lusa.com\/pt-pt\/?s={search_term_string}"},"query-input":{"@type":"PropertyValueSpecification","valueRequired":true,"valueName":"search_term_string"}}],"inLanguage":"pt-PT"}]}},"_links":{"self":[{"href":"https:\/\/terra-lusa.com\/pt-pt\/wp-json\/wp\/v2\/product\/24895","targetHints":{"allow":["GET"]}}],"collection":[{"href":"https:\/\/terra-lusa.com\/pt-pt\/wp-json\/wp\/v2\/product"}],"about":[{"href":"https:\/\/terra-lusa.com\/pt-pt\/wp-json\/wp\/v2\/types\/product"}],"replies":[{"embeddable":true,"href":"https:\/\/terra-lusa.com\/pt-pt\/wp-json\/wp\/v2\/comments?post=24895"}],"wp:featuredmedia":[{"embeddable":true,"href":"https:\/\/terra-lusa.com\/pt-pt\/wp-json\/wp\/v2\/media\/24899"}],"wp:attachment":[{"href":"https:\/\/terra-lusa.com\/pt-pt\/wp-json\/wp\/v2\/media?parent=24895"}],"wp:term":[{"taxonomy":"product_brand","embeddable":true,"href":"https:\/\/terra-lusa.com\/pt-pt\/wp-json\/wp\/v2\/product_brand?post=24895"},{"taxonomy":"product_cat","embeddable":true,"href":"https:\/\/terra-lusa.com\/pt-pt\/wp-json\/wp\/v2\/product_cat?post=24895"},{"taxonomy":"product_tag","embeddable":true,"href":"https:\/\/terra-lusa.com\/pt-pt\/wp-json\/wp\/v2\/product_tag?post=24895"}],"curies":[{"name":"wp","href":"https:\/\/api.w.org\/{rel}","templated":true}]}}