{"id":24517,"date":"2021-07-31T23:19:58","date_gmt":"2021-07-31T23:19:58","guid":{"rendered":"https:\/\/terra-lusa.com\/?post_type=product&#038;p=24517"},"modified":"2026-01-09T16:22:42","modified_gmt":"2026-01-09T16:22:42","slug":"colecao-planisferio-de-cantino-leque","status":"publish","type":"product","link":"https:\/\/terra-lusa.com\/pt-pt\/produto\/colecao-planisferio-de-cantino-leque\/","title":{"rendered":"Leque Planisf\u00e9rio de Cantino"},"content":{"rendered":"<p>Planisf\u00e9rio de autor an\u00f3nimo, desenhado em 1502. Conhecido como Planisf\u00e9rio de\u00a0Cantino, por ter sido encomendado em Lisboa por Alberto\u00a0Cantino, embaixador do Duque de Ferrara. Nele est\u00e3o as terras recentemente descobertas pelos Portugueses, contendo a mais antiga representa\u00e7\u00e3o cartogr\u00e1fica do Brasil. Tem ainda desenhado o meridiano do Tratado de Tordesilhas, que dividia o mundo descoberto entre Portugal e os Reinos de Castela e Arag\u00e3o. O planisf\u00e9rio original encontra-se em It\u00e1lia, na Biblioteca Estense de Modena.<\/p>\n<p>A marca Terra Lusa apresenta v\u00e1rias cole\u00e7\u00f5es de produtos onde cada refer\u00eancia \u00e9 um tributo ao Patrim\u00f3nio Cultural de Portugal: notebooks, leques, eco sacos, mini guarda-chuvas, caixas de \u00f3culos e panos microfibra todos divididos em tem\u00e1ticas com ra\u00edzes em elementos tipicamente portugueses.<\/p>\n<p>800 Anos de Hist\u00f3ria, Cultura e Tradi\u00e7\u00e3o que inspiraram a conce\u00e7\u00e3o das v\u00e1rias pe\u00e7as em que a tecnologia de qualidade se alia ao design contempor\u00e2neo.<\/p>\n","protected":false},"excerpt":{"rendered":"<p>Leque inspirado num planisf\u00e9rio datado de 1502. Este planisf\u00e9rio retrata as terras recentemente descobertas pelos portugueses, contendo a mais antiga representa\u00e7\u00e3o cartogr\u00e1fica do Brasil e o meridiano do Tratado de Tordesilhas<\/p>\n<p>Leque em madeira de cerejeira polida com impress\u00e3o em tela de seda artificial. Quando aberto, as suas dimens\u00f5es s\u00e3o de 43 x 23 cm, tem 24 varetas e apresenta-se numa bolsa pl\u00e1stica.<\/p>\n","protected":false},"featured_media":24500,"comment_status":"closed","ping_status":"closed","template":"","meta":{"_exactmetrics_skip_tracking":false,"_exactmetrics_sitenote_active":false,"_exactmetrics_sitenote_note":"","_exactmetrics_sitenote_category":0},"product_brand":[160],"product_cat":[82],"product_tag":[],"class_list":{"0":"post-24517","1":"product","2":"type-product","3":"status-publish","4":"has-post-thumbnail","6":"product_brand-planisferio-de-cantino","7":"product_cat-leques","9":"first","10":"instock","11":"downloadable","12":"taxable","13":"shipping-taxable","14":"purchasable","15":"product-type-simple"},"yoast_head":"<!-- This site is optimized with the Yoast SEO plugin v26.9 - https:\/\/yoast.com\/product\/yoast-seo-wordpress\/ -->\n<title>Leque Planisf\u00e9rio de Cantino - Terra Lusa<\/title>\n<meta name=\"description\" content=\"Venha conhecer as cole\u00e7\u00f5es Terra Lusa onde as tem\u00e1ticas s\u00e3o inspiradas no patrim\u00f3nio cultural de Portugal.\" \/>\n<meta name=\"robots\" content=\"index, follow, max-snippet:-1, max-image-preview:large, max-video-preview:-1\" \/>\n<link rel=\"canonical\" href=\"https:\/\/terra-lusa.com\/pt-pt\/produto\/colecao-planisferio-de-cantino-leque\/\" \/>\n<meta property=\"og:locale\" content=\"pt_PT\" \/>\n<meta property=\"og:type\" content=\"article\" \/>\n<meta property=\"og:title\" content=\"Leque Planisf\u00e9rio de Cantino - Terra Lusa\" \/>\n<meta property=\"og:description\" content=\"Venha conhecer as cole\u00e7\u00f5es Terra Lusa onde as tem\u00e1ticas s\u00e3o inspiradas no patrim\u00f3nio cultural de Portugal.\" \/>\n<meta property=\"og:url\" content=\"https:\/\/terra-lusa.com\/pt-pt\/produto\/colecao-planisferio-de-cantino-leque\/\" \/>\n<meta property=\"og:site_name\" content=\"Terra Lusa\" \/>\n<meta property=\"article:modified_time\" content=\"2026-01-09T16:22:42+00:00\" \/>\n<meta property=\"og:image\" content=\"https:\/\/terra-lusa.com\/wp-content\/uploads\/2021\/07\/2021-314-a-2.png\" \/>\n\t<meta property=\"og:image:width\" content=\"510\" \/>\n\t<meta property=\"og:image:height\" content=\"510\" \/>\n\t<meta property=\"og:image:type\" content=\"image\/png\" \/>\n<meta name=\"twitter:card\" content=\"summary_large_image\" \/>\n<meta name=\"twitter:label1\" content=\"Tempo estimado de leitura\" \/>\n\t<meta name=\"twitter:data1\" content=\"1 minuto\" \/>\n<script type=\"application\/ld+json\" class=\"yoast-schema-graph\">{\"@context\":\"https:\/\/schema.org\",\"@graph\":[{\"@type\":\"WebPage\",\"@id\":\"https:\/\/terra-lusa.com\/pt-pt\/produto\/colecao-planisferio-de-cantino-leque\/\",\"url\":\"https:\/\/terra-lusa.com\/pt-pt\/produto\/colecao-planisferio-de-cantino-leque\/\",\"name\":\"Leque Planisf\u00e9rio de Cantino - Terra Lusa\",\"isPartOf\":{\"@id\":\"https:\/\/terra-lusa.com\/pt-pt\/#website\"},\"primaryImageOfPage\":{\"@id\":\"https:\/\/terra-lusa.com\/pt-pt\/produto\/colecao-planisferio-de-cantino-leque\/#primaryimage\"},\"image\":{\"@id\":\"https:\/\/terra-lusa.com\/pt-pt\/produto\/colecao-planisferio-de-cantino-leque\/#primaryimage\"},\"thumbnailUrl\":\"https:\/\/terra-lusa.com\/wp-content\/uploads\/2021\/07\/2021-314-a-2.png\",\"datePublished\":\"2021-07-31T23:19:58+00:00\",\"dateModified\":\"2026-01-09T16:22:42+00:00\",\"description\":\"Venha conhecer as cole\u00e7\u00f5es Terra Lusa onde as tem\u00e1ticas s\u00e3o inspiradas no patrim\u00f3nio cultural de Portugal.\",\"breadcrumb\":{\"@id\":\"https:\/\/terra-lusa.com\/pt-pt\/produto\/colecao-planisferio-de-cantino-leque\/#breadcrumb\"},\"inLanguage\":\"pt-PT\",\"potentialAction\":[{\"@type\":\"ReadAction\",\"target\":[\"https:\/\/terra-lusa.com\/pt-pt\/produto\/colecao-planisferio-de-cantino-leque\/\"]}]},{\"@type\":\"ImageObject\",\"inLanguage\":\"pt-PT\",\"@id\":\"https:\/\/terra-lusa.com\/pt-pt\/produto\/colecao-planisferio-de-cantino-leque\/#primaryimage\",\"url\":\"https:\/\/terra-lusa.com\/wp-content\/uploads\/2021\/07\/2021-314-a-2.png\",\"contentUrl\":\"https:\/\/terra-lusa.com\/wp-content\/uploads\/2021\/07\/2021-314-a-2.png\",\"width\":510,\"height\":510},{\"@type\":\"BreadcrumbList\",\"@id\":\"https:\/\/terra-lusa.com\/pt-pt\/produto\/colecao-planisferio-de-cantino-leque\/#breadcrumb\",\"itemListElement\":[{\"@type\":\"ListItem\",\"position\":1,\"name\":\"Home\",\"item\":\"https:\/\/terra-lusa.com\/pt-pt\/\"},{\"@type\":\"ListItem\",\"position\":2,\"name\":\"Produtos\",\"item\":\"https:\/\/terra-lusa.com\/pt-pt\/produtos\/\"},{\"@type\":\"ListItem\",\"position\":3,\"name\":\"Leque Planisf\u00e9rio de Cantino\"}]},{\"@type\":\"WebSite\",\"@id\":\"https:\/\/terra-lusa.com\/pt-pt\/#website\",\"url\":\"https:\/\/terra-lusa.com\/pt-pt\/\",\"name\":\"Terra Lusa\",\"description\":\"O Melhor de Portugal\",\"potentialAction\":[{\"@type\":\"SearchAction\",\"target\":{\"@type\":\"EntryPoint\",\"urlTemplate\":\"https:\/\/terra-lusa.com\/pt-pt\/?s={search_term_string}\"},\"query-input\":{\"@type\":\"PropertyValueSpecification\",\"valueRequired\":true,\"valueName\":\"search_term_string\"}}],\"inLanguage\":\"pt-PT\"}]}<\/script>\n<!-- \/ Yoast SEO plugin. -->","yoast_head_json":{"title":"Leque Planisf\u00e9rio de Cantino - Terra Lusa","description":"Venha conhecer as cole\u00e7\u00f5es Terra Lusa onde as tem\u00e1ticas s\u00e3o inspiradas no patrim\u00f3nio cultural de Portugal.","robots":{"index":"index","follow":"follow","max-snippet":"max-snippet:-1","max-image-preview":"max-image-preview:large","max-video-preview":"max-video-preview:-1"},"canonical":"https:\/\/terra-lusa.com\/pt-pt\/produto\/colecao-planisferio-de-cantino-leque\/","og_locale":"pt_PT","og_type":"article","og_title":"Leque Planisf\u00e9rio de Cantino - Terra Lusa","og_description":"Venha conhecer as cole\u00e7\u00f5es Terra Lusa onde as tem\u00e1ticas s\u00e3o inspiradas no patrim\u00f3nio cultural de Portugal.","og_url":"https:\/\/terra-lusa.com\/pt-pt\/produto\/colecao-planisferio-de-cantino-leque\/","og_site_name":"Terra Lusa","article_modified_time":"2026-01-09T16:22:42+00:00","og_image":[{"width":510,"height":510,"url":"https:\/\/terra-lusa.com\/wp-content\/uploads\/2021\/07\/2021-314-a-2.png","type":"image\/png"}],"twitter_card":"summary_large_image","twitter_misc":{"Tempo estimado de leitura":"1 minuto"},"schema":{"@context":"https:\/\/schema.org","@graph":[{"@type":"WebPage","@id":"https:\/\/terra-lusa.com\/pt-pt\/produto\/colecao-planisferio-de-cantino-leque\/","url":"https:\/\/terra-lusa.com\/pt-pt\/produto\/colecao-planisferio-de-cantino-leque\/","name":"Leque Planisf\u00e9rio de Cantino - Terra Lusa","isPartOf":{"@id":"https:\/\/terra-lusa.com\/pt-pt\/#website"},"primaryImageOfPage":{"@id":"https:\/\/terra-lusa.com\/pt-pt\/produto\/colecao-planisferio-de-cantino-leque\/#primaryimage"},"image":{"@id":"https:\/\/terra-lusa.com\/pt-pt\/produto\/colecao-planisferio-de-cantino-leque\/#primaryimage"},"thumbnailUrl":"https:\/\/terra-lusa.com\/wp-content\/uploads\/2021\/07\/2021-314-a-2.png","datePublished":"2021-07-31T23:19:58+00:00","dateModified":"2026-01-09T16:22:42+00:00","description":"Venha conhecer as cole\u00e7\u00f5es Terra Lusa onde as tem\u00e1ticas s\u00e3o inspiradas no patrim\u00f3nio cultural de Portugal.","breadcrumb":{"@id":"https:\/\/terra-lusa.com\/pt-pt\/produto\/colecao-planisferio-de-cantino-leque\/#breadcrumb"},"inLanguage":"pt-PT","potentialAction":[{"@type":"ReadAction","target":["https:\/\/terra-lusa.com\/pt-pt\/produto\/colecao-planisferio-de-cantino-leque\/"]}]},{"@type":"ImageObject","inLanguage":"pt-PT","@id":"https:\/\/terra-lusa.com\/pt-pt\/produto\/colecao-planisferio-de-cantino-leque\/#primaryimage","url":"https:\/\/terra-lusa.com\/wp-content\/uploads\/2021\/07\/2021-314-a-2.png","contentUrl":"https:\/\/terra-lusa.com\/wp-content\/uploads\/2021\/07\/2021-314-a-2.png","width":510,"height":510},{"@type":"BreadcrumbList","@id":"https:\/\/terra-lusa.com\/pt-pt\/produto\/colecao-planisferio-de-cantino-leque\/#breadcrumb","itemListElement":[{"@type":"ListItem","position":1,"name":"Home","item":"https:\/\/terra-lusa.com\/pt-pt\/"},{"@type":"ListItem","position":2,"name":"Produtos","item":"https:\/\/terra-lusa.com\/pt-pt\/produtos\/"},{"@type":"ListItem","position":3,"name":"Leque Planisf\u00e9rio de Cantino"}]},{"@type":"WebSite","@id":"https:\/\/terra-lusa.com\/pt-pt\/#website","url":"https:\/\/terra-lusa.com\/pt-pt\/","name":"Terra Lusa","description":"O Melhor de Portugal","potentialAction":[{"@type":"SearchAction","target":{"@type":"EntryPoint","urlTemplate":"https:\/\/terra-lusa.com\/pt-pt\/?s={search_term_string}"},"query-input":{"@type":"PropertyValueSpecification","valueRequired":true,"valueName":"search_term_string"}}],"inLanguage":"pt-PT"}]}},"_links":{"self":[{"href":"https:\/\/terra-lusa.com\/pt-pt\/wp-json\/wp\/v2\/product\/24517","targetHints":{"allow":["GET"]}}],"collection":[{"href":"https:\/\/terra-lusa.com\/pt-pt\/wp-json\/wp\/v2\/product"}],"about":[{"href":"https:\/\/terra-lusa.com\/pt-pt\/wp-json\/wp\/v2\/types\/product"}],"replies":[{"embeddable":true,"href":"https:\/\/terra-lusa.com\/pt-pt\/wp-json\/wp\/v2\/comments?post=24517"}],"wp:featuredmedia":[{"embeddable":true,"href":"https:\/\/terra-lusa.com\/pt-pt\/wp-json\/wp\/v2\/media\/24500"}],"wp:attachment":[{"href":"https:\/\/terra-lusa.com\/pt-pt\/wp-json\/wp\/v2\/media?parent=24517"}],"wp:term":[{"taxonomy":"product_brand","embeddable":true,"href":"https:\/\/terra-lusa.com\/pt-pt\/wp-json\/wp\/v2\/product_brand?post=24517"},{"taxonomy":"product_cat","embeddable":true,"href":"https:\/\/terra-lusa.com\/pt-pt\/wp-json\/wp\/v2\/product_cat?post=24517"},{"taxonomy":"product_tag","embeddable":true,"href":"https:\/\/terra-lusa.com\/pt-pt\/wp-json\/wp\/v2\/product_tag?post=24517"}],"curies":[{"name":"wp","href":"https:\/\/api.w.org\/{rel}","templated":true}]}}