{"id":10208,"date":"2018-11-28T16:54:44","date_gmt":"2018-11-28T16:54:44","guid":{"rendered":"https:\/\/terra-lusa.com\/?post_type=product&#038;p=10208"},"modified":"2024-12-09T15:07:19","modified_gmt":"2024-12-09T15:07:19","slug":"mini-guarda-chuva-azulejo-sec-xviii-anjo","status":"publish","type":"product","link":"https:\/\/terra-lusa.com\/pt-pt\/produto\/mini-guarda-chuva-azulejo-sec-xviii-anjo\/","title":{"rendered":"Guarda-chuva Azulejo S\u00e9c. XVIII &#8211; Anjo"},"content":{"rendered":"<p>A partir do s\u00e9culo XVII, com a restaura\u00e7\u00e3o da independ\u00eancia em 1640, o azulejo ganhou destaque na arquitetura portuguesa, especialmente nas novas resid\u00eancias palacianas. As composi\u00e7\u00f5es policrom\u00e1ticas de tradi\u00e7\u00e3o holandesa se destacaram e, por quase 50 anos, foram importados monumentais conjuntos de azulejos dos Pa\u00edses Baixos. Reagindo \u00e0 concorr\u00eancia externa, oficinas nacionais contrataram pintores acad\u00e9micos, iniciando o ciclo dos mestres.<\/p>\n<p>Na segunda metade do s\u00e9culo XVIII, a produ\u00e7\u00e3o de azulejos atingiu um crescimento sem precedentes, resultando em grandes ciclos de pain\u00e9is historiados. Nas igrejas, o azulejo revestiu todas as superf\u00edcies, criando um complemento est\u00e9tico \u00e0 talha dourada do barroco portugu\u00eas.<\/p>\n<p>A marca Terra Lusa apresenta v\u00e1rias cole\u00e7\u00f5es de produtos, onde cada uma \u00e9 um tributo ao Patrim\u00f3nio Cultural de Portugal. Entre os produtos destacam-se notebooks, leques, eco sacos, mini guarda-chuvas, caixas de \u00f3culos, panos de microfibra. Todos divididos em tem\u00e1ticas inspiradas em elementos tipicamente portugueses.<\/p>\n<p>800 Anos de Hist\u00f3ria, Cultura e Tradi\u00e7\u00e3o inspiraram a conce\u00e7\u00e3o das v\u00e1rias pe\u00e7as em que a tecnologia de qualidade se alia ao design contempor\u00e2neo.<\/p>\n","protected":false},"excerpt":{"rendered":"<p>Neste guarda-chuva, \u00e9 retratado um detalhe de um painel de azulejos do s\u00e9culo XVIII.<\/p>\n<p>Os guarda-chuvas Terra Lusa s\u00e3o perfeitos para levar na sua mala de m\u00e3o, medindo apenas 24cm. A cobertura tem um di\u00e2metro de 102cm.<\/p>\n","protected":false},"featured_media":10197,"comment_status":"closed","ping_status":"closed","template":"","meta":{"_exactmetrics_skip_tracking":false,"_exactmetrics_sitenote_active":false,"_exactmetrics_sitenote_note":"","_exactmetrics_sitenote_category":0},"product_brand":[98],"product_cat":[85],"product_tag":[],"class_list":{"0":"post-10208","1":"product","2":"type-product","3":"status-publish","4":"has-post-thumbnail","6":"product_brand-azulejo-seculo-dezoito","7":"product_cat-guarda-chuvas","8":"product_shipping_class-standard-pt-pt","10":"first","11":"instock","12":"taxable","13":"shipping-taxable","14":"purchasable","15":"product-type-simple"},"yoast_head":"<!-- This site is optimized with the Yoast SEO plugin v26.9 - https:\/\/yoast.com\/product\/yoast-seo-wordpress\/ -->\n<title>Guarda-chuva Azulejo S\u00e9c. XVIII - Anjo - Terra Lusa<\/title>\n<meta name=\"description\" content=\"Guarda-chuva com motivos de um painel de azulejos do s\u00e9c. XVIII. Ideal para andar na mala de m\u00e3o. Em poliester e com abertura manual.\" \/>\n<meta name=\"robots\" content=\"index, follow, max-snippet:-1, max-image-preview:large, max-video-preview:-1\" \/>\n<link rel=\"canonical\" href=\"https:\/\/terra-lusa.com\/pt-pt\/produto\/mini-guarda-chuva-azulejo-sec-xviii-anjo\/\" \/>\n<meta property=\"og:locale\" content=\"pt_PT\" \/>\n<meta property=\"og:type\" content=\"article\" \/>\n<meta property=\"og:title\" content=\"Guarda-chuva Azulejo S\u00e9c. XVIII - Anjo - Terra Lusa\" \/>\n<meta property=\"og:description\" content=\"Guarda-chuva com motivos de um painel de azulejos do s\u00e9c. XVIII. Ideal para andar na mala de m\u00e3o. Em poliester e com abertura manual.\" \/>\n<meta property=\"og:url\" content=\"https:\/\/terra-lusa.com\/pt-pt\/produto\/mini-guarda-chuva-azulejo-sec-xviii-anjo\/\" \/>\n<meta property=\"og:site_name\" content=\"Terra Lusa\" \/>\n<meta property=\"article:modified_time\" content=\"2024-12-09T15:07:19+00:00\" \/>\n<meta property=\"og:image\" content=\"https:\/\/terra-lusa.com\/wp-content\/uploads\/2018\/11\/2018-506-anjo.jpg\" \/>\n\t<meta property=\"og:image:width\" content=\"600\" \/>\n\t<meta property=\"og:image:height\" content=\"600\" \/>\n\t<meta property=\"og:image:type\" content=\"image\/jpeg\" \/>\n<meta name=\"twitter:card\" content=\"summary_large_image\" \/>\n<meta name=\"twitter:label1\" content=\"Tempo estimado de leitura\" \/>\n\t<meta name=\"twitter:data1\" content=\"2 minutos\" \/>\n<script type=\"application\/ld+json\" class=\"yoast-schema-graph\">{\"@context\":\"https:\/\/schema.org\",\"@graph\":[{\"@type\":\"WebPage\",\"@id\":\"https:\/\/terra-lusa.com\/pt-pt\/produto\/mini-guarda-chuva-azulejo-sec-xviii-anjo\/\",\"url\":\"https:\/\/terra-lusa.com\/pt-pt\/produto\/mini-guarda-chuva-azulejo-sec-xviii-anjo\/\",\"name\":\"Guarda-chuva Azulejo S\u00e9c. XVIII - Anjo - Terra Lusa\",\"isPartOf\":{\"@id\":\"https:\/\/terra-lusa.com\/pt-pt\/#website\"},\"primaryImageOfPage\":{\"@id\":\"https:\/\/terra-lusa.com\/pt-pt\/produto\/mini-guarda-chuva-azulejo-sec-xviii-anjo\/#primaryimage\"},\"image\":{\"@id\":\"https:\/\/terra-lusa.com\/pt-pt\/produto\/mini-guarda-chuva-azulejo-sec-xviii-anjo\/#primaryimage\"},\"thumbnailUrl\":\"https:\/\/terra-lusa.com\/wp-content\/uploads\/2018\/11\/2018-506-anjo.jpg\",\"datePublished\":\"2018-11-28T16:54:44+00:00\",\"dateModified\":\"2024-12-09T15:07:19+00:00\",\"description\":\"Guarda-chuva com motivos de um painel de azulejos do s\u00e9c. XVIII. Ideal para andar na mala de m\u00e3o. Em poliester e com abertura manual.\",\"breadcrumb\":{\"@id\":\"https:\/\/terra-lusa.com\/pt-pt\/produto\/mini-guarda-chuva-azulejo-sec-xviii-anjo\/#breadcrumb\"},\"inLanguage\":\"pt-PT\",\"potentialAction\":[{\"@type\":\"ReadAction\",\"target\":[\"https:\/\/terra-lusa.com\/pt-pt\/produto\/mini-guarda-chuva-azulejo-sec-xviii-anjo\/\"]}]},{\"@type\":\"ImageObject\",\"inLanguage\":\"pt-PT\",\"@id\":\"https:\/\/terra-lusa.com\/pt-pt\/produto\/mini-guarda-chuva-azulejo-sec-xviii-anjo\/#primaryimage\",\"url\":\"https:\/\/terra-lusa.com\/wp-content\/uploads\/2018\/11\/2018-506-anjo.jpg\",\"contentUrl\":\"https:\/\/terra-lusa.com\/wp-content\/uploads\/2018\/11\/2018-506-anjo.jpg\",\"width\":600,\"height\":600},{\"@type\":\"BreadcrumbList\",\"@id\":\"https:\/\/terra-lusa.com\/pt-pt\/produto\/mini-guarda-chuva-azulejo-sec-xviii-anjo\/#breadcrumb\",\"itemListElement\":[{\"@type\":\"ListItem\",\"position\":1,\"name\":\"Home\",\"item\":\"https:\/\/terra-lusa.com\/pt-pt\/\"},{\"@type\":\"ListItem\",\"position\":2,\"name\":\"Produtos\",\"item\":\"https:\/\/terra-lusa.com\/pt-pt\/produtos\/\"},{\"@type\":\"ListItem\",\"position\":3,\"name\":\"Guarda-chuva Azulejo S\u00e9c. XVIII &#8211; Anjo\"}]},{\"@type\":\"WebSite\",\"@id\":\"https:\/\/terra-lusa.com\/pt-pt\/#website\",\"url\":\"https:\/\/terra-lusa.com\/pt-pt\/\",\"name\":\"Terra Lusa\",\"description\":\"O Melhor de Portugal\",\"potentialAction\":[{\"@type\":\"SearchAction\",\"target\":{\"@type\":\"EntryPoint\",\"urlTemplate\":\"https:\/\/terra-lusa.com\/pt-pt\/?s={search_term_string}\"},\"query-input\":{\"@type\":\"PropertyValueSpecification\",\"valueRequired\":true,\"valueName\":\"search_term_string\"}}],\"inLanguage\":\"pt-PT\"}]}<\/script>\n<!-- \/ Yoast SEO plugin. -->","yoast_head_json":{"title":"Guarda-chuva Azulejo S\u00e9c. XVIII - Anjo - Terra Lusa","description":"Guarda-chuva com motivos de um painel de azulejos do s\u00e9c. XVIII. Ideal para andar na mala de m\u00e3o. Em poliester e com abertura manual.","robots":{"index":"index","follow":"follow","max-snippet":"max-snippet:-1","max-image-preview":"max-image-preview:large","max-video-preview":"max-video-preview:-1"},"canonical":"https:\/\/terra-lusa.com\/pt-pt\/produto\/mini-guarda-chuva-azulejo-sec-xviii-anjo\/","og_locale":"pt_PT","og_type":"article","og_title":"Guarda-chuva Azulejo S\u00e9c. XVIII - Anjo - Terra Lusa","og_description":"Guarda-chuva com motivos de um painel de azulejos do s\u00e9c. XVIII. Ideal para andar na mala de m\u00e3o. Em poliester e com abertura manual.","og_url":"https:\/\/terra-lusa.com\/pt-pt\/produto\/mini-guarda-chuva-azulejo-sec-xviii-anjo\/","og_site_name":"Terra Lusa","article_modified_time":"2024-12-09T15:07:19+00:00","og_image":[{"width":600,"height":600,"url":"https:\/\/terra-lusa.com\/wp-content\/uploads\/2018\/11\/2018-506-anjo.jpg","type":"image\/jpeg"}],"twitter_card":"summary_large_image","twitter_misc":{"Tempo estimado de leitura":"2 minutos"},"schema":{"@context":"https:\/\/schema.org","@graph":[{"@type":"WebPage","@id":"https:\/\/terra-lusa.com\/pt-pt\/produto\/mini-guarda-chuva-azulejo-sec-xviii-anjo\/","url":"https:\/\/terra-lusa.com\/pt-pt\/produto\/mini-guarda-chuva-azulejo-sec-xviii-anjo\/","name":"Guarda-chuva Azulejo S\u00e9c. XVIII - Anjo - Terra Lusa","isPartOf":{"@id":"https:\/\/terra-lusa.com\/pt-pt\/#website"},"primaryImageOfPage":{"@id":"https:\/\/terra-lusa.com\/pt-pt\/produto\/mini-guarda-chuva-azulejo-sec-xviii-anjo\/#primaryimage"},"image":{"@id":"https:\/\/terra-lusa.com\/pt-pt\/produto\/mini-guarda-chuva-azulejo-sec-xviii-anjo\/#primaryimage"},"thumbnailUrl":"https:\/\/terra-lusa.com\/wp-content\/uploads\/2018\/11\/2018-506-anjo.jpg","datePublished":"2018-11-28T16:54:44+00:00","dateModified":"2024-12-09T15:07:19+00:00","description":"Guarda-chuva com motivos de um painel de azulejos do s\u00e9c. XVIII. Ideal para andar na mala de m\u00e3o. Em poliester e com abertura manual.","breadcrumb":{"@id":"https:\/\/terra-lusa.com\/pt-pt\/produto\/mini-guarda-chuva-azulejo-sec-xviii-anjo\/#breadcrumb"},"inLanguage":"pt-PT","potentialAction":[{"@type":"ReadAction","target":["https:\/\/terra-lusa.com\/pt-pt\/produto\/mini-guarda-chuva-azulejo-sec-xviii-anjo\/"]}]},{"@type":"ImageObject","inLanguage":"pt-PT","@id":"https:\/\/terra-lusa.com\/pt-pt\/produto\/mini-guarda-chuva-azulejo-sec-xviii-anjo\/#primaryimage","url":"https:\/\/terra-lusa.com\/wp-content\/uploads\/2018\/11\/2018-506-anjo.jpg","contentUrl":"https:\/\/terra-lusa.com\/wp-content\/uploads\/2018\/11\/2018-506-anjo.jpg","width":600,"height":600},{"@type":"BreadcrumbList","@id":"https:\/\/terra-lusa.com\/pt-pt\/produto\/mini-guarda-chuva-azulejo-sec-xviii-anjo\/#breadcrumb","itemListElement":[{"@type":"ListItem","position":1,"name":"Home","item":"https:\/\/terra-lusa.com\/pt-pt\/"},{"@type":"ListItem","position":2,"name":"Produtos","item":"https:\/\/terra-lusa.com\/pt-pt\/produtos\/"},{"@type":"ListItem","position":3,"name":"Guarda-chuva Azulejo S\u00e9c. XVIII &#8211; Anjo"}]},{"@type":"WebSite","@id":"https:\/\/terra-lusa.com\/pt-pt\/#website","url":"https:\/\/terra-lusa.com\/pt-pt\/","name":"Terra Lusa","description":"O Melhor de Portugal","potentialAction":[{"@type":"SearchAction","target":{"@type":"EntryPoint","urlTemplate":"https:\/\/terra-lusa.com\/pt-pt\/?s={search_term_string}"},"query-input":{"@type":"PropertyValueSpecification","valueRequired":true,"valueName":"search_term_string"}}],"inLanguage":"pt-PT"}]}},"_links":{"self":[{"href":"https:\/\/terra-lusa.com\/pt-pt\/wp-json\/wp\/v2\/product\/10208","targetHints":{"allow":["GET"]}}],"collection":[{"href":"https:\/\/terra-lusa.com\/pt-pt\/wp-json\/wp\/v2\/product"}],"about":[{"href":"https:\/\/terra-lusa.com\/pt-pt\/wp-json\/wp\/v2\/types\/product"}],"replies":[{"embeddable":true,"href":"https:\/\/terra-lusa.com\/pt-pt\/wp-json\/wp\/v2\/comments?post=10208"}],"wp:featuredmedia":[{"embeddable":true,"href":"https:\/\/terra-lusa.com\/pt-pt\/wp-json\/wp\/v2\/media\/10197"}],"wp:attachment":[{"href":"https:\/\/terra-lusa.com\/pt-pt\/wp-json\/wp\/v2\/media?parent=10208"}],"wp:term":[{"taxonomy":"product_brand","embeddable":true,"href":"https:\/\/terra-lusa.com\/pt-pt\/wp-json\/wp\/v2\/product_brand?post=10208"},{"taxonomy":"product_cat","embeddable":true,"href":"https:\/\/terra-lusa.com\/pt-pt\/wp-json\/wp\/v2\/product_cat?post=10208"},{"taxonomy":"product_tag","embeddable":true,"href":"https:\/\/terra-lusa.com\/pt-pt\/wp-json\/wp\/v2\/product_tag?post=10208"}],"curies":[{"name":"wp","href":"https:\/\/api.w.org\/{rel}","templated":true}]}}