{"id":8386,"date":"2018-07-06T15:01:39","date_gmt":"2018-07-06T15:01:39","guid":{"rendered":"https:\/\/terra-lusa.com\/?page_id=8386"},"modified":"2024-09-06T15:16:39","modified_gmt":"2024-09-06T15:16:39","slug":"politica-de-privacidade","status":"publish","type":"page","link":"https:\/\/terra-lusa.com\/pt-pt\/politica-de-privacidade\/","title":{"rendered":"POL\u00cdTICA DE PRIVACIDADE"},"content":{"rendered":"<p><strong>POL\u00cdTICA DE PRIVACIDADE<\/strong><br \/>\nA utiliza\u00e7\u00e3o deste website encontra-se sujeita \u00e0 Pol\u00edtica de Privacidade abaixo mencionada, devendo o utilizador verificar os respetivos termos em cada nova utiliza\u00e7\u00e3o.<\/p>\n<p><strong>A NOSSA POL\u00cdTICA<\/strong><br \/>\nTodos os utilizadores t\u00eam o direito \u00e0 prote\u00e7\u00e3o dos seus dados pessoais. Horas &amp; Colec\u00e7\u00f5es, Lda. \u00e9 a respons\u00e1vel pela recolha e tratamento dos dados pessoais. A comunica\u00e7\u00e3o dos dados pessoais \u00e9 um requisito necess\u00e1rio para a celebra\u00e7\u00e3o e execu\u00e7\u00e3o do contrato.<br \/>\nA Horas &amp; Colec\u00e7\u00f5es, Lda., garante que os dados pessoais s\u00e3o tratados em Portugal de uma forma correta e l\u00edcita, em conformidade com a legisla\u00e7\u00e3o europeia e nacional. Este site foi concebido para que a recolha e utiliza\u00e7\u00e3o dos seus dados pessoais seja m\u00ednima e n\u00e3o exceda as finalidades originais para as quais foram recolhidos.<\/p>\n<p><strong>TRATAMENTO DE DADOS PESSOAIS<\/strong><br \/>\nOs seus dados pessoais s\u00e3o recolhidos e tratados pela Horas &amp; Colec\u00e7\u00f5es, Lda., apenas para fins estritamente ligados ao uso deste site, seus servi\u00e7os e \u00e0 aquisi\u00e7\u00e3o de produtos. Os seus dados pessoais podem tamb\u00e9m ser utilizados para outras opera\u00e7\u00f5es de processamento que estejam enquadradas dentro dos limites destas utiliza\u00e7\u00f5es, nomeadamente:<br \/>\nSempre que executa um processo de compra de produtos vendidos neste site, recolhemos os seus dados pessoais (por exemplo, password, endere\u00e7o de e-mail, morada de entrega, n\u00famero de conta, n\u00famero do cart\u00e3o de cr\u00e9dito e n\u00famero de telefone) no formul\u00e1rio de compra, apenas para efeitos de venda, separa\u00e7\u00e3o e transporte dos produtos encomendados.<br \/>\nSempre que solicita a assist\u00eancia de servi\u00e7o recolhemos os seus dados pessoais (por exemplo: nome, endere\u00e7o de e-mail) com o objetivo de lhe fornecer os servi\u00e7os de Apoio ao Cliente da loja online que sejam relevantes para este site e para a assist\u00eancia;<br \/>\nSempre que grava um endere\u00e7o de entrega, recolhemos os seus dados pessoais a fim de simplificar a elabora\u00e7\u00e3o das suas futuras encomendas.<br \/>\nOs seus dados pessoais s\u00f3 ser\u00e3o comunicados a terceiros quando for necess\u00e1rio para processar uma encomenda. Os seus dados pessoais ser\u00e3o divulgados nos seguintes casos:<br \/>\nServi\u00e7os de pagamento eletr\u00f3nico, atrav\u00e9s de cart\u00f5es de cr\u00e9dito ou d\u00e9bito;<br \/>\nProcessamento de produtos adquiridos;<br \/>\nSelecionar, embalar e despachar artigos;<br \/>\nSolucionar quest\u00f5es ou d\u00favidas relacionados com a venda de produtos;<br \/>\nProcessar pagamentos da compra de artigos;<br \/>\nProcessar devolu\u00e7\u00f5es de artigos.<\/p>\n<p>Os dados pessoais recolhidos e tratados pela Horas &amp; Colec\u00e7\u00f5es, Lda. ser\u00e3o conservados durante o tempo que for necess\u00e1rio para cumprir as finalidades para as quais os recolhemos, salvo se o contr\u00e1rio for legalmente exig\u00edvel.<\/p>\n<p>A recusa em facultar os dados pessoais determina a impossibilidade de aquisi\u00e7\u00e3o dos artigos.<\/p>\n<p><strong>DIVULGA\u00c7\u00c3O DOS SEUS DADOS PESSOAIS<\/strong><br \/>\nA Horas &amp; Colec\u00e7\u00f5es, Lda. pode recorrer a subcontratantes para efeitos do tratamento de dados pessoais, nomeadamente para gest\u00e3o de clientes, presta\u00e7\u00e3o de servi\u00e7os e fatura\u00e7\u00e3o, nunca ultrapassando as finalidades originais. Em determinadas circunst\u00e2ncias, certos dados pessoais poder\u00e3o ter de ser comunicados a autoridades p\u00fablicas, nomeadamente para cumprir leis aplic\u00e1veis, responder a inqu\u00e9ritos judiciais e governamentais, estar em conformidade com processos legais v\u00e1lidos e proteger os direitos ou propriedade da Horas &amp; Colec\u00e7\u00f5es, Lda..<\/p>\n<p>Acima de tudo, os seus dados pessoais n\u00e3o ser\u00e3o divulgados a terceiros sem ser informado ou sem o seu consentimento, quando este for exigido por lei, exceto nos casos previstos neste documento.<\/p>\n<p><strong>OS SEUS DIREITOS<\/strong><br \/>\nOs Clientes podem pedir o acesso, a retifica\u00e7\u00e3o, a oposi\u00e7\u00e3o ao tratamento e o apagamento ou portabilidade dos seus dados pessoais, desde que dentro dos limites legais e regulamentares estabelecidos para o efeito.<br \/>\nO exerc\u00edcio desses direitos deve ser efetuado por escrito para os seguintes contactos:<br \/>\nPor carta para:<br \/>\nHoras &amp; Colec\u00e7\u00f5es, Lda.<br \/>\nPasseio das Gar\u00e7as, 8 A<br \/>\n1990-398 LISBOA<\/p>\n<p>Atrav\u00e9s do endere\u00e7o eletr\u00f3nico:<br \/>\ngeral@horasecoleccoes.com<br \/>\nN\u00e3o concordando com o tratamento ou com a resposta dada por Horas &amp; Colec\u00e7\u00f5es, Lda. poder\u00e1 apresentar a sua reclama\u00e7\u00e3o \u00e0 Comiss\u00e3o Nacional de Prote\u00e7\u00e3o de Dados.<\/p>\n<p><strong>COOKIES<\/strong><br \/>\nA Horas &amp; Colec\u00e7\u00f5es, Lda., utiliza sistemas autom\u00e1ticos de recolha de dados como cookies. Uma &#8220;cookie&#8221; \u00e9 um dispositivo transmitido para o disco r\u00edgido de um utilizador da Internet que permite recolher designadamente e se dispon\u00edvel, o endere\u00e7o IP, o sistema operativo, o navegador da Web (browser) e a administra\u00e7\u00e3o de sistema. Trata-se de informa\u00e7\u00e3o estat\u00edstica sobre como o utilizador navega no nosso website. Apenas a Horas &amp; Colec\u00e7\u00f5es, Lda., tem acesso a estas informa\u00e7\u00f5es recolhidas pelas cookies, de forma coletiva e an\u00f3nima, a fim de otimizar os seus servi\u00e7os e os deste site para as necessidades e prefer\u00eancias do utilizador e para que a prepara\u00e7\u00e3o das p\u00e1ginas da Web sejam personalizadas. Assim, auxiliam-nos a melhorar o nosso website e a prestar um servi\u00e7o melhor e mais personalizado. Se configurar o seu browser para bloquear ou apagar cookies, n\u00e3o podemos garantir que ter\u00e1 acesso a todos os recursos e servi\u00e7os oferecidos atrav\u00e9s deste site. Iremos utilizar as cookies para fun\u00e7\u00f5es como a navega\u00e7\u00e3o no cat\u00e1logo, compra de produtos online e a presta\u00e7\u00e3o de servi\u00e7os reservados aos utilizadores registados.<\/p>\n<p><strong>LEGISLA\u00c7\u00c3O<\/strong><br \/>\nO tratamento de dados pessoais pela Horas &amp; Colec\u00e7\u00f5es, Lda., ser\u00e1 realizado em conformidade com a legisla\u00e7\u00e3o europeia e nacional em vigor. Os contratos de compra e venda de produtos atrav\u00e9s deste site s\u00e3o regulados pela legisla\u00e7\u00e3o portuguesa.<\/p>\n<p><strong>AVISOS, MODIFICA\u00c7\u00d5ES E CANCELAMENTO DE SERVI\u00c7OS<\/strong><br \/>\nA Horas &amp; Colec\u00e7\u00f5es, Lda., pode alterar ou atualizar a qualquer momento a totalidade ou partes desta Pol\u00edtica de Privacidade, mesmo que n\u00e3o seja exigido pela legisla\u00e7\u00e3o e regulamenta\u00e7\u00e3o aplic\u00e1veis. Todas as altera\u00e7\u00f5es e atualiza\u00e7\u00f5es entrar\u00e3o em vigor ap\u00f3s a sua publica\u00e7\u00e3o nesta parte do site. Desta forma, deve aceder regularmente a esta sec\u00e7\u00e3o do site, a fim de ver a vers\u00e3o atualizada da nossa Pol\u00edtica de Privacidade.<\/p>\n<p><strong>DIREITOS DE PROPRIEDADE INTELECTUAL<\/strong><br \/>\nTodos os conte\u00fados presentes neste site s\u00e3o propriedade exclusiva da Horas &amp; Colec\u00e7\u00f5es, Lda.: textos, imagens, ou qualquer outro tipo de informa\u00e7\u00f5es que n\u00e3o provenham de terceiros. Desta forma est\u00e3o protegidos pelo C\u00f3digo do Direito de Autor e dos Direitos Conexos. A Horas &amp; Colec\u00e7\u00f5es, Lda., reserva-se ao direito de, a qualquer momento, introduzir altera\u00e7\u00f5es nestes conte\u00fados, n\u00e3o tendo obriga\u00e7\u00e3o de efetuar qualquer comunica\u00e7\u00e3o pr\u00e9via aos utilizadores.<\/p>\n<p><strong>CONTE\u00daDO DE TERCEIROS<\/strong><br \/>\nEste site pode conter links para sites de terceiros (&#8220;sites vinculados&#8221;). Os sites vinculados n\u00e3o est\u00e3o sob o controlo da Horas &amp; Colec\u00e7\u00f5es, Lda., n\u00e3o sendo a Horas &amp; Colec\u00e7\u00f5es, Lda. respons\u00e1vel pelo conte\u00fado de qualquer Site Vinculado.<\/p>\n","protected":false},"excerpt":{"rendered":"<p>POL\u00cdTICA DE PRIVACIDADE A utiliza\u00e7\u00e3o deste website encontra-se sujeita \u00e0 Pol\u00edtica de Privacidade abaixo mencionada, devendo o utilizador verificar os respetivos termos em cada nova utiliza\u00e7\u00e3o. A NOSSA POL\u00cdTICA Todos os utilizadores t\u00eam o direito \u00e0 prote\u00e7\u00e3o dos seus dados pessoais. Horas &amp; Colec\u00e7\u00f5es, Lda. \u00e9 a respons\u00e1vel pela recolha e tratamento dos dados pessoais. [&hellip;]\n","protected":false},"author":2,"featured_media":0,"parent":0,"menu_order":0,"comment_status":"closed","ping_status":"closed","template":"","meta":{"_exactmetrics_skip_tracking":false,"_exactmetrics_sitenote_active":false,"_exactmetrics_sitenote_note":"","_exactmetrics_sitenote_category":0,"footnotes":""},"class_list":["post-8386","page","type-page","status-publish","hentry"],"yoast_head":"<!-- This site is optimized with the Yoast SEO plugin v26.9 - https:\/\/yoast.com\/product\/yoast-seo-wordpress\/ -->\n<title>POL\u00cdTICA DE PRIVACIDADE - Terra Lusa<\/title>\n<meta name=\"description\" content=\"800 years of History, Culture and Tradition inspire Terra Lusa where quality technology joins contemporary design. Terra Lusa - The Best of Portugal\" \/>\n<meta name=\"robots\" content=\"index, follow, max-snippet:-1, max-image-preview:large, max-video-preview:-1\" \/>\n<link rel=\"canonical\" href=\"https:\/\/terra-lusa.com\/pt-pt\/politica-de-privacidade\/\" \/>\n<meta property=\"og:locale\" content=\"pt_PT\" \/>\n<meta property=\"og:type\" content=\"article\" \/>\n<meta property=\"og:title\" content=\"POL\u00cdTICA DE PRIVACIDADE - Terra Lusa\" \/>\n<meta property=\"og:description\" content=\"800 years of History, Culture and Tradition inspire Terra Lusa where quality technology joins contemporary design. Terra Lusa - The Best of Portugal\" \/>\n<meta property=\"og:url\" content=\"https:\/\/terra-lusa.com\/pt-pt\/politica-de-privacidade\/\" \/>\n<meta property=\"og:site_name\" content=\"Terra Lusa\" \/>\n<meta property=\"article:modified_time\" content=\"2024-09-06T15:16:39+00:00\" \/>\n<meta name=\"twitter:card\" content=\"summary_large_image\" \/>\n<meta name=\"twitter:label1\" content=\"Tempo estimado de leitura\" \/>\n\t<meta name=\"twitter:data1\" content=\"6 minutos\" \/>\n<script type=\"application\/ld+json\" class=\"yoast-schema-graph\">{\"@context\":\"https:\/\/schema.org\",\"@graph\":[{\"@type\":\"WebPage\",\"@id\":\"https:\/\/terra-lusa.com\/pt-pt\/politica-de-privacidade\/\",\"url\":\"https:\/\/terra-lusa.com\/pt-pt\/politica-de-privacidade\/\",\"name\":\"POL\u00cdTICA DE PRIVACIDADE - Terra Lusa\",\"isPartOf\":{\"@id\":\"https:\/\/terra-lusa.com\/pt-pt\/#website\"},\"datePublished\":\"2018-07-06T15:01:39+00:00\",\"dateModified\":\"2024-09-06T15:16:39+00:00\",\"description\":\"800 years of History, Culture and Tradition inspire Terra Lusa where quality technology joins contemporary design. Terra Lusa - The Best of Portugal\",\"breadcrumb\":{\"@id\":\"https:\/\/terra-lusa.com\/pt-pt\/politica-de-privacidade\/#breadcrumb\"},\"inLanguage\":\"pt-PT\",\"potentialAction\":[{\"@type\":\"ReadAction\",\"target\":[\"https:\/\/terra-lusa.com\/pt-pt\/politica-de-privacidade\/\"]}]},{\"@type\":\"BreadcrumbList\",\"@id\":\"https:\/\/terra-lusa.com\/pt-pt\/politica-de-privacidade\/#breadcrumb\",\"itemListElement\":[{\"@type\":\"ListItem\",\"position\":1,\"name\":\"Home\",\"item\":\"https:\/\/terra-lusa.com\/pt-pt\/\"},{\"@type\":\"ListItem\",\"position\":2,\"name\":\"POL\u00cdTICA DE PRIVACIDADE\"}]},{\"@type\":\"WebSite\",\"@id\":\"https:\/\/terra-lusa.com\/pt-pt\/#website\",\"url\":\"https:\/\/terra-lusa.com\/pt-pt\/\",\"name\":\"Terra Lusa\",\"description\":\"O Melhor de Portugal\",\"potentialAction\":[{\"@type\":\"SearchAction\",\"target\":{\"@type\":\"EntryPoint\",\"urlTemplate\":\"https:\/\/terra-lusa.com\/pt-pt\/?s={search_term_string}\"},\"query-input\":{\"@type\":\"PropertyValueSpecification\",\"valueRequired\":true,\"valueName\":\"search_term_string\"}}],\"inLanguage\":\"pt-PT\"}]}<\/script>\n<!-- \/ Yoast SEO plugin. -->","yoast_head_json":{"title":"POL\u00cdTICA DE PRIVACIDADE - Terra Lusa","description":"800 years of History, Culture and Tradition inspire Terra Lusa where quality technology joins contemporary design. Terra Lusa - The Best of Portugal","robots":{"index":"index","follow":"follow","max-snippet":"max-snippet:-1","max-image-preview":"max-image-preview:large","max-video-preview":"max-video-preview:-1"},"canonical":"https:\/\/terra-lusa.com\/pt-pt\/politica-de-privacidade\/","og_locale":"pt_PT","og_type":"article","og_title":"POL\u00cdTICA DE PRIVACIDADE - Terra Lusa","og_description":"800 years of History, Culture and Tradition inspire Terra Lusa where quality technology joins contemporary design. Terra Lusa - The Best of Portugal","og_url":"https:\/\/terra-lusa.com\/pt-pt\/politica-de-privacidade\/","og_site_name":"Terra Lusa","article_modified_time":"2024-09-06T15:16:39+00:00","twitter_card":"summary_large_image","twitter_misc":{"Tempo estimado de leitura":"6 minutos"},"schema":{"@context":"https:\/\/schema.org","@graph":[{"@type":"WebPage","@id":"https:\/\/terra-lusa.com\/pt-pt\/politica-de-privacidade\/","url":"https:\/\/terra-lusa.com\/pt-pt\/politica-de-privacidade\/","name":"POL\u00cdTICA DE PRIVACIDADE - Terra Lusa","isPartOf":{"@id":"https:\/\/terra-lusa.com\/pt-pt\/#website"},"datePublished":"2018-07-06T15:01:39+00:00","dateModified":"2024-09-06T15:16:39+00:00","description":"800 years of History, Culture and Tradition inspire Terra Lusa where quality technology joins contemporary design. Terra Lusa - The Best of Portugal","breadcrumb":{"@id":"https:\/\/terra-lusa.com\/pt-pt\/politica-de-privacidade\/#breadcrumb"},"inLanguage":"pt-PT","potentialAction":[{"@type":"ReadAction","target":["https:\/\/terra-lusa.com\/pt-pt\/politica-de-privacidade\/"]}]},{"@type":"BreadcrumbList","@id":"https:\/\/terra-lusa.com\/pt-pt\/politica-de-privacidade\/#breadcrumb","itemListElement":[{"@type":"ListItem","position":1,"name":"Home","item":"https:\/\/terra-lusa.com\/pt-pt\/"},{"@type":"ListItem","position":2,"name":"POL\u00cdTICA DE PRIVACIDADE"}]},{"@type":"WebSite","@id":"https:\/\/terra-lusa.com\/pt-pt\/#website","url":"https:\/\/terra-lusa.com\/pt-pt\/","name":"Terra Lusa","description":"O Melhor de Portugal","potentialAction":[{"@type":"SearchAction","target":{"@type":"EntryPoint","urlTemplate":"https:\/\/terra-lusa.com\/pt-pt\/?s={search_term_string}"},"query-input":{"@type":"PropertyValueSpecification","valueRequired":true,"valueName":"search_term_string"}}],"inLanguage":"pt-PT"}]}},"_links":{"self":[{"href":"https:\/\/terra-lusa.com\/pt-pt\/wp-json\/wp\/v2\/pages\/8386","targetHints":{"allow":["GET"]}}],"collection":[{"href":"https:\/\/terra-lusa.com\/pt-pt\/wp-json\/wp\/v2\/pages"}],"about":[{"href":"https:\/\/terra-lusa.com\/pt-pt\/wp-json\/wp\/v2\/types\/page"}],"author":[{"embeddable":true,"href":"https:\/\/terra-lusa.com\/pt-pt\/wp-json\/wp\/v2\/users\/2"}],"replies":[{"embeddable":true,"href":"https:\/\/terra-lusa.com\/pt-pt\/wp-json\/wp\/v2\/comments?post=8386"}],"version-history":[{"count":2,"href":"https:\/\/terra-lusa.com\/pt-pt\/wp-json\/wp\/v2\/pages\/8386\/revisions"}],"predecessor-version":[{"id":8388,"href":"https:\/\/terra-lusa.com\/pt-pt\/wp-json\/wp\/v2\/pages\/8386\/revisions\/8388"}],"wp:attachment":[{"href":"https:\/\/terra-lusa.com\/pt-pt\/wp-json\/wp\/v2\/media?parent=8386"}],"curies":[{"name":"wp","href":"https:\/\/api.w.org\/{rel}","templated":true}]}}