{"id":3753,"date":"2013-08-11T19:06:15","date_gmt":"2013-08-11T19:06:15","guid":{"rendered":"http:\/\/terra-lusa.com\/about-us-2\/"},"modified":"2024-09-06T15:20:29","modified_gmt":"2024-09-06T15:20:29","slug":"sobre-a-terra-lusa","status":"publish","type":"page","link":"https:\/\/terra-lusa.com\/pt-pt\/sobre-a-terra-lusa\/","title":{"rendered":"Sobre a Terra Lusa"},"content":{"rendered":"<p style=\"text-align: center\">A <strong>Terra Lusa<\/strong> \u00e9 uma marca portuguesa que <strong>h\u00e1 mais de 15 anos<\/strong> tem vindo atrav\u00e9s dos seus produtos a <strong>honrar o patrim\u00f3nio de Portugal. <\/strong><\/p>\n<p style=\"text-align: center\">A<strong> Terra Lusa<\/strong> surge com o intuito de divulgar tanto interna como externamente a riqueza cultural de Portugal, nas suas mais variadas vertentes\u00a0como o\u00a0<strong>Artesanato, a Arte, a Hist\u00f3ria e o Patrim\u00f3nio<\/strong>.<\/p>\n<p style=\"text-align: center\">Com a <strong>Terra Lusa<\/strong>, a cultura portuguesa passou a ser retratada num leque de produtos que t\u00eam em comum atributos \u00fanicos &#8211; \u00a0s\u00e3o\u00a0<strong>\u00fateis,\u00a0<\/strong><strong> colecion\u00e1veis, inovadores, acess\u00edveis e f\u00e1ceis de transportar<\/strong>.<\/p>\n<p style=\"text-align: center\">S\u00e3o <strong>mais de 90 refer\u00eancias<\/strong> distribu\u00eddas por v\u00e1rias categorias de produtos, inspiradas em <strong>tem\u00e1ticas com ra\u00edzes tipicamente portuguesas<\/strong>, como a arte da azulejaria, os len\u00e7os de namorados, o fado, as pinturas do mobili\u00e1rio alentejano, as rendas de bilros entre outros.<\/p>\n<p style=\"text-align: center\">Na <strong>Terra Lusa <\/strong>os leques, caixas de \u00f3culos, panos microfibra, eco sacos, <strong>\u00a0<\/strong>rel\u00f3gios, mini guarda-chuvas , capas para livros e notebooks s\u00e3o verdadeiros c<strong>art\u00f5es-de-visita da nossa cultura<\/strong>.<\/p>\n<p style=\"text-align: center\"><strong>800 anos de Hist\u00f3ria, Cultura e Tradi\u00e7\u00e3o<\/strong> inspiram a Terra Lusa onde a tecnologia de qualidade se alia ao design contempor\u00e2neo.<\/p>\n<p style=\"text-align: center\">S\u00e3o as caracter\u00edsticas das pe\u00e7as deste <strong>projeto 100% portugu\u00eas<\/strong> que lhe permitem a presen\u00e7a em Museus, Esta\u00e7\u00f5es de Correio, Lojas de Artesanato e Aeroportos.<\/p>\n","protected":false},"excerpt":{"rendered":"   <div id=\"banner_843618255\" class=\"ux_banner dark has-parallax   \"  style=\"height:450px; \" data-height=\"450px\" role=\"banner\">\n                                  <div class=\"banner-bg \"  style=\"background-image:url('https:\/\/terra-lusa.com\/wp-content\/uploads\/2015\/03\/Terra-Lusa-aboutus.jpg'); \"><img decoding=\"async\" src=\"https:\/\/terra-lusa.com\/wp-content\/uploads\/2015\/03\/Terra-Lusa-aboutus.jpg\"  alt=\"\" style=\"visibility:hidden;\" \/><\/div>\n                             <div class=\"row parallax_text parallax_text\" data-velocity=\"0.3\">\n          <div class=\"inner center text-center \"  style=\"width:60%;\">\n            <div class=\"inner-wrap animated flipInX\" style=\" \">\n              <h1>SOBRE A TERRA LUSA<\/h1>\n<div class=\"tx-div small\"><\/div>\n<p>\n\n\t\t<div class=\"social-icons share-row\">\n\t\t\t\t\t\t<a href=\"http:\/\/www.facebook.com\/sharer.php?u=https:\/\/terra-lusa.com\/pt-pt\/sobre-a-terra-lusa\/\" onclick=\"window.open(this.href,this.title,'width=500,height=500,top=300px,left=300px');  return false;\"  rel=\"nofollow\" target=\"_blank\" class=\"icon icon_facebook tip-top\" title=\"Partilhar no Facebook\"><span class=\"icon-facebook\"><\/span><\/a>\t\t<a href=\"https:\/\/twitter.com\/share?url=https:\/\/terra-lusa.com\/pt-pt\/sobre-a-terra-lusa\/\" onclick=\"window.open(this.href,this.title,'width=500,height=500,top=300px,left=300px');  return false;\"  rel=\"nofollow\" target=\"_blank\" class=\"icon icon_twitter tip-top\" title=\"Partilhar no Twitter\"><span class=\"icon-twitter\"><\/span><\/a>\t\t<a href=\"mailto:enteryour@addresshere.com?subject=Sobre%20a%20Terra%20Lusa&amp;body=Check%20this%20out:%20https:\/\/terra-lusa.com\/pt-pt\/sobre-a-terra-lusa\/\" rel=\"nofollow\" class=\"icon icon_email tip-top\" title=\"Enviar por email\"><span class=\"icon-envelop\"><\/span><\/a>\t\t\t\t<a href=\"\/\/pinterest.com\/pin\/create\/button\/?url=https:\/\/terra-lusa.com\/pt-pt\/sobre-a-terra-lusa\/&amp;media=&amp;description=Sobre%20a%20Terra%20Lusa\" onclick=\"window.open(this.href,this.title,'width=500,height=500,top=300px,left=300px');  return false;\"  rel=\"nofollow\" target=\"_blank\" class=\"icon icon_pintrest tip-top\" title=\"Pin no Pinterest\"><span class=\"icon-pinterest\"><\/span><\/a>\t\t<a href=\"\/\/plus.google.com\/share?url=https:\/\/terra-lusa.com\/pt-pt\/sobre-a-terra-lusa\/\" target=\"_blank\" class=\"icon icon_googleplus tip-top\" onclick=\"window.open(this.href,this.title,'width=500,height=500,top=300px,left=300px');  return false;\"  rel=\"nofollow\" title=\"Partilhar no Google+\"><span class=\"icon-google-plus\"><\/span><\/a>\t\t\t\t    <\/div>\n\n    \n    \n            <\/div>\n          <\/div>  \n        <\/div>\n                     <\/div><!-- end .ux_banner -->\n\n","protected":false},"author":1,"featured_media":0,"parent":0,"menu_order":2,"comment_status":"closed","ping_status":"closed","template":"page-blank-container.php","meta":{"_exactmetrics_skip_tracking":false,"_exactmetrics_sitenote_active":false,"_exactmetrics_sitenote_note":"","_exactmetrics_sitenote_category":0,"footnotes":""},"class_list":["post-3753","page","type-page","status-publish","hentry"],"yoast_head":"<!-- This site is optimized with the Yoast SEO plugin v26.9 - https:\/\/yoast.com\/product\/yoast-seo-wordpress\/ -->\n<title>Sobre a Terra Lusa - Terra Lusa<\/title>\n<meta name=\"description\" content=\"800 years of History, Culture and Tradition inspire Terra Lusa where quality technology joins contemporary design. Terra Lusa - The Best of Portugal\" \/>\n<meta name=\"robots\" content=\"index, follow, max-snippet:-1, max-image-preview:large, max-video-preview:-1\" \/>\n<link rel=\"canonical\" href=\"https:\/\/terra-lusa.com\/pt-pt\/sobre-a-terra-lusa\/\" \/>\n<meta property=\"og:locale\" content=\"pt_PT\" \/>\n<meta property=\"og:type\" content=\"article\" \/>\n<meta property=\"og:title\" content=\"Sobre a Terra Lusa - Terra Lusa\" \/>\n<meta property=\"og:description\" content=\"800 years of History, Culture and Tradition inspire Terra Lusa where quality technology joins contemporary design. Terra Lusa - The Best of Portugal\" \/>\n<meta property=\"og:url\" content=\"https:\/\/terra-lusa.com\/pt-pt\/sobre-a-terra-lusa\/\" \/>\n<meta property=\"og:site_name\" content=\"Terra Lusa\" \/>\n<meta property=\"article:modified_time\" content=\"2024-09-06T15:20:29+00:00\" \/>\n<meta name=\"twitter:card\" content=\"summary_large_image\" \/>\n<meta name=\"twitter:label1\" content=\"Tempo estimado de leitura\" \/>\n\t<meta name=\"twitter:data1\" content=\"2 minutos\" \/>\n<script type=\"application\/ld+json\" class=\"yoast-schema-graph\">{\"@context\":\"https:\/\/schema.org\",\"@graph\":[{\"@type\":\"WebPage\",\"@id\":\"https:\/\/terra-lusa.com\/pt-pt\/sobre-a-terra-lusa\/\",\"url\":\"https:\/\/terra-lusa.com\/pt-pt\/sobre-a-terra-lusa\/\",\"name\":\"Sobre a Terra Lusa - Terra Lusa\",\"isPartOf\":{\"@id\":\"https:\/\/terra-lusa.com\/pt-pt\/#website\"},\"datePublished\":\"2013-08-11T19:06:15+00:00\",\"dateModified\":\"2024-09-06T15:20:29+00:00\",\"description\":\"800 years of History, Culture and Tradition inspire Terra Lusa where quality technology joins contemporary design. Terra Lusa - The Best of Portugal\",\"breadcrumb\":{\"@id\":\"https:\/\/terra-lusa.com\/pt-pt\/sobre-a-terra-lusa\/#breadcrumb\"},\"inLanguage\":\"pt-PT\",\"potentialAction\":[{\"@type\":\"ReadAction\",\"target\":[\"https:\/\/terra-lusa.com\/pt-pt\/sobre-a-terra-lusa\/\"]}]},{\"@type\":\"BreadcrumbList\",\"@id\":\"https:\/\/terra-lusa.com\/pt-pt\/sobre-a-terra-lusa\/#breadcrumb\",\"itemListElement\":[{\"@type\":\"ListItem\",\"position\":1,\"name\":\"Home\",\"item\":\"https:\/\/terra-lusa.com\/pt-pt\/\"},{\"@type\":\"ListItem\",\"position\":2,\"name\":\"Sobre a Terra Lusa\"}]},{\"@type\":\"WebSite\",\"@id\":\"https:\/\/terra-lusa.com\/pt-pt\/#website\",\"url\":\"https:\/\/terra-lusa.com\/pt-pt\/\",\"name\":\"Terra Lusa\",\"description\":\"O Melhor de Portugal\",\"potentialAction\":[{\"@type\":\"SearchAction\",\"target\":{\"@type\":\"EntryPoint\",\"urlTemplate\":\"https:\/\/terra-lusa.com\/pt-pt\/?s={search_term_string}\"},\"query-input\":{\"@type\":\"PropertyValueSpecification\",\"valueRequired\":true,\"valueName\":\"search_term_string\"}}],\"inLanguage\":\"pt-PT\"}]}<\/script>\n<!-- \/ Yoast SEO plugin. -->","yoast_head_json":{"title":"Sobre a Terra Lusa - Terra Lusa","description":"800 years of History, Culture and Tradition inspire Terra Lusa where quality technology joins contemporary design. Terra Lusa - The Best of Portugal","robots":{"index":"index","follow":"follow","max-snippet":"max-snippet:-1","max-image-preview":"max-image-preview:large","max-video-preview":"max-video-preview:-1"},"canonical":"https:\/\/terra-lusa.com\/pt-pt\/sobre-a-terra-lusa\/","og_locale":"pt_PT","og_type":"article","og_title":"Sobre a Terra Lusa - Terra Lusa","og_description":"800 years of History, Culture and Tradition inspire Terra Lusa where quality technology joins contemporary design. Terra Lusa - The Best of Portugal","og_url":"https:\/\/terra-lusa.com\/pt-pt\/sobre-a-terra-lusa\/","og_site_name":"Terra Lusa","article_modified_time":"2024-09-06T15:20:29+00:00","twitter_card":"summary_large_image","twitter_misc":{"Tempo estimado de leitura":"2 minutos"},"schema":{"@context":"https:\/\/schema.org","@graph":[{"@type":"WebPage","@id":"https:\/\/terra-lusa.com\/pt-pt\/sobre-a-terra-lusa\/","url":"https:\/\/terra-lusa.com\/pt-pt\/sobre-a-terra-lusa\/","name":"Sobre a Terra Lusa - Terra Lusa","isPartOf":{"@id":"https:\/\/terra-lusa.com\/pt-pt\/#website"},"datePublished":"2013-08-11T19:06:15+00:00","dateModified":"2024-09-06T15:20:29+00:00","description":"800 years of History, Culture and Tradition inspire Terra Lusa where quality technology joins contemporary design. Terra Lusa - The Best of Portugal","breadcrumb":{"@id":"https:\/\/terra-lusa.com\/pt-pt\/sobre-a-terra-lusa\/#breadcrumb"},"inLanguage":"pt-PT","potentialAction":[{"@type":"ReadAction","target":["https:\/\/terra-lusa.com\/pt-pt\/sobre-a-terra-lusa\/"]}]},{"@type":"BreadcrumbList","@id":"https:\/\/terra-lusa.com\/pt-pt\/sobre-a-terra-lusa\/#breadcrumb","itemListElement":[{"@type":"ListItem","position":1,"name":"Home","item":"https:\/\/terra-lusa.com\/pt-pt\/"},{"@type":"ListItem","position":2,"name":"Sobre a Terra Lusa"}]},{"@type":"WebSite","@id":"https:\/\/terra-lusa.com\/pt-pt\/#website","url":"https:\/\/terra-lusa.com\/pt-pt\/","name":"Terra Lusa","description":"O Melhor de Portugal","potentialAction":[{"@type":"SearchAction","target":{"@type":"EntryPoint","urlTemplate":"https:\/\/terra-lusa.com\/pt-pt\/?s={search_term_string}"},"query-input":{"@type":"PropertyValueSpecification","valueRequired":true,"valueName":"search_term_string"}}],"inLanguage":"pt-PT"}]}},"_links":{"self":[{"href":"https:\/\/terra-lusa.com\/pt-pt\/wp-json\/wp\/v2\/pages\/3753","targetHints":{"allow":["GET"]}}],"collection":[{"href":"https:\/\/terra-lusa.com\/pt-pt\/wp-json\/wp\/v2\/pages"}],"about":[{"href":"https:\/\/terra-lusa.com\/pt-pt\/wp-json\/wp\/v2\/types\/page"}],"author":[{"embeddable":true,"href":"https:\/\/terra-lusa.com\/pt-pt\/wp-json\/wp\/v2\/users\/1"}],"replies":[{"embeddable":true,"href":"https:\/\/terra-lusa.com\/pt-pt\/wp-json\/wp\/v2\/comments?post=3753"}],"version-history":[{"count":4,"href":"https:\/\/terra-lusa.com\/pt-pt\/wp-json\/wp\/v2\/pages\/3753\/revisions"}],"predecessor-version":[{"id":24248,"href":"https:\/\/terra-lusa.com\/pt-pt\/wp-json\/wp\/v2\/pages\/3753\/revisions\/24248"}],"wp:attachment":[{"href":"https:\/\/terra-lusa.com\/pt-pt\/wp-json\/wp\/v2\/media?parent=3753"}],"curies":[{"name":"wp","href":"https:\/\/api.w.org\/{rel}","templated":true}]}}