{"id":3601,"date":"2015-02-24T12:12:02","date_gmt":"2015-02-24T12:12:02","guid":{"rendered":"http:\/\/terra-lusa.com\/detalhes-colecoes\/lovers-handkerchieves\/"},"modified":"2015-06-15T17:36:44","modified_gmt":"2015-06-15T17:36:44","slug":"lenco-de-namorados","status":"publish","type":"page","link":"https:\/\/terra-lusa.com\/pt-pt\/detalhes-colecoes\/lenco-de-namorados\/","title":{"rendered":"Len\u00e7o de Namorados"},"content":{"rendered":"<p>S\u00edmbolos de um ritual de conquista, os len\u00e7os de namorados ter\u00e3o surgido no s\u00e9culo XVII nos sal\u00f5es senhoris e foram mais tarde adotados pelas mulheres do povo, que lhe conferiram caracter\u00edsticas pr\u00f3prias. Os len\u00e7os de namorados marcavam, ou n\u00e3o, o in\u00edcio de um namoro, consoante o homem visado com a oferta a usasse ou n\u00e3o em p\u00fablico.<br \/>\nDepois de anos de esquecimento eis que reaparecem transformados num \u00edcone da cultura portuguesa.<\/p>\n<h2>A hist\u00f3ria<\/h2>\n<p>A mo\u00e7a quando estava pr\u00f3xima da idade de casar confecionava o seu len\u00e7o bordado a partir dum pano de linho fino que porventura possu\u00eda ou dum len\u00e7o de algod\u00e3o que adquiria na feira, dos chamados len\u00e7os da tropa.<\/p>\n<p>Para realizar esta obra, a rapariga utilizava os conhecimentos que possu\u00eda sobre o ponto de cruz, adquiridos na inf\u00e2ncia, aquando da confec\u00e7\u00e3o do seu marcador ou mapa. Depois de bordado, o len\u00e7o ia ter \u00e0s m\u00e3os do &#8220;namorado&#8221; ou &#8220;conversado&#8221; e conforme este o usasse publicamente ou n\u00e3o, definia-se ou n\u00e3o o in\u00edcio de uma liga\u00e7\u00e3o amorosa. <\/p>\n<p>Os len\u00e7os carregam consigo, por isso, os sentimentos amorosos de uma rapariga em idade de casar, revelados atrav\u00e9s de v\u00e1rios s\u00edmbolos amorosos, como a fidelidade, a dedica\u00e7\u00e3o, a amizade, etc.<\/p>\n<p>Os erros ortogr\u00e1ficos que, muitas vezes, se encontram nos textos dos len\u00e7os antigos explicam-se pelas caracter\u00edsticas da pron\u00fancia minhota transcrita foneticamente por quem tinha um dom\u00ednio imperfeito da escrita da l\u00edngua portuguesa. Relativamente aos len\u00e7os bordados a ponto de cruz, pelas mo\u00e7as senhoriais, os erros s\u00e3o menos evidentes e frequentes. <\/p>\n<p>Para mais Informa\u00e7\u00f5es consultar: <a href=\"http:\/\/www.adereminho.pt\/lencos\/\" target=\"_blank\">adereminho.pt<\/a><\/p>\n<p><em>Agradecimentos: Imagens e informa\u00e7\u00e3o &#8211; Alian\u00e7a Artesanal<\/em><\/p>\n<p><span class=\"ig-small\">Estes produtos s\u00e3o inspirados nos motivos dos Len\u00e7os dos Namorados do Minho, que \u00e9 um produto artesanal certificado, com Marca Registada atrav\u00e9s de IG-Identifica\u00e7\u00e3o Geogr\u00e1fica pertencente \u00e0 <a href=\"http:\/\/www.adereminho.pt\/lencos\/pt\/index.htm\" title=\"Adere-Minho\" target=\"_blank\">Adere-Minho<\/a>.<\/p>\n","protected":false},"excerpt":{"rendered":"<p>S\u00edmbolos de um ritual de conquista, os len\u00e7os de namorados ter\u00e3o surgido no s\u00e9culo XVII nos sal\u00f5es senhoris e foram mais tarde adotados pelas mulheres do povo, que lhe conferiram caracter\u00edsticas pr\u00f3prias. Os len\u00e7os de namorados marcavam, ou n\u00e3o, o in\u00edcio de um namoro, consoante o homem visado com a oferta a usasse ou n\u00e3o [&hellip;]\n","protected":false},"author":1,"featured_media":0,"parent":3514,"menu_order":0,"comment_status":"closed","ping_status":"closed","template":"page-right-sidebar.php","meta":{"_exactmetrics_skip_tracking":false,"_exactmetrics_sitenote_active":false,"_exactmetrics_sitenote_note":"","_exactmetrics_sitenote_category":0,"footnotes":""},"class_list":["post-3601","page","type-page","status-publish","hentry"],"yoast_head":"<!-- This site is optimized with the Yoast SEO plugin v26.9 - https:\/\/yoast.com\/product\/yoast-seo-wordpress\/ -->\n<title>Len\u00e7o de Namorados - Terra Lusa<\/title>\n<meta name=\"description\" content=\"800 years of History, Culture and Tradition inspire Terra Lusa where quality technology joins contemporary design. Terra Lusa - The Best of Portugal\" \/>\n<meta name=\"robots\" content=\"index, follow, max-snippet:-1, max-image-preview:large, max-video-preview:-1\" \/>\n<link rel=\"canonical\" href=\"https:\/\/terra-lusa.com\/pt-pt\/detalhes-colecoes\/lenco-de-namorados\/\" \/>\n<meta property=\"og:locale\" content=\"pt_PT\" \/>\n<meta property=\"og:type\" content=\"article\" \/>\n<meta property=\"og:title\" content=\"Len\u00e7o de Namorados - Terra Lusa\" \/>\n<meta property=\"og:description\" content=\"800 years of History, Culture and Tradition inspire Terra Lusa where quality technology joins contemporary design. Terra Lusa - The Best of Portugal\" \/>\n<meta property=\"og:url\" content=\"https:\/\/terra-lusa.com\/pt-pt\/detalhes-colecoes\/lenco-de-namorados\/\" \/>\n<meta property=\"og:site_name\" content=\"Terra Lusa\" \/>\n<meta property=\"article:modified_time\" content=\"2015-06-15T17:36:44+00:00\" \/>\n<meta name=\"twitter:card\" content=\"summary_large_image\" \/>\n<meta name=\"twitter:label1\" content=\"Tempo estimado de leitura\" \/>\n\t<meta name=\"twitter:data1\" content=\"2 minutos\" \/>\n<script type=\"application\/ld+json\" class=\"yoast-schema-graph\">{\"@context\":\"https:\/\/schema.org\",\"@graph\":[{\"@type\":\"WebPage\",\"@id\":\"https:\/\/terra-lusa.com\/pt-pt\/detalhes-colecoes\/lenco-de-namorados\/\",\"url\":\"https:\/\/terra-lusa.com\/pt-pt\/detalhes-colecoes\/lenco-de-namorados\/\",\"name\":\"Len\u00e7o de Namorados - Terra Lusa\",\"isPartOf\":{\"@id\":\"https:\/\/terra-lusa.com\/pt-pt\/#website\"},\"datePublished\":\"2015-02-24T12:12:02+00:00\",\"dateModified\":\"2015-06-15T17:36:44+00:00\",\"description\":\"800 years of History, Culture and Tradition inspire Terra Lusa where quality technology joins contemporary design. Terra Lusa - The Best of Portugal\",\"breadcrumb\":{\"@id\":\"https:\/\/terra-lusa.com\/pt-pt\/detalhes-colecoes\/lenco-de-namorados\/#breadcrumb\"},\"inLanguage\":\"pt-PT\",\"potentialAction\":[{\"@type\":\"ReadAction\",\"target\":[\"https:\/\/terra-lusa.com\/pt-pt\/detalhes-colecoes\/lenco-de-namorados\/\"]}]},{\"@type\":\"BreadcrumbList\",\"@id\":\"https:\/\/terra-lusa.com\/pt-pt\/detalhes-colecoes\/lenco-de-namorados\/#breadcrumb\",\"itemListElement\":[{\"@type\":\"ListItem\",\"position\":1,\"name\":\"Home\",\"item\":\"https:\/\/terra-lusa.com\/pt-pt\/\"},{\"@type\":\"ListItem\",\"position\":2,\"name\":\"Detalhes das cole\u00e7\u00f5es\",\"item\":\"https:\/\/terra-lusa.com\/pt-pt\/detalhes-colecoes\/\"},{\"@type\":\"ListItem\",\"position\":3,\"name\":\"Len\u00e7o de Namorados\"}]},{\"@type\":\"WebSite\",\"@id\":\"https:\/\/terra-lusa.com\/pt-pt\/#website\",\"url\":\"https:\/\/terra-lusa.com\/pt-pt\/\",\"name\":\"Terra Lusa\",\"description\":\"O Melhor de Portugal\",\"potentialAction\":[{\"@type\":\"SearchAction\",\"target\":{\"@type\":\"EntryPoint\",\"urlTemplate\":\"https:\/\/terra-lusa.com\/pt-pt\/?s={search_term_string}\"},\"query-input\":{\"@type\":\"PropertyValueSpecification\",\"valueRequired\":true,\"valueName\":\"search_term_string\"}}],\"inLanguage\":\"pt-PT\"}]}<\/script>\n<!-- \/ Yoast SEO plugin. -->","yoast_head_json":{"title":"Len\u00e7o de Namorados - Terra Lusa","description":"800 years of History, Culture and Tradition inspire Terra Lusa where quality technology joins contemporary design. Terra Lusa - The Best of Portugal","robots":{"index":"index","follow":"follow","max-snippet":"max-snippet:-1","max-image-preview":"max-image-preview:large","max-video-preview":"max-video-preview:-1"},"canonical":"https:\/\/terra-lusa.com\/pt-pt\/detalhes-colecoes\/lenco-de-namorados\/","og_locale":"pt_PT","og_type":"article","og_title":"Len\u00e7o de Namorados - Terra Lusa","og_description":"800 years of History, Culture and Tradition inspire Terra Lusa where quality technology joins contemporary design. Terra Lusa - The Best of Portugal","og_url":"https:\/\/terra-lusa.com\/pt-pt\/detalhes-colecoes\/lenco-de-namorados\/","og_site_name":"Terra Lusa","article_modified_time":"2015-06-15T17:36:44+00:00","twitter_card":"summary_large_image","twitter_misc":{"Tempo estimado de leitura":"2 minutos"},"schema":{"@context":"https:\/\/schema.org","@graph":[{"@type":"WebPage","@id":"https:\/\/terra-lusa.com\/pt-pt\/detalhes-colecoes\/lenco-de-namorados\/","url":"https:\/\/terra-lusa.com\/pt-pt\/detalhes-colecoes\/lenco-de-namorados\/","name":"Len\u00e7o de Namorados - Terra Lusa","isPartOf":{"@id":"https:\/\/terra-lusa.com\/pt-pt\/#website"},"datePublished":"2015-02-24T12:12:02+00:00","dateModified":"2015-06-15T17:36:44+00:00","description":"800 years of History, Culture and Tradition inspire Terra Lusa where quality technology joins contemporary design. Terra Lusa - The Best of Portugal","breadcrumb":{"@id":"https:\/\/terra-lusa.com\/pt-pt\/detalhes-colecoes\/lenco-de-namorados\/#breadcrumb"},"inLanguage":"pt-PT","potentialAction":[{"@type":"ReadAction","target":["https:\/\/terra-lusa.com\/pt-pt\/detalhes-colecoes\/lenco-de-namorados\/"]}]},{"@type":"BreadcrumbList","@id":"https:\/\/terra-lusa.com\/pt-pt\/detalhes-colecoes\/lenco-de-namorados\/#breadcrumb","itemListElement":[{"@type":"ListItem","position":1,"name":"Home","item":"https:\/\/terra-lusa.com\/pt-pt\/"},{"@type":"ListItem","position":2,"name":"Detalhes das cole\u00e7\u00f5es","item":"https:\/\/terra-lusa.com\/pt-pt\/detalhes-colecoes\/"},{"@type":"ListItem","position":3,"name":"Len\u00e7o de Namorados"}]},{"@type":"WebSite","@id":"https:\/\/terra-lusa.com\/pt-pt\/#website","url":"https:\/\/terra-lusa.com\/pt-pt\/","name":"Terra Lusa","description":"O Melhor de Portugal","potentialAction":[{"@type":"SearchAction","target":{"@type":"EntryPoint","urlTemplate":"https:\/\/terra-lusa.com\/pt-pt\/?s={search_term_string}"},"query-input":{"@type":"PropertyValueSpecification","valueRequired":true,"valueName":"search_term_string"}}],"inLanguage":"pt-PT"}]}},"_links":{"self":[{"href":"https:\/\/terra-lusa.com\/pt-pt\/wp-json\/wp\/v2\/pages\/3601","targetHints":{"allow":["GET"]}}],"collection":[{"href":"https:\/\/terra-lusa.com\/pt-pt\/wp-json\/wp\/v2\/pages"}],"about":[{"href":"https:\/\/terra-lusa.com\/pt-pt\/wp-json\/wp\/v2\/types\/page"}],"author":[{"embeddable":true,"href":"https:\/\/terra-lusa.com\/pt-pt\/wp-json\/wp\/v2\/users\/1"}],"replies":[{"embeddable":true,"href":"https:\/\/terra-lusa.com\/pt-pt\/wp-json\/wp\/v2\/comments?post=3601"}],"version-history":[{"count":4,"href":"https:\/\/terra-lusa.com\/pt-pt\/wp-json\/wp\/v2\/pages\/3601\/revisions"}],"predecessor-version":[{"id":4695,"href":"https:\/\/terra-lusa.com\/pt-pt\/wp-json\/wp\/v2\/pages\/3601\/revisions\/4695"}],"up":[{"embeddable":true,"href":"https:\/\/terra-lusa.com\/pt-pt\/wp-json\/wp\/v2\/pages\/3514"}],"wp:attachment":[{"href":"https:\/\/terra-lusa.com\/pt-pt\/wp-json\/wp\/v2\/media?parent=3601"}],"curies":[{"name":"wp","href":"https:\/\/api.w.org\/{rel}","templated":true}]}}