{"id":3585,"date":"2015-02-24T11:25:06","date_gmt":"2015-02-24T11:25:06","guid":{"rendered":"http:\/\/terra-lusa.com\/?page_id=3585"},"modified":"2015-02-24T11:25:06","modified_gmt":"2015-02-24T11:25:06","slug":"douro","status":"publish","type":"page","link":"https:\/\/terra-lusa.com\/pt-pt\/detalhes-colecoes\/douro\/","title":{"rendered":"Douro"},"content":{"rendered":"<p>Paisagem reconhecida mundialmente, o Douro, onde o homem e a natureza se conjugam numa obra sublime, um &#8220;Poema geol\u00f3gico&#8221; como Miguel Torga caracterizou.<\/p>\n<p>\u00abO Doiro sublimado. O prod\u00edgio de uma paisagem que deixa de o ser \u00e0 for\u00e7a de se desmedir. N\u00e3o \u00e9 um panorama que os olhos contemplam: \u00e9 um excesso de natureza. Socalcos que s\u00e3o passados de homens tit\u00e2nicos a subir as encostas, volumes, cores e modula\u00e7\u00f5es que nenhum escultor pintou ou m\u00fasico podem traduzir, horizontes dilatados para al\u00e9m dos limiares plaus\u00edveis de vis\u00e3o. Um universo virginal, como se tivesse acabado de nascer e j\u00e1 eterno pela harmonia, pela serenidade, pelo sil\u00eancio que nem o rio se atreve a quebrar, ora a sumir-se furtivo por detr\u00e1s dos montes, ora pasmado l\u00e1 no fundo a refletir o seu pr\u00f3prio assombro. Um poema geol\u00f3gico. A beleza absoluta\u00bb. Miguel Torga in &#8220;Di\u00e1rio XII&#8221;<\/p>\n<p>\u201cEm Dezembro de 2001, a UNESCO elevou o Alto Douro Vinhateiro a Patrim\u00f3nio da Humanidade. Um t\u00edtulo, atribu\u00eddo por unanimidade, que premiou a Regi\u00e3o vin\u00edcola demarcada mais antiga do mundo, decretada pelo Marqu\u00eas de Pombal, em 1756. Regi\u00e3o \u00fanica por reunir as virtudes do solo xistoso e da sua exposi\u00e7\u00e3o solar privilegiada com as caracter\u00edsticas \u00edmpares do seu microclima em conjunto com o trabalho \u00e1rduo do homem do Douro.<\/p>\n<p>A sua Paisagem evidencia tr\u00eas aspetos principais: o car\u00e1cter \u00fanico do territ\u00f3rio, a rela\u00e7\u00e3o natural da cultura do vinho com a oliveira e a amendoeira e a diversidade da arquitetura local. Para al\u00e9m destes aspetos, a candidatura destacou o trabalho not\u00e1vel realizado pelo homem na constru\u00e7\u00e3o de muros em xisto que prolongam as encostas e, sobretudo, a autenticidade e integridade da paisagem cultural.\u201d (In <a href=\"http:\/\/www.douro-turismo.pt\/patrimonio-mundial.php\" title=\"Patrim\u00f3nio Mundial\" target=\"_blank\">douro-turismo.pt<\/a>)<\/p>\n<p><em>Agradecimentos: Imagens &#8211; Museu do Douro<\/em><\/p>\n","protected":false},"excerpt":{"rendered":"<p>Paisagem reconhecida mundialmente, o Douro, onde o homem e a natureza se conjugam numa obra sublime, um &#8220;Poema geol\u00f3gico&#8221; como Miguel Torga caracterizou. \u00abO Doiro sublimado. O prod\u00edgio de uma paisagem que deixa de o ser \u00e0 for\u00e7a de se desmedir. N\u00e3o \u00e9 um panorama que os olhos contemplam: \u00e9 um excesso de natureza. Socalcos [&hellip;]\n","protected":false},"author":1,"featured_media":0,"parent":3514,"menu_order":0,"comment_status":"closed","ping_status":"closed","template":"page-right-sidebar.php","meta":{"_exactmetrics_skip_tracking":false,"_exactmetrics_sitenote_active":false,"_exactmetrics_sitenote_note":"","_exactmetrics_sitenote_category":0,"footnotes":""},"class_list":["post-3585","page","type-page","status-publish","hentry"],"yoast_head":"<!-- This site is optimized with the Yoast SEO plugin v26.9 - https:\/\/yoast.com\/product\/yoast-seo-wordpress\/ -->\n<title>Douro - Terra Lusa<\/title>\n<meta name=\"robots\" content=\"index, follow, max-snippet:-1, max-image-preview:large, max-video-preview:-1\" \/>\n<link rel=\"canonical\" href=\"https:\/\/terra-lusa.com\/pt-pt\/detalhes-colecoes\/douro\/\" \/>\n<meta property=\"og:locale\" content=\"pt_PT\" \/>\n<meta property=\"og:type\" content=\"article\" \/>\n<meta property=\"og:title\" content=\"Douro - Terra Lusa\" \/>\n<meta property=\"og:description\" content=\"Paisagem reconhecida mundialmente, o Douro, onde o homem e a natureza se conjugam numa obra sublime, um &#8220;Poema geol\u00f3gico&#8221; como Miguel Torga caracterizou. \u00abO Doiro sublimado. O prod\u00edgio de uma paisagem que deixa de o ser \u00e0 for\u00e7a de se desmedir. N\u00e3o \u00e9 um panorama que os olhos contemplam: \u00e9 um excesso de natureza. Socalcos [&hellip;]\" \/>\n<meta property=\"og:url\" content=\"https:\/\/terra-lusa.com\/pt-pt\/detalhes-colecoes\/douro\/\" \/>\n<meta property=\"og:site_name\" content=\"Terra Lusa\" \/>\n<meta name=\"twitter:card\" content=\"summary_large_image\" \/>\n<meta name=\"twitter:label1\" content=\"Tempo estimado de leitura\" \/>\n\t<meta name=\"twitter:data1\" content=\"2 minutos\" \/>\n<script type=\"application\/ld+json\" class=\"yoast-schema-graph\">{\"@context\":\"https:\/\/schema.org\",\"@graph\":[{\"@type\":\"WebPage\",\"@id\":\"https:\/\/terra-lusa.com\/pt-pt\/detalhes-colecoes\/douro\/\",\"url\":\"https:\/\/terra-lusa.com\/pt-pt\/detalhes-colecoes\/douro\/\",\"name\":\"Douro - Terra Lusa\",\"isPartOf\":{\"@id\":\"https:\/\/terra-lusa.com\/pt-pt\/#website\"},\"datePublished\":\"2015-02-24T11:25:06+00:00\",\"breadcrumb\":{\"@id\":\"https:\/\/terra-lusa.com\/pt-pt\/detalhes-colecoes\/douro\/#breadcrumb\"},\"inLanguage\":\"pt-PT\",\"potentialAction\":[{\"@type\":\"ReadAction\",\"target\":[\"https:\/\/terra-lusa.com\/pt-pt\/detalhes-colecoes\/douro\/\"]}]},{\"@type\":\"BreadcrumbList\",\"@id\":\"https:\/\/terra-lusa.com\/pt-pt\/detalhes-colecoes\/douro\/#breadcrumb\",\"itemListElement\":[{\"@type\":\"ListItem\",\"position\":1,\"name\":\"Home\",\"item\":\"https:\/\/terra-lusa.com\/pt-pt\/\"},{\"@type\":\"ListItem\",\"position\":2,\"name\":\"Detalhes das cole\u00e7\u00f5es\",\"item\":\"https:\/\/terra-lusa.com\/pt-pt\/detalhes-colecoes\/\"},{\"@type\":\"ListItem\",\"position\":3,\"name\":\"Douro\"}]},{\"@type\":\"WebSite\",\"@id\":\"https:\/\/terra-lusa.com\/pt-pt\/#website\",\"url\":\"https:\/\/terra-lusa.com\/pt-pt\/\",\"name\":\"Terra Lusa\",\"description\":\"O Melhor de Portugal\",\"potentialAction\":[{\"@type\":\"SearchAction\",\"target\":{\"@type\":\"EntryPoint\",\"urlTemplate\":\"https:\/\/terra-lusa.com\/pt-pt\/?s={search_term_string}\"},\"query-input\":{\"@type\":\"PropertyValueSpecification\",\"valueRequired\":true,\"valueName\":\"search_term_string\"}}],\"inLanguage\":\"pt-PT\"}]}<\/script>\n<!-- \/ Yoast SEO plugin. -->","yoast_head_json":{"title":"Douro - Terra Lusa","robots":{"index":"index","follow":"follow","max-snippet":"max-snippet:-1","max-image-preview":"max-image-preview:large","max-video-preview":"max-video-preview:-1"},"canonical":"https:\/\/terra-lusa.com\/pt-pt\/detalhes-colecoes\/douro\/","og_locale":"pt_PT","og_type":"article","og_title":"Douro - Terra Lusa","og_description":"Paisagem reconhecida mundialmente, o Douro, onde o homem e a natureza se conjugam numa obra sublime, um &#8220;Poema geol\u00f3gico&#8221; como Miguel Torga caracterizou. \u00abO Doiro sublimado. O prod\u00edgio de uma paisagem que deixa de o ser \u00e0 for\u00e7a de se desmedir. N\u00e3o \u00e9 um panorama que os olhos contemplam: \u00e9 um excesso de natureza. Socalcos [&hellip;]","og_url":"https:\/\/terra-lusa.com\/pt-pt\/detalhes-colecoes\/douro\/","og_site_name":"Terra Lusa","twitter_card":"summary_large_image","twitter_misc":{"Tempo estimado de leitura":"2 minutos"},"schema":{"@context":"https:\/\/schema.org","@graph":[{"@type":"WebPage","@id":"https:\/\/terra-lusa.com\/pt-pt\/detalhes-colecoes\/douro\/","url":"https:\/\/terra-lusa.com\/pt-pt\/detalhes-colecoes\/douro\/","name":"Douro - Terra Lusa","isPartOf":{"@id":"https:\/\/terra-lusa.com\/pt-pt\/#website"},"datePublished":"2015-02-24T11:25:06+00:00","breadcrumb":{"@id":"https:\/\/terra-lusa.com\/pt-pt\/detalhes-colecoes\/douro\/#breadcrumb"},"inLanguage":"pt-PT","potentialAction":[{"@type":"ReadAction","target":["https:\/\/terra-lusa.com\/pt-pt\/detalhes-colecoes\/douro\/"]}]},{"@type":"BreadcrumbList","@id":"https:\/\/terra-lusa.com\/pt-pt\/detalhes-colecoes\/douro\/#breadcrumb","itemListElement":[{"@type":"ListItem","position":1,"name":"Home","item":"https:\/\/terra-lusa.com\/pt-pt\/"},{"@type":"ListItem","position":2,"name":"Detalhes das cole\u00e7\u00f5es","item":"https:\/\/terra-lusa.com\/pt-pt\/detalhes-colecoes\/"},{"@type":"ListItem","position":3,"name":"Douro"}]},{"@type":"WebSite","@id":"https:\/\/terra-lusa.com\/pt-pt\/#website","url":"https:\/\/terra-lusa.com\/pt-pt\/","name":"Terra Lusa","description":"O Melhor de Portugal","potentialAction":[{"@type":"SearchAction","target":{"@type":"EntryPoint","urlTemplate":"https:\/\/terra-lusa.com\/pt-pt\/?s={search_term_string}"},"query-input":{"@type":"PropertyValueSpecification","valueRequired":true,"valueName":"search_term_string"}}],"inLanguage":"pt-PT"}]}},"_links":{"self":[{"href":"https:\/\/terra-lusa.com\/pt-pt\/wp-json\/wp\/v2\/pages\/3585","targetHints":{"allow":["GET"]}}],"collection":[{"href":"https:\/\/terra-lusa.com\/pt-pt\/wp-json\/wp\/v2\/pages"}],"about":[{"href":"https:\/\/terra-lusa.com\/pt-pt\/wp-json\/wp\/v2\/types\/page"}],"author":[{"embeddable":true,"href":"https:\/\/terra-lusa.com\/pt-pt\/wp-json\/wp\/v2\/users\/1"}],"replies":[{"embeddable":true,"href":"https:\/\/terra-lusa.com\/pt-pt\/wp-json\/wp\/v2\/comments?post=3585"}],"version-history":[{"count":1,"href":"https:\/\/terra-lusa.com\/pt-pt\/wp-json\/wp\/v2\/pages\/3585\/revisions"}],"predecessor-version":[{"id":3586,"href":"https:\/\/terra-lusa.com\/pt-pt\/wp-json\/wp\/v2\/pages\/3585\/revisions\/3586"}],"up":[{"embeddable":true,"href":"https:\/\/terra-lusa.com\/pt-pt\/wp-json\/wp\/v2\/pages\/3514"}],"wp:attachment":[{"href":"https:\/\/terra-lusa.com\/pt-pt\/wp-json\/wp\/v2\/media?parent=3585"}],"curies":[{"name":"wp","href":"https:\/\/api.w.org\/{rel}","templated":true}]}}