{"id":3573,"date":"2015-02-23T19:39:12","date_gmt":"2015-02-23T19:39:12","guid":{"rendered":"http:\/\/terra-lusa.com\/detalhes-colecoes\/coimbra-of-the-mondego-river\/"},"modified":"2015-02-24T12:45:47","modified_gmt":"2015-02-24T12:45:47","slug":"coimbra-do-mondego","status":"publish","type":"page","link":"https:\/\/terra-lusa.com\/pt-pt\/detalhes-colecoes\/coimbra-do-mondego\/","title":{"rendered":"Coimbra do Mondego"},"content":{"rendered":"<p>Como seria esta cidade sem rio? Coimbra n\u00e3o era com certeza.<\/p>\n<p>Porque n\u00e3o haveria hortas, nem campos. Nem a cobi\u00e7a dos homens que duramente a conquistaram e a povoaram.<\/p>\n<p>N\u00e3o haveria o Conde Sisnando. A Rainha Santa n\u00e3o teria feito da cidade mans\u00e3o celeste no seu Convento de Santa Clara, In\u00eas de Castro n\u00e3o teria pousado na Quinta que \u00e9 chamada de suas L\u00e1grimas e a mais linda hist\u00f3ria de amor contada em portugu\u00eas n\u00e3o existiria.<\/p>\n<p>N\u00e3o haveria o amor dos estudantes, Ant\u00f3nio Nobre ficaria sem a Torre de Anto. O Choupal e o Penedo da Saudade n\u00e3o conheceriam o sabor de um beijo \u00e0s escondidas. Ai! Coimbra!&#8230;<\/p>\n<p>Coimbra teria que existir para que os doutores continuem a cant\u00e1-la nos seus fados.<\/p>\n<p>A Universidade foi eleita Patrim\u00f3nio Mundial da Humanidade em Junho de 2013.<\/p>\n<p>L\u00e1 dentro est\u00e3o todos os saberes! E o que n\u00f3s vemos s\u00e3o os Col\u00e9gios antigos onde os doutores se formavam em Leis, em Letras, em Filosofia ou Teologia.<\/p>\n<p>Lembra a aventura dos reis (D, Dinis e D. Jo\u00e3o III), ou de ministros de reis (Marqu\u00eas de Pombal) que edificaram esse corpo gigantesco onde nos surpreendem recantos cuja beleza, nobreza, caracter e tempo se cristalizam. E transp\u00f5e-se com emo\u00e7\u00e3o a Porta F\u00e9rrea, olha-se a Torre. Fechando depois os olhos sobre o soar de um sino, entra-se na capela \u00e1ulica onde se pediram milagres, na Biblioteca Joanina onde a patine do tempo pousa na lombada de livros com letras douradas.<\/p>\n<p><right>(In &#8220;Lugares a visitar em Portugal&#8221; Selec\u00e7\u00f5es do Reader&#8217;s Digest)<\/right><\/p>\n<blockquote><p>\nOh Coimbra do Mondego<br \/>\ne dos amores que eu l\u00e1 tive [bis]\nquem te n\u00e3o viu anda cego<br \/>\nquem te n\u00e3o ama n\u00e3o vive<br \/>\nquem te n\u00e3o viu anda cego<br \/>\nquem te n\u00e3o ama n\u00e3o vive<br \/>\nDo Choupal at\u00e9 \u00e0 Lapa<br \/>\nfoi Coimbra meus amores [bis]\ne sombra da minha capa<br \/>\ndeu no ch\u00e3o abriu em flores [bis]\n<p>(Coimbra do Mondego, Zeca Afonso)\n<\/p><\/blockquote>\n","protected":false},"excerpt":{"rendered":"<p>Como seria esta cidade sem rio? Coimbra n\u00e3o era com certeza. Porque n\u00e3o haveria hortas, nem campos. Nem a cobi\u00e7a dos homens que duramente a conquistaram e a povoaram. N\u00e3o haveria o Conde Sisnando. A Rainha Santa n\u00e3o teria feito da cidade mans\u00e3o celeste no seu Convento de Santa Clara, In\u00eas de Castro n\u00e3o teria [&hellip;]\n","protected":false},"author":1,"featured_media":0,"parent":3514,"menu_order":0,"comment_status":"closed","ping_status":"closed","template":"page-right-sidebar.php","meta":{"_exactmetrics_skip_tracking":false,"_exactmetrics_sitenote_active":false,"_exactmetrics_sitenote_note":"","_exactmetrics_sitenote_category":0,"footnotes":""},"class_list":["post-3573","page","type-page","status-publish","hentry"],"yoast_head":"<!-- This site is optimized with the Yoast SEO plugin v26.9 - https:\/\/yoast.com\/product\/yoast-seo-wordpress\/ -->\n<title>Coimbra do Mondego - Terra Lusa<\/title>\n<meta name=\"description\" content=\"800 years of History, Culture and Tradition inspire Terra Lusa where quality technology joins contemporary design. Terra Lusa - The Best of Portugal\" \/>\n<meta name=\"robots\" content=\"index, follow, max-snippet:-1, max-image-preview:large, max-video-preview:-1\" \/>\n<link rel=\"canonical\" href=\"https:\/\/terra-lusa.com\/pt-pt\/detalhes-colecoes\/coimbra-do-mondego\/\" \/>\n<meta property=\"og:locale\" content=\"pt_PT\" \/>\n<meta property=\"og:type\" content=\"article\" \/>\n<meta property=\"og:title\" content=\"Coimbra do Mondego - Terra Lusa\" \/>\n<meta property=\"og:description\" content=\"800 years of History, Culture and Tradition inspire Terra Lusa where quality technology joins contemporary design. Terra Lusa - The Best of Portugal\" \/>\n<meta property=\"og:url\" content=\"https:\/\/terra-lusa.com\/pt-pt\/detalhes-colecoes\/coimbra-do-mondego\/\" \/>\n<meta property=\"og:site_name\" content=\"Terra Lusa\" \/>\n<meta property=\"article:modified_time\" content=\"2015-02-24T12:45:47+00:00\" \/>\n<meta name=\"twitter:card\" content=\"summary_large_image\" \/>\n<meta name=\"twitter:label1\" content=\"Tempo estimado de leitura\" \/>\n\t<meta name=\"twitter:data1\" content=\"2 minutos\" \/>\n<script type=\"application\/ld+json\" class=\"yoast-schema-graph\">{\"@context\":\"https:\/\/schema.org\",\"@graph\":[{\"@type\":\"WebPage\",\"@id\":\"https:\/\/terra-lusa.com\/pt-pt\/detalhes-colecoes\/coimbra-do-mondego\/\",\"url\":\"https:\/\/terra-lusa.com\/pt-pt\/detalhes-colecoes\/coimbra-do-mondego\/\",\"name\":\"Coimbra do Mondego - Terra Lusa\",\"isPartOf\":{\"@id\":\"https:\/\/terra-lusa.com\/pt-pt\/#website\"},\"datePublished\":\"2015-02-23T19:39:12+00:00\",\"dateModified\":\"2015-02-24T12:45:47+00:00\",\"description\":\"800 years of History, Culture and Tradition inspire Terra Lusa where quality technology joins contemporary design. Terra Lusa - The Best of Portugal\",\"breadcrumb\":{\"@id\":\"https:\/\/terra-lusa.com\/pt-pt\/detalhes-colecoes\/coimbra-do-mondego\/#breadcrumb\"},\"inLanguage\":\"pt-PT\",\"potentialAction\":[{\"@type\":\"ReadAction\",\"target\":[\"https:\/\/terra-lusa.com\/pt-pt\/detalhes-colecoes\/coimbra-do-mondego\/\"]}]},{\"@type\":\"BreadcrumbList\",\"@id\":\"https:\/\/terra-lusa.com\/pt-pt\/detalhes-colecoes\/coimbra-do-mondego\/#breadcrumb\",\"itemListElement\":[{\"@type\":\"ListItem\",\"position\":1,\"name\":\"Home\",\"item\":\"https:\/\/terra-lusa.com\/pt-pt\/\"},{\"@type\":\"ListItem\",\"position\":2,\"name\":\"Detalhes das cole\u00e7\u00f5es\",\"item\":\"https:\/\/terra-lusa.com\/pt-pt\/detalhes-colecoes\/\"},{\"@type\":\"ListItem\",\"position\":3,\"name\":\"Coimbra do Mondego\"}]},{\"@type\":\"WebSite\",\"@id\":\"https:\/\/terra-lusa.com\/pt-pt\/#website\",\"url\":\"https:\/\/terra-lusa.com\/pt-pt\/\",\"name\":\"Terra Lusa\",\"description\":\"O Melhor de Portugal\",\"potentialAction\":[{\"@type\":\"SearchAction\",\"target\":{\"@type\":\"EntryPoint\",\"urlTemplate\":\"https:\/\/terra-lusa.com\/pt-pt\/?s={search_term_string}\"},\"query-input\":{\"@type\":\"PropertyValueSpecification\",\"valueRequired\":true,\"valueName\":\"search_term_string\"}}],\"inLanguage\":\"pt-PT\"}]}<\/script>\n<!-- \/ Yoast SEO plugin. -->","yoast_head_json":{"title":"Coimbra do Mondego - Terra Lusa","description":"800 years of History, Culture and Tradition inspire Terra Lusa where quality technology joins contemporary design. Terra Lusa - The Best of Portugal","robots":{"index":"index","follow":"follow","max-snippet":"max-snippet:-1","max-image-preview":"max-image-preview:large","max-video-preview":"max-video-preview:-1"},"canonical":"https:\/\/terra-lusa.com\/pt-pt\/detalhes-colecoes\/coimbra-do-mondego\/","og_locale":"pt_PT","og_type":"article","og_title":"Coimbra do Mondego - Terra Lusa","og_description":"800 years of History, Culture and Tradition inspire Terra Lusa where quality technology joins contemporary design. Terra Lusa - The Best of Portugal","og_url":"https:\/\/terra-lusa.com\/pt-pt\/detalhes-colecoes\/coimbra-do-mondego\/","og_site_name":"Terra Lusa","article_modified_time":"2015-02-24T12:45:47+00:00","twitter_card":"summary_large_image","twitter_misc":{"Tempo estimado de leitura":"2 minutos"},"schema":{"@context":"https:\/\/schema.org","@graph":[{"@type":"WebPage","@id":"https:\/\/terra-lusa.com\/pt-pt\/detalhes-colecoes\/coimbra-do-mondego\/","url":"https:\/\/terra-lusa.com\/pt-pt\/detalhes-colecoes\/coimbra-do-mondego\/","name":"Coimbra do Mondego - Terra Lusa","isPartOf":{"@id":"https:\/\/terra-lusa.com\/pt-pt\/#website"},"datePublished":"2015-02-23T19:39:12+00:00","dateModified":"2015-02-24T12:45:47+00:00","description":"800 years of History, Culture and Tradition inspire Terra Lusa where quality technology joins contemporary design. Terra Lusa - The Best of Portugal","breadcrumb":{"@id":"https:\/\/terra-lusa.com\/pt-pt\/detalhes-colecoes\/coimbra-do-mondego\/#breadcrumb"},"inLanguage":"pt-PT","potentialAction":[{"@type":"ReadAction","target":["https:\/\/terra-lusa.com\/pt-pt\/detalhes-colecoes\/coimbra-do-mondego\/"]}]},{"@type":"BreadcrumbList","@id":"https:\/\/terra-lusa.com\/pt-pt\/detalhes-colecoes\/coimbra-do-mondego\/#breadcrumb","itemListElement":[{"@type":"ListItem","position":1,"name":"Home","item":"https:\/\/terra-lusa.com\/pt-pt\/"},{"@type":"ListItem","position":2,"name":"Detalhes das cole\u00e7\u00f5es","item":"https:\/\/terra-lusa.com\/pt-pt\/detalhes-colecoes\/"},{"@type":"ListItem","position":3,"name":"Coimbra do Mondego"}]},{"@type":"WebSite","@id":"https:\/\/terra-lusa.com\/pt-pt\/#website","url":"https:\/\/terra-lusa.com\/pt-pt\/","name":"Terra Lusa","description":"O Melhor de Portugal","potentialAction":[{"@type":"SearchAction","target":{"@type":"EntryPoint","urlTemplate":"https:\/\/terra-lusa.com\/pt-pt\/?s={search_term_string}"},"query-input":{"@type":"PropertyValueSpecification","valueRequired":true,"valueName":"search_term_string"}}],"inLanguage":"pt-PT"}]}},"_links":{"self":[{"href":"https:\/\/terra-lusa.com\/pt-pt\/wp-json\/wp\/v2\/pages\/3573","targetHints":{"allow":["GET"]}}],"collection":[{"href":"https:\/\/terra-lusa.com\/pt-pt\/wp-json\/wp\/v2\/pages"}],"about":[{"href":"https:\/\/terra-lusa.com\/pt-pt\/wp-json\/wp\/v2\/types\/page"}],"author":[{"embeddable":true,"href":"https:\/\/terra-lusa.com\/pt-pt\/wp-json\/wp\/v2\/users\/1"}],"replies":[{"embeddable":true,"href":"https:\/\/terra-lusa.com\/pt-pt\/wp-json\/wp\/v2\/comments?post=3573"}],"version-history":[{"count":4,"href":"https:\/\/terra-lusa.com\/pt-pt\/wp-json\/wp\/v2\/pages\/3573\/revisions"}],"predecessor-version":[{"id":3618,"href":"https:\/\/terra-lusa.com\/pt-pt\/wp-json\/wp\/v2\/pages\/3573\/revisions\/3618"}],"up":[{"embeddable":true,"href":"https:\/\/terra-lusa.com\/pt-pt\/wp-json\/wp\/v2\/pages\/3514"}],"wp:attachment":[{"href":"https:\/\/terra-lusa.com\/pt-pt\/wp-json\/wp\/v2\/media?parent=3573"}],"curies":[{"name":"wp","href":"https:\/\/api.w.org\/{rel}","templated":true}]}}