{"id":3567,"date":"2015-02-23T19:33:23","date_gmt":"2015-02-23T19:33:23","guid":{"rendered":"http:\/\/terra-lusa.com\/?page_id=3567"},"modified":"2015-02-23T19:35:43","modified_gmt":"2015-02-23T19:35:43","slug":"chita-de-alcobaca","status":"publish","type":"page","link":"https:\/\/terra-lusa.com\/pt-pt\/detalhes-colecoes\/chita-de-alcobaca\/","title":{"rendered":"Chita de Alcoba\u00e7a"},"content":{"rendered":"<p>As Chitas transportam consigo um intenso e frutuoso di\u00e1logo entre a Europa e a \u00cdndia, numa hist\u00f3ria que tem j\u00e1 mais de 500 anos. A produ\u00e7\u00e3o das Chitas &#8211; tecidos de algod\u00e3o estampados &#8211; foi muito combatida em toda a Europa, chegando mesmo a ser proibida. A partir do final do s\u00e9culo XVIII, a for\u00e7a dessas proibi\u00e7\u00f5es abrandou, dando origem \u00e0 sua produ\u00e7\u00e3o em G\u00e9nova (mezzari) Proven\u00e7a (indiennes) e Portugal.<\/p>\n<p>&#8220;A primeira manufatura de impress\u00e3o sobre algod\u00e3o, em Portugal, nasce da associa\u00e7\u00e3o de um ingl\u00eas com um holand\u00eas em 1690. Na Europa esta manufatura era j\u00e1 praticada em pa\u00edses como a Inglaterra, Fran\u00e7a, Holanda e Alemanha. Cr\u00ea-se, todavia, que a tradi\u00e7\u00e3o dos panos de Alcoba\u00e7a remonte ao s\u00e9culo XV. Contudo, naquela vila cisterciense a primeira f\u00e1brica foi fundada em 1774 por iniciativa privada, que em 1779 passa para a al\u00e7ada da Junta da Administra\u00e7\u00e3o das F\u00e1bricas do Reino. De finais do s\u00e9culo XVIII ao \u00faltimo quartel do s\u00e9culo seguinte s\u00e3o v\u00e1rios os projetos para a instala\u00e7\u00e3o de f\u00e1bricas na vila e a cria\u00e7\u00e3o de algumas que ora faliram, ora foram transferidas para outras regi\u00f5es, nomeadamente Tomar. Em 1875 funda-se a Companhia de Fia\u00e7\u00e3o e Tecidos de Alcoba\u00e7a que ir\u00e1 sobreviver at\u00e9 meados do s\u00e9culo XX.<\/p>\n<p>A ind\u00fastria de estamparia nacional assumiu uma importante fatia das exporta\u00e7\u00f5es portuguesas nos s\u00e9culos XVIII e XIX. &#8220;O mercado brasileiro servia de escoadoiro a uma parte consider\u00e1vel da produ\u00e7\u00e3o nacional&#8221;, l\u00ea-se no cat\u00e1logo da exposi\u00e7\u00e3o. Em 1785 \u00e9 mesmo publicado um decreto que pro\u00edbe o estabelecimento de manufaturas no Brasil por forma a estimular a produ\u00e7\u00e3o da metr\u00f3pole e minimizar a concorr\u00eancia inglesa. Mais tarde, D. Jo\u00e3o V abriria os portos brasileiros &#8220;a todas as na\u00e7\u00f5es amigas&#8221; pondo fim ao monop\u00f3lio portugu\u00eas.&#8221; (in <a href=\"http:\/\/www.instituto-camoes.pt\/encarte\/encarte44i.htm\" target=\"_blank\">Suplemento do <em>JL<\/em>, N.\u00ba 819, Ano XXI<\/a>)<\/p>\n","protected":false},"excerpt":{"rendered":"<p>As Chitas transportam consigo um intenso e frutuoso di\u00e1logo entre a Europa e a \u00cdndia, numa hist\u00f3ria que tem j\u00e1 mais de 500 anos. A produ\u00e7\u00e3o das Chitas &#8211; tecidos de algod\u00e3o estampados &#8211; foi muito combatida em toda a Europa, chegando mesmo a ser proibida. A partir do final do s\u00e9culo XVIII, a for\u00e7a [&hellip;]\n","protected":false},"author":1,"featured_media":0,"parent":3514,"menu_order":0,"comment_status":"closed","ping_status":"closed","template":"page-right-sidebar.php","meta":{"_exactmetrics_skip_tracking":false,"_exactmetrics_sitenote_active":false,"_exactmetrics_sitenote_note":"","_exactmetrics_sitenote_category":0,"footnotes":""},"class_list":["post-3567","page","type-page","status-publish","hentry"],"yoast_head":"<!-- This site is optimized with the Yoast SEO plugin v26.9 - https:\/\/yoast.com\/product\/yoast-seo-wordpress\/ -->\n<title>Chita de Alcoba\u00e7a - Terra Lusa<\/title>\n<meta name=\"robots\" content=\"index, follow, max-snippet:-1, max-image-preview:large, max-video-preview:-1\" \/>\n<link rel=\"canonical\" href=\"https:\/\/terra-lusa.com\/pt-pt\/detalhes-colecoes\/chita-de-alcobaca\/\" \/>\n<meta property=\"og:locale\" content=\"pt_PT\" \/>\n<meta property=\"og:type\" content=\"article\" \/>\n<meta property=\"og:title\" content=\"Chita de Alcoba\u00e7a - Terra Lusa\" \/>\n<meta property=\"og:description\" content=\"As Chitas transportam consigo um intenso e frutuoso di\u00e1logo entre a Europa e a \u00cdndia, numa hist\u00f3ria que tem j\u00e1 mais de 500 anos. A produ\u00e7\u00e3o das Chitas &#8211; tecidos de algod\u00e3o estampados &#8211; foi muito combatida em toda a Europa, chegando mesmo a ser proibida. A partir do final do s\u00e9culo XVIII, a for\u00e7a [&hellip;]\" \/>\n<meta property=\"og:url\" content=\"https:\/\/terra-lusa.com\/pt-pt\/detalhes-colecoes\/chita-de-alcobaca\/\" \/>\n<meta property=\"og:site_name\" content=\"Terra Lusa\" \/>\n<meta property=\"article:modified_time\" content=\"2015-02-23T19:35:43+00:00\" \/>\n<meta name=\"twitter:card\" content=\"summary_large_image\" \/>\n<meta name=\"twitter:label1\" content=\"Tempo estimado de leitura\" \/>\n\t<meta name=\"twitter:data1\" content=\"2 minutos\" \/>\n<script type=\"application\/ld+json\" class=\"yoast-schema-graph\">{\"@context\":\"https:\/\/schema.org\",\"@graph\":[{\"@type\":\"WebPage\",\"@id\":\"https:\/\/terra-lusa.com\/pt-pt\/detalhes-colecoes\/chita-de-alcobaca\/\",\"url\":\"https:\/\/terra-lusa.com\/pt-pt\/detalhes-colecoes\/chita-de-alcobaca\/\",\"name\":\"Chita de Alcoba\u00e7a - Terra Lusa\",\"isPartOf\":{\"@id\":\"https:\/\/terra-lusa.com\/pt-pt\/#website\"},\"datePublished\":\"2015-02-23T19:33:23+00:00\",\"dateModified\":\"2015-02-23T19:35:43+00:00\",\"breadcrumb\":{\"@id\":\"https:\/\/terra-lusa.com\/pt-pt\/detalhes-colecoes\/chita-de-alcobaca\/#breadcrumb\"},\"inLanguage\":\"pt-PT\",\"potentialAction\":[{\"@type\":\"ReadAction\",\"target\":[\"https:\/\/terra-lusa.com\/pt-pt\/detalhes-colecoes\/chita-de-alcobaca\/\"]}]},{\"@type\":\"BreadcrumbList\",\"@id\":\"https:\/\/terra-lusa.com\/pt-pt\/detalhes-colecoes\/chita-de-alcobaca\/#breadcrumb\",\"itemListElement\":[{\"@type\":\"ListItem\",\"position\":1,\"name\":\"Home\",\"item\":\"https:\/\/terra-lusa.com\/pt-pt\/\"},{\"@type\":\"ListItem\",\"position\":2,\"name\":\"Detalhes das cole\u00e7\u00f5es\",\"item\":\"https:\/\/terra-lusa.com\/pt-pt\/detalhes-colecoes\/\"},{\"@type\":\"ListItem\",\"position\":3,\"name\":\"Chita de Alcoba\u00e7a\"}]},{\"@type\":\"WebSite\",\"@id\":\"https:\/\/terra-lusa.com\/pt-pt\/#website\",\"url\":\"https:\/\/terra-lusa.com\/pt-pt\/\",\"name\":\"Terra Lusa\",\"description\":\"O Melhor de Portugal\",\"potentialAction\":[{\"@type\":\"SearchAction\",\"target\":{\"@type\":\"EntryPoint\",\"urlTemplate\":\"https:\/\/terra-lusa.com\/pt-pt\/?s={search_term_string}\"},\"query-input\":{\"@type\":\"PropertyValueSpecification\",\"valueRequired\":true,\"valueName\":\"search_term_string\"}}],\"inLanguage\":\"pt-PT\"}]}<\/script>\n<!-- \/ Yoast SEO plugin. -->","yoast_head_json":{"title":"Chita de Alcoba\u00e7a - Terra Lusa","robots":{"index":"index","follow":"follow","max-snippet":"max-snippet:-1","max-image-preview":"max-image-preview:large","max-video-preview":"max-video-preview:-1"},"canonical":"https:\/\/terra-lusa.com\/pt-pt\/detalhes-colecoes\/chita-de-alcobaca\/","og_locale":"pt_PT","og_type":"article","og_title":"Chita de Alcoba\u00e7a - Terra Lusa","og_description":"As Chitas transportam consigo um intenso e frutuoso di\u00e1logo entre a Europa e a \u00cdndia, numa hist\u00f3ria que tem j\u00e1 mais de 500 anos. A produ\u00e7\u00e3o das Chitas &#8211; tecidos de algod\u00e3o estampados &#8211; foi muito combatida em toda a Europa, chegando mesmo a ser proibida. A partir do final do s\u00e9culo XVIII, a for\u00e7a [&hellip;]","og_url":"https:\/\/terra-lusa.com\/pt-pt\/detalhes-colecoes\/chita-de-alcobaca\/","og_site_name":"Terra Lusa","article_modified_time":"2015-02-23T19:35:43+00:00","twitter_card":"summary_large_image","twitter_misc":{"Tempo estimado de leitura":"2 minutos"},"schema":{"@context":"https:\/\/schema.org","@graph":[{"@type":"WebPage","@id":"https:\/\/terra-lusa.com\/pt-pt\/detalhes-colecoes\/chita-de-alcobaca\/","url":"https:\/\/terra-lusa.com\/pt-pt\/detalhes-colecoes\/chita-de-alcobaca\/","name":"Chita de Alcoba\u00e7a - Terra Lusa","isPartOf":{"@id":"https:\/\/terra-lusa.com\/pt-pt\/#website"},"datePublished":"2015-02-23T19:33:23+00:00","dateModified":"2015-02-23T19:35:43+00:00","breadcrumb":{"@id":"https:\/\/terra-lusa.com\/pt-pt\/detalhes-colecoes\/chita-de-alcobaca\/#breadcrumb"},"inLanguage":"pt-PT","potentialAction":[{"@type":"ReadAction","target":["https:\/\/terra-lusa.com\/pt-pt\/detalhes-colecoes\/chita-de-alcobaca\/"]}]},{"@type":"BreadcrumbList","@id":"https:\/\/terra-lusa.com\/pt-pt\/detalhes-colecoes\/chita-de-alcobaca\/#breadcrumb","itemListElement":[{"@type":"ListItem","position":1,"name":"Home","item":"https:\/\/terra-lusa.com\/pt-pt\/"},{"@type":"ListItem","position":2,"name":"Detalhes das cole\u00e7\u00f5es","item":"https:\/\/terra-lusa.com\/pt-pt\/detalhes-colecoes\/"},{"@type":"ListItem","position":3,"name":"Chita de Alcoba\u00e7a"}]},{"@type":"WebSite","@id":"https:\/\/terra-lusa.com\/pt-pt\/#website","url":"https:\/\/terra-lusa.com\/pt-pt\/","name":"Terra Lusa","description":"O Melhor de Portugal","potentialAction":[{"@type":"SearchAction","target":{"@type":"EntryPoint","urlTemplate":"https:\/\/terra-lusa.com\/pt-pt\/?s={search_term_string}"},"query-input":{"@type":"PropertyValueSpecification","valueRequired":true,"valueName":"search_term_string"}}],"inLanguage":"pt-PT"}]}},"_links":{"self":[{"href":"https:\/\/terra-lusa.com\/pt-pt\/wp-json\/wp\/v2\/pages\/3567","targetHints":{"allow":["GET"]}}],"collection":[{"href":"https:\/\/terra-lusa.com\/pt-pt\/wp-json\/wp\/v2\/pages"}],"about":[{"href":"https:\/\/terra-lusa.com\/pt-pt\/wp-json\/wp\/v2\/types\/page"}],"author":[{"embeddable":true,"href":"https:\/\/terra-lusa.com\/pt-pt\/wp-json\/wp\/v2\/users\/1"}],"replies":[{"embeddable":true,"href":"https:\/\/terra-lusa.com\/pt-pt\/wp-json\/wp\/v2\/comments?post=3567"}],"version-history":[{"count":3,"href":"https:\/\/terra-lusa.com\/pt-pt\/wp-json\/wp\/v2\/pages\/3567\/revisions"}],"predecessor-version":[{"id":3570,"href":"https:\/\/terra-lusa.com\/pt-pt\/wp-json\/wp\/v2\/pages\/3567\/revisions\/3570"}],"up":[{"embeddable":true,"href":"https:\/\/terra-lusa.com\/pt-pt\/wp-json\/wp\/v2\/pages\/3514"}],"wp:attachment":[{"href":"https:\/\/terra-lusa.com\/pt-pt\/wp-json\/wp\/v2\/media?parent=3567"}],"curies":[{"name":"wp","href":"https:\/\/api.w.org\/{rel}","templated":true}]}}