{"id":3564,"date":"2015-02-23T18:39:18","date_gmt":"2015-02-23T18:39:18","guid":{"rendered":"http:\/\/terra-lusa.com\/detalhes-colecoes\/portuguese-stone-pavement"},"modified":"2015-02-23T18:40:45","modified_gmt":"2015-02-23T18:40:45","slug":"calcada-portuguesa","status":"publish","type":"page","link":"https:\/\/terra-lusa.com\/pt-pt\/detalhes-colecoes\/calcada-portuguesa\/","title":{"rendered":"Cal\u00e7ada Portuguesa"},"content":{"rendered":"<p>Olhar o ch\u00e3o em Portugal \u00e9 ver verdadeiras obras de arte. O calc\u00e1rio branco e o basalto s\u00e3o as mat\u00e9rias eleitas para desenhar a hist\u00f3ria e cultura deste pa\u00eds.<\/p>\n<p>A Cal\u00e7ada Portuguesa \u00e9 uma express\u00e3o cultural portuguesa, uma heran\u00e7a hist\u00f3rica de um misto da cultura e tecnologia de constru\u00e7\u00e3o dos romanos e dos \u00e1rabes, que acabou por se impor em Portugal no s\u00e9culo XIV, durante o reinado de D. Jo\u00e3o II.<\/p>\n<p>Define-se como um pavimento empedrado, cujos componentes s\u00e3o de pedra natural, com base em calc\u00e1rios, assentes e dispostos no solo de forma mais ou menos homog\u00e9nea.<br \/>\nCada cal\u00e7ada \u00e9 \u00fanica, n\u00e3o s\u00f3 porque s\u00e3o diversos os motivos utilizados (motivos geom\u00e9tricos, motivos figurativos, motivos alusivos a atividades ou especificidades regionais ou locais), mas tamb\u00e9m porque o seu efeito final depende da qualidade da produ\u00e7\u00e3o e da mestria do art\u00edfice encarregado de efetuar o assentamento.<\/p>\n<p>Atualmente, \u00e9 reconhecida e apreciada internacionalmente como uma bem sucedida manifesta\u00e7\u00e3o da nossa cultura, facto que explica, designadamente, a sua exporta\u00e7\u00e3o para Espanha, Fran\u00e7a e outros pa\u00edses da Uni\u00e3o Europeia, para a Austr\u00e1lia, Estados Unidos, Jap\u00e3o e China, neste caso por influ\u00eancia de Macau.\u201d (In \u201cManual da Cal\u00e7ada Portuguesa\u201d, Dire\u00e7\u00e3o Geral da Energia e Geologia.)<\/p>\n","protected":false},"excerpt":{"rendered":"<p>Olhar o ch\u00e3o em Portugal \u00e9 ver verdadeiras obras de arte. O calc\u00e1rio branco e o basalto s\u00e3o as mat\u00e9rias eleitas para desenhar a hist\u00f3ria e cultura deste pa\u00eds. A Cal\u00e7ada Portuguesa \u00e9 uma express\u00e3o cultural portuguesa, uma heran\u00e7a hist\u00f3rica de um misto da cultura e tecnologia de constru\u00e7\u00e3o dos romanos e dos \u00e1rabes, que [&hellip;]\n","protected":false},"author":1,"featured_media":0,"parent":3514,"menu_order":0,"comment_status":"closed","ping_status":"closed","template":"page-right-sidebar.php","meta":{"_exactmetrics_skip_tracking":false,"_exactmetrics_sitenote_active":false,"_exactmetrics_sitenote_note":"","_exactmetrics_sitenote_category":0,"footnotes":""},"class_list":["post-3564","page","type-page","status-publish","hentry"],"yoast_head":"<!-- This site is optimized with the Yoast SEO plugin v26.9 - https:\/\/yoast.com\/product\/yoast-seo-wordpress\/ -->\n<title>Cal\u00e7ada Portuguesa - Terra Lusa<\/title>\n<meta name=\"description\" content=\"800 years of History, Culture and Tradition inspire Terra Lusa where quality technology joins contemporary design. Terra Lusa - The Best of Portugal\" \/>\n<meta name=\"robots\" content=\"index, follow, max-snippet:-1, max-image-preview:large, max-video-preview:-1\" \/>\n<link rel=\"canonical\" href=\"https:\/\/terra-lusa.com\/pt-pt\/detalhes-colecoes\/calcada-portuguesa\/\" \/>\n<meta property=\"og:locale\" content=\"pt_PT\" \/>\n<meta property=\"og:type\" content=\"article\" \/>\n<meta property=\"og:title\" content=\"Cal\u00e7ada Portuguesa - Terra Lusa\" \/>\n<meta property=\"og:description\" content=\"800 years of History, Culture and Tradition inspire Terra Lusa where quality technology joins contemporary design. Terra Lusa - The Best of Portugal\" \/>\n<meta property=\"og:url\" content=\"https:\/\/terra-lusa.com\/pt-pt\/detalhes-colecoes\/calcada-portuguesa\/\" \/>\n<meta property=\"og:site_name\" content=\"Terra Lusa\" \/>\n<meta property=\"article:modified_time\" content=\"2015-02-23T18:40:45+00:00\" \/>\n<meta name=\"twitter:card\" content=\"summary_large_image\" \/>\n<meta name=\"twitter:label1\" content=\"Tempo estimado de leitura\" \/>\n\t<meta name=\"twitter:data1\" content=\"1 minuto\" \/>\n<script type=\"application\/ld+json\" class=\"yoast-schema-graph\">{\"@context\":\"https:\/\/schema.org\",\"@graph\":[{\"@type\":\"WebPage\",\"@id\":\"https:\/\/terra-lusa.com\/pt-pt\/detalhes-colecoes\/calcada-portuguesa\/\",\"url\":\"https:\/\/terra-lusa.com\/pt-pt\/detalhes-colecoes\/calcada-portuguesa\/\",\"name\":\"Cal\u00e7ada Portuguesa - Terra Lusa\",\"isPartOf\":{\"@id\":\"https:\/\/terra-lusa.com\/pt-pt\/#website\"},\"datePublished\":\"2015-02-23T18:39:18+00:00\",\"dateModified\":\"2015-02-23T18:40:45+00:00\",\"description\":\"800 years of History, Culture and Tradition inspire Terra Lusa where quality technology joins contemporary design. Terra Lusa - The Best of Portugal\",\"breadcrumb\":{\"@id\":\"https:\/\/terra-lusa.com\/pt-pt\/detalhes-colecoes\/calcada-portuguesa\/#breadcrumb\"},\"inLanguage\":\"pt-PT\",\"potentialAction\":[{\"@type\":\"ReadAction\",\"target\":[\"https:\/\/terra-lusa.com\/pt-pt\/detalhes-colecoes\/calcada-portuguesa\/\"]}]},{\"@type\":\"BreadcrumbList\",\"@id\":\"https:\/\/terra-lusa.com\/pt-pt\/detalhes-colecoes\/calcada-portuguesa\/#breadcrumb\",\"itemListElement\":[{\"@type\":\"ListItem\",\"position\":1,\"name\":\"Home\",\"item\":\"https:\/\/terra-lusa.com\/pt-pt\/\"},{\"@type\":\"ListItem\",\"position\":2,\"name\":\"Detalhes das cole\u00e7\u00f5es\",\"item\":\"https:\/\/terra-lusa.com\/pt-pt\/detalhes-colecoes\/\"},{\"@type\":\"ListItem\",\"position\":3,\"name\":\"Cal\u00e7ada Portuguesa\"}]},{\"@type\":\"WebSite\",\"@id\":\"https:\/\/terra-lusa.com\/pt-pt\/#website\",\"url\":\"https:\/\/terra-lusa.com\/pt-pt\/\",\"name\":\"Terra Lusa\",\"description\":\"O Melhor de Portugal\",\"potentialAction\":[{\"@type\":\"SearchAction\",\"target\":{\"@type\":\"EntryPoint\",\"urlTemplate\":\"https:\/\/terra-lusa.com\/pt-pt\/?s={search_term_string}\"},\"query-input\":{\"@type\":\"PropertyValueSpecification\",\"valueRequired\":true,\"valueName\":\"search_term_string\"}}],\"inLanguage\":\"pt-PT\"}]}<\/script>\n<!-- \/ Yoast SEO plugin. -->","yoast_head_json":{"title":"Cal\u00e7ada Portuguesa - Terra Lusa","description":"800 years of History, Culture and Tradition inspire Terra Lusa where quality technology joins contemporary design. Terra Lusa - The Best of Portugal","robots":{"index":"index","follow":"follow","max-snippet":"max-snippet:-1","max-image-preview":"max-image-preview:large","max-video-preview":"max-video-preview:-1"},"canonical":"https:\/\/terra-lusa.com\/pt-pt\/detalhes-colecoes\/calcada-portuguesa\/","og_locale":"pt_PT","og_type":"article","og_title":"Cal\u00e7ada Portuguesa - Terra Lusa","og_description":"800 years of History, Culture and Tradition inspire Terra Lusa where quality technology joins contemporary design. Terra Lusa - The Best of Portugal","og_url":"https:\/\/terra-lusa.com\/pt-pt\/detalhes-colecoes\/calcada-portuguesa\/","og_site_name":"Terra Lusa","article_modified_time":"2015-02-23T18:40:45+00:00","twitter_card":"summary_large_image","twitter_misc":{"Tempo estimado de leitura":"1 minuto"},"schema":{"@context":"https:\/\/schema.org","@graph":[{"@type":"WebPage","@id":"https:\/\/terra-lusa.com\/pt-pt\/detalhes-colecoes\/calcada-portuguesa\/","url":"https:\/\/terra-lusa.com\/pt-pt\/detalhes-colecoes\/calcada-portuguesa\/","name":"Cal\u00e7ada Portuguesa - Terra Lusa","isPartOf":{"@id":"https:\/\/terra-lusa.com\/pt-pt\/#website"},"datePublished":"2015-02-23T18:39:18+00:00","dateModified":"2015-02-23T18:40:45+00:00","description":"800 years of History, Culture and Tradition inspire Terra Lusa where quality technology joins contemporary design. Terra Lusa - The Best of Portugal","breadcrumb":{"@id":"https:\/\/terra-lusa.com\/pt-pt\/detalhes-colecoes\/calcada-portuguesa\/#breadcrumb"},"inLanguage":"pt-PT","potentialAction":[{"@type":"ReadAction","target":["https:\/\/terra-lusa.com\/pt-pt\/detalhes-colecoes\/calcada-portuguesa\/"]}]},{"@type":"BreadcrumbList","@id":"https:\/\/terra-lusa.com\/pt-pt\/detalhes-colecoes\/calcada-portuguesa\/#breadcrumb","itemListElement":[{"@type":"ListItem","position":1,"name":"Home","item":"https:\/\/terra-lusa.com\/pt-pt\/"},{"@type":"ListItem","position":2,"name":"Detalhes das cole\u00e7\u00f5es","item":"https:\/\/terra-lusa.com\/pt-pt\/detalhes-colecoes\/"},{"@type":"ListItem","position":3,"name":"Cal\u00e7ada Portuguesa"}]},{"@type":"WebSite","@id":"https:\/\/terra-lusa.com\/pt-pt\/#website","url":"https:\/\/terra-lusa.com\/pt-pt\/","name":"Terra Lusa","description":"O Melhor de Portugal","potentialAction":[{"@type":"SearchAction","target":{"@type":"EntryPoint","urlTemplate":"https:\/\/terra-lusa.com\/pt-pt\/?s={search_term_string}"},"query-input":{"@type":"PropertyValueSpecification","valueRequired":true,"valueName":"search_term_string"}}],"inLanguage":"pt-PT"}]}},"_links":{"self":[{"href":"https:\/\/terra-lusa.com\/pt-pt\/wp-json\/wp\/v2\/pages\/3564","targetHints":{"allow":["GET"]}}],"collection":[{"href":"https:\/\/terra-lusa.com\/pt-pt\/wp-json\/wp\/v2\/pages"}],"about":[{"href":"https:\/\/terra-lusa.com\/pt-pt\/wp-json\/wp\/v2\/types\/page"}],"author":[{"embeddable":true,"href":"https:\/\/terra-lusa.com\/pt-pt\/wp-json\/wp\/v2\/users\/1"}],"replies":[{"embeddable":true,"href":"https:\/\/terra-lusa.com\/pt-pt\/wp-json\/wp\/v2\/comments?post=3564"}],"version-history":[{"count":2,"href":"https:\/\/terra-lusa.com\/pt-pt\/wp-json\/wp\/v2\/pages\/3564\/revisions"}],"predecessor-version":[{"id":3566,"href":"https:\/\/terra-lusa.com\/pt-pt\/wp-json\/wp\/v2\/pages\/3564\/revisions\/3566"}],"up":[{"embeddable":true,"href":"https:\/\/terra-lusa.com\/pt-pt\/wp-json\/wp\/v2\/pages\/3514"}],"wp:attachment":[{"href":"https:\/\/terra-lusa.com\/pt-pt\/wp-json\/wp\/v2\/media?parent=3564"}],"curies":[{"name":"wp","href":"https:\/\/api.w.org\/{rel}","templated":true}]}}