{"id":3561,"date":"2015-02-23T17:50:39","date_gmt":"2015-02-23T17:50:39","guid":{"rendered":"http:\/\/terra-lusa.com\/?page_id=3561"},"modified":"2015-06-15T17:30:06","modified_gmt":"2015-06-15T17:30:06","slug":"bordado-de-viana-do-castelo","status":"publish","type":"page","link":"https:\/\/terra-lusa.com\/pt-pt\/detalhes-colecoes\/bordado-de-viana-do-castelo\/","title":{"rendered":"Bordado de Viana do Castelo"},"content":{"rendered":"<p>Com origem nos bordados a l\u00e3 dos trajes regionais, o Bordado de Viana do Castelo, um dos bordados tradicionais mais belos do pa\u00eds, encanta pela sua ingenuidade e gra\u00e7a.<\/p>\n<p>&#8220;O bordado a que se chama &#8220;Viana do Castelo&#8221; \u00e9 feito em freguesias rurais daquele concelho sendo Perre, Cardielos e Serreleis as que desde h\u00e1 mais tempo se associam a esta atividade. Na realidade este bordado \u00e9 s\u00f3 um dos tr\u00eas tipos que at\u00e9 h\u00e1 muito pouco tempo se produziam por todo o Alto Minho. O bordado a l\u00e3, muito utilizado no traje tradicional, ser\u00e1 o de origem mais antiga, convivendo com os outros tipos de bordado mais recentemente incorporados no t\u00eaxtil decorativo<\/p>\n<p>(&#8230;) \u00c9 a este \u00faltimo que se chama Bordado de Viana do Castelo, que uma importante exposi\u00e7\u00e3o realizada naquela cidade em 1917 deu a conhecer de forma impressiva, a\u00ed se tendo consolidado uma produ\u00e7\u00e3o, mais profissionalizada, que ainda hoje se mant\u00e9m. Este bordado, muito conhecido, a que a oficina de Isilda Parente, veio trazer uma acentuada e benvinda requalifica\u00e7\u00e3o, vive ainda, como sempre, da expressividade das suas &#8220;japoneiras&#8221;, cam\u00e9lias estilizadas com os centros em &#8220;crivo&#8221;, &#8220;silvas&#8221; e cora\u00e7\u00f5es. Este bordado, originalmente em fio de linho sobre tecido de linho, com a banaliza\u00e7\u00e3o do fio de algod\u00e3o, utilizado quer no tecido, quer no bordado, rapidamente come\u00e7ou a ser feito em cor e desde h\u00e1 muito que este t\u00edpico &#8220;bordado a branco&#8221; se faz banajmente em azul ou vermelho ou mesmo nas duas cores em simult\u00e2neo! Se o branco ou o cru, o vermelho ou o azul, de h\u00e1 muito s\u00e3o utilizados assiste-se muito recentemente, \u00e0 produ\u00e7\u00e3o de obras em que o desenho aparece muito mais estilizado e cuidado, bordado em cores que claramente acompanham a mais recente moda do t\u00eaxtil-lar&#8221; (Ana Pires, \u201cBordar em Portugal\u201d).<\/p>\n<p><em>Agradecimentos: Informa\u00e7\u00e3o &#8211; CRAT Centro Regional de Artes Tradicionais.<\/em><\/p>\n<p><span class=\"ig-small\">Estes produtos s\u00e3o inspirados nos motivos do Bordado de Viana do Castelo, que \u00e9 um produto artesanal <a href=\"http:\/\/www.adereminho.pt\/index.php?option=com_content&#038;view=article&#038;id=199:bordado-de-viana-do-castelo&#038;catid=25\" title=\"Adere-Minho\" target=\"_blank\">certificado pela Adere-Minho<\/a>, com Marca Registada atrav\u00e9s de IG-Identifica\u00e7\u00e3o Geogr\u00e1fica pertencente \u00e0 C\u00e2mara Municipal de Viana do Castelo.<\/span><\/p>\n","protected":false},"excerpt":{"rendered":"<p>Com origem nos bordados a l\u00e3 dos trajes regionais, o Bordado de Viana do Castelo, um dos bordados tradicionais mais belos do pa\u00eds, encanta pela sua ingenuidade e gra\u00e7a. &#8220;O bordado a que se chama &#8220;Viana do Castelo&#8221; \u00e9 feito em freguesias rurais daquele concelho sendo Perre, Cardielos e Serreleis as que desde h\u00e1 mais [&hellip;]\n","protected":false},"author":1,"featured_media":0,"parent":3514,"menu_order":0,"comment_status":"closed","ping_status":"closed","template":"page-right-sidebar.php","meta":{"_exactmetrics_skip_tracking":false,"_exactmetrics_sitenote_active":false,"_exactmetrics_sitenote_note":"","_exactmetrics_sitenote_category":0,"footnotes":""},"class_list":["post-3561","page","type-page","status-publish","hentry"],"yoast_head":"<!-- This site is optimized with the Yoast SEO plugin v26.9 - https:\/\/yoast.com\/product\/yoast-seo-wordpress\/ -->\n<title>Bordado de Viana do Castelo - Terra Lusa<\/title>\n<meta name=\"robots\" content=\"index, follow, max-snippet:-1, max-image-preview:large, max-video-preview:-1\" \/>\n<link rel=\"canonical\" href=\"https:\/\/terra-lusa.com\/pt-pt\/detalhes-colecoes\/bordado-de-viana-do-castelo\/\" \/>\n<meta property=\"og:locale\" content=\"pt_PT\" \/>\n<meta property=\"og:type\" content=\"article\" \/>\n<meta property=\"og:title\" content=\"Bordado de Viana do Castelo - Terra Lusa\" \/>\n<meta property=\"og:description\" content=\"Com origem nos bordados a l\u00e3 dos trajes regionais, o Bordado de Viana do Castelo, um dos bordados tradicionais mais belos do pa\u00eds, encanta pela sua ingenuidade e gra\u00e7a. &#8220;O bordado a que se chama &#8220;Viana do Castelo&#8221; \u00e9 feito em freguesias rurais daquele concelho sendo Perre, Cardielos e Serreleis as que desde h\u00e1 mais [&hellip;]\" \/>\n<meta property=\"og:url\" content=\"https:\/\/terra-lusa.com\/pt-pt\/detalhes-colecoes\/bordado-de-viana-do-castelo\/\" \/>\n<meta property=\"og:site_name\" content=\"Terra Lusa\" \/>\n<meta property=\"article:modified_time\" content=\"2015-06-15T17:30:06+00:00\" \/>\n<meta name=\"twitter:card\" content=\"summary_large_image\" \/>\n<meta name=\"twitter:label1\" content=\"Tempo estimado de leitura\" \/>\n\t<meta name=\"twitter:data1\" content=\"2 minutos\" \/>\n<script type=\"application\/ld+json\" class=\"yoast-schema-graph\">{\"@context\":\"https:\/\/schema.org\",\"@graph\":[{\"@type\":\"WebPage\",\"@id\":\"https:\/\/terra-lusa.com\/pt-pt\/detalhes-colecoes\/bordado-de-viana-do-castelo\/\",\"url\":\"https:\/\/terra-lusa.com\/pt-pt\/detalhes-colecoes\/bordado-de-viana-do-castelo\/\",\"name\":\"Bordado de Viana do Castelo - Terra Lusa\",\"isPartOf\":{\"@id\":\"https:\/\/terra-lusa.com\/pt-pt\/#website\"},\"datePublished\":\"2015-02-23T17:50:39+00:00\",\"dateModified\":\"2015-06-15T17:30:06+00:00\",\"breadcrumb\":{\"@id\":\"https:\/\/terra-lusa.com\/pt-pt\/detalhes-colecoes\/bordado-de-viana-do-castelo\/#breadcrumb\"},\"inLanguage\":\"pt-PT\",\"potentialAction\":[{\"@type\":\"ReadAction\",\"target\":[\"https:\/\/terra-lusa.com\/pt-pt\/detalhes-colecoes\/bordado-de-viana-do-castelo\/\"]}]},{\"@type\":\"BreadcrumbList\",\"@id\":\"https:\/\/terra-lusa.com\/pt-pt\/detalhes-colecoes\/bordado-de-viana-do-castelo\/#breadcrumb\",\"itemListElement\":[{\"@type\":\"ListItem\",\"position\":1,\"name\":\"Home\",\"item\":\"https:\/\/terra-lusa.com\/pt-pt\/\"},{\"@type\":\"ListItem\",\"position\":2,\"name\":\"Detalhes das cole\u00e7\u00f5es\",\"item\":\"https:\/\/terra-lusa.com\/pt-pt\/detalhes-colecoes\/\"},{\"@type\":\"ListItem\",\"position\":3,\"name\":\"Bordado de Viana do Castelo\"}]},{\"@type\":\"WebSite\",\"@id\":\"https:\/\/terra-lusa.com\/pt-pt\/#website\",\"url\":\"https:\/\/terra-lusa.com\/pt-pt\/\",\"name\":\"Terra Lusa\",\"description\":\"O Melhor de Portugal\",\"potentialAction\":[{\"@type\":\"SearchAction\",\"target\":{\"@type\":\"EntryPoint\",\"urlTemplate\":\"https:\/\/terra-lusa.com\/pt-pt\/?s={search_term_string}\"},\"query-input\":{\"@type\":\"PropertyValueSpecification\",\"valueRequired\":true,\"valueName\":\"search_term_string\"}}],\"inLanguage\":\"pt-PT\"}]}<\/script>\n<!-- \/ Yoast SEO plugin. -->","yoast_head_json":{"title":"Bordado de Viana do Castelo - Terra Lusa","robots":{"index":"index","follow":"follow","max-snippet":"max-snippet:-1","max-image-preview":"max-image-preview:large","max-video-preview":"max-video-preview:-1"},"canonical":"https:\/\/terra-lusa.com\/pt-pt\/detalhes-colecoes\/bordado-de-viana-do-castelo\/","og_locale":"pt_PT","og_type":"article","og_title":"Bordado de Viana do Castelo - Terra Lusa","og_description":"Com origem nos bordados a l\u00e3 dos trajes regionais, o Bordado de Viana do Castelo, um dos bordados tradicionais mais belos do pa\u00eds, encanta pela sua ingenuidade e gra\u00e7a. &#8220;O bordado a que se chama &#8220;Viana do Castelo&#8221; \u00e9 feito em freguesias rurais daquele concelho sendo Perre, Cardielos e Serreleis as que desde h\u00e1 mais [&hellip;]","og_url":"https:\/\/terra-lusa.com\/pt-pt\/detalhes-colecoes\/bordado-de-viana-do-castelo\/","og_site_name":"Terra Lusa","article_modified_time":"2015-06-15T17:30:06+00:00","twitter_card":"summary_large_image","twitter_misc":{"Tempo estimado de leitura":"2 minutos"},"schema":{"@context":"https:\/\/schema.org","@graph":[{"@type":"WebPage","@id":"https:\/\/terra-lusa.com\/pt-pt\/detalhes-colecoes\/bordado-de-viana-do-castelo\/","url":"https:\/\/terra-lusa.com\/pt-pt\/detalhes-colecoes\/bordado-de-viana-do-castelo\/","name":"Bordado de Viana do Castelo - Terra Lusa","isPartOf":{"@id":"https:\/\/terra-lusa.com\/pt-pt\/#website"},"datePublished":"2015-02-23T17:50:39+00:00","dateModified":"2015-06-15T17:30:06+00:00","breadcrumb":{"@id":"https:\/\/terra-lusa.com\/pt-pt\/detalhes-colecoes\/bordado-de-viana-do-castelo\/#breadcrumb"},"inLanguage":"pt-PT","potentialAction":[{"@type":"ReadAction","target":["https:\/\/terra-lusa.com\/pt-pt\/detalhes-colecoes\/bordado-de-viana-do-castelo\/"]}]},{"@type":"BreadcrumbList","@id":"https:\/\/terra-lusa.com\/pt-pt\/detalhes-colecoes\/bordado-de-viana-do-castelo\/#breadcrumb","itemListElement":[{"@type":"ListItem","position":1,"name":"Home","item":"https:\/\/terra-lusa.com\/pt-pt\/"},{"@type":"ListItem","position":2,"name":"Detalhes das cole\u00e7\u00f5es","item":"https:\/\/terra-lusa.com\/pt-pt\/detalhes-colecoes\/"},{"@type":"ListItem","position":3,"name":"Bordado de Viana do Castelo"}]},{"@type":"WebSite","@id":"https:\/\/terra-lusa.com\/pt-pt\/#website","url":"https:\/\/terra-lusa.com\/pt-pt\/","name":"Terra Lusa","description":"O Melhor de Portugal","potentialAction":[{"@type":"SearchAction","target":{"@type":"EntryPoint","urlTemplate":"https:\/\/terra-lusa.com\/pt-pt\/?s={search_term_string}"},"query-input":{"@type":"PropertyValueSpecification","valueRequired":true,"valueName":"search_term_string"}}],"inLanguage":"pt-PT"}]}},"_links":{"self":[{"href":"https:\/\/terra-lusa.com\/pt-pt\/wp-json\/wp\/v2\/pages\/3561","targetHints":{"allow":["GET"]}}],"collection":[{"href":"https:\/\/terra-lusa.com\/pt-pt\/wp-json\/wp\/v2\/pages"}],"about":[{"href":"https:\/\/terra-lusa.com\/pt-pt\/wp-json\/wp\/v2\/types\/page"}],"author":[{"embeddable":true,"href":"https:\/\/terra-lusa.com\/pt-pt\/wp-json\/wp\/v2\/users\/1"}],"replies":[{"embeddable":true,"href":"https:\/\/terra-lusa.com\/pt-pt\/wp-json\/wp\/v2\/comments?post=3561"}],"version-history":[{"count":2,"href":"https:\/\/terra-lusa.com\/pt-pt\/wp-json\/wp\/v2\/pages\/3561\/revisions"}],"predecessor-version":[{"id":4693,"href":"https:\/\/terra-lusa.com\/pt-pt\/wp-json\/wp\/v2\/pages\/3561\/revisions\/4693"}],"up":[{"embeddable":true,"href":"https:\/\/terra-lusa.com\/pt-pt\/wp-json\/wp\/v2\/pages\/3514"}],"wp:attachment":[{"href":"https:\/\/terra-lusa.com\/pt-pt\/wp-json\/wp\/v2\/media?parent=3561"}],"curies":[{"name":"wp","href":"https:\/\/api.w.org\/{rel}","templated":true}]}}