{"id":3543,"date":"2015-02-23T16:26:43","date_gmt":"2015-02-23T16:26:43","guid":{"rendered":"http:\/\/terra-lusa.com\/detalhes-colecoes\/popular-festival-hand-bag"},"modified":"2015-02-23T16:31:47","modified_gmt":"2015-02-23T16:31:47","slug":"saca-romaria","status":"publish","type":"page","link":"https:\/\/terra-lusa.com\/pt-pt\/detalhes-colecoes\/saca-romaria\/","title":{"rendered":"Saca de romaria"},"content":{"rendered":"<p>A bolsa ou saca de romaria \u00e9 um acess\u00f3rio dos trajes de festa das lavradeiras da regi\u00e3o de Viana do Castelo. Esta pe\u00e7a \u00e9 uma express\u00e3o de alegria dada pelo jogo das cores dos fios de l\u00e3 com que \u00e9 bordada. Caracteriza-se pelos cora\u00e7\u00f5es e flores bordados a l\u00e3 em pano cru, pelo remate com espiguilha e pela pega em madeira ou vime.<\/p>\n<p>O pano de limpeza Cora\u00e7\u00e3o de Viana do Castelo \u00e9 uma reprodu\u00e7\u00e3o de um cora\u00e7\u00e3o bordado a l\u00e3 e lantejoulas, cuja hist\u00f3ria e tradi\u00e7\u00e3o aponta para o bordado rico a l\u00e3 de trajes t\u00edpicos de Viana do Castelo.<\/p>\n<p>&#8220;Traje \u00e0 moda do Minho&#8221; ou &#8220;\u00e0 vianesa&#8221; (s\u00e3o estas as formas-de-dizer mais usadas no pa\u00eds, mas, por terras minhotas, usa-se especialmente a denomina\u00e7\u00e3o de &#8220;traje \u00e0 lavradeira&#8221;) \u00e9 um vestu\u00e1rio feminino, de festa, de &#8220;grande gala&#8221;, apenas usado em dias assinalados e por mo\u00e7as de algumas aldeias do concelho de Viana-do-Castelo.<\/p>\n<p>Quando se fala em &#8220;traje \u00e0 lavradeira&#8221;, sem especifica\u00e7\u00e3o alguma, entende-se em geral o &#8220;vermelho&#8221; das lavradeiras de Santa Marta-de-Portuzelo. No concelho de Viana-do-Castelo, por\u00e9m, existem diversas modalidades de trajes femininos. A melhor forma de admirar a variedade do trajar feminino, cujas cores mais ou menos vistosas, mais ou menos claras, vivas ou &#8220;modestas&#8221;, melhor sobressaem entre o escuro das roupas masculinas \u00e9 nas grandes feiras e sobretudo nas grandes romarias. E \u00e9 nas grandes feiras, nas grandes romarias do concelho de Viana-do-Castelo, ou dos concelhos lim\u00edtrofes, que principalmente surgem em not\u00e1vel n\u00famero, os trajes &#8220;\u00e0 lavradeira&#8221;.<\/p>\n<p>Embora esses trajes admitam um padr\u00e3o, a que se cingem no mais importante do seu aspeto geral, eles apresentam varia\u00e7\u00f5es apreci\u00e1veis, de aldeia para aldeia.&#8221; por Marta Abrantes<\/p>\n<p><em>Agradecimentos: Imagem e Informa\u00e7\u00e3o &#8211; C\u00e2mara Municipal de Viana do Castelo, Museu do Traje de Viana do Castelo<\/em><\/p>\n","protected":false},"excerpt":{"rendered":"<p>A bolsa ou saca de romaria \u00e9 um acess\u00f3rio dos trajes de festa das lavradeiras da regi\u00e3o de Viana do Castelo. Esta pe\u00e7a \u00e9 uma express\u00e3o de alegria dada pelo jogo das cores dos fios de l\u00e3 com que \u00e9 bordada. Caracteriza-se pelos cora\u00e7\u00f5es e flores bordados a l\u00e3 em pano cru, pelo remate com [&hellip;]\n","protected":false},"author":1,"featured_media":0,"parent":3514,"menu_order":0,"comment_status":"closed","ping_status":"closed","template":"page-right-sidebar.php","meta":{"_exactmetrics_skip_tracking":false,"_exactmetrics_sitenote_active":false,"_exactmetrics_sitenote_note":"","_exactmetrics_sitenote_category":0,"footnotes":""},"class_list":["post-3543","page","type-page","status-publish","hentry"],"yoast_head":"<!-- This site is optimized with the Yoast SEO plugin v26.9 - https:\/\/yoast.com\/product\/yoast-seo-wordpress\/ -->\n<title>Saca de romaria - Terra Lusa<\/title>\n<meta name=\"description\" content=\"800 years of History, Culture and Tradition inspire Terra Lusa where quality technology joins contemporary design. Terra Lusa - The Best of Portugal\" \/>\n<meta name=\"robots\" content=\"index, follow, max-snippet:-1, max-image-preview:large, max-video-preview:-1\" \/>\n<link rel=\"canonical\" href=\"https:\/\/terra-lusa.com\/pt-pt\/detalhes-colecoes\/saca-romaria\/\" \/>\n<meta property=\"og:locale\" content=\"pt_PT\" \/>\n<meta property=\"og:type\" content=\"article\" \/>\n<meta property=\"og:title\" content=\"Saca de romaria - Terra Lusa\" \/>\n<meta property=\"og:description\" content=\"800 years of History, Culture and Tradition inspire Terra Lusa where quality technology joins contemporary design. Terra Lusa - The Best of Portugal\" \/>\n<meta property=\"og:url\" content=\"https:\/\/terra-lusa.com\/pt-pt\/detalhes-colecoes\/saca-romaria\/\" \/>\n<meta property=\"og:site_name\" content=\"Terra Lusa\" \/>\n<meta property=\"article:modified_time\" content=\"2015-02-23T16:31:47+00:00\" \/>\n<meta name=\"twitter:card\" content=\"summary_large_image\" \/>\n<meta name=\"twitter:label1\" content=\"Tempo estimado de leitura\" \/>\n\t<meta name=\"twitter:data1\" content=\"2 minutos\" \/>\n<script type=\"application\/ld+json\" class=\"yoast-schema-graph\">{\"@context\":\"https:\/\/schema.org\",\"@graph\":[{\"@type\":\"WebPage\",\"@id\":\"https:\/\/terra-lusa.com\/pt-pt\/detalhes-colecoes\/saca-romaria\/\",\"url\":\"https:\/\/terra-lusa.com\/pt-pt\/detalhes-colecoes\/saca-romaria\/\",\"name\":\"Saca de romaria - Terra Lusa\",\"isPartOf\":{\"@id\":\"https:\/\/terra-lusa.com\/pt-pt\/#website\"},\"datePublished\":\"2015-02-23T16:26:43+00:00\",\"dateModified\":\"2015-02-23T16:31:47+00:00\",\"description\":\"800 years of History, Culture and Tradition inspire Terra Lusa where quality technology joins contemporary design. Terra Lusa - The Best of Portugal\",\"breadcrumb\":{\"@id\":\"https:\/\/terra-lusa.com\/pt-pt\/detalhes-colecoes\/saca-romaria\/#breadcrumb\"},\"inLanguage\":\"pt-PT\",\"potentialAction\":[{\"@type\":\"ReadAction\",\"target\":[\"https:\/\/terra-lusa.com\/pt-pt\/detalhes-colecoes\/saca-romaria\/\"]}]},{\"@type\":\"BreadcrumbList\",\"@id\":\"https:\/\/terra-lusa.com\/pt-pt\/detalhes-colecoes\/saca-romaria\/#breadcrumb\",\"itemListElement\":[{\"@type\":\"ListItem\",\"position\":1,\"name\":\"Home\",\"item\":\"https:\/\/terra-lusa.com\/pt-pt\/\"},{\"@type\":\"ListItem\",\"position\":2,\"name\":\"Detalhes das cole\u00e7\u00f5es\",\"item\":\"https:\/\/terra-lusa.com\/pt-pt\/detalhes-colecoes\/\"},{\"@type\":\"ListItem\",\"position\":3,\"name\":\"Saca de romaria\"}]},{\"@type\":\"WebSite\",\"@id\":\"https:\/\/terra-lusa.com\/pt-pt\/#website\",\"url\":\"https:\/\/terra-lusa.com\/pt-pt\/\",\"name\":\"Terra Lusa\",\"description\":\"O Melhor de Portugal\",\"potentialAction\":[{\"@type\":\"SearchAction\",\"target\":{\"@type\":\"EntryPoint\",\"urlTemplate\":\"https:\/\/terra-lusa.com\/pt-pt\/?s={search_term_string}\"},\"query-input\":{\"@type\":\"PropertyValueSpecification\",\"valueRequired\":true,\"valueName\":\"search_term_string\"}}],\"inLanguage\":\"pt-PT\"}]}<\/script>\n<!-- \/ Yoast SEO plugin. -->","yoast_head_json":{"title":"Saca de romaria - Terra Lusa","description":"800 years of History, Culture and Tradition inspire Terra Lusa where quality technology joins contemporary design. Terra Lusa - The Best of Portugal","robots":{"index":"index","follow":"follow","max-snippet":"max-snippet:-1","max-image-preview":"max-image-preview:large","max-video-preview":"max-video-preview:-1"},"canonical":"https:\/\/terra-lusa.com\/pt-pt\/detalhes-colecoes\/saca-romaria\/","og_locale":"pt_PT","og_type":"article","og_title":"Saca de romaria - Terra Lusa","og_description":"800 years of History, Culture and Tradition inspire Terra Lusa where quality technology joins contemporary design. Terra Lusa - The Best of Portugal","og_url":"https:\/\/terra-lusa.com\/pt-pt\/detalhes-colecoes\/saca-romaria\/","og_site_name":"Terra Lusa","article_modified_time":"2015-02-23T16:31:47+00:00","twitter_card":"summary_large_image","twitter_misc":{"Tempo estimado de leitura":"2 minutos"},"schema":{"@context":"https:\/\/schema.org","@graph":[{"@type":"WebPage","@id":"https:\/\/terra-lusa.com\/pt-pt\/detalhes-colecoes\/saca-romaria\/","url":"https:\/\/terra-lusa.com\/pt-pt\/detalhes-colecoes\/saca-romaria\/","name":"Saca de romaria - Terra Lusa","isPartOf":{"@id":"https:\/\/terra-lusa.com\/pt-pt\/#website"},"datePublished":"2015-02-23T16:26:43+00:00","dateModified":"2015-02-23T16:31:47+00:00","description":"800 years of History, Culture and Tradition inspire Terra Lusa where quality technology joins contemporary design. Terra Lusa - The Best of Portugal","breadcrumb":{"@id":"https:\/\/terra-lusa.com\/pt-pt\/detalhes-colecoes\/saca-romaria\/#breadcrumb"},"inLanguage":"pt-PT","potentialAction":[{"@type":"ReadAction","target":["https:\/\/terra-lusa.com\/pt-pt\/detalhes-colecoes\/saca-romaria\/"]}]},{"@type":"BreadcrumbList","@id":"https:\/\/terra-lusa.com\/pt-pt\/detalhes-colecoes\/saca-romaria\/#breadcrumb","itemListElement":[{"@type":"ListItem","position":1,"name":"Home","item":"https:\/\/terra-lusa.com\/pt-pt\/"},{"@type":"ListItem","position":2,"name":"Detalhes das cole\u00e7\u00f5es","item":"https:\/\/terra-lusa.com\/pt-pt\/detalhes-colecoes\/"},{"@type":"ListItem","position":3,"name":"Saca de romaria"}]},{"@type":"WebSite","@id":"https:\/\/terra-lusa.com\/pt-pt\/#website","url":"https:\/\/terra-lusa.com\/pt-pt\/","name":"Terra Lusa","description":"O Melhor de Portugal","potentialAction":[{"@type":"SearchAction","target":{"@type":"EntryPoint","urlTemplate":"https:\/\/terra-lusa.com\/pt-pt\/?s={search_term_string}"},"query-input":{"@type":"PropertyValueSpecification","valueRequired":true,"valueName":"search_term_string"}}],"inLanguage":"pt-PT"}]}},"_links":{"self":[{"href":"https:\/\/terra-lusa.com\/pt-pt\/wp-json\/wp\/v2\/pages\/3543","targetHints":{"allow":["GET"]}}],"collection":[{"href":"https:\/\/terra-lusa.com\/pt-pt\/wp-json\/wp\/v2\/pages"}],"about":[{"href":"https:\/\/terra-lusa.com\/pt-pt\/wp-json\/wp\/v2\/types\/page"}],"author":[{"embeddable":true,"href":"https:\/\/terra-lusa.com\/pt-pt\/wp-json\/wp\/v2\/users\/1"}],"replies":[{"embeddable":true,"href":"https:\/\/terra-lusa.com\/pt-pt\/wp-json\/wp\/v2\/comments?post=3543"}],"version-history":[{"count":1,"href":"https:\/\/terra-lusa.com\/pt-pt\/wp-json\/wp\/v2\/pages\/3543\/revisions"}],"predecessor-version":[{"id":3544,"href":"https:\/\/terra-lusa.com\/pt-pt\/wp-json\/wp\/v2\/pages\/3543\/revisions\/3544"}],"up":[{"embeddable":true,"href":"https:\/\/terra-lusa.com\/pt-pt\/wp-json\/wp\/v2\/pages\/3514"}],"wp:attachment":[{"href":"https:\/\/terra-lusa.com\/pt-pt\/wp-json\/wp\/v2\/media?parent=3543"}],"curies":[{"name":"wp","href":"https:\/\/api.w.org\/{rel}","templated":true}]}}