{"id":3538,"date":"2015-02-23T16:16:12","date_gmt":"2015-02-23T16:16:12","guid":{"rendered":"http:\/\/terra-lusa.com\/detalhes-colecoes\/alentejo"},"modified":"2022-04-07T11:14:35","modified_gmt":"2022-04-07T11:14:35","slug":"alentejo","status":"publish","type":"page","link":"https:\/\/terra-lusa.com\/pt-pt\/detalhes-colecoes\/alentejo\/","title":{"rendered":"Alentejo"},"content":{"rendered":"<p>O mobili\u00e1rio tradicional Alentejano \u00e9 um estilo de mobili\u00e1rio de caracter\u00edsticas populares e regionais, que se enquadra no artesanato tradicional e envolve tr\u00eas atividades profissionais: a carpintaria, empalhamento e a pintura.<\/p>\n<p>Este mobili\u00e1rio \u00e9 um produto da cultura alentejana, relacionada com as formas e as fun\u00e7\u00f5es tradicionais (usos e costumes). Sofreu altera\u00e7\u00f5es ao longo dos anos, consoante a realidade cultural do tempo em que era produzido e nos nossos dias \u00e9 um testemunho real de perman\u00eancias e inova\u00e7\u00f5es culturais. Tem uma componente marcadamente pessoal (o gesto) e reflete uma atitude de cria\u00e7\u00e3o coletiva.<\/p>\n<p>O seu processo t\u00e9cnico \u00e9 composto por processos operativos: o tradicional, de origem antiga, mais complexo, manual e de tempo de realiza\u00e7\u00e3o longo; o contempor\u00e2neo em que o uso de novas tecnologias reduz do esfor\u00e7o e o tempo de execu\u00e7\u00e3o; o \u00faltimo \u00e9 uma simbiose dos dois anteriores.<\/p>\n<p>\u00c9 a partir de meados do S\u00e9c. XIX que encontramos men\u00e7\u00f5es escritas \u00e0s cadeiras alentejanas, contudo, muito raramente s\u00e3o referenciadas outras pe\u00e7as deste estilo de mobili\u00e1rio.<br \/>\nNo seu corte ou talhe de madeira e na pintura decorativa \u00e9 poss\u00edvel identificar elementos de dois estilos portugueses: D. Jos\u00e9 e D. Maria.<br \/>\nEstes m\u00f3veis populares eram executados por artistas an\u00f3nimos nos montes e nas aldeias com o objetivo de dar comodidade e bem-estar a quem os utilizasse, fossem eles cadeiras, camas, mesas, roupeiros, aparadores ou c\u00f3modas.<\/p>\n<p>Os temas com que s\u00e3o decorados os m\u00f3veis representam a vegeta\u00e7\u00e3o, a fauna e as cores que se encontram nos campos Alentejanos, assim como o quotidiano dos decoradores destes m\u00f3veis, quase todos eles com atividades ligadas ao campo, o que \u00e9 percet\u00edvel atrav\u00e9s das rosas amarelas, rosas e azuis, dos malmequeres azuis, amarelos e brancos, dos ramos decorativos e das silvas verdes.<\/p>\n<p>As cores bases fortes &#8211; azul, grenat, amarelo e verde-garrafa- pintadas como base antes da decora\u00e7\u00e3o, s\u00e3o as mais tradicionais, assim como o branco, caracter\u00edstico da fuga ao calor do Alentejo.<\/p>\n<p><em>Agradecimentos: Informa\u00e7\u00e3o e Imagens &#8211; C\u00e2mara Municipal de Ferreira do Alentejo.<\/em><\/p>\n","protected":false},"excerpt":{"rendered":"<p>O mobili\u00e1rio tradicional Alentejano \u00e9 um estilo de mobili\u00e1rio de caracter\u00edsticas populares e regionais, que se enquadra no artesanato tradicional e envolve tr\u00eas atividades profissionais: a carpintaria, empalhamento e a pintura. Este mobili\u00e1rio \u00e9 um produto da cultura alentejana, relacionada com as formas e as fun\u00e7\u00f5es tradicionais (usos e costumes). Sofreu altera\u00e7\u00f5es ao longo dos [&hellip;]\n","protected":false},"author":1,"featured_media":0,"parent":3514,"menu_order":0,"comment_status":"closed","ping_status":"closed","template":"page-right-sidebar.php","meta":{"_exactmetrics_skip_tracking":false,"_exactmetrics_sitenote_active":false,"_exactmetrics_sitenote_note":"","_exactmetrics_sitenote_category":0,"footnotes":""},"class_list":["post-3538","page","type-page","status-publish","hentry"],"yoast_head":"<!-- This site is optimized with the Yoast SEO plugin v26.9 - https:\/\/yoast.com\/product\/yoast-seo-wordpress\/ -->\n<title>Alentejo - Terra Lusa<\/title>\n<meta name=\"description\" content=\"800 years of History, Culture and Tradition inspire Terra Lusa products. With Terra Lusa find the Best of Portugal\" \/>\n<meta name=\"robots\" content=\"index, follow, max-snippet:-1, max-image-preview:large, max-video-preview:-1\" \/>\n<link rel=\"canonical\" href=\"https:\/\/terra-lusa.com\/pt-pt\/detalhes-colecoes\/alentejo\/\" \/>\n<meta property=\"og:locale\" content=\"pt_PT\" \/>\n<meta property=\"og:type\" content=\"article\" \/>\n<meta property=\"og:title\" content=\"Alentejo - Terra Lusa\" \/>\n<meta property=\"og:description\" content=\"800 years of History, Culture and Tradition inspire Terra Lusa products. With Terra Lusa find the Best of Portugal\" \/>\n<meta property=\"og:url\" content=\"https:\/\/terra-lusa.com\/pt-pt\/detalhes-colecoes\/alentejo\/\" \/>\n<meta property=\"og:site_name\" content=\"Terra Lusa\" \/>\n<meta property=\"article:modified_time\" content=\"2022-04-07T11:14:35+00:00\" \/>\n<meta name=\"twitter:card\" content=\"summary_large_image\" \/>\n<meta name=\"twitter:label1\" content=\"Tempo estimado de leitura\" \/>\n\t<meta name=\"twitter:data1\" content=\"2 minutos\" \/>\n<script type=\"application\/ld+json\" class=\"yoast-schema-graph\">{\"@context\":\"https:\/\/schema.org\",\"@graph\":[{\"@type\":\"WebPage\",\"@id\":\"https:\/\/terra-lusa.com\/pt-pt\/detalhes-colecoes\/alentejo\/\",\"url\":\"https:\/\/terra-lusa.com\/pt-pt\/detalhes-colecoes\/alentejo\/\",\"name\":\"Alentejo - Terra Lusa\",\"isPartOf\":{\"@id\":\"https:\/\/terra-lusa.com\/pt-pt\/#website\"},\"datePublished\":\"2015-02-23T16:16:12+00:00\",\"dateModified\":\"2022-04-07T11:14:35+00:00\",\"description\":\"800 years of History, Culture and Tradition inspire Terra Lusa products. With Terra Lusa find the Best of Portugal\",\"breadcrumb\":{\"@id\":\"https:\/\/terra-lusa.com\/pt-pt\/detalhes-colecoes\/alentejo\/#breadcrumb\"},\"inLanguage\":\"pt-PT\",\"potentialAction\":[{\"@type\":\"ReadAction\",\"target\":[\"https:\/\/terra-lusa.com\/pt-pt\/detalhes-colecoes\/alentejo\/\"]}]},{\"@type\":\"BreadcrumbList\",\"@id\":\"https:\/\/terra-lusa.com\/pt-pt\/detalhes-colecoes\/alentejo\/#breadcrumb\",\"itemListElement\":[{\"@type\":\"ListItem\",\"position\":1,\"name\":\"Home\",\"item\":\"https:\/\/terra-lusa.com\/pt-pt\/\"},{\"@type\":\"ListItem\",\"position\":2,\"name\":\"Detalhes das cole\u00e7\u00f5es\",\"item\":\"https:\/\/terra-lusa.com\/pt-pt\/detalhes-colecoes\/\"},{\"@type\":\"ListItem\",\"position\":3,\"name\":\"Alentejo\"}]},{\"@type\":\"WebSite\",\"@id\":\"https:\/\/terra-lusa.com\/pt-pt\/#website\",\"url\":\"https:\/\/terra-lusa.com\/pt-pt\/\",\"name\":\"Terra Lusa\",\"description\":\"O Melhor de Portugal\",\"potentialAction\":[{\"@type\":\"SearchAction\",\"target\":{\"@type\":\"EntryPoint\",\"urlTemplate\":\"https:\/\/terra-lusa.com\/pt-pt\/?s={search_term_string}\"},\"query-input\":{\"@type\":\"PropertyValueSpecification\",\"valueRequired\":true,\"valueName\":\"search_term_string\"}}],\"inLanguage\":\"pt-PT\"}]}<\/script>\n<!-- \/ Yoast SEO plugin. -->","yoast_head_json":{"title":"Alentejo - Terra Lusa","description":"800 years of History, Culture and Tradition inspire Terra Lusa products. With Terra Lusa find the Best of Portugal","robots":{"index":"index","follow":"follow","max-snippet":"max-snippet:-1","max-image-preview":"max-image-preview:large","max-video-preview":"max-video-preview:-1"},"canonical":"https:\/\/terra-lusa.com\/pt-pt\/detalhes-colecoes\/alentejo\/","og_locale":"pt_PT","og_type":"article","og_title":"Alentejo - Terra Lusa","og_description":"800 years of History, Culture and Tradition inspire Terra Lusa products. With Terra Lusa find the Best of Portugal","og_url":"https:\/\/terra-lusa.com\/pt-pt\/detalhes-colecoes\/alentejo\/","og_site_name":"Terra Lusa","article_modified_time":"2022-04-07T11:14:35+00:00","twitter_card":"summary_large_image","twitter_misc":{"Tempo estimado de leitura":"2 minutos"},"schema":{"@context":"https:\/\/schema.org","@graph":[{"@type":"WebPage","@id":"https:\/\/terra-lusa.com\/pt-pt\/detalhes-colecoes\/alentejo\/","url":"https:\/\/terra-lusa.com\/pt-pt\/detalhes-colecoes\/alentejo\/","name":"Alentejo - Terra Lusa","isPartOf":{"@id":"https:\/\/terra-lusa.com\/pt-pt\/#website"},"datePublished":"2015-02-23T16:16:12+00:00","dateModified":"2022-04-07T11:14:35+00:00","description":"800 years of History, Culture and Tradition inspire Terra Lusa products. With Terra Lusa find the Best of Portugal","breadcrumb":{"@id":"https:\/\/terra-lusa.com\/pt-pt\/detalhes-colecoes\/alentejo\/#breadcrumb"},"inLanguage":"pt-PT","potentialAction":[{"@type":"ReadAction","target":["https:\/\/terra-lusa.com\/pt-pt\/detalhes-colecoes\/alentejo\/"]}]},{"@type":"BreadcrumbList","@id":"https:\/\/terra-lusa.com\/pt-pt\/detalhes-colecoes\/alentejo\/#breadcrumb","itemListElement":[{"@type":"ListItem","position":1,"name":"Home","item":"https:\/\/terra-lusa.com\/pt-pt\/"},{"@type":"ListItem","position":2,"name":"Detalhes das cole\u00e7\u00f5es","item":"https:\/\/terra-lusa.com\/pt-pt\/detalhes-colecoes\/"},{"@type":"ListItem","position":3,"name":"Alentejo"}]},{"@type":"WebSite","@id":"https:\/\/terra-lusa.com\/pt-pt\/#website","url":"https:\/\/terra-lusa.com\/pt-pt\/","name":"Terra Lusa","description":"O Melhor de Portugal","potentialAction":[{"@type":"SearchAction","target":{"@type":"EntryPoint","urlTemplate":"https:\/\/terra-lusa.com\/pt-pt\/?s={search_term_string}"},"query-input":{"@type":"PropertyValueSpecification","valueRequired":true,"valueName":"search_term_string"}}],"inLanguage":"pt-PT"}]}},"_links":{"self":[{"href":"https:\/\/terra-lusa.com\/pt-pt\/wp-json\/wp\/v2\/pages\/3538","targetHints":{"allow":["GET"]}}],"collection":[{"href":"https:\/\/terra-lusa.com\/pt-pt\/wp-json\/wp\/v2\/pages"}],"about":[{"href":"https:\/\/terra-lusa.com\/pt-pt\/wp-json\/wp\/v2\/types\/page"}],"author":[{"embeddable":true,"href":"https:\/\/terra-lusa.com\/pt-pt\/wp-json\/wp\/v2\/users\/1"}],"replies":[{"embeddable":true,"href":"https:\/\/terra-lusa.com\/pt-pt\/wp-json\/wp\/v2\/comments?post=3538"}],"version-history":[{"count":1,"href":"https:\/\/terra-lusa.com\/pt-pt\/wp-json\/wp\/v2\/pages\/3538\/revisions"}],"predecessor-version":[{"id":3539,"href":"https:\/\/terra-lusa.com\/pt-pt\/wp-json\/wp\/v2\/pages\/3538\/revisions\/3539"}],"up":[{"embeddable":true,"href":"https:\/\/terra-lusa.com\/pt-pt\/wp-json\/wp\/v2\/pages\/3514"}],"wp:attachment":[{"href":"https:\/\/terra-lusa.com\/pt-pt\/wp-json\/wp\/v2\/media?parent=3538"}],"curies":[{"name":"wp","href":"https:\/\/api.w.org\/{rel}","templated":true}]}}