{"id":3518,"date":"2015-02-23T11:14:05","date_gmt":"2015-02-23T11:14:05","guid":{"rendered":"http:\/\/terra-lusa.com\/detalhes-colecoes\/18th-century-angel"},"modified":"2015-02-23T11:30:38","modified_gmt":"2015-02-23T11:30:38","slug":"azulejo-sec-xviii-anjo","status":"publish","type":"page","link":"https:\/\/terra-lusa.com\/pt-pt\/detalhes-colecoes\/azulejo-sec-xviii-anjo\/","title":{"rendered":"Azulejo S\u00e9c. XVIII \u2013 Anjo"},"content":{"rendered":"<p>O Azulejo \u00e9 uma das express\u00f5es mais fortes da Cultura em Portugal.<\/p>\n<p>O Azulejo traz consigo cinco s\u00e9culos de uma das contribui\u00e7\u00f5es mais originais do g\u00e9nio dos portugueses para a Cultura Universal.<\/p>\n<p>\u00c9 a partir do s\u00e9c. XVII, com a restaura\u00e7\u00e3o da independ\u00eancia em 1640 que o azulejo passa a ter um papel de destaque na arquitetura portuguesa.<\/p>\n<p>A express\u00e3o ganha pela nobreza a n\u00edvel nacional leva \u00e0 constru\u00e7\u00e3o de novas resid\u00eancias palacianas que v\u00e3o exigir um grande n\u00famero de azulejos para revestir superf\u00edcies em interiores e jardins. V\u00e3o-se destacar as composi\u00e7\u00f5es pol\u00edcromas (amarelo, azul e tamb\u00e9m apontamentos em verde e castanho) de tradi\u00e7\u00e3o holandesa.<\/p>\n<p>Durante quase 50 anos importaram-se dos Pa\u00edses Baixos conjuntos monumentais de azulejos. Reagindo \u00e0 concorr\u00eancia externa, as oficinas nacionais chamam a si pintores com forma\u00e7\u00e3o acad\u00e9mica e inicia-se o per\u00edodo de desenvolvimento da produ\u00e7\u00e3o nacional, conhecido pelo ciclo dos mestres. <\/p>\n<p>A partir da segunda metade do s\u00e9culo XVIII o n\u00famero de encomendas aumenta, (tamb\u00e9m vindas do Brasil) e a riqueza durante o reinado de D. Jo\u00e3o V (proveniente das minas de ouro e de diamantes do Brasil) permite o aumento sem precedentes da produ\u00e7\u00e3o de azulejo de onde resultam os maiores ciclos de pain\u00e9is historiados.<\/p>\n<p>Nas igrejas o azulejo reveste todas as superf\u00edcies, incluindo tetos e ab\u00f3badas e observa-se um complemento est\u00e9tico entre a talha dourada do per\u00edodo barroco portugu\u00eas e as molduras ondulantes do azulejo.<\/p>\n<p>Estas pe\u00e7as Terra Lusa representam pormenores de pain\u00e9is de azulejos do s\u00e9c.XVII e XVIII e s\u00e3o o tributo Terra Lusa a todos os mestres e pintores da azulejaria portuguesa que permitiram a Portugal um reconhecimento universal neste campo das artes.<\/p>\n","protected":false},"excerpt":{"rendered":"<p>O Azulejo \u00e9 uma das express\u00f5es mais fortes da Cultura em Portugal. O Azulejo traz consigo cinco s\u00e9culos de uma das contribui\u00e7\u00f5es mais originais do g\u00e9nio dos portugueses para a Cultura Universal. \u00c9 a partir do s\u00e9c. XVII, com a restaura\u00e7\u00e3o da independ\u00eancia em 1640 que o azulejo passa a ter um papel de destaque [&hellip;]\n","protected":false},"author":1,"featured_media":0,"parent":3514,"menu_order":0,"comment_status":"closed","ping_status":"closed","template":"page-right-sidebar.php","meta":{"_exactmetrics_skip_tracking":false,"_exactmetrics_sitenote_active":false,"_exactmetrics_sitenote_note":"","_exactmetrics_sitenote_category":0,"footnotes":""},"class_list":["post-3518","page","type-page","status-publish","hentry"],"yoast_head":"<!-- This site is optimized with the Yoast SEO plugin v26.9 - https:\/\/yoast.com\/product\/yoast-seo-wordpress\/ -->\n<title>Angel, 18th century Portuguese Tiles - Terra Lusa<\/title>\n<meta name=\"description\" content=\"800 years of History, Culture and Tradition inspire Terra Lusa where quality technology joins contemporary design. Terra Lusa - The Best of Portugal\" \/>\n<meta name=\"robots\" content=\"index, follow, max-snippet:-1, max-image-preview:large, max-video-preview:-1\" \/>\n<link rel=\"canonical\" href=\"https:\/\/terra-lusa.com\/pt-pt\/detalhes-colecoes\/azulejo-sec-xviii-anjo\/\" \/>\n<meta property=\"og:locale\" content=\"pt_PT\" \/>\n<meta property=\"og:type\" content=\"article\" \/>\n<meta property=\"og:title\" content=\"Angel, 18th century Portuguese Tiles - Terra Lusa\" \/>\n<meta property=\"og:description\" content=\"800 years of History, Culture and Tradition inspire Terra Lusa where quality technology joins contemporary design. Terra Lusa - The Best of Portugal\" \/>\n<meta property=\"og:url\" content=\"https:\/\/terra-lusa.com\/pt-pt\/detalhes-colecoes\/azulejo-sec-xviii-anjo\/\" \/>\n<meta property=\"og:site_name\" content=\"Terra Lusa\" \/>\n<meta property=\"article:modified_time\" content=\"2015-02-23T11:30:38+00:00\" \/>\n<meta name=\"twitter:card\" content=\"summary_large_image\" \/>\n<meta name=\"twitter:label1\" content=\"Tempo estimado de leitura\" \/>\n\t<meta name=\"twitter:data1\" content=\"2 minutos\" \/>\n<script type=\"application\/ld+json\" class=\"yoast-schema-graph\">{\"@context\":\"https:\/\/schema.org\",\"@graph\":[{\"@type\":\"WebPage\",\"@id\":\"https:\/\/terra-lusa.com\/pt-pt\/detalhes-colecoes\/azulejo-sec-xviii-anjo\/\",\"url\":\"https:\/\/terra-lusa.com\/pt-pt\/detalhes-colecoes\/azulejo-sec-xviii-anjo\/\",\"name\":\"Angel, 18th century Portuguese Tiles - Terra Lusa\",\"isPartOf\":{\"@id\":\"https:\/\/terra-lusa.com\/pt-pt\/#website\"},\"datePublished\":\"2015-02-23T11:14:05+00:00\",\"dateModified\":\"2015-02-23T11:30:38+00:00\",\"description\":\"800 years of History, Culture and Tradition inspire Terra Lusa where quality technology joins contemporary design. Terra Lusa - The Best of Portugal\",\"breadcrumb\":{\"@id\":\"https:\/\/terra-lusa.com\/pt-pt\/detalhes-colecoes\/azulejo-sec-xviii-anjo\/#breadcrumb\"},\"inLanguage\":\"pt-PT\",\"potentialAction\":[{\"@type\":\"ReadAction\",\"target\":[\"https:\/\/terra-lusa.com\/pt-pt\/detalhes-colecoes\/azulejo-sec-xviii-anjo\/\"]}]},{\"@type\":\"BreadcrumbList\",\"@id\":\"https:\/\/terra-lusa.com\/pt-pt\/detalhes-colecoes\/azulejo-sec-xviii-anjo\/#breadcrumb\",\"itemListElement\":[{\"@type\":\"ListItem\",\"position\":1,\"name\":\"Home\",\"item\":\"https:\/\/terra-lusa.com\/pt-pt\/\"},{\"@type\":\"ListItem\",\"position\":2,\"name\":\"Detalhes das cole\u00e7\u00f5es\",\"item\":\"https:\/\/terra-lusa.com\/pt-pt\/detalhes-colecoes\/\"},{\"@type\":\"ListItem\",\"position\":3,\"name\":\"Azulejo S\u00e9c. XVIII \u2013 Anjo\"}]},{\"@type\":\"WebSite\",\"@id\":\"https:\/\/terra-lusa.com\/pt-pt\/#website\",\"url\":\"https:\/\/terra-lusa.com\/pt-pt\/\",\"name\":\"Terra Lusa\",\"description\":\"O Melhor de Portugal\",\"potentialAction\":[{\"@type\":\"SearchAction\",\"target\":{\"@type\":\"EntryPoint\",\"urlTemplate\":\"https:\/\/terra-lusa.com\/pt-pt\/?s={search_term_string}\"},\"query-input\":{\"@type\":\"PropertyValueSpecification\",\"valueRequired\":true,\"valueName\":\"search_term_string\"}}],\"inLanguage\":\"pt-PT\"}]}<\/script>\n<!-- \/ Yoast SEO plugin. -->","yoast_head_json":{"title":"Angel, 18th century Portuguese Tiles - Terra Lusa","description":"800 years of History, Culture and Tradition inspire Terra Lusa where quality technology joins contemporary design. Terra Lusa - The Best of Portugal","robots":{"index":"index","follow":"follow","max-snippet":"max-snippet:-1","max-image-preview":"max-image-preview:large","max-video-preview":"max-video-preview:-1"},"canonical":"https:\/\/terra-lusa.com\/pt-pt\/detalhes-colecoes\/azulejo-sec-xviii-anjo\/","og_locale":"pt_PT","og_type":"article","og_title":"Angel, 18th century Portuguese Tiles - Terra Lusa","og_description":"800 years of History, Culture and Tradition inspire Terra Lusa where quality technology joins contemporary design. Terra Lusa - The Best of Portugal","og_url":"https:\/\/terra-lusa.com\/pt-pt\/detalhes-colecoes\/azulejo-sec-xviii-anjo\/","og_site_name":"Terra Lusa","article_modified_time":"2015-02-23T11:30:38+00:00","twitter_card":"summary_large_image","twitter_misc":{"Tempo estimado de leitura":"2 minutos"},"schema":{"@context":"https:\/\/schema.org","@graph":[{"@type":"WebPage","@id":"https:\/\/terra-lusa.com\/pt-pt\/detalhes-colecoes\/azulejo-sec-xviii-anjo\/","url":"https:\/\/terra-lusa.com\/pt-pt\/detalhes-colecoes\/azulejo-sec-xviii-anjo\/","name":"Angel, 18th century Portuguese Tiles - Terra Lusa","isPartOf":{"@id":"https:\/\/terra-lusa.com\/pt-pt\/#website"},"datePublished":"2015-02-23T11:14:05+00:00","dateModified":"2015-02-23T11:30:38+00:00","description":"800 years of History, Culture and Tradition inspire Terra Lusa where quality technology joins contemporary design. Terra Lusa - The Best of Portugal","breadcrumb":{"@id":"https:\/\/terra-lusa.com\/pt-pt\/detalhes-colecoes\/azulejo-sec-xviii-anjo\/#breadcrumb"},"inLanguage":"pt-PT","potentialAction":[{"@type":"ReadAction","target":["https:\/\/terra-lusa.com\/pt-pt\/detalhes-colecoes\/azulejo-sec-xviii-anjo\/"]}]},{"@type":"BreadcrumbList","@id":"https:\/\/terra-lusa.com\/pt-pt\/detalhes-colecoes\/azulejo-sec-xviii-anjo\/#breadcrumb","itemListElement":[{"@type":"ListItem","position":1,"name":"Home","item":"https:\/\/terra-lusa.com\/pt-pt\/"},{"@type":"ListItem","position":2,"name":"Detalhes das cole\u00e7\u00f5es","item":"https:\/\/terra-lusa.com\/pt-pt\/detalhes-colecoes\/"},{"@type":"ListItem","position":3,"name":"Azulejo S\u00e9c. XVIII \u2013 Anjo"}]},{"@type":"WebSite","@id":"https:\/\/terra-lusa.com\/pt-pt\/#website","url":"https:\/\/terra-lusa.com\/pt-pt\/","name":"Terra Lusa","description":"O Melhor de Portugal","potentialAction":[{"@type":"SearchAction","target":{"@type":"EntryPoint","urlTemplate":"https:\/\/terra-lusa.com\/pt-pt\/?s={search_term_string}"},"query-input":{"@type":"PropertyValueSpecification","valueRequired":true,"valueName":"search_term_string"}}],"inLanguage":"pt-PT"}]}},"_links":{"self":[{"href":"https:\/\/terra-lusa.com\/pt-pt\/wp-json\/wp\/v2\/pages\/3518","targetHints":{"allow":["GET"]}}],"collection":[{"href":"https:\/\/terra-lusa.com\/pt-pt\/wp-json\/wp\/v2\/pages"}],"about":[{"href":"https:\/\/terra-lusa.com\/pt-pt\/wp-json\/wp\/v2\/types\/page"}],"author":[{"embeddable":true,"href":"https:\/\/terra-lusa.com\/pt-pt\/wp-json\/wp\/v2\/users\/1"}],"replies":[{"embeddable":true,"href":"https:\/\/terra-lusa.com\/pt-pt\/wp-json\/wp\/v2\/comments?post=3518"}],"version-history":[{"count":2,"href":"https:\/\/terra-lusa.com\/pt-pt\/wp-json\/wp\/v2\/pages\/3518\/revisions"}],"predecessor-version":[{"id":3520,"href":"https:\/\/terra-lusa.com\/pt-pt\/wp-json\/wp\/v2\/pages\/3518\/revisions\/3520"}],"up":[{"embeddable":true,"href":"https:\/\/terra-lusa.com\/pt-pt\/wp-json\/wp\/v2\/pages\/3514"}],"wp:attachment":[{"href":"https:\/\/terra-lusa.com\/pt-pt\/wp-json\/wp\/v2\/media?parent=3518"}],"curies":[{"name":"wp","href":"https:\/\/api.w.org\/{rel}","templated":true}]}}